{"id":26515,"date":"2026-05-15T16:45:28","date_gmt":"2026-05-15T08:45:28","guid":{"rendered":"https:\/\/suncasesupply.com\/?post_type=product&#038;p=26515"},"modified":"2026-05-15T18:21:13","modified_gmt":"2026-05-15T10:21:13","slug":"professional-rolling-makeup-train-case-large-trolley-storage-case-for-nail-technicians-hairstylist","status":"publish","type":"product","link":"https:\/\/suncasesupply.com\/pt\/product\/professional-rolling-makeup-train-case-large-trolley-storage-case-for-nail-technicians-hairstylist\/","title":{"rendered":"Maleta de Maquiagem Profissional com Rodinhas, Tamanho Grande, para Manicures, Cabeleireiros e T\u00e9cnicos de Maquiagem."},"content":{"rendered":"<p>A maleta de maquiagem com rodinhas \u00e9 uma maleta port\u00e1til com v\u00e1rios compartimentos para maquiagem ou outros itens, projetada para organiza\u00e7\u00e3o e mobilidade. Veja a seguir uma descri\u00e7\u00e3o detalhada:<\/p>\n<h4><span style=\"color: #003366;\">Caracter\u00edsticas:<\/span><\/h4>\n<p><strong>Estojo profissional com rodinhas<\/strong> \u2013 O estojo de maquiagem multifuncional com rodinhas, bandejas deslizantes e gaveta foi projetado para atender \u00e0s necessidades de profissionais como manicures, maquiadores e cabeleireiros. Dimens\u00f5es do estojo: 67,6 cm * 35 cm * 23,4 cm.<br \/>\n<strong>Boa portabilidade<\/strong> A al\u00e7a telesc\u00f3pica, combinada com as 4 rodas remov\u00edveis que giram 360 graus, facilita o deslocamento e o transporte. Oferece \u00f3timo espa\u00e7o e organiza\u00e7\u00e3o, ocupando pouco espa\u00e7o em um ve\u00edculo ou est\u00fadio. As fivelas de liga met\u00e1lica podem ser trancadas com chave.<br \/>\n<strong>Armazenamento flex\u00edvel<\/strong> \u2013 Manicures que viajam podem guardar bastante esmalte em gel nos compartimentos superiores e uma l\u00e2mpada de unhas port\u00e1til na gaveta. Cabeleireiros achar\u00e3o os compartimentos para tesouras \u00fateis para mant\u00ea-las sempre \u00e0 m\u00e3o. Maquiadores achar\u00e3o a maleta com rodinhas pr\u00e1tica para levar a casamentos.<\/p>\n<h4><span style=\"color: #003366;\">Detalhes do produto:<\/span><\/h4>\n<div style=\"display: flex; gap: 20px;\">\n<div style=\"flex: 1; text-align: center;\">\n<p><img decoding=\"async\" style=\"max-width: 100%; height: auto; margin-bottom: 10px;\" src=\"https:\/\/suncasesupply.com\/wp-content\/uploads\/2026\/05\/Sturdy-corners-1.jpg\" alt=\"Cantos resistentes\" \/><\/p>\n<p style=\"font-weight: bold; margin: 5px 0;\">Cantos resistentes<\/p>\n<p style=\"margin: 0;\">Projetada com uma estrutura de alum\u00ednio resistente e cantos refor\u00e7ados, esta maleta de maquiagem com rodinhas \u00e9 dur\u00e1vel e protege seus acess\u00f3rios profissionais de unhas, maquiagem, cosm\u00e9ticos e corte de cabelo.<\/p>\n<\/div>\n<p><!-- \u7b2c\u4e8c\u680f --><\/p>\n<div style=\"flex: 1; text-align: center;\">\n<p><img decoding=\"async\" style=\"max-width: 100%; height: auto; margin-bottom: 10px;\" src=\"https:\/\/suncasesupply.com\/wp-content\/uploads\/2026\/05\/Telescopic-Pull-Rod-1.jpg\" alt=\"Haste telesc\u00f3pica\" \/><\/p>\n<p style=\"font-weight: bold; margin: 5px 0;\">Haste telesc\u00f3pica<\/p>\n<p style=\"margin: 0;\">A haste de tra\u00e7\u00e3o pode ser estendida em diferentes comprimentos para puxar a mala confortavelmente durante o transporte; Duas hastes paralelas proporcionam maior estabilidade e distribui\u00e7\u00e3o de peso; A empunhadura ampla e ergon\u00f4mica garante controle ao manobrar mesmo uma mala totalmente carregada.<\/p>\n<\/div>\n<p><!-- \u7b2c\u4e09\u680f --><\/p>\n<div style=\"flex: 1; text-align: center;\">\n<p><img decoding=\"async\" style=\"max-width: 100%; height: auto; margin-bottom: 10px;\" src=\"https:\/\/suncasesupply.com\/wp-content\/uploads\/2026\/05\/Removable-drawer.jpg\" alt=\"Gaveta remov\u00edvel\" \/><\/p>\n<p style=\"font-weight: bold; margin: 5px 0;\">Gaveta remov\u00edvel<\/p>\n<p style=\"margin: 0;\">A maleta de maquiagem com rodinhas possui uma gaveta remov\u00edvel na lateral, que oferece amplo espa\u00e7o para seus cosm\u00e9ticos e acess\u00f3rios, como uma l\u00e2mpada de unhas port\u00e1til. A gaveta \u00e9 remov\u00edvel, o que torna o acesso aos seus itens extremamente pr\u00e1tico.<\/p>\n<\/div>\n<p><!-- \u7b2c\u56db\u680f --><\/p>\n<div style=\"flex: 1; text-align: center;\">\n<p><img decoding=\"async\" src=\"https:\/\/suncasesupply.com\/wp-content\/uploads\/2026\/05\/Large-capacity.jpg\" \/><\/p>\n<p><strong>Grande capacidade<\/strong><\/p>\n<p style=\"margin: 0;\">Este estojo para guardar maquiagem inclui bandejas quadradas, um compartimento superior ajust\u00e1vel e uma gaveta deslizante; todos os componentes juntos podem acomodar pinc\u00e9is, frascos, paletas, ferramentas e outros acess\u00f3rios.<\/p>\n<\/div>\n<\/div>\n<h4><span style=\"color: #003366;\">Processo de fabrica\u00e7\u00e3o do estojo de maquiagem:<\/span><\/h4>\n<p><img decoding=\"async\" style=\"max-width: 100%; height: auto; margin-bottom: 10px;\" src=\"https:\/\/suncasesupply.com\/wp-content\/uploads\/2025\/07\/Manufacturing-Process.png\" alt=\"Processo de fabrica\u00e7\u00e3o do Suncase\" \/><\/p>\n<div style=\"background-color: #29599a; padding: 40px 20px; text-align: center; color: #ffffff; border-radius: 10px; margin: 40px auto; max-width: 960px;\">\n<h2 style=\"font-size: 22px; margin-bottom: 20px; font-weight: bold;\"><span style=\"color: #ffffff;\">Encomende hoje mesmo a sua maleta de maquilhagem com rodinhas Sun Case. Quantidade m\u00ednima de 100 unidades dispon\u00edvel.<\/span><\/h2>\n<p><a style=\"display: inline-block; padding: 12px 28px; background-color: #ffffff; color: #29599a; text-decoration: none; border-radius: 6px; font-weight: bold;\" href=\"https:\/\/suncasesupply.com\/pt\/contact-us\/\" target=\"_blank\" rel=\"noopener\">Obtenha uma cota\u00e7\u00e3o hoje<br \/>\n<\/a><\/p>\n<\/div>\n<div style=\"display: flex; gap: 20px;\"><span style=\"color: #003366; font-weight: bold; text-align: center;\">Informa\u00e7\u00f5es \u00fateis para compradores em massa:<\/span><\/div>\n<ul>\n<li class=\"page-title\" title=\"O que torna os cart\u00f5es esportivos t\u00e3o valiosos?\">\n<p class=\"page-title\" title=\"Estojo com rodinhas 4 em 1 Nail Tech: a solu\u00e7\u00e3o definitiva para manicures profissionais\"><a href=\"https:\/\/suncasesupply.com\/pt\/blog\/makeup-case\/4-in-1-nail-tech-rolling-case-ultimate-tool-for-manicurists\/\">Estojo de Manicure 4 em 1 com Rodinhas: A Solu\u00e7\u00e3o Definitiva para Manicures Profissionais &gt;&gt;\u00a0<\/a><\/p>\n<\/li>\n<li title=\"O que torna os cart\u00f5es esportivos t\u00e3o valiosos?\">\n<p class=\"page-title\" title=\"Construindo a maleta perfeita para maquiadores: guia definitivo para bolsas de conjunto\"><a href=\"https:\/\/suncasesupply.com\/pt\/blog\/makeup-case\/how-to-build-the-ultimate-makeup-artist-case-for-your-set-bag-needs\/\">Montando a Mala de Maquiagem Perfeita: Guia Definitivo para Bolsas de Maquiagem &gt;&gt;\u00a0<\/a><\/p>\n<\/li>\n<li title=\"O que torna os cart\u00f5es esportivos t\u00e3o valiosos?\">\n<p class=\"page-title\" title=\"Estojo de maquiagem para trem: pr\u00f3s e contras\"><a href=\"https:\/\/suncasesupply.com\/pt\/blog\/makeup-case\/pros-and-cons-of-makeup-train-case\/\">Maleta de Maquiagem: Pr\u00f3s e Contras &gt;&gt;\u00a0<\/a><\/p>\n<\/li>\n<\/ul>","protected":false},"excerpt":{"rendered":"<p>Modelo: SC-R002<\/p>\n<p>Dimens\u00f5es: C 68 x L 35 x A 24 cm<\/p>\n<p>Cores: Rosa<\/p>\n<p>Materiais: Estrutura de alum\u00ednio + Placa de MDF + Painel de ABS + Ferragens.<\/p>\n<p>Logotipo: Logotipo impresso em serigrafia \/ Logotipo em metal.<\/p>\n<p>Quantidade m\u00ednima: 100 pe\u00e7as<\/p>\n<p>Amostra: Dispon\u00edvel<\/p>","protected":false},"featured_media":26522,"template":"","meta":{"_gspb_post_css":""},"product_cat":[34,97],"product_tag":[],"featured_image_urls":{"full":["https:\/\/suncasesupply.com\/wp-content\/uploads\/2026\/05\/1-2.jpg",800,800,false],"thumbnail":["https:\/\/suncasesupply.com\/wp-content\/uploads\/2026\/05\/1-2-150x150.jpg",150,150,true],"medium":["https:\/\/suncasesupply.com\/wp-content\/uploads\/2026\/05\/1-2-300x300.jpg",300,300,true],"medium_large":["https:\/\/suncasesupply.com\/wp-content\/uploads\/2026\/05\/1-2-768x768.jpg",768,768,true],"large":["https:\/\/suncasesupply.com\/wp-content\/uploads\/2026\/05\/1-2.jpg",800,800,false],"1536x1536":["https:\/\/suncasesupply.com\/wp-content\/uploads\/2026\/05\/1-2.jpg",800,800,false],"2048x2048":["https:\/\/suncasesupply.com\/wp-content\/uploads\/2026\/05\/1-2.jpg",800,800,false],"trp-custom-language-flag":["https:\/\/suncasesupply.com\/wp-content\/uploads\/2026\/05\/1-2-12x12.jpg",12,12,true],"woocommerce_thumbnail":["https:\/\/suncasesupply.com\/wp-content\/uploads\/2026\/05\/1-2-300x300.jpg",300,300,true],"woocommerce_single":["https:\/\/suncasesupply.com\/wp-content\/uploads\/2026\/05\/1-2-600x600.jpg",600,600,true],"woocommerce_gallery_thumbnail":["https:\/\/suncasesupply.com\/wp-content\/uploads\/2026\/05\/1-2-100x100.jpg",100,100,true]},"post_excerpt_stackable":"<p>Model: SC-R002<\/p>\n<p>Size: L68 x W35 x H24cm<\/p>\n<p>Colors: Pink<\/p>\n<p>Materials: Aluminum Frame+MDF Board+ABS Panel+Hardware.<\/p>\n<p>Logo: Silk printing logo\u00a0\/ Metal Logo.<\/p>\n<p>MOQ: 100pcs<\/p>\n<p>Sample: Available<\/p>\n","category_list":"","author_info":{"name":"","url":""},"comments_num":"0 comments","_links":{"self":[{"href":"https:\/\/suncasesupply.com\/pt\/wp-json\/wp\/v2\/product\/26515"}],"collection":[{"href":"https:\/\/suncasesupply.com\/pt\/wp-json\/wp\/v2\/product"}],"about":[{"href":"https:\/\/suncasesupply.com\/pt\/wp-json\/wp\/v2\/types\/product"}],"wp:featuredmedia":[{"embeddable":true,"href":"https:\/\/suncasesupply.com\/pt\/wp-json\/wp\/v2\/media\/26522"}],"wp:attachment":[{"href":"https:\/\/suncasesupply.com\/pt\/wp-json\/wp\/v2\/media?parent=26515"}],"wp:term":[{"taxonomy":"product_cat","embeddable":true,"href":"https:\/\/suncasesupply.com\/pt\/wp-json\/wp\/v2\/product_cat?post=26515"},{"taxonomy":"product_tag","embeddable":true,"href":"https:\/\/suncasesupply.com\/pt\/wp-json\/wp\/v2\/product_tag?post=26515"}],"curies":[{"name":"wp","href":"https:\/\/api.w.org\/{rel}","templated":true}]}}