{"id":26503,"date":"2026-05-15T11:43:31","date_gmt":"2026-05-15T03:43:31","guid":{"rendered":"https:\/\/suncasesupply.com\/?post_type=product&#038;p=26503"},"modified":"2026-05-15T18:21:17","modified_gmt":"2026-05-15T10:21:17","slug":"factory-custom-racket-aluminum-case-hard-storage-box","status":"publish","type":"product","link":"https:\/\/suncasesupply.com\/pt\/product\/factory-custom-racket-aluminum-case-hard-storage-box\/","title":{"rendered":"Estojo r\u00edgido de alum\u00ednio para raquete, personalizado de f\u00e1brica."},"content":{"rendered":"<h4><span style=\"color: #003366;\">Caracter\u00edsticas:<\/span><\/h4>\n<ul>\n<li><strong>F\u00e1cil de transportar:<\/strong> Este estojo para raquetes de pickleball \u00e9 compacto e leve, e possui uma al\u00e7a, sendo ideal para viagens a\u00e9reas ou de longa dist\u00e2ncia; oferece aos atletas grande praticidade para guardar e transportar suas raquetes.<\/li>\n<li><strong>Bem protegido:<\/strong> A capa para raquete possui espuma personalizada na parte inferior e espuma ondulada na tampa para amortecer a raquete e evitar movimentos. Isso protege a raquete contra danos em caso de impacto.<\/li>\n<li><strong>Estrutura Robusta:<\/strong> Equipada com uma estrutura de liga de alum\u00ednio e protetores de canto refor\u00e7ados, a capa \u00e9 robusta e dur\u00e1vel; al\u00e9m disso, apresenta uma constru\u00e7\u00e3o leve, resist\u00eancia a amassados e resist\u00eancia \u00e0 corros\u00e3o.<\/li>\n<\/ul>\n<h4><span style=\"color: #003366;\">Detalhes do produto:<\/span><\/h4>\n<div style=\"display: flex; gap: 20px;\">\n<p><!-- \u7b2c\u4e00\u680f --><\/p>\n<div style=\"flex: 1; text-align: center;\">\n<p><img decoding=\"async\" style=\"max-width: 100%; height: auto; margin-bottom: 10px;\" src=\"https:\/\/suncasesupply.com\/wp-content\/uploads\/2026\/05\/Sturdy-Corners.jpg\" alt=\"Cantos resistentes\" \/><\/p>\n<p><strong><b>Canto Resistente<\/b><\/strong><\/p>\n<p style=\"margin: 0;\">O protetor de cantos \u00e9 um acess\u00f3rio inventado para proteger os cantos da capa contra deforma\u00e7\u00f5es causadas por impactos. Al\u00e9m disso, a estrutura de alum\u00ednio torna a capa dur\u00e1vel, leve e resistente a amassados e corros\u00e3o.<\/p>\n<p>&nbsp;<\/p>\n<\/div>\n<p><!-- \u7b2c\u4e8c\u680f --><\/p>\n<div style=\"flex: 1; text-align: center;\">\n<p><img decoding=\"async\" style=\"max-width: 100%; height: auto; margin-bottom: 10px;\" src=\"https:\/\/suncasesupply.com\/wp-content\/uploads\/2026\/05\/Protective-foam.jpg\" alt=\"Espuma protetora\" \/><\/p>\n<p><strong><b>Espuma protetora<\/b><\/strong><\/p>\n<p style=\"margin: 0;\">O estojo para raquetes possui espuma moldada na tampa, que amortece, isola, protege e fixa os itens dentro da caixa, evitando danos durante o transporte ou armazenamento.<\/p>\n<\/div>\n<p><!-- \u7b2c\u4e09\u680f --><\/p>\n<div style=\"flex: 1; text-align: center;\">\n<p><img decoding=\"async\" style=\"max-width: 100%; height: auto; margin-bottom: 10px;\" src=\"https:\/\/suncasesupply.com\/wp-content\/uploads\/2026\/05\/lock.jpg\" alt=\"trancar\" \/><\/p>\n<p><strong>Mecanismo de bloqueio<\/strong><\/p>\n<p>Esta caixa de ferramentas de alum\u00ednio possui um mecanismo de travamento que garante que a caixa permane\u00e7a fechada com seguran\u00e7a durante o armazenamento e o transporte, protegendo assim eficazmente o conte\u00fado interno.<\/p>\n<\/div>\n<p><!-- \u7b2c\u56db\u680f --><\/p>\n<div style=\"flex: 1; text-align: center;\">\n<p><img decoding=\"async\" style=\"max-width: 100%; height: auto; margin-bottom: 10px;\" src=\"https:\/\/suncasesupply.com\/wp-content\/uploads\/2026\/05\/Customized-foam.jpg\" alt=\"Espuma personalizada\" \/><\/p>\n<p>Espuma personalizada<\/p>\n<p style=\"margin: 0;\">A espuma do estojo para raquetes \u00e9 personalizada de acordo com o modelo da raquete, com compartimentos adicionais para cordas, grips ou itens pessoais. Esse acolchoamento de espuma macia oferece excelente amortecimento e evita que a raquete se mova.<\/p>\n<\/div>\n<\/div>\n<div style=\"background-color: #29599a; padding: 40px 20px; text-align: center; color: #ffffff; border-radius: 10px; margin: 40px auto; max-width: 960px;\">\n<h2 style=\"font-size: 22px; margin-bottom: 20px; font-weight: bold;\">Pe\u00e7a hoje mesmo a maleta de ferramentas de alum\u00ednio com espuma Sun Case, MOQ 100 por apenas!<\/h2>\n<p><a style=\"display: inline-block; padding: 12px 28px; background-color: #ffffff; color: #29599a; text-decoration: none; border-radius: 6px; font-weight: bold;\" href=\"https:\/\/suncasesupply.com\/pt\/contact-us\/\" target=\"_blank\" rel=\"noopener\">Obtenha uma cota\u00e7\u00e3o hoje<br \/>\n<\/a><\/p>\n<\/div>\n<h4><span style=\"color: #003366;\">Processo de fabrica\u00e7\u00e3o:<\/span><\/h4>\n<p><img decoding=\"async\" style=\"max-width: 100%; height: auto; margin-bottom: 10px;\" src=\"https:\/\/suncasesupply.com\/wp-content\/uploads\/2025\/07\/Manufacturing-Process.png\" alt=\"Processo de fabrica\u00e7\u00e3o do Suncase\" \/><\/p>\n<div style=\"display: flex; gap: 20px;\">\n<p><!-- \u7b2c\u4e00\u680f \u6d41\u7a0b1--><\/p>\n<div style=\"flex: 1; text-align: center;\"><\/div>\n<\/div>\n<div style=\"display: flex; gap: 20px;\">\n<div style=\"flex: 1; text-align: center;\">\n<p style=\"font-weight: bold; margin: 5px 0;\">\n<\/div>\n<\/div>\n<h4><span style=\"color: #003366;\">Informa\u00e7\u00f5es \u00fateis para compradores em massa:<\/span><\/h4>\n<ul>\n<li class=\"page-title\" title=\"O que torna os cart\u00f5es esportivos t\u00e3o valiosos?\">\n<p class=\"page-title\" title=\"6 raz\u00f5es pelas quais voc\u00ea deve se organizar com caixa de armazenamento de alum\u00ednio\"><a href=\"https:\/\/suncasesupply.com\/pt\/blog\/custom-aluminum-case\/6-reasons-to-use-aluminum-storage-box-today\/\">6 raz\u00f5es pelas quais voc\u00ea deve se organizar com uma caixa de armazenamento de alum\u00ednio &gt;&gt;<\/a><\/p>\n<\/li>\n<li title=\"O que torna os cart\u00f5es esportivos t\u00e3o valiosos?\">\n<p class=\"page-title\" title=\"Tudo o que voc\u00ea precisa saber sobre caixas de alum\u00ednio\"><a href=\"https:\/\/suncasesupply.com\/pt\/blog\/all-you-need-to-know-about-aluminum-cases\/\">Tudo o que voc\u00ea precisa saber sobre gabinetes de alum\u00ednio &gt;&gt;<\/a><\/p>\n<\/li>\n<\/ul>","protected":false},"excerpt":{"rendered":"<p>Modelo: SC-AC0045<\/p>\n<p>Tamanho: 400x320x120mm ou tamanho personalizado<\/p>\n<p>Cores: cor prata, cor preta ou outras cores personalizadas.<\/p>\n<p>Materiais: Estrutura de alum\u00ednio, placa de MDF, painel de ABS, espuma Pick&amp;Pluck, ferragens.<\/p>\n<p>Logotipo: Logotipo em placa de metal, logotipo em serigrafia, logotipo de marca personalizado aceit\u00e1vel.<\/p>\n<p>Quantidade m\u00ednima: 100 pe\u00e7as<\/p>\n<p>Amostra: Dispon\u00edvel, tempo de amostra de cerca de 7 dias.<\/p>","protected":false},"featured_media":26508,"template":"","meta":{"_gspb_post_css":""},"product_cat":[42,80],"product_tag":[],"featured_image_urls":{"full":["https:\/\/suncasesupply.com\/wp-content\/uploads\/2026\/05\/1-1.jpg",800,800,false],"thumbnail":["https:\/\/suncasesupply.com\/wp-content\/uploads\/2026\/05\/1-1-150x150.jpg",150,150,true],"medium":["https:\/\/suncasesupply.com\/wp-content\/uploads\/2026\/05\/1-1-300x300.jpg",300,300,true],"medium_large":["https:\/\/suncasesupply.com\/wp-content\/uploads\/2026\/05\/1-1-768x768.jpg",768,768,true],"large":["https:\/\/suncasesupply.com\/wp-content\/uploads\/2026\/05\/1-1.jpg",800,800,false],"1536x1536":["https:\/\/suncasesupply.com\/wp-content\/uploads\/2026\/05\/1-1.jpg",800,800,false],"2048x2048":["https:\/\/suncasesupply.com\/wp-content\/uploads\/2026\/05\/1-1.jpg",800,800,false],"trp-custom-language-flag":["https:\/\/suncasesupply.com\/wp-content\/uploads\/2026\/05\/1-1-12x12.jpg",12,12,true],"woocommerce_thumbnail":["https:\/\/suncasesupply.com\/wp-content\/uploads\/2026\/05\/1-1-300x300.jpg",300,300,true],"woocommerce_single":["https:\/\/suncasesupply.com\/wp-content\/uploads\/2026\/05\/1-1-600x600.jpg",600,600,true],"woocommerce_gallery_thumbnail":["https:\/\/suncasesupply.com\/wp-content\/uploads\/2026\/05\/1-1-100x100.jpg",100,100,true]},"post_excerpt_stackable":"<p>Model :SC-AC0045<\/p>\n<p>Size: 400x320x120mm or customize size<\/p>\n<p>Colors: Silver color, Black color or other customized colors.<\/p>\n<p>Materials: Aluminum\u00a0frame, MDF Board, ABS\u00a0Panel,\u00a0Pick&amp;Pluck Foam, Hardware.<\/p>\n<p>Logo: Metal plate logo, Silk screen printing logo, custom brand logo acceptable.<\/p>\n<p>MOQ: 100pcs<\/p>\n<p>Sample: Available, sample time about 7 days.<\/p>\n","category_list":"","author_info":{"name":"","url":""},"comments_num":"0 comments","_links":{"self":[{"href":"https:\/\/suncasesupply.com\/pt\/wp-json\/wp\/v2\/product\/26503"}],"collection":[{"href":"https:\/\/suncasesupply.com\/pt\/wp-json\/wp\/v2\/product"}],"about":[{"href":"https:\/\/suncasesupply.com\/pt\/wp-json\/wp\/v2\/types\/product"}],"wp:featuredmedia":[{"embeddable":true,"href":"https:\/\/suncasesupply.com\/pt\/wp-json\/wp\/v2\/media\/26508"}],"wp:attachment":[{"href":"https:\/\/suncasesupply.com\/pt\/wp-json\/wp\/v2\/media?parent=26503"}],"wp:term":[{"taxonomy":"product_cat","embeddable":true,"href":"https:\/\/suncasesupply.com\/pt\/wp-json\/wp\/v2\/product_cat?post=26503"},{"taxonomy":"product_tag","embeddable":true,"href":"https:\/\/suncasesupply.com\/pt\/wp-json\/wp\/v2\/product_tag?post=26503"}],"curies":[{"name":"wp","href":"https:\/\/api.w.org\/{rel}","templated":true}]}}