{"id":26442,"date":"2026-01-29T17:41:15","date_gmt":"2026-01-29T09:41:15","guid":{"rendered":"https:\/\/suncasesupply.com\/?post_type=product&#038;p=26442"},"modified":"2026-01-29T18:02:18","modified_gmt":"2026-01-29T10:02:18","slug":"aluminum-flight-case-with-foam-customized-orange-red-color-trunk-case","status":"publish","type":"product","link":"https:\/\/suncasesupply.com\/pt\/product\/aluminum-flight-case-with-foam-customized-orange-red-color-trunk-case\/","title":{"rendered":"Mala de alum\u00ednio para transporte a\u00e9reo com espuma, personalizada na cor laranja-vermelha."},"content":{"rendered":"<h4><strong><b>Mala de alum\u00ednio para transporte a\u00e9reo com espuma, personalizada na cor laranja-vermelha.<\/b><\/strong><\/h4>\n<h4><span style=\"color: #003366;\">Caracter\u00edsticas:<\/span><\/h4>\n<ul>\n<li><strong><b>Extrema resist\u00eancia e durabilidade: <\/b><\/strong>A estrutura da caixa \u00e9 feita com perfis de liga de alum\u00ednio de alta resist\u00eancia, com protetores de canto em alum\u00ednio fundido refor\u00e7ado nos quatro cantos para maior sustenta\u00e7\u00e3o. Combinada com tecido resistente ao fogo de 9 mm e rebites met\u00e1licos para fixa\u00e7\u00e3o segura, ela suporta empilhamento pesado, impactos e compress\u00e3o durante o transporte em condi\u00e7\u00f5es adversas.<\/li>\n<li><strong><b>Altamente personaliz\u00e1vel e funcional: <\/b><\/strong>Projetado inteiramente para se adequar \u00e0s dimens\u00f5es, formato e peso do equipamento do cliente, maximizando o aproveitamento do espa\u00e7o e minimizando a movimenta\u00e7\u00e3o do equipamento dentro da estrutura. Divis\u00f3rias, suportes e acolchoamento de espuma personaliz\u00e1veis est\u00e3o dispon\u00edveis.<\/li>\n<li><strong><b>Cen\u00e1rios de aplica\u00e7\u00e3o: <\/b><\/strong>Essas cases de transporte s\u00e3o projetadas especificamente para equipamentos de alto valor e alta precis\u00e3o, como equipamentos pesados, dispositivos m\u00e9dicos, equipamentos de ilumina\u00e7\u00e3o e palco, etc.<\/li>\n<\/ul>\n<h4><span style=\"color: #003366;\">Detalhes do produto:<\/span><\/h4>\n<div style=\"display: flex; gap: 20px;\">\n<div style=\"flex: 1; text-align: center;\">\n<p><img decoding=\"async\" style=\"max-width: 100%; height: auto; margin-bottom: 10px;\" src=\"https:\/\/suncasesupply.com\/wp-content\/uploads\/2026\/01\/1-Embedded-Handle.jpg\" alt=\"Al\u00e7a embutida\" \/><\/p>\n<p style=\"font-weight: bold; margin: 5px 0;\">Al\u00e7a embutida<\/p>\n<p style=\"margin: 0;\">O design embutido permite que a al\u00e7a fique integrada \u00e0 superf\u00edcie do flight case, evitando impactos diretos ou danos durante o transporte, manuseio e empilhamento. Isso protege a pr\u00f3pria al\u00e7a e evita danos \u00e0 estrutura do case causados por impactos na al\u00e7a exposta.<\/p>\n<\/div>\n<p><!-- \u7b2c\u4e8c\u680f --><\/p>\n<div style=\"flex: 1; text-align: center;\">\n<p><img decoding=\"async\" style=\"max-width: 100%; height: auto; margin-bottom: 10px;\" src=\"https:\/\/suncasesupply.com\/wp-content\/uploads\/2026\/01\/4-Butterfly-Locks.jpg\" alt=\"Travas de borboleta\" \/><\/p>\n<p style=\"font-weight: bold; margin: 5px 0;\">Travas de borboleta<\/p>\n<p style=\"margin: 0;\">As fechaduras borboleta s\u00e3o r\u00e1pidas, intuitivas e podem ser controladas com uma s\u00f3 m\u00e3o. Al\u00e9m disso, possuem excelente resist\u00eancia a impactos e evitam a abertura acidental, garantindo alta seguran\u00e7a.<\/p>\n<\/div>\n<p><!-- \u7b2c\u4e09\u680f --><\/p>\n<div style=\"flex: 1; text-align: center;\">\n<p><img decoding=\"async\" style=\"max-width: 100%; height: auto; margin-bottom: 10px;\" src=\"https:\/\/suncasesupply.com\/wp-content\/uploads\/2026\/01\/3-Rubber-Feet.jpg\" alt=\"P\u00e9s de borracha\" \/><\/p>\n<p style=\"font-weight: bold; margin: 5px 0;\">P\u00e9s de borracha<\/p>\n<p style=\"margin: 0;\">Feito com p\u00e9s de borracha de grandes dimens\u00f5es, que oferecem excelente ader\u00eancia e estabilidade, impedindo eficazmente que a capa deslize ou se mova acidentalmente em superf\u00edcies lisas, garantindo que a capa e os componentes internos fiquem firmemente posicionados. Tamb\u00e9m proporcionam amortecimento e absor\u00e7\u00e3o de impactos eficazes, oferecendo prote\u00e7\u00e3o.<\/p>\n<\/div>\n<div style=\"flex: 1; text-align: center;\">\n<p><img decoding=\"async\" style=\"max-width: 100%; height: auto; margin-bottom: 10px;\" src=\"https:\/\/suncasesupply.com\/wp-content\/uploads\/2026\/01\/2-Plywood-Cutting.jpg\" alt=\"Corte de compensado\" \/><\/p>\n<p style=\"font-weight: bold; margin: 5px 0;\"><strong>Corte de compensado<\/strong><\/p>\n<p style=\"margin: 0;\">Utilizar uma m\u00e1quina de corte CNC profissional para cortar placas \u00e0 prova de fogo oferece caracter\u00edsticas de alt\u00edssima precis\u00e3o e consist\u00eancia. A precis\u00e3o do corte geralmente atinge \u00b10,1 mm ou mais, aumentando significativamente a efici\u00eancia.<\/p>\n<\/div>\n<\/div>\n<h4><\/h4>\n<h4><span style=\"color: #003366;\">Processo de fabrica\u00e7\u00e3o da caixa de voo:<\/span><\/h4>\n<p><img decoding=\"async\" style=\"max-width: 100%; height: auto; margin-bottom: 10px;\" src=\"https:\/\/suncasesupply.com\/wp-content\/uploads\/2025\/07\/Flight-Cases-Manufacturing-Process.png\" alt=\"Processo de fabrica\u00e7\u00e3o do Suncase\" \/><\/p>\n<h4><span style=\"color: #003366;\">Informa\u00e7\u00f5es \u00fateis para compradores em massa:<\/span><\/h4>\n<ul>\n<li><a href=\"https:\/\/suncasesupply.com\/pt\/blog\/what-is-an-ata-case\/\">O que \u00e9 um caso ATA? Tudo o que voc\u00ea precisa saber<\/a><\/li>\n<li><a href=\"https:\/\/suncasesupply.com\/pt\/blog\/flight-case\/how-to-choose\/\">Como escolher os melhores casos de voo<\/a><\/li>\n<li><a href=\"https:\/\/suncasesupply.com\/pt\/blog\/flight-case\/how-to-clean\/\">Como voc\u00ea limpa uma caixa de v\u00f4o?<\/a><\/li>\n<li><a href=\"https:\/\/suncasesupply.com\/pt\/blog\/flight-case\/guide-for-musician\/\">Tudo o que os m\u00fasicos precisam saber sobre casos de voo<\/a><\/li>\n<\/ul>","protected":false},"excerpt":{"rendered":"<p>Modelo: SC-B9013<\/p>\n<p>Cores: Prata \/ Preto<\/p>\n<p>Dimens\u00f5es: 1500 x 530 x 350 mm<\/p>\n<p>Materiais: Estrutura de alum\u00ednio + madeira compensada de 9 mm + revestimento de espuma + ferragens.<\/p>\n<p>Logotipo: Logotipo impresso em serigrafia \/ Logotipo em metal.<\/p>\n<p>Quantidade m\u00ednima: 10 pe\u00e7as<\/p>\n<p>Amostra: Dispon\u00edvel<\/p>","protected":false},"featured_media":26441,"template":"","meta":{"_gspb_post_css":""},"product_cat":[91],"product_tag":[],"featured_image_urls":{"full":["https:\/\/suncasesupply.com\/wp-content\/uploads\/2026\/01\/Orange-Red-Flight-Case-3.jpg",800,800,false],"thumbnail":["https:\/\/suncasesupply.com\/wp-content\/uploads\/2026\/01\/Orange-Red-Flight-Case-3-150x150.jpg",150,150,true],"medium":["https:\/\/suncasesupply.com\/wp-content\/uploads\/2026\/01\/Orange-Red-Flight-Case-3-300x300.jpg",300,300,true],"medium_large":["https:\/\/suncasesupply.com\/wp-content\/uploads\/2026\/01\/Orange-Red-Flight-Case-3-768x768.jpg",768,768,true],"large":["https:\/\/suncasesupply.com\/wp-content\/uploads\/2026\/01\/Orange-Red-Flight-Case-3.jpg",800,800,false],"1536x1536":["https:\/\/suncasesupply.com\/wp-content\/uploads\/2026\/01\/Orange-Red-Flight-Case-3.jpg",800,800,false],"2048x2048":["https:\/\/suncasesupply.com\/wp-content\/uploads\/2026\/01\/Orange-Red-Flight-Case-3.jpg",800,800,false],"trp-custom-language-flag":["https:\/\/suncasesupply.com\/wp-content\/uploads\/2026\/01\/Orange-Red-Flight-Case-3-12x12.jpg",12,12,true],"woocommerce_thumbnail":["https:\/\/suncasesupply.com\/wp-content\/uploads\/2026\/01\/Orange-Red-Flight-Case-3-300x300.jpg",300,300,true],"woocommerce_single":["https:\/\/suncasesupply.com\/wp-content\/uploads\/2026\/01\/Orange-Red-Flight-Case-3-600x600.jpg",600,600,true],"woocommerce_gallery_thumbnail":["https:\/\/suncasesupply.com\/wp-content\/uploads\/2026\/01\/Orange-Red-Flight-Case-3-100x100.jpg",100,100,true]},"post_excerpt_stackable":"<p>Model :SC-B9013<\/p>\n<p>Colors: Silver \/ Black<\/p>\n<p>Size: 1500x530x350mm<\/p>\n<p>Materials: Aluminum frame+9mm Plywood+Foam Lining+Hardware.<\/p>\n<p>Logo: Silk printing logo\u00a0\/ Metal Logo.<\/p>\n<p>MOQ: 10pcs<\/p>\n<p>Sample: Available<\/p>\n","category_list":"","author_info":{"name":"","url":""},"comments_num":"0 comments","_links":{"self":[{"href":"https:\/\/suncasesupply.com\/pt\/wp-json\/wp\/v2\/product\/26442"}],"collection":[{"href":"https:\/\/suncasesupply.com\/pt\/wp-json\/wp\/v2\/product"}],"about":[{"href":"https:\/\/suncasesupply.com\/pt\/wp-json\/wp\/v2\/types\/product"}],"wp:featuredmedia":[{"embeddable":true,"href":"https:\/\/suncasesupply.com\/pt\/wp-json\/wp\/v2\/media\/26441"}],"wp:attachment":[{"href":"https:\/\/suncasesupply.com\/pt\/wp-json\/wp\/v2\/media?parent=26442"}],"wp:term":[{"taxonomy":"product_cat","embeddable":true,"href":"https:\/\/suncasesupply.com\/pt\/wp-json\/wp\/v2\/product_cat?post=26442"},{"taxonomy":"product_tag","embeddable":true,"href":"https:\/\/suncasesupply.com\/pt\/wp-json\/wp\/v2\/product_tag?post=26442"}],"curies":[{"name":"wp","href":"https:\/\/api.w.org\/{rel}","templated":true}]}}