{"id":26432,"date":"2026-01-29T15:03:41","date_gmt":"2026-01-29T07:03:41","guid":{"rendered":"https:\/\/suncasesupply.com\/?post_type=product&#038;p=26432"},"modified":"2026-03-17T02:47:33","modified_gmt":"2026-03-16T18:47:33","slug":"34-inch-wide-x-22-inch-deep-portable-showcase-with-locks-for-jewelry-trading-cards-display-case","status":"publish","type":"product","link":"https:\/\/suncasesupply.com\/pt\/product\/34-inch-wide-x-22-inch-deep-portable-showcase-with-locks-for-jewelry-trading-cards-display-case\/","title":{"rendered":"Vitrine port\u00e1til de 86 cm de largura x 56 cm de profundidade com fechaduras para joias e exibi\u00e7\u00e3o de cartas colecion\u00e1veis."},"content":{"rendered":"<p><strong><b>Vitrine port\u00e1til de 86 cm de largura x 56 cm de profundidade com fechaduras para joias e exibi\u00e7\u00e3o de cartas colecion\u00e1veis.<\/b><\/strong><\/p>\n<h4><span style=\"color: #003366;\">Caracter\u00edsticas:<\/span><\/h4>\n<ul>\n<li><strong><b>Tamanho grande e panor\u00e2mico: <\/b><\/strong>Projetada para exposi\u00e7\u00f5es, esta vitrine para feiras comerciais acomoda facilmente diversos cart\u00f5es colecion\u00e1veis, joias ou produtos em exposi\u00e7\u00e3o. O painel plano de acr\u00edlico garante uma vis\u00e3o n\u00edtida e sem \u00e2ngulos cegos, tornando-a ideal para exibir cart\u00f5es de alum\u00ednio \u2014 perfeita para lojas, exposi\u00e7\u00f5es ou cole\u00e7\u00f5es particulares.<\/li>\n<li><strong><b>Suave e seguro: <\/b><\/strong>Forrada com veludo preto macio para proteger itens como cart\u00f5es esportivos e medalhas contra arranh\u00f5es. O acolchoamento de alta densidade absorve impactos, garantindo que seus itens colecion\u00e1veis permane\u00e7am est\u00e1veis. Isso a torna ideal como vitrine port\u00e1til de alum\u00ednio para joias, perfeita para eventos ou viagens.<\/li>\n<li><b><\/b><strong><b>Sistema de seguran\u00e7a: <\/b><\/strong>Fechaduras embutidas e pain\u00e9is laterais refor\u00e7ados tornam esta vitrine para cart\u00f5es uma op\u00e7\u00e3o segura para objetos de valor. O encaixe para cadeado oferece prote\u00e7\u00e3o extra contra roubo, seja usada como vitrine em feiras comerciais ou em casa, funcionando tamb\u00e9m como uma grande vitrine de alum\u00ednio para joias.<\/li>\n<li><strong><b>Design port\u00e1til: <\/b><\/strong>Com al\u00e7as antiderrapantes e estrutura leve, esta vitrine para cart\u00f5es \u00e9 f\u00e1cil de transportar para eventos ou uso di\u00e1rio. Tapetes antiderrapantes opcionais aumentam a estabilidade em qualquer superf\u00edcie.<\/li>\n<li><strong><b>Utiliza\u00e7\u00e3o em m\u00faltiplos cen\u00e1rios:<\/b><\/strong>Seja para exibir cart\u00f5es esportivos, cart\u00f5es colecion\u00e1veis, joias ou doces, esta vitrine tamb\u00e9m serve como um presente elegante para colecionadores e funciona perfeitamente como uma vitrine de mesa port\u00e1til de alum\u00ednio.<\/li>\n<\/ul>\n<div style=\"background-color: #29599a; padding: 40px 20px; text-align: center; color: #ffffff; border-radius: 10px; margin: 40px auto; max-width: 960px;\">\n<h2 style=\"font-size: 22px; margin-bottom: 20px; font-weight: bold;\"><span style=\"color: #ffffff;\">Encomende j\u00e1 as vitrines de alum\u00ednio para joias da Sun Case. Pedido m\u00ednimo de f\u00e1brica: 100 unidades.<\/span><\/h2>\n<p><a style=\"display: inline-block; padding: 12px 28px; background-color: #ffffff; color: #29599a; text-decoration: none; border-radius: 6px; font-weight: bold;\" href=\"https:\/\/suncasesupply.com\/pt\/contact-us\/\" target=\"_blank\" rel=\"noopener\">Obtenha uma cota\u00e7\u00e3o hoje<\/a><\/p>\n<\/div>\n<h4><span style=\"color: #003366;\">Detalhes do produto:<\/span><\/h4>\n<div style=\"display: flex; gap: 20px;\">\n<p><!-- \u7b2c\u4e00\u680f --><\/p>\n<div style=\"flex: 1; text-align: center;\">\n<p><img decoding=\"async\" style=\"max-width: 100%; height: auto; margin-bottom: 10px;\" src=\"https:\/\/suncasesupply.com\/wp-content\/uploads\/2025\/12\/1-Handle.jpg\" alt=\"Lidar\" \/><\/p>\n<p><b><\/b><strong><b>Lidar<\/b><\/strong><\/p>\n<p style=\"margin: 0;\">A al\u00e7a proporciona aos usu\u00e1rios uma pegada segura, est\u00e1vel e ergon\u00f4mica. Ao transportar as caixas de alum\u00ednio para joias, a al\u00e7a concentra a for\u00e7a no usu\u00e1rio, evitando que dedos ou ferramentas arranhem, amassem ou danifiquem diretamente a superf\u00edcie da caixa.<\/p>\n<p>&nbsp;<\/p>\n<\/div>\n<p><!-- \u7b2c\u4e8c\u680f --><\/p>\n<div style=\"flex: 1; text-align: center;\">\n<p><img decoding=\"async\" style=\"max-width: 100%; height: auto; margin-bottom: 10px;\" src=\"https:\/\/suncasesupply.com\/wp-content\/uploads\/2025\/12\/2-Locks.jpg\" alt=\"Fechaduras\" \/><\/p>\n<p><b><\/b><strong><b>Fechaduras<\/b><\/strong><\/p>\n<p style=\"margin: 0;\">A vitrine de acr\u00edlico vem com 2 fechaduras, e cada fechadura corresponde a 2 chaves. Ao exibir itens valiosos em feiras com grande p\u00fablico, ou ao transportar as vitrines, as fechaduras s\u00e3o geralmente trancadas com chaves para garantir a seguran\u00e7a da vitrine de acr\u00edlico para cart\u00f5es.<\/p>\n<\/div>\n<p><!-- \u7b2c\u4e09\u680f --><\/p>\n<div style=\"flex: 1; text-align: center;\">\n<p><img decoding=\"async\" style=\"max-width: 100%; height: auto; margin-bottom: 10px;\" src=\"https:\/\/suncasesupply.com\/wp-content\/uploads\/2025\/12\/3-Curved-Hinge.jpg\" alt=\"Dobradi\u00e7a curva\" \/><\/p>\n<p><b><\/b><strong><b>Dobradi\u00e7a curva<\/b><\/strong><\/p>\n<p>Com a vitrine em uso e totalmente aberta, a dobradi\u00e7a curva oferece um suporte robusto, impedindo que a tampa superior se solte, evitando ferimentos na m\u00e3o do usu\u00e1rio e danos aos produtos dentro da vitrine port\u00e1til de alum\u00ednio para joias.<\/p>\n<\/div>\n<p><!-- \u7b2c\u56db\u680f --><\/p>\n<div style=\"flex: 1; text-align: center;\">\n<p><img decoding=\"async\" style=\"max-width: 100%; height: auto; margin-bottom: 10px;\" src=\"https:\/\/suncasesupply.com\/wp-content\/uploads\/2025\/12\/4-Acrylic-Cover.jpg\" alt=\"Capa de acr\u00edlico\" \/><\/p>\n<p><b><\/b><strong><b>Capa de acr\u00edlico<\/b><\/strong><\/p>\n<p style=\"margin: 0;\">A tampa superior transparente em acr\u00edlico permite a visualiza\u00e7\u00e3o diretamente de cima e de todos os \u00e2ngulos, exibindo perfeitamente os detalhes superiores, a estrutura intrincada e a forma geral da cole\u00e7\u00e3o nesta caixa de exibi\u00e7\u00e3o de alum\u00ednio.<\/p>\n<\/div>\n<\/div>\n<h4><span style=\"color: #003366;\">Processo de fabrica\u00e7\u00e3o:<\/span><\/h4>\n<p><img decoding=\"async\" style=\"max-width: 100%; height: auto; margin-bottom: 10px;\" src=\"https:\/\/suncasesupply.com\/wp-content\/uploads\/2025\/07\/Manufacturing-Process.png\" alt=\"Processo de fabrica\u00e7\u00e3o do Suncase\" \/><\/p>\n<div style=\"background-color: #29599a; padding: 40px 20px; text-align: center; color: #ffffff; border-radius: 10px; margin: 40px auto; max-width: 960px;\">\n<h2 style=\"font-size: 22px; margin-bottom: 20px; font-weight: bold;\"><span style=\"color: #ffffff;\">Escolha a caixa expositora de alum\u00ednio para cart\u00f5es da Sun Case, solu\u00e7\u00f5es de alta qualidade a partir de 100 unidades.<\/span><\/h2>\n<p><a style=\"display: inline-block; padding: 12px 28px; background-color: #ffffff; color: #29599a; text-decoration: none; border-radius: 6px; font-weight: bold;\" href=\"https:\/\/suncasesupply.com\/pt\/contact-us\/\" target=\"_blank\" rel=\"noopener\">Obtenha uma cota\u00e7\u00e3o hoje<\/a><\/p>\n<\/div>\n<h4><span style=\"color: #003366;\">Informa\u00e7\u00f5es \u00fateis para compradores em massa:<\/span><\/h4>\n<ul>\n<li class=\"page-title\" title=\"O que torna os cart\u00f5es esportivos t\u00e3o valiosos?\">\n<p class=\"page-title\" title=\"Como proteger sua cole\u00e7\u00e3o de cards colecion\u00e1veis\"><a href=\"https:\/\/suncasesupply.com\/pt\/blog\/how-protect-trading-cards-collection\/\">Como proteger sua cole\u00e7\u00e3o de cards colecion\u00e1veis &gt;&gt;<\/a><\/p>\n<\/li>\n<li title=\"O que torna os cart\u00f5es esportivos t\u00e3o valiosos?\">\n<p class=\"page-title\" title=\"Eleve sua exposi\u00e7\u00e3o: o poder das vitrines de alum\u00ednio para feiras comerciais\"><a href=\"https:\/\/suncasesupply.com\/pt\/blog\/custom-aluminum-case\/dvantages-of-aluminum-trade-show-display-cases\/\">D\u00ea destaque \u00e0 sua exposi\u00e7\u00e3o: o poder das vitrines de alum\u00ednio para feiras comerciais &gt;&gt;<\/a><\/p>\n<\/li>\n<li title=\"O que torna os cart\u00f5es esportivos t\u00e3o valiosos?\">\n<p class=\"page-title\" title=\"Pr\u00f3s e contras das vitrines de alum\u00ednio: um guia completo\"><a href=\"https:\/\/suncasesupply.com\/pt\/blog\/custom-aluminum-case\/pros-and-cons-of-aluminum-display-case\/\">Pr\u00f3s e contras das vitrines de alum\u00ednio: um guia completo &gt;&gt;<\/a><\/p>\n<\/li>\n<\/ul>","protected":false},"excerpt":{"rendered":"<p>Modelo: SC-B9012<\/p>\n<p>Tamanho: 36x24x3 polegadas \/ 34x22x3 polegadas \/ 24x20x3 polegadas ou tamanho personalizado<\/p>\n<p>Cores: Prata \/ Preto<\/p>\n<p>Materiais: Estrutura de alum\u00ednio + placa de MDF + painel de ABS\/painel de acr\u00edlico + ferragens.<\/p>\n<p>Logotipo: Logotipo impresso em serigrafia \/ Logotipo em metal.<\/p>\n<p>Quantidade m\u00ednima: 100 pe\u00e7as<\/p>\n<p>Amostra: Dispon\u00edvel<\/p>","protected":false},"featured_media":26402,"template":"","meta":{"_gspb_post_css":""},"product_cat":[119],"product_tag":[],"featured_image_urls":{"full":["https:\/\/suncasesupply.com\/wp-content\/uploads\/2026\/01\/Acrylic-Display-Case-3.jpg",800,800,false],"thumbnail":["https:\/\/suncasesupply.com\/wp-content\/uploads\/2026\/01\/Acrylic-Display-Case-3-150x150.jpg",150,150,true],"medium":["https:\/\/suncasesupply.com\/wp-content\/uploads\/2026\/01\/Acrylic-Display-Case-3-300x300.jpg",300,300,true],"medium_large":["https:\/\/suncasesupply.com\/wp-content\/uploads\/2026\/01\/Acrylic-Display-Case-3-768x768.jpg",768,768,true],"large":["https:\/\/suncasesupply.com\/wp-content\/uploads\/2026\/01\/Acrylic-Display-Case-3.jpg",800,800,false],"1536x1536":["https:\/\/suncasesupply.com\/wp-content\/uploads\/2026\/01\/Acrylic-Display-Case-3.jpg",800,800,false],"2048x2048":["https:\/\/suncasesupply.com\/wp-content\/uploads\/2026\/01\/Acrylic-Display-Case-3.jpg",800,800,false],"trp-custom-language-flag":["https:\/\/suncasesupply.com\/wp-content\/uploads\/2026\/01\/Acrylic-Display-Case-3-12x12.jpg",12,12,true],"woocommerce_thumbnail":["https:\/\/suncasesupply.com\/wp-content\/uploads\/2026\/01\/Acrylic-Display-Case-3-300x300.jpg",300,300,true],"woocommerce_single":["https:\/\/suncasesupply.com\/wp-content\/uploads\/2026\/01\/Acrylic-Display-Case-3-600x600.jpg",600,600,true],"woocommerce_gallery_thumbnail":["https:\/\/suncasesupply.com\/wp-content\/uploads\/2026\/01\/Acrylic-Display-Case-3-100x100.jpg",100,100,true]},"post_excerpt_stackable":"<p>Model: SC-B9012<\/p>\n<p>Size: 36x24x3 inch \/ 34x22x3 inch \/ 24x20x3 inch or Customized size<\/p>\n<p>Colors: Silver \/ Black<\/p>\n<p>Materials: Aluminum frame+MDF Board+ABS Panel\/Acrylic Panel+Hardware.<\/p>\n<p>Logo: Silk printing logo\u00a0\/ Metal Logo.<\/p>\n<p>MOQ: 100pcs<\/p>\n<p>Sample: Available<\/p>\n","category_list":"","author_info":{"name":"","url":""},"comments_num":"0 comments","_links":{"self":[{"href":"https:\/\/suncasesupply.com\/pt\/wp-json\/wp\/v2\/product\/26432"}],"collection":[{"href":"https:\/\/suncasesupply.com\/pt\/wp-json\/wp\/v2\/product"}],"about":[{"href":"https:\/\/suncasesupply.com\/pt\/wp-json\/wp\/v2\/types\/product"}],"wp:featuredmedia":[{"embeddable":true,"href":"https:\/\/suncasesupply.com\/pt\/wp-json\/wp\/v2\/media\/26402"}],"wp:attachment":[{"href":"https:\/\/suncasesupply.com\/pt\/wp-json\/wp\/v2\/media?parent=26432"}],"wp:term":[{"taxonomy":"product_cat","embeddable":true,"href":"https:\/\/suncasesupply.com\/pt\/wp-json\/wp\/v2\/product_cat?post=26432"},{"taxonomy":"product_tag","embeddable":true,"href":"https:\/\/suncasesupply.com\/pt\/wp-json\/wp\/v2\/product_tag?post=26432"}],"curies":[{"name":"wp","href":"https:\/\/api.w.org\/{rel}","templated":true}]}}