{"id":26339,"date":"2025-12-10T20:10:25","date_gmt":"2025-12-10T12:10:25","guid":{"rendered":"https:\/\/suncasesupply.com\/?post_type=product&#038;p=26339"},"modified":"2026-03-17T02:42:37","modified_gmt":"2026-03-16T18:42:37","slug":"luxury-aluminum-briefcase-for-celebrations-mission-briefcase","status":"publish","type":"product","link":"https:\/\/suncasesupply.com\/pt\/product\/luxury-aluminum-briefcase-for-celebrations-mission-briefcase\/","title":{"rendered":"Pasta executiva de luxo em alum\u00ednio para celebra\u00e7\u00f5es."},"content":{"rendered":"<h4><span style=\"color: #000000;\"><strong><b>Pasta executiva de luxo em alum\u00ednio para celebra\u00e7\u00f5es.<\/b><\/strong><\/span><\/h4>\n<h4><span style=\"color: #003366;\">Caracter\u00edsticas:<\/span><\/h4>\n<ul>\n<li><strong><b>Funcionalidade: <\/b><\/strong>Normalmente, as pastas executivas s\u00e3o projetadas com foco na praticidade e compartimentos bem definidos, como compartimentos acolchoados para laptop, bolsos para documentos, porta-canetas, compartimentos para cart\u00f5es, bolsos com z\u00edper ou bolsos de tela. Este modelo de pasta executiva de alum\u00ednio com fechadura \u00e9 geralmente utilizado em miss\u00f5es ou celebra\u00e7\u00f5es religiosas.<\/li>\n<li><strong><b>\u00a0<\/b><\/strong><strong><b>Estrutura Robusta: <\/b><\/strong>A estrutura robusta de alum\u00ednio garante que a pasta met\u00e1lica de alum\u00ednio permane\u00e7a absolutamente firme em quaisquer circunst\u00e2ncias e n\u00e3o ceda ou deforme devido \u00e0 press\u00e3o externa ou ao excesso de conte\u00fado interno, mantendo assim uma apar\u00eancia perfeita por muito tempo.<\/li>\n<li><strong><b>Personaliza\u00e7\u00e3o interna<\/b><\/strong>As partes internas das tampas superior e inferior s\u00e3o revestidas de acordo com os itens que ser\u00e3o guardados. O tecido do revestimento da maleta \u00e9 vermelho para atender a necessidades espec\u00edficas e tamb\u00e9m pode ser personalizado, tornando-a ideal como uma maleta de alum\u00ednio para ferramentas, proporcionando armazenamento organizado.<\/li>\n<\/ul>\n<h4><span style=\"color: #003366;\">Detalhes do produto:<\/span><\/h4>\n<div style=\"display: flex; gap: 20px;\">\n<p><!-- \u7b2c\u4e00\u680f --><\/p>\n<div style=\"flex: 1; text-align: center;\">\n<p><img decoding=\"async\" style=\"max-width: 100%; height: auto; margin-bottom: 10px;\" src=\"https:\/\/suncasesupply.com\/wp-content\/uploads\/2025\/12\/1-Pocket.jpg\" alt=\"Bolso\" \/><\/p>\n<p><b><\/b><strong><b>Bolso<\/b><\/strong><\/p>\n<p style=\"margin: 0;\">Na parte interna da tampa superior, foram criados bolsos duplos para guardar documentos, arquivos, laptop ou outros itens. Isso permite que os itens dentro da pasta de alum\u00ednio sejam colocados de forma organizada e segura, servindo tanto para organiza\u00e7\u00e3o quanto para prote\u00e7\u00e3o.<\/p>\n<p>&nbsp;<\/p>\n<\/div>\n<p><!-- \u7b2c\u4e8c\u680f --><\/p>\n<div style=\"flex: 1; text-align: center;\">\n<p><img decoding=\"async\" style=\"max-width: 100%; height: auto; margin-bottom: 10px;\" src=\"https:\/\/suncasesupply.com\/wp-content\/uploads\/2025\/12\/2-Holders.jpg\" alt=\"Portadores\" \/><\/p>\n<p><b><\/b><strong><b>Portadores<\/b><\/strong><\/p>\n<p style=\"margin: 0;\">Personalizamos suportes em PU, faixas el\u00e1sticas, suportes com velcro ou bolsos para galhetas herm\u00e9ticas, altares port\u00e1teis, c\u00e1lices, cib\u00f3rios e patenas, toalhas de altar, frascos dourados de \u00f3leo sagrado, cruzes e muito mais.<\/p>\n<\/div>\n<p><!-- \u7b2c\u4e09\u680f --><\/p>\n<div style=\"flex: 1; text-align: center;\">\n<p><img decoding=\"async\" style=\"max-width: 100%; height: auto; margin-bottom: 10px;\" src=\"https:\/\/suncasesupply.com\/wp-content\/uploads\/2025\/12\/3-Tool-Locks.jpg\" alt=\"Travas de ferramentas\" \/><\/p>\n<p><b><\/b><strong><b>Travas de ferramentas<\/b><\/strong><\/p>\n<p>O corpo da fechadura \u00e9 feito de liga de alum\u00ednio de alta resist\u00eancia e integrado firmemente \u00e0 maleta, resistindo a ataques f\u00edsicos bruscos, como alavancas e martelos. Essa estrutura forma uma maleta de alum\u00ednio com fechadura de combina\u00e7\u00e3o, aumentando a seguran\u00e7a, a confiabilidade e o profissionalismo.<\/p>\n<\/div>\n<p><!-- \u7b2c\u56db\u680f --><\/p>\n<div style=\"flex: 1; text-align: center;\">\n<p><img decoding=\"async\" style=\"max-width: 100%; height: auto; margin-bottom: 10px;\" src=\"https:\/\/suncasesupply.com\/wp-content\/uploads\/2025\/12\/4-Back-Hinge.jpg\" alt=\"Dobradi\u00e7a traseira\" \/><\/p>\n<p><b><\/b><strong><b>Dobradi\u00e7a traseira<\/b><\/strong><\/p>\n<p style=\"margin: 0;\">Na parte traseira da pasta de alum\u00ednio com fechadura, existem duas dobradi\u00e7as traseiras robustas. Elas conectam as tampas superior e inferior da pasta, al\u00e9m de servirem de suporte para manter a tampa superior aberta quando necess\u00e1rio.<\/p>\n<\/div>\n<\/div>\n<h4><span style=\"color: #003366;\">Processo de fabrica\u00e7\u00e3o:<\/span><\/h4>\n<p><img decoding=\"async\" style=\"max-width: 100%; height: auto; margin-bottom: 10px;\" src=\"https:\/\/suncasesupply.com\/wp-content\/uploads\/2025\/07\/Manufacturing-Process.png\" alt=\"Processo de fabrica\u00e7\u00e3o do Suncase\" \/><\/p>\n<div style=\"background-color: #29599a; padding: 40px 20px; text-align: center; color: #ffffff; border-radius: 10px; margin: 40px auto; max-width: 960px;\">\n<h2 style=\"font-size: 22px; margin-bottom: 20px; font-weight: bold;\"><span style=\"color: #ffffff;\">Encomende hoje mesmo sua pasta executiva de alum\u00ednio da Sun Case. Pedido m\u00ednimo de 300 unidades.<\/span><\/h2>\n<p><a style=\"display: inline-block; padding: 12px 28px; background-color: #ffffff; color: #29599a; text-decoration: none; border-radius: 6px; font-weight: bold;\" href=\"https:\/\/suncasesupply.com\/pt\/contact-us\/\" target=\"_blank\" rel=\"noopener\">Obtenha uma cota\u00e7\u00e3o hoje<br \/>\n<\/a><\/p>\n<\/div>\n<h4><span style=\"color: #003366;\">Informa\u00e7\u00f5es \u00fateis para compradores em massa:<\/span><\/h4>\n<ul>\n<li class=\"page-title\" title=\"O que torna os cart\u00f5es esportivos t\u00e3o valiosos?\">\n<p class=\"page-title\" title=\"Pasta ou pasta: qual a diferen\u00e7a entre as duas?\"><a href=\"https:\/\/suncasesupply.com\/pt\/blog\/custom-aluminum-case\/attache-vs-briefcase\/\">Pasta executiva vs. maleta: qual a diferen\u00e7a entre as duas? &gt;&gt;<\/a><\/p>\n<\/li>\n<li title=\"O que torna os cart\u00f5es esportivos t\u00e3o valiosos?\">\n<p class=\"page-title\" title=\"Por que as pastas de alum\u00ednio s\u00e3o t\u00e3o caras?\"><a href=\"https:\/\/suncasesupply.com\/pt\/blog\/custom-aluminum-case\/why-aluminum-briefcase-expensive\/\">Por que as pastas de alum\u00ednio s\u00e3o t\u00e3o caras? &gt;&gt;\u00a0<\/a><\/p>\n<\/li>\n<li title=\"O que torna os cart\u00f5es esportivos t\u00e3o valiosos?\">\n<p class=\"page-title\" title=\"8 raz\u00f5es pelas quais as pastas de alum\u00ednio s\u00e3o sua melhor escolha para viagens de neg\u00f3cios\"><a href=\"https:\/\/suncasesupply.com\/pt\/blog\/custom-aluminum-case\/8-reasons-why-aluminum-briefcases-is-your-best-choice-for-business-travel\/\">8 raz\u00f5es pelas quais as pastas de alum\u00ednio s\u00e3o sua melhor escolha para viagens de neg\u00f3cios &gt;&gt;<\/a><\/p>\n<\/li>\n<\/ul>","protected":false},"excerpt":{"rendered":"<p>Modelo: SC-B9010<\/p>\n<p>Dimens\u00f5es: 45x33x15cm<\/p>\n<p>Cores: Arma\u00e7\u00e3o em alum\u00ednio prateado + forro vermelho.<\/p>\n<p>Materiais: Estrutura de alum\u00ednio + Placa de MDF + Painel de ABS + Acess\u00f3rios.<\/p>\n<p>Logotipo: Logotipo impresso em serigrafia \/ Logotipo em metal.<\/p>\n<p>Quantidade m\u00ednima para encomenda: 300 unidades<\/p>\n<p>Exemplo: Fornecimento de amostra.<\/p>","protected":false},"featured_media":26331,"template":"","meta":{"_gspb_post_css":""},"product_cat":[42,82],"product_tag":[],"featured_image_urls":{"full":["https:\/\/suncasesupply.com\/wp-content\/uploads\/2025\/12\/mission-briefcase-5.jpg",800,800,false],"thumbnail":["https:\/\/suncasesupply.com\/wp-content\/uploads\/2025\/12\/mission-briefcase-5-150x150.jpg",150,150,true],"medium":["https:\/\/suncasesupply.com\/wp-content\/uploads\/2025\/12\/mission-briefcase-5-300x300.jpg",300,300,true],"medium_large":["https:\/\/suncasesupply.com\/wp-content\/uploads\/2025\/12\/mission-briefcase-5-768x768.jpg",768,768,true],"large":["https:\/\/suncasesupply.com\/wp-content\/uploads\/2025\/12\/mission-briefcase-5.jpg",800,800,false],"1536x1536":["https:\/\/suncasesupply.com\/wp-content\/uploads\/2025\/12\/mission-briefcase-5.jpg",800,800,false],"2048x2048":["https:\/\/suncasesupply.com\/wp-content\/uploads\/2025\/12\/mission-briefcase-5.jpg",800,800,false],"trp-custom-language-flag":["https:\/\/suncasesupply.com\/wp-content\/uploads\/2025\/12\/mission-briefcase-5-12x12.jpg",12,12,true],"woocommerce_thumbnail":["https:\/\/suncasesupply.com\/wp-content\/uploads\/2025\/12\/mission-briefcase-5-300x300.jpg",300,300,true],"woocommerce_single":["https:\/\/suncasesupply.com\/wp-content\/uploads\/2025\/12\/mission-briefcase-5-600x600.jpg",600,600,true],"woocommerce_gallery_thumbnail":["https:\/\/suncasesupply.com\/wp-content\/uploads\/2025\/12\/mission-briefcase-5-100x100.jpg",100,100,true]},"post_excerpt_stackable":"<p>Model :SC-B9010<\/p>\n<p>Size: 45x33x15cm<\/p>\n<p>Colors: Silver Aluminum frame+Red Lining.<\/p>\n<p>Materials: Aluminum frame+MDF Board+ABS Panel+Accessories.<\/p>\n<p>Logo: Silk printing logo\u00a0\/ Metal Logo.<\/p>\n<p>MOQ: 300pcs<\/p>\n<p>Sample: Providing Sample.<\/p>\n","category_list":"","author_info":{"name":"","url":""},"comments_num":"0 comments","_links":{"self":[{"href":"https:\/\/suncasesupply.com\/pt\/wp-json\/wp\/v2\/product\/26339"}],"collection":[{"href":"https:\/\/suncasesupply.com\/pt\/wp-json\/wp\/v2\/product"}],"about":[{"href":"https:\/\/suncasesupply.com\/pt\/wp-json\/wp\/v2\/types\/product"}],"wp:featuredmedia":[{"embeddable":true,"href":"https:\/\/suncasesupply.com\/pt\/wp-json\/wp\/v2\/media\/26331"}],"wp:attachment":[{"href":"https:\/\/suncasesupply.com\/pt\/wp-json\/wp\/v2\/media?parent=26339"}],"wp:term":[{"taxonomy":"product_cat","embeddable":true,"href":"https:\/\/suncasesupply.com\/pt\/wp-json\/wp\/v2\/product_cat?post=26339"},{"taxonomy":"product_tag","embeddable":true,"href":"https:\/\/suncasesupply.com\/pt\/wp-json\/wp\/v2\/product_tag?post=26339"}],"curies":[{"name":"wp","href":"https:\/\/api.w.org\/{rel}","templated":true}]}}