{"id":26325,"date":"2025-12-09T18:04:39","date_gmt":"2025-12-09T10:04:39","guid":{"rendered":"https:\/\/suncasesupply.com\/?post_type=product&#038;p=26325"},"modified":"2026-03-17T02:27:07","modified_gmt":"2026-03-16T18:27:07","slug":"transparent-acrylic-display-aluminum-case-cards-show-box","status":"publish","type":"product","link":"https:\/\/suncasesupply.com\/pt\/product\/transparent-acrylic-display-aluminum-case-cards-show-box\/","title":{"rendered":"Caixa de alum\u00ednio transparente para exibi\u00e7\u00e3o de cart\u00f5es em acr\u00edlico."},"content":{"rendered":"<h4><span style=\"color: #000000;\">Caixa de alum\u00ednio transparente para exibi\u00e7\u00e3o de cart\u00f5es em acr\u00edlico.<\/span><\/h4>\n<h4><span style=\"color: #003366;\">Caracter\u00edsticas:<\/span><\/h4>\n<ul>\n<li><strong><b>Praticidade e Est\u00e9tica<\/b><\/strong><strong><b>: <\/b><\/strong>A caixa de alum\u00ednio com acabamento em acr\u00edlico transparente combina as vantagens estruturais de uma estrutura de alum\u00ednio com o apelo visual de uma tampa totalmente transparente, tornando-se uma escolha popular para aplica\u00e7\u00f5es de vitrines de balc\u00e3o em solu\u00e7\u00f5es de exibi\u00e7\u00e3o de m\u00e9dio a alto padr\u00e3o.<\/li>\n<li><strong><b>Robusto e confi\u00e1vel: <\/b><\/strong>A estrutura de alum\u00ednio combinada com pain\u00e9is de MDF forma uma estrutura robusta tipo &quot;gaiola met\u00e1lica&quot;. Toda a estrutura n\u00e3o se deforma ou empena facilmente e suporta a press\u00e3o do empilhamento por longos per\u00edodos, tornando-a ideal para uso como vitrine de mesa dur\u00e1vel em alum\u00ednio para grandes cole\u00e7\u00f5es.<\/li>\n<li><strong><b>Experi\u00eancia ideal de abertura e fechamento:<\/b><\/strong> A tampa superior transparente da caixa \u00e9 montada de forma segura e firme em dobradi\u00e7as robustas de alum\u00ednio, permitindo uma abertura e fechamento suaves e dur\u00e1veis, e possibilitando que esta vitrine de alum\u00ednio com trava seja suspensa de forma est\u00e1vel em qualquer \u00e2ngulo com a ajuda dos dois pain\u00e9is laterais.<\/li>\n<li><strong><b>Adequado para<\/b><\/strong>Ideal para colecionadores de cards de classifica\u00e7\u00e3o, colecionadores de cards esportivos, entusiastas de joias e rel\u00f3gios, colecionadores de brinquedos\/figuras colecion\u00e1veis de alta qualidade, entusiastas de mec\u00e2nica e modelismo, feiras de exposi\u00e7\u00e3o e muito mais, tornando-se uma vitrine port\u00e1til de alum\u00ednio perfeita para exposi\u00e7\u00f5es e balc\u00f5es.<\/li>\n<\/ul>\n<h4><span style=\"color: #003366;\">Detalhes do produto:<\/span><\/h4>\n<div style=\"display: flex; gap: 20px;\">\n<p><!-- \u7b2c\u4e00\u680f --><\/p>\n<div style=\"flex: 1; text-align: center;\">\n<p><img decoding=\"async\" style=\"max-width: 100%; height: auto; margin-bottom: 10px;\" src=\"https:\/\/suncasesupply.com\/wp-content\/uploads\/2025\/12\/1-Handle.jpg\" alt=\"Lidar\" \/><\/p>\n<p><b><\/b><strong><b>Lidar<\/b><\/strong><\/p>\n<p style=\"margin: 0;\">A al\u00e7a proporciona aos usu\u00e1rios uma pegada segura, est\u00e1vel e ergon\u00f4mica. Ao transportar a vitrine de alum\u00ednio para balc\u00e3o, a al\u00e7a concentra a for\u00e7a no usu\u00e1rio, evitando que dedos ou ferramentas arranhem, amassem ou danifiquem diretamente a superf\u00edcie da caixa.<\/p>\n<p>&nbsp;<\/p>\n<\/div>\n<p><!-- \u7b2c\u4e8c\u680f --><\/p>\n<div style=\"flex: 1; text-align: center;\">\n<p><img decoding=\"async\" style=\"max-width: 100%; height: auto; margin-bottom: 10px;\" src=\"https:\/\/suncasesupply.com\/wp-content\/uploads\/2025\/12\/2-Locks.jpg\" alt=\"Fechaduras\" \/><\/p>\n<p><b><\/b><strong><b>Fechaduras<\/b><\/strong><\/p>\n<p style=\"margin: 0;\">A vitrine de acr\u00edlico vem com 2 fechaduras, e cada fechadura corresponde a 2 chaves. Ao exibir itens valiosos em feiras com grande fluxo de pessoas ou durante o transporte, as fechaduras garantem a seguran\u00e7a, tornando esta vitrine de alum\u00ednio com trava uma op\u00e7\u00e3o eficaz.<\/p>\n<\/div>\n<p><!-- \u7b2c\u4e09\u680f --><\/p>\n<div style=\"flex: 1; text-align: center;\">\n<p><img decoding=\"async\" style=\"max-width: 100%; height: auto; margin-bottom: 10px;\" src=\"https:\/\/suncasesupply.com\/wp-content\/uploads\/2025\/12\/3-Curved-Hinge.jpg\" alt=\"Dobradi\u00e7a curva\" \/><\/p>\n<p><b><\/b><strong><b>Dobradi\u00e7a curva<\/b><\/strong><\/p>\n<p>Com a vitrine totalmente aberta, a dobradi\u00e7a curva oferece um suporte robusto, impedindo que a tampa superior caia e evitando ferimentos nas m\u00e3os do usu\u00e1rio e danos aos produtos dentro das vitrines de alum\u00ednio com tampo de mesa.<\/p>\n<\/div>\n<p><!-- \u7b2c\u56db\u680f --><\/p>\n<div style=\"flex: 1; text-align: center;\">\n<p><img decoding=\"async\" style=\"max-width: 100%; height: auto; margin-bottom: 10px;\" src=\"https:\/\/suncasesupply.com\/wp-content\/uploads\/2025\/12\/4-Acrylic-Cover.jpg\" alt=\"Capa de acr\u00edlico\" \/><\/p>\n<p><b><\/b><strong><b>Capa de acr\u00edlico<\/b><\/strong><\/p>\n<p style=\"margin: 0;\">A tampa superior transparente em acr\u00edlico permite a visualiza\u00e7\u00e3o diretamente de cima e de todos os \u00e2ngulos, exibindo perfeitamente os detalhes superiores, a estrutura intrincada e a forma geral da cole\u00e7\u00e3o dentro desta vitrine port\u00e1til de alum\u00ednio.<\/p>\n<\/div>\n<\/div>\n<h4><span style=\"color: #003366;\">Processo de fabrica\u00e7\u00e3o:<\/span><\/h4>\n<p><img decoding=\"async\" style=\"max-width: 100%; height: auto; margin-bottom: 10px;\" src=\"https:\/\/suncasesupply.com\/wp-content\/uploads\/2025\/07\/Manufacturing-Process.png\" alt=\"Processo de fabrica\u00e7\u00e3o do Suncase\" \/><\/p>\n<div style=\"background-color: #29599a; padding: 40px 20px; text-align: center; color: #ffffff; border-radius: 10px; margin: 40px auto; max-width: 960px;\">\n<h2 style=\"font-size: 22px; margin-bottom: 20px; font-weight: bold;\"><span style=\"color: #ffffff;\">Encomende uma vitrine port\u00e1til de alum\u00ednio da Sun Case com pedido m\u00ednimo de 100 unidades.<\/span><\/h2>\n<p><a style=\"display: inline-block; padding: 12px 28px; background-color: #ffffff; color: #29599a; text-decoration: none; border-radius: 6px; font-weight: bold;\" href=\"https:\/\/suncasesupply.com\/pt\/contact-us\/\" target=\"_blank\" rel=\"noopener\">Obtenha uma cota\u00e7\u00e3o hoje<br \/>\n<\/a><\/p>\n<\/div>\n<h4><span style=\"color: #003366;\">Informa\u00e7\u00f5es \u00fateis para compradores em massa:<\/span><\/h4>\n<ul>\n<li class=\"page-title\" title=\"O que torna os cart\u00f5es esportivos t\u00e3o valiosos?\">\n<p class=\"page-title\" title=\"Como proteger sua cole\u00e7\u00e3o de cards colecion\u00e1veis\"><a href=\"https:\/\/suncasesupply.com\/pt\/blog\/how-protect-trading-cards-collection\/\">Como proteger sua cole\u00e7\u00e3o de cards colecion\u00e1veis &gt;&gt;<\/a><\/p>\n<\/li>\n<li title=\"O que torna os cart\u00f5es esportivos t\u00e3o valiosos?\">\n<p class=\"page-title\" title=\"Eleve sua exposi\u00e7\u00e3o: o poder das vitrines de alum\u00ednio para feiras comerciais\"><a href=\"https:\/\/suncasesupply.com\/pt\/blog\/custom-aluminum-case\/dvantages-of-aluminum-trade-show-display-cases\/\">D\u00ea destaque \u00e0 sua exposi\u00e7\u00e3o: o poder das vitrines de alum\u00ednio para feiras comerciais &gt;&gt;<\/a><\/p>\n<\/li>\n<li title=\"O que torna os cart\u00f5es esportivos t\u00e3o valiosos?\">\n<p class=\"page-title\" title=\"Pr\u00f3s e contras das vitrines de alum\u00ednio: um guia completo\"><a href=\"https:\/\/suncasesupply.com\/pt\/blog\/custom-aluminum-case\/pros-and-cons-of-aluminum-display-case\/\">Pr\u00f3s e contras das vitrines de alum\u00ednio: um guia completo &gt;&gt;<\/a><\/p>\n<\/li>\n<\/ul>","protected":false},"excerpt":{"rendered":"<p>Modelo: SC-B9009<\/p>\n<p>Tamanho: 36x24x3 polegadas \/ 34x22x3 polegadas \/ 24x20x3 polegadas ou tamanho personalizado<\/p>\n<p>Cores: Preto total \/ Prata<\/p>\n<p>Materiais: Estrutura de alum\u00ednio + placa de MDF + painel de ABS, tampo em acr\u00edlico.<\/p>\n<p>Logotipo: Logotipo impresso em serigrafia \/ Logotipo a laser.<\/p>\n<p>Quantidade m\u00ednima: 100 pe\u00e7as<\/p>\n<p>Exemplo: Fornecimento de amostra.<\/p>","protected":false},"featured_media":26350,"template":"","meta":{"_gspb_post_css":""},"product_cat":[119],"product_tag":[],"featured_image_urls":{"full":["https:\/\/suncasesupply.com\/wp-content\/uploads\/2025\/12\/Acrylic-Display-Case-5-1.jpg",800,800,false],"thumbnail":["https:\/\/suncasesupply.com\/wp-content\/uploads\/2025\/12\/Acrylic-Display-Case-5-1-150x150.jpg",150,150,true],"medium":["https:\/\/suncasesupply.com\/wp-content\/uploads\/2025\/12\/Acrylic-Display-Case-5-1-300x300.jpg",300,300,true],"medium_large":["https:\/\/suncasesupply.com\/wp-content\/uploads\/2025\/12\/Acrylic-Display-Case-5-1-768x768.jpg",768,768,true],"large":["https:\/\/suncasesupply.com\/wp-content\/uploads\/2025\/12\/Acrylic-Display-Case-5-1.jpg",800,800,false],"1536x1536":["https:\/\/suncasesupply.com\/wp-content\/uploads\/2025\/12\/Acrylic-Display-Case-5-1.jpg",800,800,false],"2048x2048":["https:\/\/suncasesupply.com\/wp-content\/uploads\/2025\/12\/Acrylic-Display-Case-5-1.jpg",800,800,false],"trp-custom-language-flag":["https:\/\/suncasesupply.com\/wp-content\/uploads\/2025\/12\/Acrylic-Display-Case-5-1-12x12.jpg",12,12,true],"woocommerce_thumbnail":["https:\/\/suncasesupply.com\/wp-content\/uploads\/2025\/12\/Acrylic-Display-Case-5-1-300x300.jpg",300,300,true],"woocommerce_single":["https:\/\/suncasesupply.com\/wp-content\/uploads\/2025\/12\/Acrylic-Display-Case-5-1-600x600.jpg",600,600,true],"woocommerce_gallery_thumbnail":["https:\/\/suncasesupply.com\/wp-content\/uploads\/2025\/12\/Acrylic-Display-Case-5-1-100x100.jpg",100,100,true]},"post_excerpt_stackable":"<p>Model :SC-B9009<\/p>\n<p>Size: 36x24x3 inch \/ 34x22x3 inch \/ 24x20x3 inch or Customized size<\/p>\n<p>Colors: Full Black \/ Silver<\/p>\n<p>Materials: Aluminum frame+MDF Board+ABS Panel, Acrylic Top Panel.<\/p>\n<p>Logo: Silk printing logo\u00a0\/ Laser Logo.<\/p>\n<p>MOQ: 100pcs<\/p>\n<p>Sample: Providing Sample.<\/p>\n","category_list":"","author_info":{"name":"","url":""},"comments_num":"0 comments","_links":{"self":[{"href":"https:\/\/suncasesupply.com\/pt\/wp-json\/wp\/v2\/product\/26325"}],"collection":[{"href":"https:\/\/suncasesupply.com\/pt\/wp-json\/wp\/v2\/product"}],"about":[{"href":"https:\/\/suncasesupply.com\/pt\/wp-json\/wp\/v2\/types\/product"}],"wp:featuredmedia":[{"embeddable":true,"href":"https:\/\/suncasesupply.com\/pt\/wp-json\/wp\/v2\/media\/26350"}],"wp:attachment":[{"href":"https:\/\/suncasesupply.com\/pt\/wp-json\/wp\/v2\/media?parent=26325"}],"wp:term":[{"taxonomy":"product_cat","embeddable":true,"href":"https:\/\/suncasesupply.com\/pt\/wp-json\/wp\/v2\/product_cat?post=26325"},{"taxonomy":"product_tag","embeddable":true,"href":"https:\/\/suncasesupply.com\/pt\/wp-json\/wp\/v2\/product_tag?post=26325"}],"curies":[{"name":"wp","href":"https:\/\/api.w.org\/{rel}","templated":true}]}}