{"id":26309,"date":"2025-12-09T14:28:02","date_gmt":"2025-12-09T06:28:02","guid":{"rendered":"https:\/\/suncasesupply.com\/?post_type=product&#038;p=26309"},"modified":"2026-03-17T02:19:13","modified_gmt":"2026-03-16T18:19:13","slug":"black-aluminum-acrylic-display-case-show-cases-for-collectibles","status":"publish","type":"product","link":"https:\/\/suncasesupply.com\/pt\/product\/black-aluminum-acrylic-display-case-show-cases-for-collectibles\/","title":{"rendered":"Vitrine de acr\u00edlico e alum\u00ednio preto para exibir objetos de cole\u00e7\u00e3o."},"content":{"rendered":"<h4><span style=\"color: #000000;\">Vitrine de acr\u00edlico e alum\u00ednio preto para exibir objetos de cole\u00e7\u00e3o.<\/span><\/h4>\n<h4><span style=\"color: #003366;\">Caracter\u00edsticas:<\/span><\/h4>\n<ul>\n<li><strong><b>Fun\u00e7\u00e3o principal:<\/b><\/strong>As vitrines de acr\u00edlico s\u00e3o normalmente usadas para exibir os produtos dos clientes em feiras comerciais ou exposi\u00e7\u00f5es. Por exemplo, para exibir cartas classificadas, cards esportivos em embalagens especiais, cards de Pok\u00e9mon, itens colecion\u00e1veis, joias, rel\u00f3gios de alum\u00ednio e assim por diante.<\/li>\n<li><strong><b>Pontos principais: <\/b><\/strong>A vitrine de acr\u00edlico combina perfeitamente &quot;exibi\u00e7\u00e3o&quot; e &quot;prote\u00e7\u00e3o&quot; atrav\u00e9s de excelente transpar\u00eancia, design flex\u00edvel e prote\u00e7\u00e3o superior, valorizando e agregando valor visual aos itens expostos. \u00c9 um produto da Suncase, fabricante de vitrines de alum\u00ednio de confian\u00e7a.<\/li>\n<li><strong><b>Personaliza\u00e7\u00e3o:<\/b><\/strong>O tamanho da vitrine pode ser personalizado de acordo com as solicita\u00e7\u00f5es dos clientes. As dimens\u00f5es mais comuns e populares s\u00e3o 36 \u00d7 24 \u00d7 3 polegadas \/ 34 \u00d7 22 \u00d7 3 polegadas \/ 24 \u00d7 20 \u00d7 3 polegadas. Caso as dimens\u00f5es padr\u00e3o n\u00e3o sejam adequadas, entre em contato conosco para solicitar uma vitrine de alum\u00ednio personalizada.<\/li>\n<\/ul>\n<h4><span style=\"color: #003366;\">Detalhes do produto:<\/span><\/h4>\n<div style=\"display: flex; gap: 20px;\">\n<p><!-- \u7b2c\u4e00\u680f --><\/p>\n<div style=\"flex: 1; text-align: center;\">\n<p><img decoding=\"async\" style=\"max-width: 100%; height: auto; margin-bottom: 10px;\" src=\"https:\/\/suncasesupply.com\/wp-content\/uploads\/2025\/12\/1-Side-Panel.jpg\" alt=\"Painel lateral de 1 lado\" \/><\/p>\n<p><b><\/b><strong><b>Painel lateral<\/b><\/strong><\/p>\n<p style=\"margin: 0;\">Cada vitrine inclui dois pain\u00e9is laterais de acr\u00edlico. Ao utilizar esta vitrine, os dois pain\u00e9is laterais sustentam todo o painel superior, permitindo que este fique parcialmente aberto para melhor visualiza\u00e7\u00e3o dos produtos em seu interior. Al\u00e9m disso, os pain\u00e9is laterais permitem diferentes \u00e2ngulos de abertura do painel superior.<\/p>\n<p>&nbsp;<\/p>\n<\/div>\n<p><!-- \u7b2c\u4e8c\u680f --><\/p>\n<div style=\"flex: 1; text-align: center;\">\n<p><img decoding=\"async\" style=\"max-width: 100%; height: auto; margin-bottom: 10px;\" src=\"https:\/\/suncasesupply.com\/wp-content\/uploads\/2025\/12\/2-Feet.jpg\" alt=\"P\u00e9s\" \/><\/p>\n<p><b><\/b><strong><b>P\u00e9s<\/b><\/strong><\/p>\n<p style=\"margin: 0;\">Na parte inferior da vitrine, h\u00e1 4 p\u00e9s. Os p\u00e9s s\u00e3o geralmente feitos de borracha e combinam praticidade, prote\u00e7\u00e3o e est\u00e9tica. Sua principal fun\u00e7\u00e3o \u00e9 evitar que a vitrine deslize, absorver impactos, prevenir o desgaste e proteger contra a umidade, sendo ideais para vitrines de joias de alum\u00ednio.<\/p>\n<\/div>\n<p><!-- \u7b2c\u4e09\u680f --><\/p>\n<div style=\"flex: 1; text-align: center;\">\n<p><img decoding=\"async\" style=\"max-width: 100%; height: auto; margin-bottom: 10px;\" src=\"https:\/\/suncasesupply.com\/wp-content\/uploads\/2025\/12\/3-Lock-with-Keys.jpg\" alt=\"Fechadura com chaves\" \/><\/p>\n<p><b><\/b><b><\/b><strong><b>Fechadura com chaves<\/b><\/strong><\/p>\n<p>A vitrine vem com 2 fechaduras, cada uma com 2 chaves. Este design impede que crian\u00e7as, visitantes ou funcion\u00e1rios da limpeza abram a vitrine \u00e0 vontade, protegendo cole\u00e7\u00f5es valiosas dentro da vitrine de joias com tampo de vidro e alum\u00ednio.<\/p>\n<\/div>\n<p><!-- \u7b2c\u56db\u680f --><\/p>\n<div style=\"flex: 1; text-align: center;\">\n<p><img decoding=\"async\" style=\"max-width: 100%; height: auto; margin-bottom: 10px;\" src=\"https:\/\/suncasesupply.com\/wp-content\/uploads\/2025\/12\/4-Acrylic-Top-Panel.jpg\" alt=\"Painel superior de acr\u00edlico\" \/><\/p>\n<p><b><\/b><strong><b>Painel superior de acr\u00edlico<\/b><\/strong><\/p>\n<p style=\"margin: 0;\">A tampa superior transparente em acr\u00edlico permite a visualiza\u00e7\u00e3o de todos os \u00e2ngulos, tornando-a perfeita para exibir objetos de cole\u00e7\u00e3o, joias ou rel\u00f3gios, funcionando tamb\u00e9m como uma vitrine para rel\u00f3gios de alum\u00ednio. Possuir uma vitrine com painel superior em acr\u00edlico \u00e9 como ter uma mini sala de exposi\u00e7\u00f5es panor\u00e2mica feita sob medida para sua cole\u00e7\u00e3o.<\/p>\n<\/div>\n<\/div>\n<h4><span style=\"color: #003366;\">Processo de fabrica\u00e7\u00e3o:<\/span><\/h4>\n<p><img decoding=\"async\" style=\"max-width: 100%; height: auto; margin-bottom: 10px;\" src=\"https:\/\/suncasesupply.com\/wp-content\/uploads\/2025\/07\/Manufacturing-Process.png\" alt=\"Processo de fabrica\u00e7\u00e3o do Suncase\" \/><\/p>\n<div style=\"background-color: #29599a; padding: 40px 20px; text-align: center; color: #ffffff; border-radius: 10px; margin: 40px auto; max-width: 960px;\">\n<h2 style=\"font-size: 22px; margin-bottom: 20px; font-weight: bold;\"><span style=\"color: #ffffff;\">Escolha a vitrine de alum\u00ednio Sun Case, solu\u00e7\u00f5es de alta qualidade para exposi\u00e7\u00e3o de produtos a partir de um pedido m\u00ednimo de 50 unidades.<\/span><\/h2>\n<p><a style=\"display: inline-block; padding: 12px 28px; background-color: #ffffff; color: #29599a; text-decoration: none; border-radius: 6px; font-weight: bold;\" href=\"https:\/\/suncasesupply.com\/pt\/contact-us\/\" target=\"_blank\" rel=\"noopener\">Obtenha uma cota\u00e7\u00e3o hoje<br \/>\n<\/a><\/p>\n<\/div>\n<p><span style=\"color: #003366; font-weight: bold; text-align: center;\">Informa\u00e7\u00f5es \u00fateis para compradores em massa:<\/span><\/p>\n<ul>\n<li class=\"page-title\" title=\"O que torna os cart\u00f5es esportivos t\u00e3o valiosos?\">\n<p class=\"page-title\" title=\"Como proteger sua cole\u00e7\u00e3o de cards colecion\u00e1veis\"><a href=\"https:\/\/suncasesupply.com\/pt\/blog\/how-protect-trading-cards-collection\/\">Como proteger sua cole\u00e7\u00e3o de cards colecion\u00e1veis &gt;&gt;<\/a><\/p>\n<\/li>\n<li title=\"O que torna os cart\u00f5es esportivos t\u00e3o valiosos?\">\n<p class=\"page-title\" title=\"Eleve sua exposi\u00e7\u00e3o: o poder das vitrines de alum\u00ednio para feiras comerciais\"><a href=\"https:\/\/suncasesupply.com\/pt\/blog\/custom-aluminum-case\/dvantages-of-aluminum-trade-show-display-cases\/\">D\u00ea destaque \u00e0 sua exposi\u00e7\u00e3o: o poder das vitrines de alum\u00ednio para feiras comerciais &gt;&gt;<\/a><\/p>\n<\/li>\n<li title=\"O que torna os cart\u00f5es esportivos t\u00e3o valiosos?\">\n<p class=\"page-title\" title=\"Pr\u00f3s e contras das vitrines de alum\u00ednio: um guia completo\"><a href=\"https:\/\/suncasesupply.com\/pt\/blog\/custom-aluminum-case\/pros-and-cons-of-aluminum-display-case\/\">Pr\u00f3s e contras das vitrines de alum\u00ednio: um guia completo &gt;&gt;<\/a><\/p>\n<\/li>\n<\/ul>","protected":false},"excerpt":{"rendered":"<p>Modelo: SC-B9008<\/p>\n<p>Tamanho: 36x24x3 polegadas \/ 34x22x3 polegadas \/ 24x20x3 polegadas\u2026<\/p>\n<p>Cores: Preto total \/ Prata<\/p>\n<p>Materiais: Estrutura de alum\u00ednio + placa de MDF + painel de ABS, tampo em acr\u00edlico.<\/p>\n<p>Logotipo: Logotipo impresso em serigrafia<\/p>\n<p>Quantidade m\u00ednima: 50 pe\u00e7as<\/p>\n<p>Amostra: Fornecimento de amostra para verifica\u00e7\u00e3o de qualidade.<\/p>","protected":false},"featured_media":26346,"template":"","meta":{"_gspb_post_css":""},"product_cat":[42,119],"product_tag":[],"featured_image_urls":{"full":["https:\/\/suncasesupply.com\/wp-content\/uploads\/2025\/12\/Acrylic-Display-Case-7.jpg",800,800,false],"thumbnail":["https:\/\/suncasesupply.com\/wp-content\/uploads\/2025\/12\/Acrylic-Display-Case-7-150x150.jpg",150,150,true],"medium":["https:\/\/suncasesupply.com\/wp-content\/uploads\/2025\/12\/Acrylic-Display-Case-7-300x300.jpg",300,300,true],"medium_large":["https:\/\/suncasesupply.com\/wp-content\/uploads\/2025\/12\/Acrylic-Display-Case-7-768x768.jpg",768,768,true],"large":["https:\/\/suncasesupply.com\/wp-content\/uploads\/2025\/12\/Acrylic-Display-Case-7.jpg",800,800,false],"1536x1536":["https:\/\/suncasesupply.com\/wp-content\/uploads\/2025\/12\/Acrylic-Display-Case-7.jpg",800,800,false],"2048x2048":["https:\/\/suncasesupply.com\/wp-content\/uploads\/2025\/12\/Acrylic-Display-Case-7.jpg",800,800,false],"trp-custom-language-flag":["https:\/\/suncasesupply.com\/wp-content\/uploads\/2025\/12\/Acrylic-Display-Case-7-12x12.jpg",12,12,true],"woocommerce_thumbnail":["https:\/\/suncasesupply.com\/wp-content\/uploads\/2025\/12\/Acrylic-Display-Case-7-300x300.jpg",300,300,true],"woocommerce_single":["https:\/\/suncasesupply.com\/wp-content\/uploads\/2025\/12\/Acrylic-Display-Case-7-600x600.jpg",600,600,true],"woocommerce_gallery_thumbnail":["https:\/\/suncasesupply.com\/wp-content\/uploads\/2025\/12\/Acrylic-Display-Case-7-100x100.jpg",100,100,true]},"post_excerpt_stackable":"<p>Model :SC-B9008<\/p>\n<p>Size: 36x24x3 inch \/ 34x22x3 inch \/ 24x20x3 inch&#8230;<\/p>\n<p>Colors: Full Black \/ Silver<\/p>\n<p>Materials: Aluminum frame+MDF Board+ABS Panel, Acrylic Top Panel.<\/p>\n<p>Logo: Silk printing logo<\/p>\n<p>MOQ: 50pcs<\/p>\n<p>Sample: Providing sample for quality checking.<\/p>\n","category_list":"","author_info":{"name":"","url":""},"comments_num":"0 comments","_links":{"self":[{"href":"https:\/\/suncasesupply.com\/pt\/wp-json\/wp\/v2\/product\/26309"}],"collection":[{"href":"https:\/\/suncasesupply.com\/pt\/wp-json\/wp\/v2\/product"}],"about":[{"href":"https:\/\/suncasesupply.com\/pt\/wp-json\/wp\/v2\/types\/product"}],"wp:featuredmedia":[{"embeddable":true,"href":"https:\/\/suncasesupply.com\/pt\/wp-json\/wp\/v2\/media\/26346"}],"wp:attachment":[{"href":"https:\/\/suncasesupply.com\/pt\/wp-json\/wp\/v2\/media?parent=26309"}],"wp:term":[{"taxonomy":"product_cat","embeddable":true,"href":"https:\/\/suncasesupply.com\/pt\/wp-json\/wp\/v2\/product_cat?post=26309"},{"taxonomy":"product_tag","embeddable":true,"href":"https:\/\/suncasesupply.com\/pt\/wp-json\/wp\/v2\/product_tag?post=26309"}],"curies":[{"name":"wp","href":"https:\/\/api.w.org\/{rel}","templated":true}]}}