{"id":26296,"date":"2025-12-03T17:46:52","date_gmt":"2025-12-03T09:46:52","guid":{"rendered":"https:\/\/suncasesupply.com\/?post_type=product&#038;p=26296"},"modified":"2026-03-17T02:11:32","modified_gmt":"2026-03-16T18:11:32","slug":"customized-aluminum-trolley-case-full-black-aluminum-box-with-wheels-pull-rod","status":"publish","type":"product","link":"https:\/\/suncasesupply.com\/pt\/product\/customized-aluminum-trolley-case-full-black-aluminum-box-with-wheels-pull-rod\/","title":{"rendered":"Mala de alum\u00ednio personalizada com rodinhas e al\u00e7a retr\u00e1til, totalmente preta."},"content":{"rendered":"<h4><span style=\"color: #000000;\">Mala de alum\u00ednio personalizada com rodinhas e al\u00e7a retr\u00e1til, totalmente preta.<\/span><\/h4>\n<h4><span style=\"color: #003366;\">Caracter\u00edsticas:<\/span><\/h4>\n<ul>\n<li><strong><b>Composi\u00e7\u00e3o e estrutura: <\/b><\/strong>Mala de alum\u00ednio personalizada com rodinhas<strong><b>\u00a0<\/b><\/strong>Fabricado com 1 haste para carrinho e 2 rodas, a parte superior possui divis\u00f3rias, duas gavetas com divis\u00f3rias, duas al\u00e7as laterais e revestimento interno em espuma EVA preta. Esta estrutura \u00e9 ideal para uma maleta de maquiagem com gavetas.<\/li>\n<li><strong><b>\u00c9 poss\u00edvel personalizar totalmente: <\/b><\/strong>Voc\u00ea pode escolher combina\u00e7\u00f5es de cores, materiais, tamanhos, etc., espec\u00edficos para combinar com seu estilo pessoal ou necessidades de produto, tornando-o adequado como uma maleta de maquiagem grande para uso profissional.<\/li>\n<li><strong><b>Diversas fun\u00e7\u00f5es: <\/b><\/strong>O design foi pensado para facilitar o transporte manual e o arrasto, tornando-o ideal para situa\u00e7\u00f5es que exigem o transporte de ferramentas, instrumentos, equipamentos ou objetos de valor pesados. \u00c9 comumente utilizado como maleta de maquiador profissional, al\u00e9m de transportar equipamentos de performance, instrumentos de precis\u00e3o, equipamentos fotogr\u00e1ficos e kits de reparo de ferramentas.<\/li>\n<\/ul>\n<h4><span style=\"color: #003366;\">Detalhes do produto:<\/span><\/h4>\n<div style=\"display: flex; gap: 20px;\">\n<p><!-- \u7b2c\u4e00\u680f --><\/p>\n<div style=\"flex: 1; text-align: center;\">\n<p><img decoding=\"async\" style=\"max-width: 100%; height: auto; margin-bottom: 10px;\" src=\"https:\/\/suncasesupply.com\/wp-content\/uploads\/2025\/12\/1-Spring-Handle.jpg\" alt=\"Al\u00e7a com 1 mola\" \/><\/p>\n<p><b><\/b><strong><b>Al\u00e7a de mola<\/b><\/strong><\/p>\n<p style=\"margin: 0;\">O mecanismo de mola da al\u00e7a absorve eficazmente solavancos e impactos durante a caminhada (como superf\u00edcies irregulares e vibra\u00e7\u00f5es ao puxar rapidamente), reduzindo a carga nos bra\u00e7os e pulsos e melhorando o conforto ao usar esta maleta de maquiagem com rodinhas.<\/p>\n<p>&nbsp;<\/p>\n<\/div>\n<p><!-- \u7b2c\u4e8c\u680f --><\/p>\n<div style=\"flex: 1; text-align: center;\">\n<p><img decoding=\"async\" style=\"max-width: 100%; height: auto; margin-bottom: 10px;\" src=\"https:\/\/suncasesupply.com\/wp-content\/uploads\/2025\/12\/2-Drawers.jpg\" alt=\"2 gavetas\" \/><\/p>\n<p><b><\/b><strong><b>Gavetas<\/b><\/strong><\/p>\n<p style=\"margin: 0;\">Esta mala de alum\u00ednio com rodinhas possui 6 gavetas personalizadas, cada uma medindo 40x30x4,5cm de altura. Al\u00e9m disso, cada gaveta inclui 2 pe\u00e7as de espuma lisa, para que seus produtos fiquem bem acomodados e protegidos.<\/p>\n<\/div>\n<p><!-- \u7b2c\u4e09\u680f --><\/p>\n<div style=\"flex: 1; text-align: center;\">\n<p><img decoding=\"async\" style=\"max-width: 100%; height: auto; margin-bottom: 10px;\" src=\"https:\/\/suncasesupply.com\/wp-content\/uploads\/2025\/12\/3-Feet.jpg\" alt=\"3 p\u00e9s\" \/><\/p>\n<p><b><\/b><strong><b>P\u00e9s<\/b><\/strong><\/p>\n<p>Por um lado, os p\u00e9s servem como mecanismo de isolamento e prote\u00e7\u00e3o, elevando a estrutura do ch\u00e3o para evitar o contato direto com umidade, ac\u00famulo de \u00e1gua e poeira. Por outro lado, os p\u00e9s s\u00e3o geralmente feitos de materiais el\u00e1sticos, como borracha e silicone, proporcionando amortecimento e absor\u00e7\u00e3o de impacto.<\/p>\n<\/div>\n<p><!-- \u7b2c\u56db\u680f --><\/p>\n<div style=\"flex: 1; text-align: center;\">\n<p><img decoding=\"async\" style=\"max-width: 100%; height: auto; margin-bottom: 10px;\" src=\"https:\/\/suncasesupply.com\/wp-content\/uploads\/2025\/12\/4-Wheels.jpg\" alt=\"4 rodas\" \/><\/p>\n<p><b><\/b><strong><b>Rodas<\/b><\/strong><\/p>\n<p style=\"margin: 0;\">Ap\u00f3s a instala\u00e7\u00e3o de rodas, a maleta de alum\u00ednio se transforma de uma &quot;maleta de armazenamento&quot; em uma &quot;esta\u00e7\u00e3o de trabalho m\u00f3vel&quot;, economizando muito tempo e m\u00e3o de obra e melhorando a efici\u00eancia do trabalho, o que \u00e9 essencial para uma maleta de maquiador profissional.<\/p>\n<\/div>\n<\/div>\n<h4><span style=\"color: #003366;\">Processo de fabrica\u00e7\u00e3o:<\/span><\/h4>\n<p><img decoding=\"async\" style=\"max-width: 100%; height: auto; margin-bottom: 10px;\" src=\"https:\/\/suncasesupply.com\/wp-content\/uploads\/2025\/07\/Manufacturing-Process.png\" alt=\"Processo de fabrica\u00e7\u00e3o do Suncase\" \/><\/p>\n<div style=\"background-color: #29599a; padding: 40px 20px; text-align: center; color: #ffffff; border-radius: 10px; margin: 40px auto; max-width: 960px;\">\n<h2 style=\"font-size: 22px; margin-bottom: 20px; font-weight: bold;\"><span style=\"color: #ffffff;\">Encomende uma maleta de maquiagem com rodinhas em alum\u00ednio da Sun Case com pedido m\u00ednimo de 100 unidades.<\/span><\/h2>\n<p><a style=\"display: inline-block; padding: 12px 28px; background-color: #ffffff; color: #29599a; text-decoration: none; border-radius: 6px; font-weight: bold;\" href=\"https:\/\/suncasesupply.com\/pt\/contact-us\/\" target=\"_blank\" rel=\"noopener\">Obtenha uma cota\u00e7\u00e3o hoje<br \/>\n<\/a><\/p>\n<\/div>\n<h4><span style=\"color: #003366;\">Informa\u00e7\u00f5es \u00fateis para compradores em massa:<\/span><\/h4>\n<ul>\n<li class=\"page-title\" title=\"O que torna os cart\u00f5es esportivos t\u00e3o valiosos?\">\n<p class=\"page-title\" title=\"Como escolher a caixa de alum\u00ednio certa?\"><a href=\"https:\/\/suncasesupply.com\/pt\/blog\/selection-of-aluminum-case\/\">Como escolher a caixa de alum\u00ednio certa? &gt;&gt;<\/a><\/p>\n<\/li>\n<li title=\"O que torna os cart\u00f5es esportivos t\u00e3o valiosos?\">\n<p class=\"page-title\" title=\"Quais s\u00e3o as vantagens de uma caixa de alum\u00ednio?\"><a href=\"https:\/\/suncasesupply.com\/pt\/blog\/advantages-of-aluminum-case\/\">Quais s\u00e3o as vantagens de uma caixa de alum\u00ednio?<\/a><\/p>\n<\/li>\n<\/ul>","protected":false},"excerpt":{"rendered":"<p>Modelo: SC-B9007<\/p>\n<p>Dimens\u00f5es: Dimens\u00f5es externas: C435 x L280 x A690mm<\/p>\n<p>Cores: Preto total<\/p>\n<p>Materiais: Estrutura de alum\u00ednio + Painel de MDF + Painel de ABS<\/p>\n<p>Logotipo: Logotipo impresso em serigrafia \/ Logotipo em metal<\/p>\n<p>Quantidade m\u00ednima: 100 pe\u00e7as<\/p>\n<p>Amostra: Fornecimento de amostra para verifica\u00e7\u00e3o de qualidade.<\/p>","protected":false},"featured_media":26289,"template":"","meta":{"_gspb_post_css":""},"product_cat":[42],"product_tag":[],"featured_image_urls":{"full":["https:\/\/suncasesupply.com\/wp-content\/uploads\/2025\/12\/Customized-Trolley-Aluminum-Case-2.jpg",800,800,false],"thumbnail":["https:\/\/suncasesupply.com\/wp-content\/uploads\/2025\/12\/Customized-Trolley-Aluminum-Case-2-150x150.jpg",150,150,true],"medium":["https:\/\/suncasesupply.com\/wp-content\/uploads\/2025\/12\/Customized-Trolley-Aluminum-Case-2-300x300.jpg",300,300,true],"medium_large":["https:\/\/suncasesupply.com\/wp-content\/uploads\/2025\/12\/Customized-Trolley-Aluminum-Case-2-768x768.jpg",768,768,true],"large":["https:\/\/suncasesupply.com\/wp-content\/uploads\/2025\/12\/Customized-Trolley-Aluminum-Case-2.jpg",800,800,false],"1536x1536":["https:\/\/suncasesupply.com\/wp-content\/uploads\/2025\/12\/Customized-Trolley-Aluminum-Case-2.jpg",800,800,false],"2048x2048":["https:\/\/suncasesupply.com\/wp-content\/uploads\/2025\/12\/Customized-Trolley-Aluminum-Case-2.jpg",800,800,false],"trp-custom-language-flag":["https:\/\/suncasesupply.com\/wp-content\/uploads\/2025\/12\/Customized-Trolley-Aluminum-Case-2-12x12.jpg",12,12,true],"woocommerce_thumbnail":["https:\/\/suncasesupply.com\/wp-content\/uploads\/2025\/12\/Customized-Trolley-Aluminum-Case-2-300x300.jpg",300,300,true],"woocommerce_single":["https:\/\/suncasesupply.com\/wp-content\/uploads\/2025\/12\/Customized-Trolley-Aluminum-Case-2-600x600.jpg",600,600,true],"woocommerce_gallery_thumbnail":["https:\/\/suncasesupply.com\/wp-content\/uploads\/2025\/12\/Customized-Trolley-Aluminum-Case-2-100x100.jpg",100,100,true]},"post_excerpt_stackable":"<p>Model :SC-B9007<\/p>\n<p>Size: Outside size L435 x W280 x H690mm<\/p>\n<p>Colors: Full Black<\/p>\n<p>Materials: Aluminum frame+MDF Board+ABS Panel<\/p>\n<p>Logo: Silk printing logo\u00a0\/ Metal Logo<\/p>\n<p>MOQ: 100pcs<\/p>\n<p>Sample: Providing sample for quality checking.<\/p>\n","category_list":"","author_info":{"name":"","url":""},"comments_num":"0 comments","_links":{"self":[{"href":"https:\/\/suncasesupply.com\/pt\/wp-json\/wp\/v2\/product\/26296"}],"collection":[{"href":"https:\/\/suncasesupply.com\/pt\/wp-json\/wp\/v2\/product"}],"about":[{"href":"https:\/\/suncasesupply.com\/pt\/wp-json\/wp\/v2\/types\/product"}],"wp:featuredmedia":[{"embeddable":true,"href":"https:\/\/suncasesupply.com\/pt\/wp-json\/wp\/v2\/media\/26289"}],"wp:attachment":[{"href":"https:\/\/suncasesupply.com\/pt\/wp-json\/wp\/v2\/media?parent=26296"}],"wp:term":[{"taxonomy":"product_cat","embeddable":true,"href":"https:\/\/suncasesupply.com\/pt\/wp-json\/wp\/v2\/product_cat?post=26296"},{"taxonomy":"product_tag","embeddable":true,"href":"https:\/\/suncasesupply.com\/pt\/wp-json\/wp\/v2\/product_tag?post=26296"}],"curies":[{"name":"wp","href":"https:\/\/api.w.org\/{rel}","templated":true}]}}