{"id":26284,"date":"2025-11-28T17:46:50","date_gmt":"2025-11-28T09:46:50","guid":{"rendered":"https:\/\/suncasesupply.com\/?post_type=product&#038;p=26284"},"modified":"2026-03-17T02:04:29","modified_gmt":"2026-03-16T18:04:29","slug":"plastic-graded-card-slab-collector-case-pp-cards-box","status":"publish","type":"product","link":"https:\/\/suncasesupply.com\/pt\/product\/plastic-graded-card-slab-collector-case-pp-cards-box\/","title":{"rendered":"Estojo de colecionador para cartas graduadas em pl\u00e1stico PP."},"content":{"rendered":"<h4><span style=\"color: #000000;\">Estojo de colecionador para cartas graduadas em pl\u00e1stico PP.<\/span><\/h4>\n<h4><span style=\"color: #003366;\">Caracter\u00edsticas:<\/span><\/h4>\n<ul>\n<li><strong><b>Durabilidade excepcional: <\/b><\/strong>A capa para cartas colecion\u00e1veis em PP possui excelente resist\u00eancia e durabilidade, sendo resistente a quebras mesmo em quedas acidentais. Tamb\u00e9m \u00e9 resistente \u00e0 deforma\u00e7\u00e3o e mant\u00e9m sua forma est\u00e1vel em temperatura ambiente por longos per\u00edodos, evitando que as cartas sejam danificadas pela deforma\u00e7\u00e3o da capa. Adequada para uso como estojo para cartas de beisebol ou cartas Pok\u00e9mon.<\/li>\n<li><strong><b>Leve e f\u00e1cil de usar.<\/b><\/strong><strong><b>: <\/b><\/strong>A baixa densidade do pl\u00e1stico PP torna o estojo para cartas muito leve. \u00c9 muito pr\u00e1tico para uso di\u00e1rio, para transportar ou levar consigo, e n\u00e3o adiciona muito peso, sendo ideal para armazenar e transportar cards colecion\u00e1veis.<\/li>\n<li><strong><b>Bem projetado e f\u00e1cil de usar: <\/b><\/strong>A maioria dos estojos para cart\u00f5es com classifica\u00e7\u00e3o PP possui compartimentos para cart\u00f5es ou designs antiderrapantes na parte superior e inferior, permitindo o empilhamento seguro e est\u00e1vel de v\u00e1rias camadas, economizando espa\u00e7o de armazenamento e mantendo uma apar\u00eancia organizada e bonita, atendendo \u00e0s necessidades de diferentes estojos para cart\u00f5es.<\/li>\n<\/ul>\n<h4><span style=\"color: #003366;\">Detalhes do produto:<\/span><\/h4>\n<div style=\"display: flex; gap: 20px;\">\n<p><!-- \u7b2c\u4e00\u680f --><\/p>\n<div style=\"flex: 1; text-align: center;\">\n<p><img decoding=\"async\" style=\"max-width: 100%; height: auto; margin-bottom: 10px;\" src=\"https:\/\/suncasesupply.com\/wp-content\/uploads\/2025\/11\/1-Cutom-EVA-Slots.jpg\" alt=\"1 - Slots EVA personalizados\" \/><\/p>\n<p><b><\/b><strong><b>Slots EVA personalizados<\/b><\/strong><\/p>\n<p style=\"margin: 0;\">Cada compartimento de EVA tem largura personalizada de 9 mm, ideal para acomodar seus cards colecion\u00e1veis, cards graduados ou cards Pok\u00e9mon com classifica\u00e7\u00e3o PSA\/SGC\/BGS\/CGC... Geralmente, est\u00e3o dispon\u00edveis modelos com 3, 4 ou 5 fileiras. Inclu\u00edmos diversos blocos de espuma dentro de cada compartimento para melhor organiza\u00e7\u00e3o e encaixe dos cards nesta caixa protetora para cards graduados.<\/p>\n<p>&nbsp;<\/p>\n<\/div>\n<p><!-- \u7b2c\u4e8c\u680f --><\/p>\n<div style=\"flex: 1; text-align: center;\">\n<p><img decoding=\"async\" style=\"max-width: 100%; height: auto; margin-bottom: 10px;\" src=\"https:\/\/suncasesupply.com\/wp-content\/uploads\/2025\/11\/2-Handle-with-Rubber-1.jpg\" alt=\"2-Al\u00e7as com Borracha\" \/><\/p>\n<p><b><\/b><b><\/b><strong><b>Cabo com revestimento de borracha<\/b><\/strong><\/p>\n<p style=\"margin: 0;\">A al\u00e7a da caixa para cart\u00f5es PP \u00e9 feita de borracha macia, oferecendo excelente conforto e resist\u00eancia ao deslizamento, al\u00e9m de amortecimento e absor\u00e7\u00e3o de impacto superiores. Isso aumenta a praticidade e proporciona aos clientes uma experi\u00eancia mais confort\u00e1vel, segura e menos cansativa ao transportar a caixa para cart\u00f5es graduados.<\/p>\n<\/div>\n<p><!-- \u7b2c\u4e09\u680f --><\/p>\n<div style=\"flex: 1; text-align: center;\">\n<p><img decoding=\"async\" style=\"max-width: 100%; height: auto; margin-bottom: 10px;\" src=\"https:\/\/suncasesupply.com\/wp-content\/uploads\/2025\/11\/3-Hard-PP-Material.jpg\" alt=\"3 - Material PP r\u00edgido\" \/><\/p>\n<p><b><\/b><b><\/b><b><\/b><strong><b>Material PP r\u00edgido<\/b><\/strong><\/p>\n<p>O PP \u00e9 um material polim\u00e9rico muito est\u00e1vel, com boa resist\u00eancia \u00e0 maioria dos \u00e1cidos, sais e outros produtos qu\u00edmicos, bem como a \u00e1lcoois e \u00f3leos. \u00c9 robusto e dur\u00e1vel, resistente a altas e baixas temperaturas e possui boas propriedades de veda\u00e7\u00e3o para uso prolongado em embalagens de cart\u00f5es.<\/p>\n<\/div>\n<p><!-- \u7b2c\u56db\u680f --><\/p>\n<div style=\"flex: 1; text-align: center;\">\n<p><img decoding=\"async\" style=\"max-width: 100%; height: auto; margin-bottom: 10px;\" src=\"https:\/\/suncasesupply.com\/wp-content\/uploads\/2025\/11\/4-Egg-Foam.jpg\" alt=\"Espuma de 4 ovos\" \/><\/p>\n<p><b><\/b><b><\/b><strong><b>Espuma de ovo<\/b><\/strong><\/p>\n<p style=\"margin: 0;\">A tampa superior da caixa PP \u00e9 revestida com espuma tipo Egg Foam. Isso serve a dois prop\u00f3sitos: primeiro, proporciona absor\u00e7\u00e3o de impacto e prote\u00e7\u00e3o para as cartas dentro da caixa; segundo, fixa as cartas colocadas sob a tampa inferior, impedindo que se movam dentro da caixa protetora.<\/p>\n<\/div>\n<\/div>\n<h4><span style=\"color: #003366;\">Processo de fabrica\u00e7\u00e3o:<\/span><\/h4>\n<p><img decoding=\"async\" style=\"max-width: 100%; height: auto; margin-bottom: 10px;\" src=\"https:\/\/suncasesupply.com\/wp-content\/uploads\/2025\/07\/Manufacturing-Process.png\" alt=\"Processo de fabrica\u00e7\u00e3o do Suncase\" \/><\/p>\n<div style=\"background-color: #29599a; padding: 40px 20px; text-align: center; color: #ffffff; border-radius: 10px; margin: 40px auto; max-width: 960px;\">\n<h2 style=\"font-size: 22px; margin-bottom: 20px; font-weight: bold;\"><span style=\"color: #ffffff;\">Estojo para cart\u00f5es graduados Sun Case dispon\u00edvel a partir de 300 unidades.<\/span><\/h2>\n<p><a style=\"display: inline-block; padding: 12px 28px; background-color: #ffffff; color: #29599a; text-decoration: none; border-radius: 6px; font-weight: bold;\" href=\"https:\/\/suncasesupply.com\/pt\/contact-us\/\" target=\"_blank\" rel=\"noopener\">Obtenha uma cota\u00e7\u00e3o hoje<br \/>\n<\/a><\/p>\n<\/div>\n<div style=\"display: flex; gap: 20px;\">\n<div style=\"flex: 1; text-align: center;\">\n<p style=\"font-weight: bold; margin: 5px 0;\">\n<\/div>\n<\/div>\n<h4><span style=\"color: #003366;\">Informa\u00e7\u00f5es \u00fateis para compradores em massa:<\/span><\/h4>\n<ul>\n<li class=\"page-title\" title=\"O que torna os cart\u00f5es esportivos t\u00e3o valiosos?\">\n<p class=\"page-title\" title=\"Como proteger sua cole\u00e7\u00e3o de cards colecion\u00e1veis\"><a href=\"https:\/\/suncasesupply.com\/pt\/blog\/how-protect-trading-cards-collection\/\">Como proteger sua cole\u00e7\u00e3o de cards colecion\u00e1veis &gt;&gt;<\/a><\/p>\n<\/li>\n<li title=\"O que torna os cart\u00f5es esportivos t\u00e3o valiosos?\">\n<p class=\"page-title\" title=\"O que torna os cart\u00f5es esportivos t\u00e3o valiosos?\"><a href=\"https:\/\/suncasesupply.com\/pt\/blog\/custom-aluminum-case\/commercial-value-of-sports-cards\/\">O que torna os cards esportivos t\u00e3o valiosos? &gt;&gt;<\/a><\/p>\n<\/li>\n<li title=\"O que torna os cart\u00f5es esportivos t\u00e3o valiosos?\">\n<p class=\"product_title entry-title\"><a href=\"https:\/\/suncasesupply.com\/pt\/product\/aluminum-card-display-case-psa-graded-cards-sport-trading-card-storage-case\/\">Vitrine de alum\u00ednio para cart\u00f5es PSA, estojo para armazenamento de cart\u00f5es esportivos e colecion\u00e1veis<\/a><\/p>\n<\/li>\n<\/ul>","protected":false},"excerpt":{"rendered":"<p>Modelo: SC-B9006<\/p>\n<p>Dimens\u00f5es: Dimens\u00f5es externas: C384 x L366 x A183mm, Dimens\u00f5es internas: C350 x L300 x A165mm.<\/p>\n<p>Indicado para: Cartas colecion\u00e1veis \/ Cartas classificadas \/ Cartas Pok\u00e9mon com classifica\u00e7\u00e3o PSA\/SGC\/BGS\/CGC\u2026<\/p>\n<p>Cores: Preto<\/p>\n<p>Materiais: Caixa de pl\u00e1stico PP, com espuma em formato de ovo e espuma EVA personalizada.<\/p>\n<p>Logotipo: Logotipo em resina ep\u00f3xi\/Logotipo em PVC\/Logotipo em serigrafia<\/p>\n<p>Quantidade m\u00ednima para encomenda: 300 unidades<\/p>\n<p>Amostra: Fornecimento de amostra para verifica\u00e7\u00e3o de qualidade.<\/p>","protected":false},"featured_media":26278,"template":"","meta":{"_gspb_post_css":""},"product_cat":[16],"product_tag":[],"featured_image_urls":{"full":["https:\/\/suncasesupply.com\/wp-content\/uploads\/2025\/11\/PP-Cards-Storage-Box-4.jpg",800,800,false],"thumbnail":["https:\/\/suncasesupply.com\/wp-content\/uploads\/2025\/11\/PP-Cards-Storage-Box-4-150x150.jpg",150,150,true],"medium":["https:\/\/suncasesupply.com\/wp-content\/uploads\/2025\/11\/PP-Cards-Storage-Box-4-300x300.jpg",300,300,true],"medium_large":["https:\/\/suncasesupply.com\/wp-content\/uploads\/2025\/11\/PP-Cards-Storage-Box-4-768x768.jpg",768,768,true],"large":["https:\/\/suncasesupply.com\/wp-content\/uploads\/2025\/11\/PP-Cards-Storage-Box-4.jpg",800,800,false],"1536x1536":["https:\/\/suncasesupply.com\/wp-content\/uploads\/2025\/11\/PP-Cards-Storage-Box-4.jpg",800,800,false],"2048x2048":["https:\/\/suncasesupply.com\/wp-content\/uploads\/2025\/11\/PP-Cards-Storage-Box-4.jpg",800,800,false],"trp-custom-language-flag":["https:\/\/suncasesupply.com\/wp-content\/uploads\/2025\/11\/PP-Cards-Storage-Box-4-12x12.jpg",12,12,true],"woocommerce_thumbnail":["https:\/\/suncasesupply.com\/wp-content\/uploads\/2025\/11\/PP-Cards-Storage-Box-4-300x300.jpg",300,300,true],"woocommerce_single":["https:\/\/suncasesupply.com\/wp-content\/uploads\/2025\/11\/PP-Cards-Storage-Box-4-600x600.jpg",600,600,true],"woocommerce_gallery_thumbnail":["https:\/\/suncasesupply.com\/wp-content\/uploads\/2025\/11\/PP-Cards-Storage-Box-4-100x100.jpg",100,100,true]},"post_excerpt_stackable":"<p>Model :SC-B9006<\/p>\n<p>Size: Outside size L384 x W366 x H183mm, Internal size L350 x W300 x H165mm.<\/p>\n<p>Suitable: For Trading Cards \/ Graded Card \/ Pok\u00e9mon Cards of PSA\/SGC\/BGS\/CGC&#8230;<\/p>\n<p>Colors: Black Color<\/p>\n<p>Materials: PP Plastic Case, with Egg foam\u00a0&amp; Cutom EVA Foam.<\/p>\n<p>Logo: Epoxy logo\/PVC logo\/Silk printing logo<\/p>\n<p>MOQ: 300pcs<\/p>\n<p>Sample: Providing sample for quality checking.<\/p>\n","category_list":"","author_info":{"name":"","url":""},"comments_num":"0 comments","_links":{"self":[{"href":"https:\/\/suncasesupply.com\/pt\/wp-json\/wp\/v2\/product\/26284"}],"collection":[{"href":"https:\/\/suncasesupply.com\/pt\/wp-json\/wp\/v2\/product"}],"about":[{"href":"https:\/\/suncasesupply.com\/pt\/wp-json\/wp\/v2\/types\/product"}],"wp:featuredmedia":[{"embeddable":true,"href":"https:\/\/suncasesupply.com\/pt\/wp-json\/wp\/v2\/media\/26278"}],"wp:attachment":[{"href":"https:\/\/suncasesupply.com\/pt\/wp-json\/wp\/v2\/media?parent=26284"}],"wp:term":[{"taxonomy":"product_cat","embeddable":true,"href":"https:\/\/suncasesupply.com\/pt\/wp-json\/wp\/v2\/product_cat?post=26284"},{"taxonomy":"product_tag","embeddable":true,"href":"https:\/\/suncasesupply.com\/pt\/wp-json\/wp\/v2\/product_tag?post=26284"}],"curies":[{"name":"wp","href":"https:\/\/api.w.org\/{rel}","templated":true}]}}