{"id":26259,"date":"2025-11-26T17:21:55","date_gmt":"2025-11-26T09:21:55","guid":{"rendered":"https:\/\/suncasesupply.com\/?post_type=product&#038;p=26259"},"modified":"2026-03-17T01:54:27","modified_gmt":"2026-03-16T17:54:27","slug":"aluminum-gun-storage-case-carry-pistol-box","status":"publish","type":"product","link":"https:\/\/suncasesupply.com\/pt\/product\/aluminum-gun-storage-case-carry-pistol-box\/","title":{"rendered":"Estojo de alum\u00ednio para armazenamento e transporte de pistolas"},"content":{"rendered":"<h4><span style=\"color: #003366;\">Estojo de alum\u00ednio para armazenamento e transporte de pistolas<\/span><\/h4>\n<h4><span style=\"color: #003366;\">Caracter\u00edsticas:<\/span><\/h4>\n<ul>\n<li><strong>Leve e port\u00e1til: <\/strong>Em compara\u00e7\u00e3o com estojos de a\u00e7o com o mesmo n\u00edvel de prote\u00e7\u00e3o, os estojos de alum\u00ednio para armas s\u00e3o significativamente mais leves. Esta \u00e9 uma grande vantagem para usu\u00e1rios que precisam transportar suas armas por longas dist\u00e2ncias ou se deslocar com frequ\u00eancia, tornando-os ideais como estojo para armazenamento de armas a longo prazo e solu\u00e7\u00e3o para transporte di\u00e1rio.<\/li>\n<li><strong>Acolchoamento integrado e forro personalizado:<\/strong><br \/>\nO estojo para armas geralmente vem pr\u00e9-preenchido com espuma de alta densidade (como esponja, EVA ou espuma Pick N Pluck \u2014 um tipo de espuma que pode ser moldada para se ajustar ao usu\u00e1rio). Os usu\u00e1rios podem cortar ranhuras com precis\u00e3o para acomodar o formato da arma de fogo, da mira, da muni\u00e7\u00e3o e dos acess\u00f3rios, permitindo o uso como um estojo para v\u00e1rias armas e evitando colis\u00f5es durante o transporte.<\/li>\n<\/ul>\n<h4><span style=\"color: #003366;\">Detalhes do produto:<\/span><\/h4>\n<div style=\"display: flex; gap: 20px;\">\n<div style=\"flex: 1; text-align: center;\">\n<p><img decoding=\"async\" style=\"max-width: 100%; height: auto; margin-bottom: 10px;\" src=\"https:\/\/suncasesupply.com\/wp-content\/uploads\/2025\/11\/egg-foam.jpg\" alt=\"espuma de ovo\" \/><\/p>\n<p><b><\/b><strong><b>Espuma protetora<\/b><\/strong><\/p>\n<p style=\"margin: 0;\">Os estojos para armas s\u00e3o preenchidos com espuma de alta densidade, semelhante \u00e0 espuma de ovos, para evitar colis\u00f5es durante o transporte e garantir a seguran\u00e7a das armas de fogo, atendendo aos requisitos de compradores atacadistas profissionais de estojos para armazenamento de armas.<\/p>\n<p>&nbsp;<\/p>\n<\/div>\n<p><!-- \u7b2c\u4e8c\u680f --><\/p>\n<div style=\"flex: 1; text-align: center;\">\n<p><img decoding=\"async\" style=\"max-width: 100%; height: auto; margin-bottom: 10px;\" src=\"https:\/\/suncasesupply.com\/wp-content\/uploads\/2025\/11\/Removable-inner-foam.jpg\" alt=\"Espuma interna remov\u00edvel\" \/><\/p>\n<p><b><\/b><strong>Espuma interna remov\u00edvel<\/strong><\/p>\n<p style=\"margin: 0;\">A espuma interna em formato de ovo \u00e9 remov\u00edvel, permitindo que voc\u00ea a retire quando precisar de mais espa\u00e7o para guardar mais ferramentas.<\/p>\n<\/div>\n<p><!-- \u7b2c\u4e09\u680f --><\/p>\n<div style=\"flex: 1; text-align: center;\">\n<p><img decoding=\"async\" style=\"max-width: 100%; height: auto; margin-bottom: 10px;\" src=\"https:\/\/suncasesupply.com\/wp-content\/uploads\/2025\/11\/Hard-Structure.jpg\" alt=\"Estrutura r\u00edgida\" \/><\/p>\n<p><b><\/b><strong>Estrutura robusta<\/strong><\/p>\n<p>Este estojo possui prote\u00e7\u00e3o robusta nos cantos para resistir eficazmente a impactos externos, pisoteios e quedas, protegendo o conte\u00fado contra danos. \u00c9 amplamente fornecido por fabricantes de estojos para armazenamento de armas para mercados de exporta\u00e7\u00e3o.<\/p>\n<\/div>\n<p><!-- \u7b2c\u56db\u680f --><\/p>\n<div style=\"flex: 1; text-align: center;\">\n<p><img decoding=\"async\" style=\"max-width: 100%; height: auto; margin-bottom: 10px;\" src=\"https:\/\/suncasesupply.com\/wp-content\/uploads\/2025\/11\/Diamond-ABS-Surface.jpg\" alt=\"Superf\u00edcie ABS diamantada\" \/><\/p>\n<p><b><\/b>Superf\u00edcie ABS diamantada<\/p>\n<p style=\"margin: 0;\">A superf\u00edcie em ABS com padr\u00e3o de diamante n\u00e3o s\u00f3 deixa a caixa com uma apar\u00eancia bonita, como tamb\u00e9m a textura evita eficazmente que a caixa seja arranhada.<\/p>\n<\/div>\n<\/div>\n<h4><span style=\"color: #003366;\">Processo de fabrica\u00e7\u00e3o:<\/span><\/h4>\n<p><img decoding=\"async\" style=\"max-width: 100%; height: auto; margin-bottom: 10px;\" src=\"https:\/\/suncasesupply.com\/wp-content\/uploads\/2025\/07\/Manufacturing-Process.png\" alt=\"Processo de fabrica\u00e7\u00e3o do Suncase\" \/><\/p>\n<div style=\"background-color: #29599a; padding: 40px 20px; text-align: center; color: #ffffff; border-radius: 10px; margin: 40px auto; max-width: 960px;\">\n<h2 style=\"font-size: 22px; margin-bottom: 20px; font-weight: bold;\"><span style=\"color: #ffffff;\">Estojo para armazenamento de armas Sun Case dispon\u00edvel para encomenda com quantidade m\u00ednima de 100 unidades.<\/span><\/h2>\n<p><a style=\"display: inline-block; padding: 12px 28px; background-color: #ffffff; color: #29599a; text-decoration: none; border-radius: 6px; font-weight: bold;\" href=\"https:\/\/suncasesupply.com\/pt\/contact-us\/\" target=\"_blank\" rel=\"noopener\">Entre em contato com nossa f\u00e1brica hoje mesmo.<br \/>\n<\/a><\/p>\n<\/div>\n<h4><span style=\"color: #003366;\">Informa\u00e7\u00f5es \u00fateis para compradores em massa:<\/span><\/h4>\n<ul>\n<li class=\"page-title\" title=\"O que torna os cart\u00f5es esportivos t\u00e3o valiosos?\"><a href=\"https:\/\/suncasesupply.com\/pt\/blog\/aluminum-gun-case\/best-foam-for-aluminum-gun-cases\/\">A melhor espuma para uma caixa de arma de alum\u00ednio<\/a><\/li>\n<li title=\"O que torna os cart\u00f5es esportivos t\u00e3o valiosos?\"><a href=\"https:\/\/suncasesupply.com\/pt\/blog\/aluminum-gun-case\/consider-gun-case-factors\/\">O que voc\u00ea procura ao considerar diferentes estojos para armas?<\/a><\/li>\n<li title=\"O que torna os cart\u00f5es esportivos t\u00e3o valiosos?\"><a href=\"https:\/\/suncasesupply.com\/pt\/blog\/aluminum-gun-case\/hard-vs-soft-rifle-case\/\">Estojo r\u00edgido ou flex\u00edvel para rifle: qual estojo de alum\u00ednio para arma \u00e9 melhor?<\/a><\/li>\n<\/ul>","protected":false},"excerpt":{"rendered":"<p>Modelo: SC-FL0016<\/p>\n<p>Dimens\u00f5es: 45 x 35 x 14 cm<\/p>\n<p>Quantidade m\u00ednima: 100 pe\u00e7as<\/p>\n<p>Prazo de entrega: 15-25 dias<\/p>\n<p>Amostra: Dispon\u00edvel<\/p>","protected":false},"featured_media":26264,"template":"","meta":{"_gspb_post_css":""},"product_cat":[85],"product_tag":[],"featured_image_urls":{"full":["https:\/\/suncasesupply.com\/wp-content\/uploads\/2025\/11\/1-2.jpg",800,800,false],"thumbnail":["https:\/\/suncasesupply.com\/wp-content\/uploads\/2025\/11\/1-2-150x150.jpg",150,150,true],"medium":["https:\/\/suncasesupply.com\/wp-content\/uploads\/2025\/11\/1-2-300x300.jpg",300,300,true],"medium_large":["https:\/\/suncasesupply.com\/wp-content\/uploads\/2025\/11\/1-2-768x768.jpg",768,768,true],"large":["https:\/\/suncasesupply.com\/wp-content\/uploads\/2025\/11\/1-2.jpg",800,800,false],"1536x1536":["https:\/\/suncasesupply.com\/wp-content\/uploads\/2025\/11\/1-2.jpg",800,800,false],"2048x2048":["https:\/\/suncasesupply.com\/wp-content\/uploads\/2025\/11\/1-2.jpg",800,800,false],"trp-custom-language-flag":["https:\/\/suncasesupply.com\/wp-content\/uploads\/2025\/11\/1-2-12x12.jpg",12,12,true],"woocommerce_thumbnail":["https:\/\/suncasesupply.com\/wp-content\/uploads\/2025\/11\/1-2-300x300.jpg",300,300,true],"woocommerce_single":["https:\/\/suncasesupply.com\/wp-content\/uploads\/2025\/11\/1-2-600x600.jpg",600,600,true],"woocommerce_gallery_thumbnail":["https:\/\/suncasesupply.com\/wp-content\/uploads\/2025\/11\/1-2-100x100.jpg",100,100,true]},"post_excerpt_stackable":"<p>Model : SC-FL0016<\/p>\n<p>Size: 45 x 35 x 14 cm<\/p>\n<p>MOQ: 100pcs<\/p>\n<p>Delivery Time : 15-25 Days<\/p>\n<p>Sample : Available<\/p>\n","category_list":"","author_info":{"name":"","url":""},"comments_num":"0 comments","_links":{"self":[{"href":"https:\/\/suncasesupply.com\/pt\/wp-json\/wp\/v2\/product\/26259"}],"collection":[{"href":"https:\/\/suncasesupply.com\/pt\/wp-json\/wp\/v2\/product"}],"about":[{"href":"https:\/\/suncasesupply.com\/pt\/wp-json\/wp\/v2\/types\/product"}],"wp:featuredmedia":[{"embeddable":true,"href":"https:\/\/suncasesupply.com\/pt\/wp-json\/wp\/v2\/media\/26264"}],"wp:attachment":[{"href":"https:\/\/suncasesupply.com\/pt\/wp-json\/wp\/v2\/media?parent=26259"}],"wp:term":[{"taxonomy":"product_cat","embeddable":true,"href":"https:\/\/suncasesupply.com\/pt\/wp-json\/wp\/v2\/product_cat?post=26259"},{"taxonomy":"product_tag","embeddable":true,"href":"https:\/\/suncasesupply.com\/pt\/wp-json\/wp\/v2\/product_tag?post=26259"}],"curies":[{"name":"wp","href":"https:\/\/api.w.org\/{rel}","templated":true}]}}