{"id":26248,"date":"2025-11-26T15:58:43","date_gmt":"2025-11-26T07:58:43","guid":{"rendered":"https:\/\/suncasesupply.com\/?post_type=product&#038;p=26248"},"modified":"2026-03-17T01:44:54","modified_gmt":"2026-03-16T17:44:54","slug":"pp-waterproof-graded-slab-card-storage-case-ip7-pp-trading-card-storage-case","status":"publish","type":"product","link":"https:\/\/suncasesupply.com\/pt\/product\/pp-waterproof-graded-slab-card-storage-case-ip7-pp-trading-card-storage-case\/","title":{"rendered":"Estojo de armazenamento de cart\u00f5es colecion\u00e1veis em pl\u00e1stico \u00e0 prova d&#039;\u00e1gua com classifica\u00e7\u00e3o IP7 (PP)"},"content":{"rendered":"<h4><span style=\"color: #000000;\">Estojo de armazenamento de cart\u00f5es colecion\u00e1veis em pl\u00e1stico \u00e0 prova d&#039;\u00e1gua com classifica\u00e7\u00e3o IP7 (PP)<\/span><\/h4>\n<p>Este alto desempenho <strong data-start=\"1089\" data-end=\"1116\"><em data-start=\"1091\" data-end=\"1114\">estojo para cartas esportivas<\/em><\/strong> Combina durabilidade, prote\u00e7\u00e3o \u00e0 prova d&#039;\u00e1gua e design interno flex\u00edvel, tornando-o adequado para armazenamento, transporte e exibi\u00e7\u00e3o.<\/p>\n<h4><span style=\"color: #003366;\">Caracter\u00edsticas:<\/span><\/h4>\n<ul>\n<li><strong><b>Dur\u00e1vel e resistente: <\/b><\/strong>Fabricado em material PP IP7 de alta qualidade, o estojo para guardar cards \u00e9 extremamente r\u00edgido e resistente a impactos, suportando eficazmente a press\u00e3o externa e colis\u00f5es, prevenindo danos aos cards classificados em seu interior. Isso o torna um estojo confi\u00e1vel para armazenamento e transporte de cards esportivos a longo prazo.<\/li>\n<li><strong><b>Selado e \u00e0 prova de poeira: <\/b><\/strong>Normalmente equipadas com tiras de veda\u00e7\u00e3o ou sistemas de encaixe firme, essas caixas isolam completamente poeira, umidade e contaminantes presentes no ar, mantendo as cartas classificadas em seu interior limpas. Adequadas para uso como estojo protetor para exibi\u00e7\u00e3o de cards.<\/li>\n<li><strong><b>V\u00e1lvula de al\u00edvio de press\u00e3o: <\/b><\/strong>A caixa PP equipada com esta v\u00e1lvula equilibra a press\u00e3o do ar dentro e fora da caixa quando a altitude muda, facilitando a abertura e o fechamento. Especialmente adequada para armazenamento de cart\u00f5es de alta qualidade com certifica\u00e7\u00e3o PSA.<\/li>\n<li><strong><b>Amortecimento e absor\u00e7\u00e3o de impacto: <\/b><\/strong>O interior da caixa de PP \u00e9 feito com acolchoamento de EVA ou esponja para proporcionar amortecimento extra ao m\u00e1ximo, mesmo durante o transporte ou quedas acidentais, funcionando como um estojo seguro para cartas.<\/li>\n<\/ul>\n<h4><span style=\"color: #003366;\">Detalhes do produto:<\/span><\/h4>\n<div style=\"display: flex; gap: 20px;\">\n<p><!-- \u7b2c\u4e00\u680f --><\/p>\n<div style=\"flex: 1; text-align: center;\">\n<p><img decoding=\"async\" style=\"max-width: 100%; height: auto; margin-bottom: 10px;\" src=\"https:\/\/suncasesupply.com\/wp-content\/uploads\/2025\/11\/1-EVA-Dividers.jpg\" alt=\"1-Divis\u00f3rias de EVA\" \/><\/p>\n<p><b><\/b><strong><b>Divisores de EVA<\/b><\/strong><\/p>\n<p style=\"margin: 0;\">Na parte interna da tampa inferior, feita com divis\u00f3rias de EVA, estas s\u00e3o ajust\u00e1veis e remov\u00edveis, podendo ser personalizadas para acomodar seus cards graduados\/cards colecion\u00e1veis\/cards Pok\u00e9mon da PSA\/SGC\/BGS\/CGC\u2026 e adequadas para diferentes requisitos de estojos para cards.<\/p>\n<p>&nbsp;<\/p>\n<\/div>\n<p><!-- \u7b2c\u4e8c\u680f --><\/p>\n<div style=\"flex: 1; text-align: center;\">\n<p><img decoding=\"async\" style=\"max-width: 100%; height: auto; margin-bottom: 10px;\" src=\"https:\/\/suncasesupply.com\/wp-content\/uploads\/2025\/11\/2-Handle-with-Rubber.jpg\" alt=\"2-Al\u00e7as com Borracha\" \/><\/p>\n<p><b><\/b><b><\/b><strong><b>Cabo com revestimento de borracha<\/b><\/strong><\/p>\n<p style=\"margin: 0;\">A al\u00e7a tamb\u00e9m \u00e9 feita de material PP muito resistente, com formato ergon\u00f4mico e acabamento em borracha macia. Isso facilita o transporte da caixa para exposi\u00e7\u00f5es de cartas, feiras comerciais ou para a casa de amigos, para exibi\u00e7\u00e3o e troca.<\/p>\n<\/div>\n<p><!-- \u7b2c\u4e09\u680f --><\/p>\n<div style=\"flex: 1; text-align: center;\">\n<p><img decoding=\"async\" style=\"max-width: 100%; height: auto; margin-bottom: 10px;\" src=\"https:\/\/suncasesupply.com\/wp-content\/uploads\/2025\/11\/3-Metal-Reinforcement-on-Locks-Holes.jpg\" alt=\"Refor\u00e7o com 3 metais nos orif\u00edcios das fechaduras\" \/><\/p>\n<p><b><\/b><b><\/b><strong><b>Refor\u00e7o met\u00e1lico nos orif\u00edcios das fechaduras<\/b><\/strong><\/p>\n<p>Para os orif\u00edcios de fechadura deste modelo de estojo para cart\u00f5es em PP, podemos adicionar refor\u00e7o met\u00e1lico para aumentar a resist\u00eancia e a seguran\u00e7a do estojo. Obviamente, esta \u00e9 uma op\u00e7\u00e3o, dependendo das necessidades individuais.<\/p>\n<\/div>\n<p><!-- \u7b2c\u56db\u680f --><\/p>\n<div style=\"flex: 1; text-align: center;\">\n<p><img decoding=\"async\" style=\"max-width: 100%; height: auto; margin-bottom: 10px;\" src=\"https:\/\/suncasesupply.com\/wp-content\/uploads\/2025\/11\/4-Locks.jpg\" alt=\"4-Fechaduras\" \/><\/p>\n<p><b><\/b><strong><b>Fechaduras<\/b><\/strong><\/p>\n<p style=\"margin: 0;\">Combinando seguran\u00e7a e flexibilidade. Possui principalmente um orif\u00edcio para cadeado, complementado por uma fechadura integrada. Tanto a tampa superior quanto a inferior da caixa PP possuem um anel de metal resistente, formando uma &quot;al\u00e7a de travamento&quot;, permitindo a instala\u00e7\u00e3o de um cadeado adicional, garantindo a seguran\u00e7a dos cart\u00f5es encapsulados armazenados dentro desta caixa.<\/p>\n<\/div>\n<\/div>\n<h4><span style=\"color: #003366;\">Processo de fabrica\u00e7\u00e3o:<\/span><\/h4>\n<p><img decoding=\"async\" style=\"max-width: 100%; height: auto; margin-bottom: 10px;\" src=\"https:\/\/suncasesupply.com\/wp-content\/uploads\/2025\/07\/Manufacturing-Process.png\" alt=\"Processo de fabrica\u00e7\u00e3o do Suncase\" \/><\/p>\n<div style=\"background-color: #29599a; padding: 40px 20px; text-align: center; color: #ffffff; border-radius: 10px; margin: 40px auto; max-width: 960px;\">\n<h2 style=\"font-size: 22px; margin-bottom: 20px; font-weight: bold;\"><span style=\"color: #ffffff;\">Encomende estojos para cart\u00f5es da Sun Case com pedido m\u00ednimo de 300 unidades.<\/span><\/h2>\n<p><a style=\"display: inline-block; padding: 12px 28px; background-color: #ffffff; color: #29599a; text-decoration: none; border-radius: 6px; font-weight: bold;\" href=\"https:\/\/suncasesupply.com\/pt\/contact-us\/\" target=\"_blank\" rel=\"noopener\">Solicite um or\u00e7amento agora<br \/>\n<\/a><\/p>\n<\/div>\n<h4><span style=\"color: #003366;\">Informa\u00e7\u00f5es \u00fateis para compradores em massa:<\/span><\/h4>\n<ul>\n<li class=\"page-title\" title=\"O que torna os cart\u00f5es esportivos t\u00e3o valiosos?\">\n<p class=\"page-title\" title=\"Como proteger sua cole\u00e7\u00e3o de cards colecion\u00e1veis\"><a href=\"https:\/\/suncasesupply.com\/pt\/blog\/how-protect-trading-cards-collection\/\">Como proteger sua cole\u00e7\u00e3o de cards colecion\u00e1veis &gt;&gt;<\/a><\/p>\n<\/li>\n<li title=\"O que torna os cart\u00f5es esportivos t\u00e3o valiosos?\">\n<p class=\"page-title\" title=\"O que torna os cart\u00f5es esportivos t\u00e3o valiosos?\"><a href=\"https:\/\/suncasesupply.com\/pt\/blog\/custom-aluminum-case\/commercial-value-of-sports-cards\/\">O que torna os cards esportivos t\u00e3o valiosos? &gt;&gt;<\/a><\/p>\n<\/li>\n<li title=\"O que torna os cart\u00f5es esportivos t\u00e3o valiosos?\">\n<p class=\"product_title entry-title\"><a href=\"https:\/\/suncasesupply.com\/pt\/product\/aluminum-card-display-case-psa-graded-cards-sport-trading-card-storage-case\/\">Vitrine de alum\u00ednio para cart\u00f5es PSA, estojo para armazenamento de cart\u00f5es esportivos e colecion\u00e1veis<\/a><\/p>\n<\/li>\n<\/ul>","protected":false},"excerpt":{"rendered":"<p>Modelo: SC-B9005<\/p>\n<p>Dimens\u00f5es: Dimens\u00f5es externas: C410 x L370 x A198mm, Dimens\u00f5es internas: C385 x L313 x A180mm.<\/p>\n<p>Indicado para: Cartas colecion\u00e1veis \/ Cartas classificadas \/ Cartas Pok\u00e9mon com classifica\u00e7\u00e3o PSA\/SGC\/BGS\/CGC\u2026<\/p>\n<p>Cores: Preto<\/p>\n<p>Materiais: Caixa de pl\u00e1stico PP com espuma em formato de ovo na tampa superior.<\/p>\n<p>Logotipo: Logotipo em resina ep\u00f3xi\/Logotipo em PVC\/Logotipo em serigrafia<\/p>\n<p>Quantidade m\u00ednima para encomenda: 300 unidades<\/p>\n<p>Amostra: Fornecimento de amostra para verifica\u00e7\u00e3o de qualidade.<\/p>","protected":false},"featured_media":26253,"template":"","meta":{"_gspb_post_css":""},"product_cat":[16],"product_tag":[],"featured_image_urls":{"full":["https:\/\/suncasesupply.com\/wp-content\/uploads\/2025\/11\/1.jpg",800,800,false],"thumbnail":["https:\/\/suncasesupply.com\/wp-content\/uploads\/2025\/11\/1-150x150.jpg",150,150,true],"medium":["https:\/\/suncasesupply.com\/wp-content\/uploads\/2025\/11\/1-300x300.jpg",300,300,true],"medium_large":["https:\/\/suncasesupply.com\/wp-content\/uploads\/2025\/11\/1-768x768.jpg",768,768,true],"large":["https:\/\/suncasesupply.com\/wp-content\/uploads\/2025\/11\/1.jpg",800,800,false],"1536x1536":["https:\/\/suncasesupply.com\/wp-content\/uploads\/2025\/11\/1.jpg",800,800,false],"2048x2048":["https:\/\/suncasesupply.com\/wp-content\/uploads\/2025\/11\/1.jpg",800,800,false],"trp-custom-language-flag":["https:\/\/suncasesupply.com\/wp-content\/uploads\/2025\/11\/1-12x12.jpg",12,12,true],"woocommerce_thumbnail":["https:\/\/suncasesupply.com\/wp-content\/uploads\/2025\/11\/1-300x300.jpg",300,300,true],"woocommerce_single":["https:\/\/suncasesupply.com\/wp-content\/uploads\/2025\/11\/1-600x600.jpg",600,600,true],"woocommerce_gallery_thumbnail":["https:\/\/suncasesupply.com\/wp-content\/uploads\/2025\/11\/1-100x100.jpg",100,100,true]},"post_excerpt_stackable":"<p>Model :SC-B9005<\/p>\n<p>Size: Outside size L410 x W370 x H198mm, Internal size L385 x W313 x H180mm.<\/p>\n<p>Suitable: For Trading Cards \/ Graded Card \/ Pok\u00e9mon Cards of PSA\/SGC\/BGS\/CGC&#8230;<\/p>\n<p>Colors: Black Color<\/p>\n<p>Materials: PP Plastic Case, with Egg foam on the upper lid.<\/p>\n<p>Logo: Epoxy logo\/PVC logo\/Silk printing logo<\/p>\n<p>MOQ: 300pcs<\/p>\n<p>Sample: Providing sample for quality checking.<\/p>\n","category_list":"","author_info":{"name":"","url":""},"comments_num":"0 comments","_links":{"self":[{"href":"https:\/\/suncasesupply.com\/pt\/wp-json\/wp\/v2\/product\/26248"}],"collection":[{"href":"https:\/\/suncasesupply.com\/pt\/wp-json\/wp\/v2\/product"}],"about":[{"href":"https:\/\/suncasesupply.com\/pt\/wp-json\/wp\/v2\/types\/product"}],"wp:featuredmedia":[{"embeddable":true,"href":"https:\/\/suncasesupply.com\/pt\/wp-json\/wp\/v2\/media\/26253"}],"wp:attachment":[{"href":"https:\/\/suncasesupply.com\/pt\/wp-json\/wp\/v2\/media?parent=26248"}],"wp:term":[{"taxonomy":"product_cat","embeddable":true,"href":"https:\/\/suncasesupply.com\/pt\/wp-json\/wp\/v2\/product_cat?post=26248"},{"taxonomy":"product_tag","embeddable":true,"href":"https:\/\/suncasesupply.com\/pt\/wp-json\/wp\/v2\/product_tag?post=26248"}],"curies":[{"name":"wp","href":"https:\/\/api.w.org\/{rel}","templated":true}]}}