{"id":26197,"date":"2025-10-28T18:01:16","date_gmt":"2025-10-28T10:01:16","guid":{"rendered":"https:\/\/suncasesupply.com\/?post_type=product&#038;p=26197"},"modified":"2025-10-28T18:08:58","modified_gmt":"2025-10-28T10:08:58","slug":"two-bottle-wine-aluminum-carrying-case-wine-packaging-box","status":"publish","type":"product","link":"https:\/\/suncasesupply.com\/pt\/product\/two-bottle-wine-aluminum-carrying-case-wine-packaging-box\/","title":{"rendered":"Estojo de transporte de alum\u00ednio para duas garrafas de vinho, caixa de embalagem para vinho"},"content":{"rendered":"<p>&nbsp;<\/p>\n<table width=\"774\">\n<tbody>\n<tr>\n<td width=\"177\">Item<\/td>\n<td width=\"597\">Caixa de alum\u00ednio para vinho<\/td>\n<\/tr>\n<tr>\n<td>Dimens\u00e3o<\/td>\n<td>Customizar<\/td>\n<\/tr>\n<tr>\n<td>Cores<\/td>\n<td>Como as imagens mostram ou personalizam<\/td>\n<\/tr>\n<tr>\n<td>Materiais<\/td>\n<td>Alum\u00ednio, painel ABS, placa MDF, forro de EVA\/espuma\/tecido\/PU, ferragens<\/td>\n<\/tr>\n<tr>\n<td>Logotipo<\/td>\n<td>Logotipo da placa de metal, logotipo impresso, logotipo em relevo, logotipo do laser<\/td>\n<\/tr>\n<tr>\n<td>Tempo de amostra<\/td>\n<td>7 dias<\/td>\n<\/tr>\n<tr>\n<td>Porto de embarque<\/td>\n<td>Cant\u00e3o, Shenzhen<\/td>\n<\/tr>\n<tr>\n<td>Termos de negocia\u00e7\u00e3o<\/td>\n<td>EXW, FOB, CIF, DDU, DDP<\/td>\n<\/tr>\n<tr>\n<td>M\u00e9todos de Pagamento<\/td>\n<td>T\/T, dinheiro, PayPal, cart\u00e3o de cr\u00e9dito<\/td>\n<\/tr>\n<\/tbody>\n<\/table>\n<p><span style=\"color: #003366;\">Caracter\u00edsticas:<\/span><\/p>\n<p><strong>ELEGANTE E DUR\u00c1VEL<\/strong> \u2013 Estojo de transporte de alum\u00ednio para vinho. Possui estrutura em liga de alum\u00ednio com cantos de metal e pain\u00e9is laterais de pl\u00e1stico ABS de alto impacto para manter este estojo resistente a impactos.<\/p>\n<p><strong>CARACTER\u00cdSTICAS<\/strong> \u2013 Inser\u00e7\u00f5es de espuma remov\u00edveis e personalizadas permitem o encaixe perfeito de duas garrafas de vinho ou outras garrafas, protegidas por espuma na parte inferior e superior da caixa, evitando que as garrafas se movam durante o transporte. Vem com trava e chave para proteger a caixa durante o armazenamento ou transporte.<\/p>\n<p><strong>IDEAL PARA VIAGENS<\/strong> \u2013 Esta caixa \u00e9 f\u00e1cil de transportar, pesando menos de 1,75 kg sem garrafas e 4,75 kg com garrafas (considerando 1,45 kg por garrafa). \u00c9 a caixa perfeita para levar com voc\u00ea no carro, no barco ou sempre que precisar levar vinho ou destilados para um lugar ou ocasi\u00e3o especial.<\/p>\n<p><strong>PRESENTE PERFEITO<\/strong> \u2013 Quando cheio de vinho ou bebidas destiladas, proporciona uma apresenta\u00e7\u00e3o elegante e \u00e9 um \u00f3timo presente para aqueles que apreciam as coisas boas da vida.<\/p>\n<p><strong>DIMENS\u00d5ES<\/strong> \u2013 Tamanho da caixa: 26,00 cm de altura, 15,00 cm de largura e 40,00 cm de comprimento. Medidas do encarte: Comporta at\u00e9 duas garrafas padr\u00e3o de 750 ml. Altura: 30,00 cm. Largura: 7,75 cm.<\/p>","protected":false},"excerpt":{"rendered":"<p>Modelo: SC-B9004<\/p>\n<p>Tamanho: Personalizar<\/p>\n<p>Quantidade m\u00ednima: 200 pe\u00e7as<\/p>\n<p>Prazo de entrega: 25-30 dias<\/p>\n<p>Amostra: Dispon\u00edvel<\/p>","protected":false},"featured_media":26194,"template":"","meta":{"_gspb_post_css":""},"product_cat":[80],"product_tag":[],"featured_image_urls":{"full":["https:\/\/suncasesupply.com\/wp-content\/uploads\/2025\/10\/1-2.jpg",800,800,false],"thumbnail":["https:\/\/suncasesupply.com\/wp-content\/uploads\/2025\/10\/1-2-150x150.jpg",150,150,true],"medium":["https:\/\/suncasesupply.com\/wp-content\/uploads\/2025\/10\/1-2-300x300.jpg",300,300,true],"medium_large":["https:\/\/suncasesupply.com\/wp-content\/uploads\/2025\/10\/1-2-768x768.jpg",768,768,true],"large":["https:\/\/suncasesupply.com\/wp-content\/uploads\/2025\/10\/1-2.jpg",800,800,false],"1536x1536":["https:\/\/suncasesupply.com\/wp-content\/uploads\/2025\/10\/1-2.jpg",800,800,false],"2048x2048":["https:\/\/suncasesupply.com\/wp-content\/uploads\/2025\/10\/1-2.jpg",800,800,false],"trp-custom-language-flag":["https:\/\/suncasesupply.com\/wp-content\/uploads\/2025\/10\/1-2-12x12.jpg",12,12,true],"woocommerce_thumbnail":["https:\/\/suncasesupply.com\/wp-content\/uploads\/2025\/10\/1-2-300x300.jpg",300,300,true],"woocommerce_single":["https:\/\/suncasesupply.com\/wp-content\/uploads\/2025\/10\/1-2-600x600.jpg",600,600,true],"woocommerce_gallery_thumbnail":["https:\/\/suncasesupply.com\/wp-content\/uploads\/2025\/10\/1-2-100x100.jpg",100,100,true]},"post_excerpt_stackable":"<p>Model : SC-B9004<\/p>\n<p>Size:\u00a0 Customize<\/p>\n<p>MOQ: 200pcs<\/p>\n<p>Delivery Time : 25-30 Days<\/p>\n<p>Sample : Available<\/p>\n","category_list":"","author_info":{"name":"","url":""},"comments_num":"0 comments","_links":{"self":[{"href":"https:\/\/suncasesupply.com\/pt\/wp-json\/wp\/v2\/product\/26197"}],"collection":[{"href":"https:\/\/suncasesupply.com\/pt\/wp-json\/wp\/v2\/product"}],"about":[{"href":"https:\/\/suncasesupply.com\/pt\/wp-json\/wp\/v2\/types\/product"}],"wp:featuredmedia":[{"embeddable":true,"href":"https:\/\/suncasesupply.com\/pt\/wp-json\/wp\/v2\/media\/26194"}],"wp:attachment":[{"href":"https:\/\/suncasesupply.com\/pt\/wp-json\/wp\/v2\/media?parent=26197"}],"wp:term":[{"taxonomy":"product_cat","embeddable":true,"href":"https:\/\/suncasesupply.com\/pt\/wp-json\/wp\/v2\/product_cat?post=26197"},{"taxonomy":"product_tag","embeddable":true,"href":"https:\/\/suncasesupply.com\/pt\/wp-json\/wp\/v2\/product_tag?post=26197"}],"curies":[{"name":"wp","href":"https:\/\/api.w.org\/{rel}","templated":true}]}}