{"id":25767,"date":"2025-07-29T10:15:15","date_gmt":"2025-07-29T02:15:15","guid":{"rendered":"https:\/\/suncasesupply.com\/?post_type=product&#038;p=25767"},"modified":"2025-09-17T15:19:20","modified_gmt":"2025-09-17T07:19:20","slug":"2-sided-combo-ata-drum-case-with-adjustable-shelves-drum-flight-box","status":"publish","type":"product","link":"https:\/\/suncasesupply.com\/pt\/product\/2-sided-combo-ata-drum-case-with-adjustable-shelves-drum-flight-box\/","title":{"rendered":"Caixa de bateria ATA combinada de 2 lados com prateleiras ajust\u00e1veis"},"content":{"rendered":"<p>&nbsp;<\/p>\n<table width=\"774\">\n<tbody>\n<tr>\n<td width=\"177\">Item<\/td>\n<td width=\"597\">Caixa de voo de tambor<\/td>\n<\/tr>\n<tr>\n<td>Dimens\u00e3o<\/td>\n<td>Customizar<\/td>\n<\/tr>\n<tr>\n<td>Cores<\/td>\n<td>Como as imagens mostram ou personalizam<\/td>\n<\/tr>\n<tr>\n<td>Materiais<\/td>\n<td>Alum\u00ednio, madeira compensada, EVA\/espuma\/tecido\/forro de PU, ferragens<\/td>\n<\/tr>\n<tr>\n<td>Logotipo<\/td>\n<td>Logotipo da placa de metal, logotipo impresso, logotipo em relevo, logotipo do laser<\/td>\n<\/tr>\n<tr>\n<td>Tempo de amostra<\/td>\n<td>7 dias<\/td>\n<\/tr>\n<tr>\n<td>Porto de embarque<\/td>\n<td>Cant\u00e3o, Shenzhen<\/td>\n<\/tr>\n<tr>\n<td>Termos de negocia\u00e7\u00e3o<\/td>\n<td>EXW, FOB, CIF, DDU, DDP<\/td>\n<\/tr>\n<tr>\n<td>M\u00e9todos de Pagamento<\/td>\n<td>T\/T, dinheiro, PayPal, cart\u00e3o de cr\u00e9dito<\/td>\n<\/tr>\n<\/tbody>\n<\/table>\n<p><span style=\"color: #003366;\">Caracter\u00edsticas:<\/span><\/p>\n<ul>\n<li>Caixa de voo de bateria feita de madeira compensada resistente ATA de 3\/8\u2033<\/li>\n<li>Dimens\u00f5es externas da caixa fechada: 21 1\/2\u2033 x 41 1\/2\u2033 x 53\u2033 de altura (altura inclui rod\u00edzios)<\/li>\n<li>As dimens\u00f5es internas de cada lado desta caixa quando aberta s\u00e3o 20\u2033 de largura x 20\u2033 de profundidade x 46\u2033 de altura<\/li>\n<li>4 prateleiras ajust\u00e1veis com abas de fixa\u00e7\u00e3o em velcro inclu\u00eddas<\/li>\n<\/ul>","protected":false},"excerpt":{"rendered":"<p>Modelo: DC-0001<\/p>\n<p>Tamanho: 1 1\/2\u2033 x 41 1\/2\u2033 x 53\u2033 de altura (altura inclui rod\u00edzios) ou personalizado<\/p>\n<p>Quantidade m\u00ednima: 20 pe\u00e7as<\/p>\n<p>Prazo de entrega: 20-25 dias<\/p>\n<p>Amostra: Dispon\u00edvel<\/p>","protected":false},"featured_media":25763,"template":"","meta":{"_gspb_post_css":""},"product_cat":[39],"product_tag":[],"featured_image_urls":{"full":["https:\/\/suncasesupply.com\/wp-content\/uploads\/2025\/07\/drum-flight-case-\u4e3b\u56fe.jpg",800,800,false],"thumbnail":["https:\/\/suncasesupply.com\/wp-content\/uploads\/2025\/07\/drum-flight-case-\u4e3b\u56fe-150x150.jpg",150,150,true],"medium":["https:\/\/suncasesupply.com\/wp-content\/uploads\/2025\/07\/drum-flight-case-\u4e3b\u56fe-300x300.jpg",300,300,true],"medium_large":["https:\/\/suncasesupply.com\/wp-content\/uploads\/2025\/07\/drum-flight-case-\u4e3b\u56fe-768x768.jpg",768,768,true],"large":["https:\/\/suncasesupply.com\/wp-content\/uploads\/2025\/07\/drum-flight-case-\u4e3b\u56fe.jpg",800,800,false],"1536x1536":["https:\/\/suncasesupply.com\/wp-content\/uploads\/2025\/07\/drum-flight-case-\u4e3b\u56fe.jpg",800,800,false],"2048x2048":["https:\/\/suncasesupply.com\/wp-content\/uploads\/2025\/07\/drum-flight-case-\u4e3b\u56fe.jpg",800,800,false],"trp-custom-language-flag":["https:\/\/suncasesupply.com\/wp-content\/uploads\/2025\/07\/drum-flight-case-\u4e3b\u56fe-12x12.jpg",12,12,true],"woocommerce_thumbnail":["https:\/\/suncasesupply.com\/wp-content\/uploads\/2025\/07\/drum-flight-case-\u4e3b\u56fe-300x300.jpg",300,300,true],"woocommerce_single":["https:\/\/suncasesupply.com\/wp-content\/uploads\/2025\/07\/drum-flight-case-\u4e3b\u56fe-600x600.jpg",600,600,true],"woocommerce_gallery_thumbnail":["https:\/\/suncasesupply.com\/wp-content\/uploads\/2025\/07\/drum-flight-case-\u4e3b\u56fe-100x100.jpg",100,100,true]},"post_excerpt_stackable":"<p>Model : DC-0001<\/p>\n<p>Size: 1 1\/2&#8243; x 41 1\/2&#8243; x 53&#8243; High (Height Includes Casters) or Customized<\/p>\n<p>MOQ: 20pcs<\/p>\n<p>Delivery Time : 20-25 Days<\/p>\n<p>Sample : Available<\/p>\n","category_list":"","author_info":{"name":"","url":""},"comments_num":"0 comments","_links":{"self":[{"href":"https:\/\/suncasesupply.com\/pt\/wp-json\/wp\/v2\/product\/25767"}],"collection":[{"href":"https:\/\/suncasesupply.com\/pt\/wp-json\/wp\/v2\/product"}],"about":[{"href":"https:\/\/suncasesupply.com\/pt\/wp-json\/wp\/v2\/types\/product"}],"wp:featuredmedia":[{"embeddable":true,"href":"https:\/\/suncasesupply.com\/pt\/wp-json\/wp\/v2\/media\/25763"}],"wp:attachment":[{"href":"https:\/\/suncasesupply.com\/pt\/wp-json\/wp\/v2\/media?parent=25767"}],"wp:term":[{"taxonomy":"product_cat","embeddable":true,"href":"https:\/\/suncasesupply.com\/pt\/wp-json\/wp\/v2\/product_cat?post=25767"},{"taxonomy":"product_tag","embeddable":true,"href":"https:\/\/suncasesupply.com\/pt\/wp-json\/wp\/v2\/product_tag?post=25767"}],"curies":[{"name":"wp","href":"https:\/\/api.w.org\/{rel}","templated":true}]}}