{"id":25696,"date":"2025-07-11T16:37:21","date_gmt":"2025-07-11T08:37:21","guid":{"rendered":"https:\/\/suncasesupply.com\/?post_type=product&#038;p=25696"},"modified":"2025-08-26T16:10:32","modified_gmt":"2025-08-26T08:10:32","slug":"double-makeup-vanity-case-pu-makeup-vanity-bag-with-rmovable-dividers","status":"publish","type":"product","link":"https:\/\/suncasesupply.com\/pt\/product\/double-makeup-vanity-case-pu-makeup-vanity-bag-with-rmovable-dividers\/","title":{"rendered":"Estojo de maquiagem duplo em PU com divis\u00f3rias remov\u00edveis"},"content":{"rendered":"<h4><span style=\"color: #003366;\">Caracter\u00edsticas:<\/span><\/h4>\n<p>Estojo de maquiagem duplo, bolsa de maquiagem de poliuretano com divis\u00f3rias remov\u00edveis<\/p>\n<ul>\n<li data-start=\"164\" data-end=\"361\">\n<p data-start=\"166\" data-end=\"361\"><strong data-start=\"166\" data-end=\"182\">Tamanho perfeito: <\/strong>Alto o suficiente para frascos verticais, largo o suficiente para paletas e espa\u00e7oso para todos os seus itens essenciais. O espelho retr\u00e1til acrescenta praticidade \u2014 ideal como um estojo de viagem para maquiagem.<\/p>\n<\/li>\n<li data-start=\"363\" data-end=\"563\">\n<p data-start=\"365\" data-end=\"563\"><strong data-start=\"365\" data-end=\"385\">Armazenamento flex\u00edvel: <\/strong>Design de dois n\u00edveis com z\u00edperes e divis\u00f3rias remov\u00edveis em PU para personalizar os compartimentos. Uma \u00f3tima op\u00e7\u00e3o para quem precisa de uma necessaire com divis\u00f3rias ajust\u00e1veis.<\/p>\n<\/li>\n<li data-start=\"565\" data-end=\"728\">\n<p data-start=\"567\" data-end=\"728\"><strong data-start=\"567\" data-end=\"587\">Design multiuso: <\/strong>Serve como um estojo de maquiagem com divis\u00f3rias, estojo separador de maquiagem ou estojo port\u00e1til para maquiagem \u2014 perfeito para casa ou viagem.<\/p>\n<\/li>\n<\/ul>\n<h4><span style=\"color: #003366;\">Detalhes do produto:<\/span><\/h4>\n<p><!-- \u7b2c\u4e00\u680f --><\/p>\n<div style=\"display: flex; gap: 20px;\">\n<div style=\"flex: 1; text-align: center;\">\n<p><img decoding=\"async\" style=\"max-width: 100%; height: auto; margin-bottom: 10px;\" src=\"https:\/\/suncasesupply.com\/wp-content\/uploads\/2025\/07\/metal-zippers.jpg\" alt=\"z\u00edperes de metal\" \/><\/p>\n<p style=\"font-weight: bold; margin: 5px 0;\"><b><\/b><strong><b>Z\u00edperes de metal<\/b><\/strong><\/p>\n<p style=\"margin: 0;\">Esta maleta de viagem para maquiagem de dois n\u00edveis com divis\u00f3rias possui um exclusivo z\u00edper, que forma uma barreira selada quando fechada para evitar que cosm\u00e9ticos (como produtos em p\u00f3 ou l\u00edquidos) vazem ou entrem em contato com a poeira. O brilho met\u00e1lico prateado combina com o couro de lichia verde-claro, real\u00e7ando o estilo e a praticidade da necessaire.<\/p>\n<\/div>\n<p><!-- \u7b2c\u4e8c\u680f --><\/p>\n<div style=\"flex: 1; text-align: center;\">\n<p><img decoding=\"async\" style=\"max-width: 100%; height: auto; margin-bottom: 10px;\" src=\"https:\/\/suncasesupply.com\/wp-content\/uploads\/2025\/07\/brushes-holders.jpg\" alt=\"porta-escovas\" \/><\/p>\n<p style=\"font-weight: bold; margin: 5px 0;\"><b><\/b><b><\/b><strong><b>Al\u00e7a embutida<\/b><\/strong><\/p>\n<p data-start=\"1318\" data-end=\"1662\">A tampa possui um el\u00e1stico costurado na parte superior para guardar v\u00e1rios pinc\u00e9is. O forro de veludo macio garante que seus produtos permane\u00e7am seguros e organizados, seja em casa ou em qualquer lugar. \u00c9 um estojo separador de maquiagem ideal para manter os pinc\u00e9is limpos e protegidos.<\/p>\n<\/div>\n<p><!-- \u7b2c\u4e09\u680f --><\/p>\n<div style=\"flex: 1; text-align: center;\">\n<p><img decoding=\"async\" style=\"max-width: 100%; height: auto; margin-bottom: 10px;\" src=\"https:\/\/suncasesupply.com\/wp-content\/uploads\/2025\/07\/handel.jpg\" alt=\"lidar\" \/><\/p>\n<p style=\"font-weight: bold; margin: 5px 0;\"><strong><b>Punho forte<\/b><\/strong><\/p>\n<p data-start=\"1689\" data-end=\"2022\">Equipada com uma elegante al\u00e7a de PU, a al\u00e7a \u00e9 fixada com dois pregos de metal, o que aumenta a firmeza e a capacidade de carga da al\u00e7a, garantindo assim a durabilidade desta bolsa e a facilidade de transporte. Complementa o design geral desta maleta de viagem port\u00e1til para maquiagem.<\/p>\n<\/div>\n<p><!-- \u7b2c\u56db\u680f --><\/p>\n<div style=\"flex: 1; text-align: center;\">\n<p><img decoding=\"async\" style=\"max-width: 100%; height: auto; margin-bottom: 10px;\" src=\"https:\/\/suncasesupply.com\/wp-content\/uploads\/2025\/07\/PU-storage-dividers.jpg\" alt=\"Divis\u00f3rias de armazenamento de PU\" \/><\/p>\n<p style=\"font-weight: bold; margin: 5px 0;\"><strong><b>divisor interno<\/b><\/strong><\/p>\n<p style=\"margin: 0;\">As divis\u00f3rias internas de PU mant\u00eam seus produtos seguros e organizados, proporcionando uma solu\u00e7\u00e3o pr\u00e1tica e estilosa para organizar sua maquiagem e acess\u00f3rios de beleza. Al\u00e9m disso, \u00e9 remov\u00edvel: quando n\u00e3o precisar, voc\u00ea pode remov\u00ea-lo e aproveitar o amplo espa\u00e7o interno. Essa configura\u00e7\u00e3o flex\u00edvel o torna um estojo de maquiagem vers\u00e1til com divis\u00f3rias para uso di\u00e1rio ou profissional.<\/p>\n<\/div>\n<\/div>\n<div style=\"background-color: #29599a; padding: 40px 20px; text-align: center; color: #ffffff; border-radius: 10px; margin: 40px auto; max-width: 960px;\">\n<h2 style=\"font-size: 22px; margin-bottom: 20px; font-weight: bold;\"><span style=\"color: #ffffff;\">Comece seu pedido personalizado hoje mesmo \u2014 quantidade m\u00ednima a partir de 1000, pre\u00e7o direto de f\u00e1brica garantido!<\/span><\/h2>\n<p><a style=\"display: inline-block; padding: 12px 28px; background-color: #ffffff; color: #29599a; text-decoration: none; border-radius: 6px; font-weight: bold;\" href=\"https:\/\/suncasesupply.com\/pt\/contact-us\/\" target=\"_blank\" rel=\"noopener\">Obter uma cota\u00e7\u00e3o<br \/>\n<\/a><\/p>\n<\/div>\n<h4><span style=\"color: #003366;\">Processo de fabrica\u00e7\u00e3o:<\/span><\/h4>\n<p><img decoding=\"async\" style=\"max-width: 100%; height: auto; margin-bottom: 10px;\" src=\"https:\/\/suncasesupply.com\/wp-content\/uploads\/2025\/07\/manufacture-process.png\" alt=\"Processo de fabrica\u00e7\u00e3o do Suncase\" \/><\/p>\n<h4><span style=\"color: #003366;\">Informa\u00e7\u00f5es \u00fateis para compradores em massa:<\/span><\/h4>\n<ul>\n<li><a href=\"https:\/\/suncasesupply.com\/pt\/blog\/makeup-case\/hard-vs-soft-makeup-bags\/\">Bolsas de maquiagem r\u00edgidas ou macias: qual \u00e9 melhor para viagens e armazenamento?<\/a><\/li>\n<li><a href=\"https:\/\/suncasesupply.com\/pt\/blog\/makeup-case\/why-choose-a-trolley-makeup-case-over-a-soft-makeup-bag\/\">Por que escolher um estojo de maquiagem com carrinho em vez de uma bolsa de maquiagem macia?<\/a><\/li>\n<li><a href=\"https:\/\/suncasesupply.com\/pt\/blog\/makeup-case\/top-5-suppliers-of-australia\/\">Os 5 principais fabricantes de bolsas de maquiagem no atacado da Austr\u00e1lia<\/a><\/li>\n<\/ul>\n<p><a href=\"https:\/\/suncasesupply.com\/pt\/product-category\/luggage-suitcase\/\">Solicite um or\u00e7amento agora!! &gt;&gt;<\/a><\/p>","protected":false},"excerpt":{"rendered":"<p>Modelo: MB-0051<\/p>\n<p>Tamanho: 24*18*17cm<\/p>\n<p>Cores: verde claro, outras cores aceit\u00e1veis<\/p>\n<p>Materiais: PU + Veludo + Z\u00edperes de metal<\/p>\n<p>Logotipo: Logotipo em relevo, Logotipo em impress\u00e3o em seda<\/p>\n<p>Quantidade m\u00ednima: 1000 pe\u00e7as<\/p>\n<p>Amostra: Fornecer amostra.<\/p>","protected":false},"featured_media":25699,"template":"","meta":{"_gspb_post_css":""},"product_cat":[34,95],"product_tag":[],"featured_image_urls":{"full":["https:\/\/suncasesupply.com\/wp-content\/uploads\/2025\/07\/double-vanity-case.jpg",800,800,false],"thumbnail":["https:\/\/suncasesupply.com\/wp-content\/uploads\/2025\/07\/double-vanity-case-150x150.jpg",150,150,true],"medium":["https:\/\/suncasesupply.com\/wp-content\/uploads\/2025\/07\/double-vanity-case-300x300.jpg",300,300,true],"medium_large":["https:\/\/suncasesupply.com\/wp-content\/uploads\/2025\/07\/double-vanity-case-768x768.jpg",768,768,true],"large":["https:\/\/suncasesupply.com\/wp-content\/uploads\/2025\/07\/double-vanity-case.jpg",800,800,false],"1536x1536":["https:\/\/suncasesupply.com\/wp-content\/uploads\/2025\/07\/double-vanity-case.jpg",800,800,false],"2048x2048":["https:\/\/suncasesupply.com\/wp-content\/uploads\/2025\/07\/double-vanity-case.jpg",800,800,false],"trp-custom-language-flag":["https:\/\/suncasesupply.com\/wp-content\/uploads\/2025\/07\/double-vanity-case-12x12.jpg",12,12,true],"woocommerce_thumbnail":["https:\/\/suncasesupply.com\/wp-content\/uploads\/2025\/07\/double-vanity-case-300x300.jpg",300,300,true],"woocommerce_single":["https:\/\/suncasesupply.com\/wp-content\/uploads\/2025\/07\/double-vanity-case-600x600.jpg",600,600,true],"woocommerce_gallery_thumbnail":["https:\/\/suncasesupply.com\/wp-content\/uploads\/2025\/07\/double-vanity-case-100x100.jpg",100,100,true]},"post_excerpt_stackable":"<p>Model:MB-0051<\/p>\n<p>Size: 24*18*17cm<\/p>\n<p>Colors: light green, other colors acceptable<\/p>\n<p>Materials: PU+Velvet+Metal zippers<\/p>\n<p>Logo: Deboss Logo, Silk Printing Logo<\/p>\n<p>MOQ: 1000pcs<\/p>\n<p>Sample: Provide sample.<\/p>\n","category_list":"","author_info":{"name":"","url":""},"comments_num":"0 comments","_links":{"self":[{"href":"https:\/\/suncasesupply.com\/pt\/wp-json\/wp\/v2\/product\/25696"}],"collection":[{"href":"https:\/\/suncasesupply.com\/pt\/wp-json\/wp\/v2\/product"}],"about":[{"href":"https:\/\/suncasesupply.com\/pt\/wp-json\/wp\/v2\/types\/product"}],"wp:featuredmedia":[{"embeddable":true,"href":"https:\/\/suncasesupply.com\/pt\/wp-json\/wp\/v2\/media\/25699"}],"wp:attachment":[{"href":"https:\/\/suncasesupply.com\/pt\/wp-json\/wp\/v2\/media?parent=25696"}],"wp:term":[{"taxonomy":"product_cat","embeddable":true,"href":"https:\/\/suncasesupply.com\/pt\/wp-json\/wp\/v2\/product_cat?post=25696"},{"taxonomy":"product_tag","embeddable":true,"href":"https:\/\/suncasesupply.com\/pt\/wp-json\/wp\/v2\/product_tag?post=25696"}],"curies":[{"name":"wp","href":"https:\/\/api.w.org\/{rel}","templated":true}]}}