{"id":25644,"date":"2025-07-10T16:19:07","date_gmt":"2025-07-10T08:19:07","guid":{"rendered":"https:\/\/suncasesupply.com\/?post_type=product&#038;p=25644"},"modified":"2025-07-15T11:20:22","modified_gmt":"2025-07-15T03:20:22","slug":"printer-flight-case-for-hiti-p525l-custom-printers-storage-box","status":"publish","type":"product","link":"https:\/\/suncasesupply.com\/pt\/product\/printer-flight-case-for-hiti-p525l-custom-printers-storage-box\/","title":{"rendered":"Estojo de transporte para impressoras HiTi P525L Caixa de armazenamento personalizada"},"content":{"rendered":"<h4><span style=\"color: #003366;\">Caracter\u00edsticas:<\/span><\/h4>\n<ul>\n<li><strong><b>Prote\u00e7\u00e3o<\/b><\/strong><strong><b>: <\/b><\/strong>O flight case da impressora \u00e9 uma caixa especial projetada para proteger a impressora contra danos durante o transporte, manuseio ou ambientes agressivos.<\/li>\n<li><strong><b>Costumiza\u00e7\u00e3o<\/b><\/strong><strong><b>: <\/b><\/strong>Esta maleta de transporte para impressora \u00e9 adequada para a HiTi P525L. Seu tamanho interno \u00e9 feito de acordo com o tamanho da impressora HiTi P525L. A impressora HiTi P525L pode ser protegida e se encaixa perfeitamente no interior.<\/li>\n<li><strong><b>Estrutura port\u00e1til<\/b><\/strong><strong><b>:<\/b><\/strong>\u00a0Com al\u00e7a resistente na parte superior do estojo da impressora, f\u00e1cil de transportar. Combina com a haste do carrinho e duas rodas, o que reduz o peso durante o transporte.<\/li>\n<li><strong><b>Durabilidade: <\/b><\/strong>O estojo de transporte da impressora \u00e9 feito de estrutura de alum\u00ednio de alta qualidade e acess\u00f3rios fortes, que \u00e9 resistente a arranh\u00f5es e desgaste, altamente protetor e muito confi\u00e1vel.<\/li>\n<\/ul>\n<h4><span style=\"color: #003366;\">Detalhes do produto:<\/span><\/h4>\n<p><!-- \u7b2c\u4e00\u680f --><\/p>\n<div style=\"display: flex; gap: 20px;\">\n<div style=\"flex: 1; text-align: center;\">\n<p><img decoding=\"async\" style=\"max-width: 100%; height: auto; margin-bottom: 10px;\" src=\"https:\/\/suncasesupply.com\/wp-content\/uploads\/2025\/07\/1-Reinforced-Corners.jpg\" alt=\"1-Cantos Refor\u00e7ados\" \/><\/p>\n<p style=\"font-weight: bold; margin: 5px 0;\"><b><\/b><strong><b>Cantos refor\u00e7ados<\/b><\/strong><\/p>\n<p style=\"margin: 0;\">Feitos com cantos de esferas de a\u00e7o resistente, eles oferecem m\u00e1xima resist\u00eancia ao impacto.<\/p>\n<\/div>\n<p><!-- \u7b2c\u4e8c\u680f --><\/p>\n<div style=\"flex: 1; text-align: center;\">\n<p><img decoding=\"async\" style=\"max-width: 100%; height: auto; margin-bottom: 10px;\" src=\"https:\/\/suncasesupply.com\/wp-content\/uploads\/2025\/07\/2-Recessed-Handle.jpg\" alt=\"2-Al\u00e7a embutida\" \/><\/p>\n<p style=\"font-weight: bold; margin: 5px 0;\"><b><\/b><b><\/b><strong><b>Al\u00e7a embutida<\/b><\/strong><\/p>\n<p data-start=\"1318\" data-end=\"1662\">Suas al\u00e7as e travas acolchoadas de a\u00e7o embutidas garantem o fechamento e a facilidade de levantamento.<\/p>\n<\/div>\n<p><!-- \u7b2c\u4e09\u680f --><\/p>\n<div style=\"flex: 1; text-align: center;\">\n<p><img decoding=\"async\" style=\"max-width: 100%; height: auto; margin-bottom: 10px;\" src=\"https:\/\/suncasesupply.com\/wp-content\/uploads\/2025\/07\/3-Wheels.jpg\" alt=\"3-Rodas\" \/><\/p>\n<p style=\"font-weight: bold; margin: 5px 0;\"><strong><b>Rodas<\/b><\/strong><\/p>\n<p data-start=\"1689\" data-end=\"2022\">Duas rodas na parte inferior do gabinete da impressora facilitam o transporte do gabinete.<\/p>\n<\/div>\n<p><!-- \u7b2c\u56db\u680f --><\/p>\n<div style=\"flex: 1; text-align: center;\">\n<p><img decoding=\"async\" style=\"max-width: 100%; height: auto; margin-bottom: 10px;\" src=\"https:\/\/suncasesupply.com\/wp-content\/uploads\/2025\/07\/4-Trolley-Rod.jpg\" alt=\"Haste de 4 carrinhos\" \/><\/p>\n<p style=\"font-weight: bold; margin: 5px 0;\"><strong><b>Haste do carrinho<\/b><\/strong><\/p>\n<p style=\"margin: 0;\">O comprimento da haste do carrinho \u00e9 ajust\u00e1vel, adaptando-se a diferentes alturas do usu\u00e1rio. Melhore a conveni\u00eancia da mobilidade.<\/p>\n<\/div>\n<\/div>\n<div style=\"background-color: #29599a; padding: 40px 20px; text-align: center; color: #ffffff; border-radius: 10px; margin: 40px auto; max-width: 960px;\">\n<h2 style=\"font-size: 22px; margin-bottom: 20px; font-weight: bold;\"><span style=\"color: #ffffff;\">Comece seu pedido personalizado hoje mesmo \u2014 quantidade m\u00ednima a partir de 50, pre\u00e7o direto de f\u00e1brica garantido!<\/span><\/h2>\n<p><a style=\"display: inline-block; padding: 12px 28px; background-color: #ffffff; color: #29599a; text-decoration: none; border-radius: 6px; font-weight: bold;\" href=\"https:\/\/suncasesupply.com\/pt\/contact-us\/\" target=\"_blank\" rel=\"noopener\">Obter uma cota\u00e7\u00e3o<br \/>\n<\/a><\/p>\n<\/div>\n<h4><span style=\"color: #003366;\">Processo de fabrica\u00e7\u00e3o:<\/span><\/h4>\n<p><img decoding=\"async\" style=\"max-width: 100%; height: auto; margin-bottom: 10px;\" src=\"https:\/\/suncasesupply.com\/wp-content\/uploads\/2025\/07\/Flight-Cases-Manufacturing-Process.png\" alt=\"Processo de fabrica\u00e7\u00e3o de Flight Cases\" \/><\/p>\n<h4><span style=\"color: #003366;\">Informa\u00e7\u00f5es \u00fateis para compradores em massa:<\/span><\/h4>\n<ul>\n<li class=\"page-title\" title=\"O que torna os cart\u00f5es esportivos t\u00e3o valiosos?\">\n<p class=\"page-title\" title=\"O que \u00e9 um caso ATA? Tudo o que voc\u00ea precisa saber\"><a href=\"https:\/\/suncasesupply.com\/pt\/blog\/what-is-an-ata-case\/\">O que \u00e9 um caso ATA? Tudo o que voc\u00ea precisa saber<\/a><\/p>\n<\/li>\n<\/ul>\n<p>Se voc\u00ea precisa de um <strong data-start=\"2725\" data-end=\"2752\">estojo de transporte para impressora<\/strong>, um <strong data-start=\"2756\" data-end=\"2788\">estojo de voo com cabo<\/strong>, ou um <strong data-start=\"2795\" data-end=\"2818\">mala de voo para TV<\/strong>A Sun Case oferece op\u00e7\u00f5es personaliz\u00e1veis de alta qualidade para voc\u00ea.<\/p>\n<p><a href=\"https:\/\/suncasesupply.com\/pt\/product-category\/luggage-suitcase\/\">Solicite um or\u00e7amento agora!! &gt;&gt;<\/a><\/p>","protected":false},"excerpt":{"rendered":"<p>Modelo: PT-0050<\/p>\n<p>Tamanho: Tamanho personalizado de acordo com o tamanho das impressoras<\/p>\n<p>Cores: Geralmente preto, outras cores s\u00e3o aceit\u00e1veis<\/p>\n<p>Materiais: Estrutura de alum\u00ednio + compensado + forro + ferragens<\/p>\n<p>Logotipo: Logotipo em placa de metal, Logotipo em impress\u00e3o em seda<\/p>\n<p>Quantidade m\u00ednima: 50 pe\u00e7as<\/p>\n<p>Amostra: Fornecer amostra.<\/p>","protected":false},"featured_media":25653,"template":"","meta":{"_gspb_post_css":""},"product_cat":[39],"product_tag":[],"featured_image_urls":{"full":["https:\/\/suncasesupply.com\/wp-content\/uploads\/2025\/07\/Printer-Flight-Case-3.jpg",800,800,false],"thumbnail":["https:\/\/suncasesupply.com\/wp-content\/uploads\/2025\/07\/Printer-Flight-Case-3-150x150.jpg",150,150,true],"medium":["https:\/\/suncasesupply.com\/wp-content\/uploads\/2025\/07\/Printer-Flight-Case-3-300x300.jpg",300,300,true],"medium_large":["https:\/\/suncasesupply.com\/wp-content\/uploads\/2025\/07\/Printer-Flight-Case-3-768x768.jpg",768,768,true],"large":["https:\/\/suncasesupply.com\/wp-content\/uploads\/2025\/07\/Printer-Flight-Case-3.jpg",800,800,false],"1536x1536":["https:\/\/suncasesupply.com\/wp-content\/uploads\/2025\/07\/Printer-Flight-Case-3.jpg",800,800,false],"2048x2048":["https:\/\/suncasesupply.com\/wp-content\/uploads\/2025\/07\/Printer-Flight-Case-3.jpg",800,800,false],"trp-custom-language-flag":["https:\/\/suncasesupply.com\/wp-content\/uploads\/2025\/07\/Printer-Flight-Case-3-12x12.jpg",12,12,true],"woocommerce_thumbnail":["https:\/\/suncasesupply.com\/wp-content\/uploads\/2025\/07\/Printer-Flight-Case-3-300x300.jpg",300,300,true],"woocommerce_single":["https:\/\/suncasesupply.com\/wp-content\/uploads\/2025\/07\/Printer-Flight-Case-3-600x600.jpg",600,600,true],"woocommerce_gallery_thumbnail":["https:\/\/suncasesupply.com\/wp-content\/uploads\/2025\/07\/Printer-Flight-Case-3-100x100.jpg",100,100,true]},"post_excerpt_stackable":"<p>Model:PT-0050<\/p>\n<p>Size: Custom size according to the size of Printers<\/p>\n<p>Colors:\u00a0Black color usually, other colors acceptable<\/p>\n<p>Materials: Aluminum Frame+Plywood+Lining+Hardware<\/p>\n<p>Logo:\u00a0Metal Plate Logo, Silk Printing Logo<\/p>\n<p>MOQ: 50pcs<\/p>\n<p>Sample: Provide sample.<\/p>\n","category_list":"","author_info":{"name":"","url":""},"comments_num":"0 comments","_links":{"self":[{"href":"https:\/\/suncasesupply.com\/pt\/wp-json\/wp\/v2\/product\/25644"}],"collection":[{"href":"https:\/\/suncasesupply.com\/pt\/wp-json\/wp\/v2\/product"}],"about":[{"href":"https:\/\/suncasesupply.com\/pt\/wp-json\/wp\/v2\/types\/product"}],"wp:featuredmedia":[{"embeddable":true,"href":"https:\/\/suncasesupply.com\/pt\/wp-json\/wp\/v2\/media\/25653"}],"wp:attachment":[{"href":"https:\/\/suncasesupply.com\/pt\/wp-json\/wp\/v2\/media?parent=25644"}],"wp:term":[{"taxonomy":"product_cat","embeddable":true,"href":"https:\/\/suncasesupply.com\/pt\/wp-json\/wp\/v2\/product_cat?post=25644"},{"taxonomy":"product_tag","embeddable":true,"href":"https:\/\/suncasesupply.com\/pt\/wp-json\/wp\/v2\/product_tag?post=25644"}],"curies":[{"name":"wp","href":"https:\/\/api.w.org\/{rel}","templated":true}]}}