{"id":25603,"date":"2025-07-08T14:53:11","date_gmt":"2025-07-08T06:53:11","guid":{"rendered":"https:\/\/suncasesupply.com\/?post_type=product&#038;p=25603"},"modified":"2025-07-15T10:38:48","modified_gmt":"2025-07-15T02:38:48","slug":"carry-on-suitcase-travel-case-with-wheels-luggage-suitcase-aluminum-frame-model","status":"publish","type":"product","link":"https:\/\/suncasesupply.com\/pt\/product\/carry-on-suitcase-travel-case-with-wheels-luggage-suitcase-aluminum-frame-model\/","title":{"rendered":"Mala de viagem com rodas, modelo com estrutura de alum\u00ednio, mala de m\u00e3o"},"content":{"rendered":"<h4><span style=\"color: #003366;\">Caracter\u00edsticas:<\/span><\/h4>\n<ul>\n<li><strong><b>Voc\u00ea<\/b><\/strong><strong><b>r<\/b><\/strong><strong><b>capaz e confi\u00e1vel: <\/b><\/strong>Estrutura r\u00edgida extra grossa com acabamento resistente a arranh\u00f5es que protege contra impactos e manuseio brusco.<\/li>\n<li><strong><b>Expans\u00edvel: <\/b><\/strong>Aumente o espa\u00e7o de embalagem para at\u00e9 10%-20% para maior flexibilidade e organiza\u00e7\u00e3o.<\/li>\n<li><strong><b>Interior organizado: <\/b><\/strong>Mantenha os itens essenciais organizados com uma divis\u00f3ria interna, bolsas de malha e bolsos com z\u00edper.<\/li>\n<li><strong><b>Viagem sem esfor\u00e7o: <\/b><\/strong>Navegue com facilidade gra\u00e7as \u00e0s quatro rodas multidirecionais, \u00e0 haste telesc\u00f3pica do carrinho e \u00e0 al\u00e7a de eleva\u00e7\u00e3o curta.<\/li>\n<\/ul>\n<h4><span style=\"color: #003366;\">Detalhes do produto:<\/span><\/h4>\n<p><!-- \u7b2c\u4e00\u680f --><\/p>\n<div style=\"display: flex; gap: 20px;\">\n<div style=\"flex: 1; text-align: center;\">\n<p><img decoding=\"async\" style=\"max-width: 100%; height: auto; margin-bottom: 10px;\" src=\"https:\/\/suncasesupply.com\/wp-content\/uploads\/2025\/07\/1-Silent-universal-wheel.jpg\" alt=\"1-Roda universal silenciosa\" \/><\/p>\n<p style=\"font-weight: bold; margin: 5px 0;\"><b><\/b><strong><b>Rodas universais silenciosas<\/b><\/strong><\/p>\n<p style=\"margin: 0;\">A principal fun\u00e7\u00e3o das rodas silenciosas para bagagem (tamb\u00e9m chamadas de rodas redutoras de ru\u00eddo ou rodas universais silenciosas) \u00e9 reduzir o ru\u00eddo e a vibra\u00e7\u00e3o gerados ao arrastar a mala, melhorando a experi\u00eancia do usu\u00e1rio. Ao mesmo tempo, possuem as caracter\u00edsticas de suavidade, economia de m\u00e3o de obra e resist\u00eancia ao desgaste.<\/p>\n<\/div>\n<p><!-- \u7b2c\u4e8c\u680f --><\/p>\n<div style=\"flex: 1; text-align: center;\">\n<p><img decoding=\"async\" style=\"max-width: 100%; height: auto; margin-bottom: 10px;\" src=\"https:\/\/suncasesupply.com\/wp-content\/uploads\/2025\/07\/2-TSA-Lock.jpg\" alt=\"2-Travas TSA\" \/><\/p>\n<p style=\"font-weight: bold; margin: 5px 0;\"><b><\/b><strong><b>Cadeados TSA<\/b><\/strong><\/p>\n<p data-start=\"1318\" data-end=\"1662\">A Trava Aduaneira TSA (Travel Sentry Approved Lock) \u00e9 uma trava para bagagem certificada pela Administra\u00e7\u00e3o de Seguran\u00e7a de Transporte dos EUA (TSA). As travas aduaneiras da TSA s\u00e3o equipadas com fechaduras especiais que s\u00f3 podem ser abertas por agentes de seguran\u00e7a da TSA usando chaves especiais, evitando a necessidade de destruir a trava ou a mala \u00e0 for\u00e7a para inspe\u00e7\u00e3o.<\/p>\n<\/div>\n<p><!-- \u7b2c\u4e09\u680f --><\/p>\n<div style=\"flex: 1; text-align: center;\">\n<p><img decoding=\"async\" style=\"max-width: 100%; height: auto; margin-bottom: 10px;\" src=\"https:\/\/suncasesupply.com\/wp-content\/uploads\/2025\/07\/3-PC-Material-of-Suitcase.jpg\" alt=\"Material de 3 pe\u00e7as\" \/><\/p>\n<p style=\"font-weight: bold; margin: 5px 0;\"><strong><b>Material para PC<\/b><\/strong><\/p>\n<p data-start=\"1689\" data-end=\"2022\">O material de PC possui excelente tenacidade e pode suportar impactos severos ou quedas sem quebrar (mais resistente a impactos do que o ABS). Este material tem baixa densidade e \u00e9 mais leve do que o ABS ou bagagem de metal, tornando-o adequado para uso como bagagem de m\u00e3o.<\/p>\n<\/div>\n<p><!-- \u7b2c\u56db\u680f --><\/p>\n<div style=\"flex: 1; text-align: center;\">\n<p><img decoding=\"async\" style=\"max-width: 100%; height: auto; margin-bottom: 10px;\" src=\"https:\/\/suncasesupply.com\/wp-content\/uploads\/2025\/07\/4-Handle.jpg\" alt=\"4-Al\u00e7as\" \/><\/p>\n<p style=\"font-weight: bold; margin: 5px 0;\"><strong><b>Lidar<\/b><\/strong><\/p>\n<p style=\"margin: 0;\">A al\u00e7a da mala \u00e9 feita de liga de alum\u00ednio e pode ser ajustada em altura (geralmente de 2 a 3 n\u00edveis) para se adequar a usu\u00e1rios de diferentes alturas. O design da al\u00e7a da mala leva em considera\u00e7\u00e3o durabilidade, conforto e portabilidade.<\/p>\n<\/div>\n<\/div>\n<div style=\"background-color: #29599a; padding: 40px 20px; text-align: center; color: #ffffff; border-radius: 10px; margin: 40px auto; max-width: 960px;\">\n<h2 style=\"font-size: 22px; margin-bottom: 20px; font-weight: bold;\"><span style=\"color: #ffffff;\">Comece seu pedido personalizado hoje mesmo \u2014 quantidade m\u00ednima a partir de 500, pre\u00e7o direto de f\u00e1brica garantido!<\/span><\/h2>\n<p><a style=\"display: inline-block; padding: 12px 28px; background-color: #ffffff; color: #29599a; text-decoration: none; border-radius: 6px; font-weight: bold;\" href=\"https:\/\/suncasesupply.com\/pt\/contact-us\/\" target=\"_blank\" rel=\"noopener\">Obter uma cota\u00e7\u00e3o<br \/>\n<\/a><\/p>\n<\/div>\n<h4><span style=\"color: #003366;\">Processo de fabrica\u00e7\u00e3o:<\/span><\/h4>\n<p><img decoding=\"async\" style=\"max-width: 100%; height: auto; margin-bottom: 10px;\" src=\"https:\/\/suncasesupply.com\/wp-content\/uploads\/2025\/07\/Manufacturing-Process.png\" alt=\"Processo de fabrica\u00e7\u00e3o do Suncase\" \/><\/p>\n<h4><span style=\"color: #003366;\">Informa\u00e7\u00f5es \u00fateis para compradores em massa:<\/span><\/h4>\n<ul>\n<li class=\"page-title\" title=\"O que torna os cart\u00f5es esportivos t\u00e3o valiosos?\">\n<p class=\"page-title\" title=\"Guia para material de bagagem de mala r\u00edgida\"><a href=\"https:\/\/suncasesupply.com\/pt\/blog\/hardside-suitcase-luggage-material-guide\/\">Guia de materiais para malas r\u00edgidas &gt;&gt;<\/a><\/p>\n<\/li>\n<\/ul>\n<p>Se voc\u00ea precisa de um <strong data-start=\"2725\" data-end=\"2752\">mala<\/strong>, um <strong data-start=\"2756\" data-end=\"2788\">mala de viagem<\/strong>, ou um <strong data-start=\"2795\" data-end=\"2818\">mala de viagem<\/strong>A Sun Case oferece op\u00e7\u00f5es personaliz\u00e1veis de alta qualidade para voc\u00ea.<\/p>\n<p><a href=\"https:\/\/suncasesupply.com\/pt\/product-category\/luggage-suitcase\/\">Solicite um or\u00e7amento agora!! &gt;&gt;<\/a><\/p>","protected":false},"excerpt":{"rendered":"<p>Modelo:LS-0010<\/p>\n<p>Tamanho: 18&#039;&#039;, 20&#039;&#039;, 24&#039;&#039;, 28&#039;&#039;<\/p>\n<p>Cores: Cores personalizadas<\/p>\n<p>Materiais: PC \/ PC + ABS \/ ABS<\/p>\n<p>Logotipo: Logotipo em relevo, Logotipo em placa de metal, Logotipo em impress\u00e3o em seda<\/p>\n<p>Quantidade m\u00ednima: 500 pe\u00e7as<\/p>\n<p>Taxa de molde: cobrada de acordo com o material que voc\u00ea fabrica.<\/p>\n<p>Amostra: Fornecer amostra.<\/p>","protected":false},"featured_media":25729,"template":"","meta":{"_gspb_post_css":""},"product_cat":[101],"product_tag":[],"featured_image_urls":{"full":["https:\/\/suncasesupply.com\/wp-content\/uploads\/2025\/07\/Suitcase.jpg",800,800,false],"thumbnail":["https:\/\/suncasesupply.com\/wp-content\/uploads\/2025\/07\/Suitcase-150x150.jpg",150,150,true],"medium":["https:\/\/suncasesupply.com\/wp-content\/uploads\/2025\/07\/Suitcase-300x300.jpg",300,300,true],"medium_large":["https:\/\/suncasesupply.com\/wp-content\/uploads\/2025\/07\/Suitcase-768x768.jpg",768,768,true],"large":["https:\/\/suncasesupply.com\/wp-content\/uploads\/2025\/07\/Suitcase.jpg",800,800,false],"1536x1536":["https:\/\/suncasesupply.com\/wp-content\/uploads\/2025\/07\/Suitcase.jpg",800,800,false],"2048x2048":["https:\/\/suncasesupply.com\/wp-content\/uploads\/2025\/07\/Suitcase.jpg",800,800,false],"trp-custom-language-flag":["https:\/\/suncasesupply.com\/wp-content\/uploads\/2025\/07\/Suitcase-12x12.jpg",12,12,true],"woocommerce_thumbnail":["https:\/\/suncasesupply.com\/wp-content\/uploads\/2025\/07\/Suitcase-300x300.jpg",300,300,true],"woocommerce_single":["https:\/\/suncasesupply.com\/wp-content\/uploads\/2025\/07\/Suitcase-600x600.jpg",600,600,true],"woocommerce_gallery_thumbnail":["https:\/\/suncasesupply.com\/wp-content\/uploads\/2025\/07\/Suitcase-100x100.jpg",100,100,true]},"post_excerpt_stackable":"<p>Model:LS-0010<\/p>\n<p>Size: 18\u2019\u2019, 20\u2019\u2019, 24\u2019\u2019, 28\u2019\u2019<\/p>\n<p>Colors:\u00a0Customized Colors<\/p>\n<p>Materials: PC \/ PC+ABS \/ ABS<\/p>\n<p>Logo:\u00a0Embossing Logo, Metal Plate Logo, Silk Printing Logo<\/p>\n<p>MOQ: 500pcs<\/p>\n<p>Mold Fee: Charge according to what material you make.<\/p>\n<p>Sample: Provide sample.<\/p>\n","category_list":"","author_info":{"name":"","url":""},"comments_num":"0 comments","_links":{"self":[{"href":"https:\/\/suncasesupply.com\/pt\/wp-json\/wp\/v2\/product\/25603"}],"collection":[{"href":"https:\/\/suncasesupply.com\/pt\/wp-json\/wp\/v2\/product"}],"about":[{"href":"https:\/\/suncasesupply.com\/pt\/wp-json\/wp\/v2\/types\/product"}],"wp:featuredmedia":[{"embeddable":true,"href":"https:\/\/suncasesupply.com\/pt\/wp-json\/wp\/v2\/media\/25729"}],"wp:attachment":[{"href":"https:\/\/suncasesupply.com\/pt\/wp-json\/wp\/v2\/media?parent=25603"}],"wp:term":[{"taxonomy":"product_cat","embeddable":true,"href":"https:\/\/suncasesupply.com\/pt\/wp-json\/wp\/v2\/product_cat?post=25603"},{"taxonomy":"product_tag","embeddable":true,"href":"https:\/\/suncasesupply.com\/pt\/wp-json\/wp\/v2\/product_tag?post=25603"}],"curies":[{"name":"wp","href":"https:\/\/api.w.org\/{rel}","templated":true}]}}