{"id":25366,"date":"2025-05-27T09:52:32","date_gmt":"2025-05-27T01:52:32","guid":{"rendered":"https:\/\/suncasesupply.com\/?post_type=product&#038;p=25366"},"modified":"2025-07-14T14:32:35","modified_gmt":"2025-07-14T06:32:35","slug":"aluminum-medical-box-carrying-first-aid-medicine-storage-case-with-tray","status":"publish","type":"product","link":"https:\/\/suncasesupply.com\/pt\/product\/aluminum-medical-box-carrying-first-aid-medicine-storage-case-with-tray\/","title":{"rendered":"Caixa m\u00e9dica de alum\u00ednio para transporte de medicamentos de primeiros socorros com bandeja"},"content":{"rendered":"<h4><span style=\"color: #003366;\">Caracter\u00edsticas:<\/span><\/h4>\n<ul>\n<li><strong><b>Leve e dur\u00e1vel<\/b><\/strong>: Feito de liga de alum\u00ednio de alta resist\u00eancia Estrutura de alum\u00ednio, painel de melamina, placa de MDF, ferragens, \u00e9 leve, mas com forte capacidade de carga.<\/li>\n<li><strong><b>Estrutura forte<\/b><\/strong>:A caixa m\u00e9dica de alum\u00ednio tem cantos refor\u00e7ados, resistentes a quedas e press\u00e3o, adequados para manuseio frequente e ambientes agressivos.<\/li>\n<li><strong><b>Desempenho de prote\u00e7\u00e3o forte<\/b><\/strong>: Amortecedor \u00e0 prova de choque e geralmente forrado com esponja EVA, pode proteger bem os itens dentro da caixa.<\/li>\n<li><strong><b>Personaliza\u00e7\u00e3o Profissional<\/b><\/strong>: Personalizado para armazenar suprimentos b\u00e1sicos de primeiros socorros, ferramentas m\u00e9dicas de emerg\u00eancia, medicamentos e assim por diante. Comumente usado em situa\u00e7\u00f5es externas, resgate de emerg\u00eancia, emerg\u00eancias militares, emerg\u00eancias pr\u00e9-hospitalares e outros.<\/li>\n<\/ul>\n<h4><span style=\"color: #003366;\">Detalhes do produto:<\/span><\/h4>\n<div style=\"display: flex; gap: 20px;\">\n<p><!-- \u7b2c\u4e00\u680f --><\/p>\n<div style=\"flex: 1; text-align: center;\">\n<p><img decoding=\"async\" style=\"max-width: 100%; height: auto; margin-bottom: 10px;\" src=\"https:\/\/suncasesupply.com\/wp-content\/uploads\/2025\/05\/1-Printing.jpg\" alt=\"1-Impress\u00e3o\" \/><\/p>\n<p><strong><b>Impress\u00e3o<\/b><\/strong><\/p>\n<p style=\"margin: 0;\">Esta Caixa de Aux\u00edlio M\u00e9dico de Alum\u00ednio \u00e9 impressa com o logotipo de primeiros socorros e as letras &quot;Caixa de Primeiros Socorros&quot;, o que demonstra claramente a fun\u00e7\u00e3o desta caixa. No entanto, se voc\u00ea quiser imprimir seu pr\u00f3prio logotipo\/padr\u00f5es, podemos personaliz\u00e1-lo para voc\u00ea.<\/p>\n<p>&nbsp;<\/p>\n<\/div>\n<p><!-- \u7b2c\u4e8c\u680f --><\/p>\n<div style=\"flex: 1; text-align: center;\">\n<p><img decoding=\"async\" style=\"max-width: 100%; height: auto; margin-bottom: 10px;\" src=\"https:\/\/suncasesupply.com\/wp-content\/uploads\/2025\/05\/2-Tool-Locks.jpg\" alt=\"Travas de 2 ferramentas\" \/><\/p>\n<p><b><\/b><strong><b>Travas de ferramentas<\/b><\/strong><\/p>\n<p style=\"margin: 0;\">A caixa \u00e9 feita de duas pe\u00e7as de travas para ferramentas, usadas principalmente para proporcionar seguran\u00e7a e praticidade. Evita que os itens na caixa sejam levados ou perdidos acidentalmente. Ao mesmo tempo, evita que a caixa seja aberta acidentalmente devido a vibra\u00e7\u00e3o ou colis\u00e3o, e evita que os itens se espalhem ou sejam danificados.<\/p>\n<\/div>\n<p><!-- \u7b2c\u4e09\u680f --><\/p>\n<div style=\"flex: 1; text-align: center;\">\n<p><img decoding=\"async\" style=\"max-width: 100%; height: auto; margin-bottom: 10px;\" src=\"https:\/\/suncasesupply.com\/wp-content\/uploads\/2025\/05\/3-Tray-Plate.jpg\" alt=\"Prato de 3 bandejas\" \/><\/p>\n<p><b><\/b><strong><b>Bandeja Prato<\/b><\/strong><\/p>\n<p>H\u00e1 uma bandeja dentro da caixa m\u00e9dica, usada principalmente para classificar e organizar itens. O armazenamento em camadas ajuda a classificar medicamentos e instrumentos como tesouras, pin\u00e7as, curativos, etc., evitando misturas e melhorando a efici\u00eancia da recupera\u00e7\u00e3o.<\/p>\n<\/div>\n<p><!-- \u7b2c\u56db\u680f --><\/p>\n<div style=\"flex: 1; text-align: center;\">\n<p><img decoding=\"async\" style=\"max-width: 100%; height: auto; margin-bottom: 10px;\" src=\"https:\/\/suncasesupply.com\/wp-content\/uploads\/2025\/05\/4-Storage-Pocket.jpg\" alt=\"4-Bolso de armazenamento\" \/><\/p>\n<p><b><\/b><strong><b>Bolso de armazenamento<\/b><\/strong><\/p>\n<p style=\"margin: 0;\">O bolso de armazenamento da caixa m\u00e9dica pode ser usado para classificar e armazenar itens m\u00e9dicos, mantendo-os limpos e organizados. Geralmente fica na parte interna da tampa superior da caixa, muito pr\u00e1tico de usar.<\/p>\n<\/div>\n<\/div>\n<h4><span style=\"color: #003366;\">Processo de fabrica\u00e7\u00e3o:<\/span><\/h4>\n<p><img decoding=\"async\" style=\"max-width: 100%; height: auto; margin-bottom: 10px;\" src=\"https:\/\/suncasesupply.com\/wp-content\/uploads\/2025\/07\/Manufacturing-Process.png\" alt=\"Processo de fabrica\u00e7\u00e3o do Suncase\" \/><\/p>\n<h4><span style=\"color: #003366;\">Informa\u00e7\u00f5es \u00fateis para compradores em massa:<\/span><\/h4>\n<ul>\n<li class=\"page-title\" title=\"O que torna os cart\u00f5es esportivos t\u00e3o valiosos?\">\n<p class=\"page-title\" title=\"Qual \u00e9 o tamanho da caixa do disco de vinil?\"><a href=\"https:\/\/suncasesupply.com\/pt\/blog\/custom-aluminum-case\/types-of-materials-used-in-tool-cases\/\">Explorando caixas de ferramentas de alum\u00ednio e outros tipos de materiais&gt;&gt;<\/a><\/p>\n<\/li>\n<li title=\"O que torna os cart\u00f5es esportivos t\u00e3o valiosos?\"><a href=\"https:\/\/suncasesupply.com\/pt\/blog\/reason-to-have-aluminum-tool-case\/\">Por que voc\u00ea precisa de uma maleta de ferramentas de alum\u00ednio?&gt;&gt;<\/a><\/li>\n<\/ul>","protected":false},"excerpt":{"rendered":"<p>Modelo: MC-0001<\/p>\n<p>Tamanho: 36 x 20 x 22 cm<\/p>\n<p>Cores: Cor prata<\/p>\n<p>Materiais: Estrutura de alum\u00ednio, painel de melamina, placa de MDF, ferragens.<\/p>\n<p>Logotipo: Logotipo de impress\u00e3o em seda<\/p>\n<p>Quantidade m\u00ednima: 100 pe\u00e7as<\/p>\n<p>Amostra: Dispon\u00edvel, tempo de amostra de cerca de 7 dias.<\/p>\n<p>Tempo de entrega: cerca de 25 dias<\/p>","protected":false},"featured_media":25367,"template":"","meta":{"_gspb_post_css":""},"product_cat":[81],"product_tag":[],"featured_image_urls":{"full":["https:\/\/suncasesupply.com\/wp-content\/uploads\/2025\/05\/sun-case-\u4e3b\u56fe.jpg",800,800,false],"thumbnail":["https:\/\/suncasesupply.com\/wp-content\/uploads\/2025\/05\/sun-case-\u4e3b\u56fe-150x150.jpg",150,150,true],"medium":["https:\/\/suncasesupply.com\/wp-content\/uploads\/2025\/05\/sun-case-\u4e3b\u56fe-300x300.jpg",300,300,true],"medium_large":["https:\/\/suncasesupply.com\/wp-content\/uploads\/2025\/05\/sun-case-\u4e3b\u56fe-768x768.jpg",768,768,true],"large":["https:\/\/suncasesupply.com\/wp-content\/uploads\/2025\/05\/sun-case-\u4e3b\u56fe.jpg",800,800,false],"1536x1536":["https:\/\/suncasesupply.com\/wp-content\/uploads\/2025\/05\/sun-case-\u4e3b\u56fe.jpg",800,800,false],"2048x2048":["https:\/\/suncasesupply.com\/wp-content\/uploads\/2025\/05\/sun-case-\u4e3b\u56fe.jpg",800,800,false],"trp-custom-language-flag":["https:\/\/suncasesupply.com\/wp-content\/uploads\/2025\/05\/sun-case-\u4e3b\u56fe-12x12.jpg",12,12,true],"woocommerce_thumbnail":["https:\/\/suncasesupply.com\/wp-content\/uploads\/2025\/05\/sun-case-\u4e3b\u56fe-300x300.jpg",300,300,true],"woocommerce_single":["https:\/\/suncasesupply.com\/wp-content\/uploads\/2025\/05\/sun-case-\u4e3b\u56fe-600x600.jpg",600,600,true],"woocommerce_gallery_thumbnail":["https:\/\/suncasesupply.com\/wp-content\/uploads\/2025\/05\/sun-case-\u4e3b\u56fe-100x100.jpg",100,100,true]},"post_excerpt_stackable":"<p>Model:MC-0001<\/p>\n<p>Size: 36 x 20 x 22 cm<\/p>\n<p>Colors:\u00a0Silver color<\/p>\n<p>Materials: Aluminum\u00a0frame,\u00a0Melamine Panel,\u00a0MDF Board, Hardware.<\/p>\n<p>Logo:\u00a0Silk Printing logo<\/p>\n<p>MOQ: 100pcs<\/p>\n<p>Sample: Available, sample time about 7 days.<\/p>\n<p>Deliver Time: About 25 days<\/p>\n","category_list":"","author_info":{"name":"","url":""},"comments_num":"0 comments","_links":{"self":[{"href":"https:\/\/suncasesupply.com\/pt\/wp-json\/wp\/v2\/product\/25366"}],"collection":[{"href":"https:\/\/suncasesupply.com\/pt\/wp-json\/wp\/v2\/product"}],"about":[{"href":"https:\/\/suncasesupply.com\/pt\/wp-json\/wp\/v2\/types\/product"}],"wp:featuredmedia":[{"embeddable":true,"href":"https:\/\/suncasesupply.com\/pt\/wp-json\/wp\/v2\/media\/25367"}],"wp:attachment":[{"href":"https:\/\/suncasesupply.com\/pt\/wp-json\/wp\/v2\/media?parent=25366"}],"wp:term":[{"taxonomy":"product_cat","embeddable":true,"href":"https:\/\/suncasesupply.com\/pt\/wp-json\/wp\/v2\/product_cat?post=25366"},{"taxonomy":"product_tag","embeddable":true,"href":"https:\/\/suncasesupply.com\/pt\/wp-json\/wp\/v2\/product_tag?post=25366"}],"curies":[{"name":"wp","href":"https:\/\/api.w.org\/{rel}","templated":true}]}}