{"id":24212,"date":"2024-11-20T17:52:13","date_gmt":"2024-11-20T09:52:13","guid":{"rendered":"https:\/\/suncasesupply.com\/?post_type=product&#038;p=24212"},"modified":"2025-08-21T14:02:52","modified_gmt":"2025-08-21T06:02:52","slug":"aluminum-attache-case-full-black-aluminum-lockable-briefcase-with-pickpluck-foam","status":"publish","type":"product","link":"https:\/\/suncasesupply.com\/pt\/product\/aluminum-attache-case-full-black-aluminum-lockable-briefcase-with-pickpluck-foam\/","title":{"rendered":"Maleta de alum\u00ednio para documentos, pasta preta com fecho em alum\u00ednio e espuma Pick&amp;Pluck"},"content":{"rendered":"<h4><span style=\"color: #003366;\">Caracter\u00edsticas:<\/span><\/h4>\n<ul>\n<li><strong><b>Seguran\u00e7a<\/b><\/strong>:A maleta de alum\u00ednio com trava feita com travas de combina\u00e7\u00e3o, que podem ser configuradas com suas pr\u00f3prias senhas, \u00e9 muito mais segura de usar do que a maleta feita com travas de ferramentas comuns.<\/li>\n<li><strong><b>E<\/b><\/strong><strong><b>Durabilidade excepcional:<\/b><\/strong>: A composi\u00e7\u00e3o da maleta de alum\u00ednio a torna muito forte e resistente. O painel externo de ABS \u00e0 prova d&#039;\u00e1gua e resistente a arranh\u00f5es se une \u00e0 espessa placa de MDF e, em seguida, ao tecido do revestimento interno, conferindo \u00e0 maleta uma durabilidade excepcional. Em geral, a capacidade m\u00e1xima de carga pode chegar a 15 kg.<\/li>\n<li><strong><strong><b><strong><b>F\u00e1cil de transportar<\/b><\/strong>:<\/b><\/strong><\/strong>A al\u00e7a de rebote cr\u00f4nico, que reduz a press\u00e3o e a vibra\u00e7\u00e3o, torna esta pasta de alum\u00ednio f\u00e1cil de transportar. Se voc\u00ea precisar de uma al\u00e7a de ombro, essa tamb\u00e9m ser\u00e1 uma boa op\u00e7\u00e3o, especialmente para usu\u00e1rios que procuram uma pasta leve de alum\u00ednio para laptop.<strong><strong><b><br \/>\n<\/b><\/strong><\/strong><\/li>\n<\/ul>\n<div style=\"background-color: #29599a; padding: 40px 20px; text-align: center; color: #ffffff; border-radius: 10px; margin: 40px auto; max-width: 960px;\">\n<h2 style=\"font-size: 22px; margin-bottom: 20px; font-weight: bold;\">Quantidade m\u00ednima de 100! Pasta de alum\u00ednio Sun Case Attache ideal para distribuidores globais.<\/h2>\n<p><a style=\"display: inline-block; padding: 12px 28px; background-color: #ffffff; color: #29599a; text-decoration: none; border-radius: 6px; font-weight: bold;\" href=\"https:\/\/suncasesupply.com\/pt\/contact-us\/\" target=\"_blank\" rel=\"noopener\">Obtenha uma cota\u00e7\u00e3o hoje<br \/>\n<\/a><\/p>\n<\/div>\n<h4><span style=\"color: #003366;\">Detalhes do produto:<\/span><\/h4>\n<div style=\"display: flex; gap: 20px;\">\n<p><!-- \u7b2c\u4e00\u680f --><\/p>\n<div style=\"flex: 1; text-align: center;\">\n<p><img decoding=\"async\" style=\"max-width: 100%; height: auto; margin-bottom: 10px;\" src=\"https:\/\/suncasesupply.com\/wp-content\/uploads\/2025\/03\/1-ABS-Panel.jpg\" alt=\"1-Painel ABS\" \/><\/p>\n<p style=\"font-weight: bold; margin: 5px 0;\"><strong><b>Painel ABS<\/b><\/strong><\/p>\n<p style=\"margin: 0;\">O painel desta maleta de alum\u00ednio \u00e9 feito de ABS com padr\u00e3o listrado preto, levemente \u00e0 prova d&#039;\u00e1gua e resistente a arranh\u00f5es, protegendo eficazmente os itens na maleta. Se desejar personalizar outras cores ou padr\u00f5es, podemos fazer isso para voc\u00ea.<\/p>\n<\/div>\n<p><!-- \u7b2c\u4e8c\u680f --><\/p>\n<div style=\"flex: 1; text-align: center;\">\n<p><img decoding=\"async\" style=\"max-width: 100%; height: auto; margin-bottom: 10px;\" src=\"https:\/\/suncasesupply.com\/wp-content\/uploads\/2025\/03\/2-Handle.jpg\" alt=\"2-Al\u00e7a\" \/><\/p>\n<p style=\"font-weight: bold; margin: 5px 0;\"><strong><b>Lidar<\/b><\/strong><\/p>\n<p style=\"margin: 0;\">Uma al\u00e7a forte \u00e9 um fator importante no peso da carga da maleta. Ela \u00e9 muito dur\u00e1vel e flex\u00edvel, pode ser girada 180 graus e se recuperar sozinha. Muito f\u00e1cil de carregar quando sair. Normalmente, a al\u00e7a ser\u00e1 preta, mas pode ser personalizada para a cor que voc\u00ea precisar.<\/p>\n<\/div>\n<p><!-- \u7b2c\u4e09\u680f --><\/p>\n<div style=\"flex: 1; text-align: center;\">\n<p><img decoding=\"async\" style=\"max-width: 100%; height: auto; margin-bottom: 10px;\" src=\"https:\/\/suncasesupply.com\/wp-content\/uploads\/2025\/03\/3-Lid-Stay.jpg\" alt=\"Suporte com 3 tampas\" \/><\/p>\n<p style=\"font-weight: bold; margin: 5px 0;\"><strong><b>Suporte de tampa<\/b><\/strong><\/p>\n<p style=\"margin: 0;\">O Lid Stay tamb\u00e9m \u00e9 chamado de Lid Support Hinge, ele conecta a tampa superior e a tampa inferior do case, sua fun\u00e7\u00e3o principal \u00e9 manter a tampa superior firme quando aberta. Para garantir que suas m\u00e3os n\u00e3o sejam atingidas pela tampa superior que cai repentinamente quando voc\u00ea a usa. Um case pode ser feito com One ou Two Lid Stay, depende de voc\u00ea.<\/p>\n<\/div>\n<p><!-- \u7b2c\u56db\u680f --><\/p>\n<div style=\"flex: 1; text-align: center;\">\n<p><img decoding=\"async\" style=\"max-width: 100%; height: auto; margin-bottom: 10px;\" src=\"https:\/\/suncasesupply.com\/wp-content\/uploads\/2025\/03\/4-Combination-Locks.jpg\" alt=\"4-Fechaduras de combina\u00e7\u00e3o\" \/><\/p>\n<p style=\"font-weight: bold; margin: 5px 0;\"><strong><b>Fechaduras de combina\u00e7\u00e3o<\/b><\/strong><\/p>\n<p style=\"margin: 0;\">As travas de combina\u00e7\u00e3o, sem d\u00favida, adicionam uma camada de prote\u00e7\u00e3o \u00e0 pasta. Antes de usar a pasta, voc\u00ea pode definir sua pr\u00f3pria combina\u00e7\u00e3o para a mala, com as travas de combina\u00e7\u00e3o, \u00e9 seguro armazenar seus arquivos importantes, laptop e quaisquer outros itens.<\/p>\n<\/div>\n<\/div>\n<div style=\"background-color: #29599a; padding: 40px 20px; text-align: center; color: #ffffff; border-radius: 10px; margin: 40px auto; max-width: 960px;\">\n<h2 style=\"font-size: 22px; margin-bottom: 20px; font-weight: bold;\">Maleta de alum\u00ednio Sun Case Attache \u2014 tamanho personalizado, carga resistente, prazo de entrega r\u00e1pido.<\/h2>\n<p><a style=\"display: inline-block; padding: 12px 28px; background-color: #ffffff; color: #29599a; text-decoration: none; border-radius: 6px; font-weight: bold;\" href=\"https:\/\/suncasesupply.com\/pt\/contact-us\/\" target=\"_blank\" rel=\"noopener\">Obtenha uma cota\u00e7\u00e3o hoje<br \/>\n<\/a><\/p>\n<\/div>\n<h4><span style=\"color: #003366;\">Processo de fabrica\u00e7\u00e3o:<\/span><\/h4>\n<p><img decoding=\"async\" style=\"max-width: 100%; height: auto; margin-bottom: 10px;\" src=\"https:\/\/suncasesupply.com\/wp-content\/uploads\/2025\/07\/Manufacturing-Process.png\" alt=\"Processo de fabrica\u00e7\u00e3o do Suncase\" \/><\/p>\n<div style=\"display: flex; gap: 20px;\">\n<p><!-- \u7b2c\u4e00\u680f \u6d41\u7a0b1--><\/p>\n<div style=\"flex: 1; text-align: center;\"><\/div>\n<\/div>\n<div style=\"display: flex; gap: 20px;\">\n<div style=\"flex: 1; text-align: center;\">\n<p style=\"font-weight: bold; margin: 5px 0;\">\n<\/div>\n<\/div>\n<h4><span style=\"color: #003366;\">Informa\u00e7\u00f5es \u00fateis para compradores em massa:<\/span><\/h4>\n<ul>\n<li class=\"page-title\" title=\"O que torna os cart\u00f5es esportivos t\u00e3o valiosos?\">\n<p class=\"page-title\" title=\"Por que voc\u00ea deve considerar uma capa de alum\u00ednio para laptop para prote\u00e7\u00e3o\"><a href=\"https:\/\/suncasesupply.com\/pt\/blog\/custom-aluminum-case\/benefits-of-aluminum-laptop-case\/\">Por que voc\u00ea deve considerar uma capa de alum\u00ednio para laptop para prote\u00e7\u00e3o &gt;&gt;<\/a><\/p>\n<\/li>\n<li title=\"O que torna os cart\u00f5es esportivos t\u00e3o valiosos?\">\n<p class=\"page-title\" title=\"Por que as pastas de alum\u00ednio s\u00e3o t\u00e3o caras?\"><a href=\"https:\/\/suncasesupply.com\/pt\/blog\/custom-aluminum-case\/why-aluminum-briefcase-expensive\/\">Por que as pastas de alum\u00ednio s\u00e3o t\u00e3o caras? &gt;&gt;<\/a><\/p>\n<\/li>\n<li title=\"O que torna os cart\u00f5es esportivos t\u00e3o valiosos?\">\n<p class=\"page-title\" title=\"8 raz\u00f5es pelas quais as pastas de alum\u00ednio s\u00e3o sua melhor escolha para viagens de neg\u00f3cios\"><a href=\"https:\/\/suncasesupply.com\/pt\/blog\/custom-aluminum-case\/8-reasons-why-aluminum-briefcases-is-your-best-choice-for-business-travel\/\">8 raz\u00f5es pelas quais as pastas de alum\u00ednio s\u00e3o sua melhor escolha para viagens de neg\u00f3cios &gt;&gt;<\/a><\/p>\n<\/li>\n<\/ul>","protected":false},"excerpt":{"rendered":"<p>Modelo: SC-BA002<\/p>\n<p>Tamanho: 450*330*120mm ou tamanho personalizado<\/p>\n<p>Cores: Cor preta ou outras cores<\/p>\n<p>Materiais: Estrutura de alum\u00ednio, placa de MDF, painel de ABS, acess\u00f3rios.<\/p>\n<p>Logotipo: Logotipo de placa de metal, Logotipo de serigrafia<\/p>\n<p><span style=\"color: #000000;\">Quantidade m\u00ednima: 100 pe\u00e7as<\/span><\/p>","protected":false},"featured_media":25368,"template":"","meta":{"_gspb_post_css":""},"product_cat":[82],"product_tag":[],"featured_image_urls":{"full":["https:\/\/suncasesupply.com\/wp-content\/uploads\/2025\/05\/briefcase.jpg",800,800,false],"thumbnail":["https:\/\/suncasesupply.com\/wp-content\/uploads\/2025\/05\/briefcase-150x150.jpg",150,150,true],"medium":["https:\/\/suncasesupply.com\/wp-content\/uploads\/2025\/05\/briefcase-300x300.jpg",300,300,true],"medium_large":["https:\/\/suncasesupply.com\/wp-content\/uploads\/2025\/05\/briefcase-768x768.jpg",768,768,true],"large":["https:\/\/suncasesupply.com\/wp-content\/uploads\/2025\/05\/briefcase.jpg",800,800,false],"1536x1536":["https:\/\/suncasesupply.com\/wp-content\/uploads\/2025\/05\/briefcase.jpg",800,800,false],"2048x2048":["https:\/\/suncasesupply.com\/wp-content\/uploads\/2025\/05\/briefcase.jpg",800,800,false],"trp-custom-language-flag":["https:\/\/suncasesupply.com\/wp-content\/uploads\/2025\/05\/briefcase-12x12.jpg",12,12,true],"woocommerce_thumbnail":["https:\/\/suncasesupply.com\/wp-content\/uploads\/2025\/05\/briefcase-300x300.jpg",300,300,true],"woocommerce_single":["https:\/\/suncasesupply.com\/wp-content\/uploads\/2025\/05\/briefcase-600x600.jpg",600,600,true],"woocommerce_gallery_thumbnail":["https:\/\/suncasesupply.com\/wp-content\/uploads\/2025\/05\/briefcase-100x100.jpg",100,100,true]},"post_excerpt_stackable":"<p>Model :SC-BA002<\/p>\n<p>Size: 450*330*120mm or Customize\u00a0Size<\/p>\n<p>Colors: Black color or other colors<\/p>\n<p>Materials: Aluminum\u00a0frame, MDF Board, ABS\u00a0Panel, Accessories.<\/p>\n<p>Logo: Metal plate logo, Silk screen printing logo<\/p>\n<p><span style=\"color: #000000;\">MOQ: 100pcs<\/span><\/p>\n","category_list":"","author_info":{"name":"","url":""},"comments_num":"0 comments","_links":{"self":[{"href":"https:\/\/suncasesupply.com\/pt\/wp-json\/wp\/v2\/product\/24212"}],"collection":[{"href":"https:\/\/suncasesupply.com\/pt\/wp-json\/wp\/v2\/product"}],"about":[{"href":"https:\/\/suncasesupply.com\/pt\/wp-json\/wp\/v2\/types\/product"}],"wp:featuredmedia":[{"embeddable":true,"href":"https:\/\/suncasesupply.com\/pt\/wp-json\/wp\/v2\/media\/25368"}],"wp:attachment":[{"href":"https:\/\/suncasesupply.com\/pt\/wp-json\/wp\/v2\/media?parent=24212"}],"wp:term":[{"taxonomy":"product_cat","embeddable":true,"href":"https:\/\/suncasesupply.com\/pt\/wp-json\/wp\/v2\/product_cat?post=24212"},{"taxonomy":"product_tag","embeddable":true,"href":"https:\/\/suncasesupply.com\/pt\/wp-json\/wp\/v2\/product_tag?post=24212"}],"curies":[{"name":"wp","href":"https:\/\/api.w.org\/{rel}","templated":true}]}}