{"id":24205,"date":"2024-11-20T15:52:57","date_gmt":"2024-11-20T07:52:57","guid":{"rendered":"https:\/\/suncasesupply.com\/?post_type=product&#038;p=24205"},"modified":"2025-08-21T14:02:33","modified_gmt":"2025-08-21T06:02:33","slug":"tool-box-multi-purpose-hard-aluminum-organizer-suitcase-tool-accessories-parts-storage-case","status":"publish","type":"product","link":"https:\/\/suncasesupply.com\/pt\/product\/tool-box-multi-purpose-hard-aluminum-organizer-suitcase-tool-accessories-parts-storage-case\/","title":{"rendered":"Caixa de ferramentas multifuncional de alum\u00ednio r\u00edgido organizador mala de ferramentas acess\u00f3rios pe\u00e7as estojo de armazenamento"},"content":{"rendered":"<h4><span style=\"color: #003366;\">Caracter\u00edsticas:<\/span><\/h4>\n<ul>\n<li>A maleta de ferramentas de alum\u00ednio \u00e9 feita de estrutura de alum\u00ednio resistente, com cantos refor\u00e7ados para seguran\u00e7a.<\/li>\n<li>Painel remov\u00edvel, paredes segmentadas e espuma em cubos pr\u00e9-perfurada para armazenamento organizado em sua caixa de ferramentas de pasta de alum\u00ednio.<\/li>\n<li>O painel remov\u00edvel inclui 13 bolsas de v\u00e1rios tamanhos e 4 mangas, ideais para usu\u00e1rios de qualquer mala de ferramentas.<\/li>\n<li>Paredes segmentadas e pain\u00e9is ajust\u00e1veis permitem ajustes em incrementos de 1\/4\u2033, \u00f3timos para configurar seu estojo de armazenamento de ferramentas de alum\u00ednio.<\/li>\n<li>Al\u00e7a de transporte com travas de seguran\u00e7a inclui 2 chaves para seguran\u00e7a, tornando-se um pr\u00e1tico estojo de alum\u00ednio para armazenamento de ferramentas para profissionais.<\/li>\n<\/ul>\n<h4><span style=\"color: #003366;\">Detalhes do produto:<\/span><\/h4>\n<div style=\"display: flex; gap: 20px;\">\n<p><!-- \u7b2c\u4e00\u680f --><\/p>\n<div style=\"flex: 1; text-align: center;\">\n<p><img decoding=\"async\" style=\"max-width: 100%; height: auto; margin-bottom: 10px;\" src=\"https:\/\/suncasesupply.com\/wp-content\/uploads\/2025\/03\/EVA-Dividers.jpg\" alt=\"Divis\u00f3rias de EVA\" \/><\/p>\n<p><strong><b>Divis\u00f3rias de EVA<\/b><\/strong><\/p>\n<p style=\"margin: 0;\">O interior \u00e9 equipado com divis\u00f3rias remov\u00edveis de EVA, permitindo que os usu\u00e1rios personalizem o espa\u00e7o de armazenamento de acordo com as ferramentas ou equipamentos a serem transportados e armazenados.<\/p>\n<p>&nbsp;<\/p>\n<\/div>\n<p><!-- \u7b2c\u4e8c\u680f --><\/p>\n<div style=\"flex: 1; text-align: center;\">\n<p><img decoding=\"async\" style=\"max-width: 100%; height: auto; margin-bottom: 10px;\" src=\"https:\/\/suncasesupply.com\/wp-content\/uploads\/2025\/03\/Interior-tools-panel.jpg\" alt=\"Painel de ferramentas internas\" \/><\/p>\n<p><strong><b>Painel de ferramentas internas<\/b><\/strong><\/p>\n<p style=\"margin: 0;\">O painel de ferramentas \u00e9 costurado com bolsos de diferentes tamanhos e profundidades, que podem facilmente armazenar itens de v\u00e1rios tamanhos, como chaves inglesas, pin\u00e7as, alicates, tesouras, paqu\u00edmetros, etc. E o painel \u00e9 remov\u00edvel, o que \u00e9 muito conveniente para os trabalhadores trabalharem.<\/p>\n<\/div>\n<p><!-- \u7b2c\u4e09\u680f --><\/p>\n<div style=\"flex: 1; text-align: center;\">\n<p><img decoding=\"async\" style=\"max-width: 100%; height: auto; margin-bottom: 10px;\" src=\"https:\/\/suncasesupply.com\/wp-content\/uploads\/2025\/03\/Handle-1.jpg\" alt=\"Al\u00e7a port\u00e1til\" \/><\/p>\n<p><strong><b>Al\u00e7a port\u00e1til<\/b><\/strong><\/p>\n<p>A al\u00e7a \u00e9 feita de pl\u00e1stico e alum\u00ednio, e o design \u00e9 completamente ergon\u00f4mico, para que suas m\u00e3os possam segur\u00e1-la confortavelmente ao carregar a caixa. A base de metal \u00e9 muito resistente e pode carregar itens de at\u00e9 10 kg.<\/p>\n<\/div>\n<p><!-- \u7b2c\u56db\u680f --><\/p>\n<div style=\"flex: 1; text-align: center;\">\n<p><img decoding=\"async\" style=\"max-width: 100%; height: auto; margin-bottom: 10px;\" src=\"https:\/\/suncasesupply.com\/wp-content\/uploads\/2025\/03\/Enhanced-corners.jpg\" alt=\"Cantos melhorados\" \/><\/p>\n<p><strong><b>Cantos melhorados<\/b><\/strong><\/p>\n<p style=\"margin: 0;\">Equipado com cantos de metal tipo K, ele melhora muito a anticolis\u00e3o e a durabilidade da caixa, e pode proteger bem a seguran\u00e7a dos itens durante o transporte, como esperado em uma maleta de ferramentas de alum\u00ednio premium.<\/p>\n<\/div>\n<\/div>\n<div style=\"background-color: #29599a; padding: 40px 20px; text-align: center; color: #ffffff; border-radius: 10px; margin: 40px auto; max-width: 960px;\">\n<h2 style=\"font-size: 22px; margin-bottom: 20px; font-weight: bold;\"><span style=\"color: #ffffff;\">Quantidade m\u00ednima de 100 para caixa de armazenamento de ferramentas de alum\u00ednio Sun Case \u2014 garanta seu pedido em grandes quantidades agora!<\/span><\/h2>\n<p><a style=\"display: inline-block; padding: 12px 28px; background-color: #ffffff; color: #29599a; text-decoration: none; border-radius: 6px; font-weight: bold;\" href=\"https:\/\/suncasesupply.com\/pt\/contact-us\/\" target=\"_blank\" rel=\"noopener\">Obtenha uma cota\u00e7\u00e3o hoje<br \/>\n<\/a><\/p>\n<\/div>\n<h4><span style=\"color: #003366;\">Processo de fabrica\u00e7\u00e3o:<\/span><\/h4>\n<p><img decoding=\"async\" style=\"max-width: 100%; height: auto; margin-bottom: 10px;\" src=\"https:\/\/suncasesupply.com\/wp-content\/uploads\/2025\/07\/Manufacturing-Process.png\" alt=\"Processo de fabrica\u00e7\u00e3o do Suncase\" \/><\/p>\n<div style=\"display: flex; gap: 20px;\">\n<p><!-- \u7b2c\u4e00\u680f \u6d41\u7a0b1--><\/p>\n<div style=\"flex: 1; text-align: center;\"><\/div>\n<\/div>\n<div style=\"display: flex; gap: 20px;\">\n<div style=\"flex: 1; text-align: center;\">\n<p style=\"font-weight: bold; margin: 5px 0;\">\n<\/div>\n<\/div>\n<h4><span style=\"color: #003366;\">Informa\u00e7\u00f5es \u00fateis para compradores em massa:<\/span><\/h4>\n<ul>\n<li class=\"page-title\" title=\"O que torna os cart\u00f5es esportivos t\u00e3o valiosos?\">\n<p class=\"page-title\" title=\"Qual \u00e9 o tamanho da caixa do disco de vinil?\"><a href=\"https:\/\/suncasesupply.com\/pt\/blog\/custom-aluminum-case\/types-of-materials-used-in-tool-cases\/\">Explorando caixas de ferramentas de alum\u00ednio e outros tipos de materiais&gt;&gt;<\/a><\/p>\n<\/li>\n<li title=\"O que torna os cart\u00f5es esportivos t\u00e3o valiosos?\"><a href=\"https:\/\/suncasesupply.com\/pt\/blog\/reason-to-have-aluminum-tool-case\/\">Por que voc\u00ea precisa de uma maleta de ferramentas de alum\u00ednio?&gt;&gt;<\/a><\/li>\n<\/ul>","protected":false},"excerpt":{"rendered":"<p>Modelo: SC-BA0009<\/p>\n<p>Tamanho: 47 x 36 x 15cm ou personalizar<\/p>\n<p>Cores: Prata ou personalizar<\/p>\n<p>Materiais: Alum\u00ednio, placa de MDF, painel de ABS, acess\u00f3rios.<\/p>\n<p>Logotipo: Logotipo em placa de metal, logotipo em serigrafia<\/p>\n<p>Quantidade m\u00ednima: 100 pe\u00e7as<\/p>","protected":false},"featured_media":25369,"template":"","meta":{"_gspb_post_css":""},"product_cat":[81],"product_tag":[],"featured_image_urls":{"full":["https:\/\/suncasesupply.com\/wp-content\/uploads\/2025\/05\/tool-case.jpg",800,800,false],"thumbnail":["https:\/\/suncasesupply.com\/wp-content\/uploads\/2025\/05\/tool-case-150x150.jpg",150,150,true],"medium":["https:\/\/suncasesupply.com\/wp-content\/uploads\/2025\/05\/tool-case-300x300.jpg",300,300,true],"medium_large":["https:\/\/suncasesupply.com\/wp-content\/uploads\/2025\/05\/tool-case-768x768.jpg",768,768,true],"large":["https:\/\/suncasesupply.com\/wp-content\/uploads\/2025\/05\/tool-case.jpg",800,800,false],"1536x1536":["https:\/\/suncasesupply.com\/wp-content\/uploads\/2025\/05\/tool-case.jpg",800,800,false],"2048x2048":["https:\/\/suncasesupply.com\/wp-content\/uploads\/2025\/05\/tool-case.jpg",800,800,false],"trp-custom-language-flag":["https:\/\/suncasesupply.com\/wp-content\/uploads\/2025\/05\/tool-case-12x12.jpg",12,12,true],"woocommerce_thumbnail":["https:\/\/suncasesupply.com\/wp-content\/uploads\/2025\/05\/tool-case-300x300.jpg",300,300,true],"woocommerce_single":["https:\/\/suncasesupply.com\/wp-content\/uploads\/2025\/05\/tool-case-600x600.jpg",600,600,true],"woocommerce_gallery_thumbnail":["https:\/\/suncasesupply.com\/wp-content\/uploads\/2025\/05\/tool-case-100x100.jpg",100,100,true]},"post_excerpt_stackable":"<p>Model: SC-BA0009<\/p>\n<p>Size: 47 x 36 x 15cm or Customize<\/p>\n<p>Colors: Silver or customize<\/p>\n<p>Materials: Aluminum, MDF board, ABS\u00a0Panel, Accessories.<\/p>\n<p>Logo: Metal plate logo, silk screen logo<\/p>\n<p>MOQ: 100pcs<\/p>\n","category_list":"","author_info":{"name":"","url":""},"comments_num":"0 comments","_links":{"self":[{"href":"https:\/\/suncasesupply.com\/pt\/wp-json\/wp\/v2\/product\/24205"}],"collection":[{"href":"https:\/\/suncasesupply.com\/pt\/wp-json\/wp\/v2\/product"}],"about":[{"href":"https:\/\/suncasesupply.com\/pt\/wp-json\/wp\/v2\/types\/product"}],"wp:featuredmedia":[{"embeddable":true,"href":"https:\/\/suncasesupply.com\/pt\/wp-json\/wp\/v2\/media\/25369"}],"wp:attachment":[{"href":"https:\/\/suncasesupply.com\/pt\/wp-json\/wp\/v2\/media?parent=24205"}],"wp:term":[{"taxonomy":"product_cat","embeddable":true,"href":"https:\/\/suncasesupply.com\/pt\/wp-json\/wp\/v2\/product_cat?post=24205"},{"taxonomy":"product_tag","embeddable":true,"href":"https:\/\/suncasesupply.com\/pt\/wp-json\/wp\/v2\/product_tag?post=24205"}],"curies":[{"name":"wp","href":"https:\/\/api.w.org\/{rel}","templated":true}]}}