{"id":24141,"date":"2024-11-18T17:48:24","date_gmt":"2024-11-18T09:48:24","guid":{"rendered":"https:\/\/suncasesupply.com\/?post_type=product&#038;p=24141"},"modified":"2025-09-04T15:18:21","modified_gmt":"2025-09-04T07:18:21","slug":"makeup-train-case-6-tier-trays-with-compartments-jewelry-storage-organizer-box","status":"publish","type":"product","link":"https:\/\/suncasesupply.com\/pt\/product\/makeup-train-case-6-tier-trays-with-compartments-jewelry-storage-organizer-box\/","title":{"rendered":"Estojo de maquiagem com 6 bandejas de n\u00edvel com compartimentos, organizador de joias"},"content":{"rendered":"<h4><span style=\"color: #003366;\">Caracter\u00edsticas:<\/span><\/h4>\n<ul>\n<li><strong>F\u00e1cil de transportar<\/strong>: O estojo de maquiagem em alum\u00ednio mant\u00e9m a resist\u00eancia e a leveza, facilitando o transporte. A al\u00e7a de transporte possui design ergon\u00f4mico, o que o torna muito confort\u00e1vel para levar este estojo de maquiagem em qualquer lugar.<\/li>\n<li><strong>Grande capacidade<\/strong>: Ele pode categorizar e armazenar ordenadamente todos os utens\u00edlios e produtos de maquiagem (base, sombra, pinc\u00e9is, c\u00edlios posti\u00e7os, luzes de maquiagem, etc.), tornando conveniente para maquiadores prestarem servi\u00e7os porta a porta, acompanharem a maquiagem ou participarem de filmes, televis\u00e3o e pe\u00e7as de teatro. \u00c9 um est\u00fadio m\u00f3vel para profissionais, tamb\u00e9m pr\u00e1tico como maleta para maquiagem.<\/li>\n<\/ul>\n<h4><span style=\"color: #003366;\">Detalhes do produto:<\/span><\/h4>\n<div style=\"display: flex; gap: 20px;\">\n<div style=\"flex: 1; text-align: center;\">\n<p><img decoding=\"async\" style=\"max-width: 100%; height: auto; margin-bottom: 10px;\" src=\"https:\/\/suncasesupply.com\/wp-content\/uploads\/2025\/08\/Sturdy-structure.jpg\" alt=\"Estrutura robusta\" \/><\/p>\n<p style=\"font-weight: bold; margin: 5px 0;\">Estrutura s\u00f3lida<\/p>\n<p style=\"margin: 0;\">O corpo principal \u00e9 feito de liga de alum\u00ednio de alta qualidade com protetores de canto refor\u00e7ados e um design de cantos s\u00f3lidos. A estrutura s\u00f3lida confere-lhe uma capacidade de carga muito forte e resiste eficazmente a impactos externos e extrus\u00e3o, protegendo os objetos de valor no interior, seja usado como uma mala de maquilhagem com 6 bandejas.<\/p>\n<\/div>\n<p><!-- \u7b2c\u4e8c\u680f --><\/p>\n<div style=\"flex: 1; text-align: center;\">\n<p><img decoding=\"async\" style=\"max-width: 100%; height: auto; margin-bottom: 10px;\" src=\"https:\/\/suncasesupply.com\/wp-content\/uploads\/2025\/08\/Sturdy-lock-1.jpg\" alt=\"Fechadura resistente\" \/><\/p>\n<p style=\"font-weight: bold; margin: 5px 0;\"><strong><b>Fechadura Forte<\/b><\/strong><\/p>\n<p style=\"margin: 0;\">A trava de fivela padr\u00e3o com chave garante uma veda\u00e7\u00e3o firme quando trancada, evitando roubo, poeira e umidade. A trava \u00e9 embutida na caixa, dificultando a abertura e garantindo a seguran\u00e7a do conte\u00fado.<\/p>\n<\/div>\n<p><!-- \u7b2c\u4e09\u680f --><\/p>\n<div style=\"flex: 1; text-align: center;\">\n<p><img decoding=\"async\" style=\"max-width: 100%; height: auto; margin-bottom: 10px;\" src=\"https:\/\/suncasesupply.com\/wp-content\/uploads\/2025\/08\/Durable-trays.jpg\" alt=\"Bandejas dur\u00e1veis\" \/><\/p>\n<p style=\"font-weight: bold; margin: 5px 0;\">Bandejas dur\u00e1veis dentro<\/p>\n<p style=\"margin: 0;\">O interior possui seis bandejas acolchoadas com divis\u00f3rias remov\u00edveis, permitindo divis\u00f5es personalizadas de acordo com o formato e o tamanho dos pinc\u00e9is, p\u00f3s, frascos e potes de maquiagem, garantindo a organiza\u00e7\u00e3o de cada item. Elas tamb\u00e9m oferecem excelente amortecimento e seguran\u00e7a, evitando trepida\u00e7\u00f5es, colis\u00f5es e danos durante o transporte.<\/p>\n<\/div>\n<p><!-- \u7b2c\u56db\u680f --><\/p>\n<div style=\"flex: 1; text-align: center;\">\n<p><img decoding=\"async\" src=\"https:\/\/suncasesupply.com\/wp-content\/uploads\/2025\/08\/Diamond-surface.jpg\" \/><\/p>\n<p><strong>Superf\u00edcie de diamante<\/strong><\/p>\n<p style=\"margin: 0;\">O design em tecido com padr\u00e3o diamante n\u00e3o s\u00f3 cria uma apar\u00eancia limpa e elegante, como tamb\u00e9m protege eficazmente o gabinete contra arranh\u00f5es durante o uso. A superf\u00edcie \u00e9 tipicamente oxidada e est\u00e1 dispon\u00edvel em uma variedade de cores (como preto, prata, rosa e azul), tornando-a resistente ao desgaste e ao desbotamento \u2014 ideal para cosm\u00e9ticos ou at\u00e9 mesmo como porta-joias e an\u00e9is.<\/p>\n<\/div>\n<\/div>\n<div style=\"background-color: #29599a; padding: 40px 20px; text-align: center; color: #ffffff; border-radius: 10px; margin: 40px auto; max-width: 960px;\">\n<h2 style=\"font-size: 22px; margin-bottom: 20px; font-weight: bold;\">Compre estojo de maquiagem Sun Case no atacado, quantidade m\u00ednima de 100 unidades.<\/h2>\n<p><a style=\"display: inline-block; padding: 12px 28px; background-color: #ffffff; color: #29599a; text-decoration: none; border-radius: 6px; font-weight: bold;\" href=\"https:\/\/suncasesupply.com\/pt\/contact-us\/\" target=\"_blank\" rel=\"noopener\">Obtenha uma cota\u00e7\u00e3o hoje<br \/>\n<\/a><\/p>\n<\/div>\n<h4><span style=\"color: #003366;\">Processo de fabrica\u00e7\u00e3o do estojo de maquiagem:<\/span><\/h4>\n<p><img decoding=\"async\" style=\"max-width: 100%; height: auto; margin-bottom: 10px;\" src=\"https:\/\/suncasesupply.com\/wp-content\/uploads\/2025\/07\/Manufacturing-Process.png\" alt=\"Processo de fabrica\u00e7\u00e3o do Suncase\" \/><\/p>\n<div style=\"display: flex; gap: 20px;\"><\/div>\n<div style=\"display: flex; gap: 20px;\">\n<div style=\"flex: 1; text-align: center;\">\n<p style=\"font-weight: bold; margin: 5px 0;\">\n<\/div>\n<\/div>\n<h4><span style=\"color: #003366;\">Informa\u00e7\u00f5es \u00fateis para compradores em massa:<\/span><\/h4>\n<ul>\n<li class=\"page-title\" title=\"O que torna os cart\u00f5es esportivos t\u00e3o valiosos?\"><a href=\"https:\/\/suncasesupply.com\/pt\/blog\/makeup-case\/how-to-build-the-ultimate-makeup-artist-case-for-your-set-bag-needs\/\">Construindo a maleta perfeita para maquiadores: guia definitivo para bolsas de conjunto<\/a><\/li>\n<li title=\"O que torna os cart\u00f5es esportivos t\u00e3o valiosos?\"><a href=\"https:\/\/suncasesupply.com\/pt\/blog\/makeup-case\/guide-of-hairdressing-trolley-case\/\">Guia para comprar um estojo de carrinho de cabeleireiro<\/a><\/li>\n<li title=\"O que torna os cart\u00f5es esportivos t\u00e3o valiosos?\"><a href=\"https:\/\/suncasesupply.com\/pt\/blog\/makeup-case\/how-to-choose-2\/\">Como escolher o estojo de maquiagem profissional certo<\/a><\/li>\n<\/ul>","protected":false},"excerpt":{"rendered":"<p>Modelo: SC-BA0007<\/p>\n<p>Tamanho: 36*24*28cm<\/p>\n<p>Quantidade m\u00ednima: 100 pe\u00e7as<\/p>\n<p>Prazo de entrega: 15-25 dias<\/p>\n<p>Amostra: Dispon\u00edvel<\/p>","protected":false},"featured_media":25381,"template":"","meta":{"_gspb_post_css":""},"product_cat":[34,96],"product_tag":[],"featured_image_urls":{"full":["https:\/\/suncasesupply.com\/wp-content\/uploads\/2025\/05\/black-makeup-case.jpg",800,800,false],"thumbnail":["https:\/\/suncasesupply.com\/wp-content\/uploads\/2025\/05\/black-makeup-case-150x150.jpg",150,150,true],"medium":["https:\/\/suncasesupply.com\/wp-content\/uploads\/2025\/05\/black-makeup-case-300x300.jpg",300,300,true],"medium_large":["https:\/\/suncasesupply.com\/wp-content\/uploads\/2025\/05\/black-makeup-case-768x768.jpg",768,768,true],"large":["https:\/\/suncasesupply.com\/wp-content\/uploads\/2025\/05\/black-makeup-case.jpg",800,800,false],"1536x1536":["https:\/\/suncasesupply.com\/wp-content\/uploads\/2025\/05\/black-makeup-case.jpg",800,800,false],"2048x2048":["https:\/\/suncasesupply.com\/wp-content\/uploads\/2025\/05\/black-makeup-case.jpg",800,800,false],"trp-custom-language-flag":["https:\/\/suncasesupply.com\/wp-content\/uploads\/2025\/05\/black-makeup-case-12x12.jpg",12,12,true],"woocommerce_thumbnail":["https:\/\/suncasesupply.com\/wp-content\/uploads\/2025\/05\/black-makeup-case-300x300.jpg",300,300,true],"woocommerce_single":["https:\/\/suncasesupply.com\/wp-content\/uploads\/2025\/05\/black-makeup-case-600x600.jpg",600,600,true],"woocommerce_gallery_thumbnail":["https:\/\/suncasesupply.com\/wp-content\/uploads\/2025\/05\/black-makeup-case-100x100.jpg",100,100,true]},"post_excerpt_stackable":"<p>Model : SC-BA0007<\/p>\n<p>Size: 36*24*28cm<\/p>\n<p>MOQ:100pcs<\/p>\n<p>Delivery Time : 15-25 Days<\/p>\n<p>Sample : Available<\/p>\n","category_list":"","author_info":{"name":"","url":""},"comments_num":"0 comments","_links":{"self":[{"href":"https:\/\/suncasesupply.com\/pt\/wp-json\/wp\/v2\/product\/24141"}],"collection":[{"href":"https:\/\/suncasesupply.com\/pt\/wp-json\/wp\/v2\/product"}],"about":[{"href":"https:\/\/suncasesupply.com\/pt\/wp-json\/wp\/v2\/types\/product"}],"wp:featuredmedia":[{"embeddable":true,"href":"https:\/\/suncasesupply.com\/pt\/wp-json\/wp\/v2\/media\/25381"}],"wp:attachment":[{"href":"https:\/\/suncasesupply.com\/pt\/wp-json\/wp\/v2\/media?parent=24141"}],"wp:term":[{"taxonomy":"product_cat","embeddable":true,"href":"https:\/\/suncasesupply.com\/pt\/wp-json\/wp\/v2\/product_cat?post=24141"},{"taxonomy":"product_tag","embeddable":true,"href":"https:\/\/suncasesupply.com\/pt\/wp-json\/wp\/v2\/product_tag?post=24141"}],"curies":[{"name":"wp","href":"https:\/\/api.w.org\/{rel}","templated":true}]}}