{"id":24134,"date":"2024-11-18T17:38:18","date_gmt":"2024-11-18T09:38:18","guid":{"rendered":"https:\/\/suncasesupply.com\/?post_type=product&#038;p=24134"},"modified":"2025-09-04T15:13:54","modified_gmt":"2025-09-04T07:13:54","slug":"black-aluminum-box-with-pre-cutting-foam-insert-high-density-pick-pluck-toolbox","status":"publish","type":"product","link":"https:\/\/suncasesupply.com\/pt\/product\/black-aluminum-box-with-pre-cutting-foam-insert-high-density-pick-pluck-toolbox\/","title":{"rendered":"Caixa de alum\u00ednio preta com inser\u00e7\u00e3o de espuma pr\u00e9-cortada, caixa de ferramentas de alta densidade Pick Pluck"},"content":{"rendered":"<h4><span style=\"color: #003366;\">Caracter\u00edsticas:<\/span><\/h4>\n<ul>\n<li><strong><b>Dimens\u00e3o Personalizada Aceit\u00e1vel<\/b><\/strong>: A dimens\u00e3o regular desta maleta de ferramentas de alum\u00ednio \u00e9 400x320x120 mm, mas o tamanho personalizado \u00e9 aceit\u00e1vel, o comprimento, a largura e a altura podem ser feitos de acordo com suas solicita\u00e7\u00f5es.<\/li>\n<li><strong><b>Espuma DIY personalizada<\/b><\/strong><strong><b>:<\/b><\/strong><strong><b>\u00a0<\/b><\/strong>A espuma j\u00e1 foi cortada com anteced\u00eancia. Voc\u00ea pode fazer o tamanho apropriado de acordo com o tamanho do item dentro desta maleta de ferramentas de alum\u00ednio com espuma.<\/li>\n<li><strong><b>Constru\u00e7\u00e3o em liga de alum\u00ednio premium: <\/b><\/strong>A constru\u00e7\u00e3o do estojo de ferramentas de barbeiro de alum\u00ednio \u00e9 resistente e dur\u00e1vel, o que pode proteger seus produtos de quedas e impactos repentinos<\/li>\n<li><strong><b>Lindo <\/b><\/strong><strong><b>A<\/b><\/strong><strong><b>apar\u00eancia<\/b><\/strong><strong><b>: <\/b><\/strong>A combina\u00e7\u00e3o de cores \u00e9 avan\u00e7ada e muito texturizada. \u00c9 um estojo de alum\u00ednio para ferramentas de barbeiro de alt\u00edssima qualidade e beleza.<\/li>\n<\/ul>\n<h4><span style=\"color: #003366;\">Detalhes do produto:<\/span><\/h4>\n<div style=\"display: flex; gap: 20px;\">\n<p><!-- \u7b2c\u4e00\u680f --><\/p>\n<div style=\"flex: 1; text-align: center;\">\n<p><img decoding=\"async\" style=\"max-width: 100%; height: auto; margin-bottom: 10px;\" src=\"https:\/\/suncasesupply.com\/wp-content\/uploads\/2025\/03\/1-K-Type-Corner-Wrap-.jpg\" alt=\"Envolt\u00f3rio de canto tipo K\" \/><\/p>\n<p><strong><b>Canto tipo K<\/b><\/strong><\/p>\n<p style=\"margin: 0;\">O revestimento de cantos de uma caixa de ferramentas de alum\u00ednio chinesa \u00e9 um acess\u00f3rio inventado para proteger os cantos da caixa contra deforma\u00e7\u00f5es causadas por impactos. Al\u00e9m disso, o revestimento de cantos tipo K oferece melhor capacidade anticolis\u00e3o e prote\u00e7\u00e3o do que o revestimento de cantos comum.<\/p>\n<p>Al\u00e9m disso, \u00e9 mais bonito e tem melhor textura.<\/p>\n<p>&nbsp;<\/p>\n<\/div>\n<p><!-- \u7b2c\u4e8c\u680f --><\/p>\n<div style=\"flex: 1; text-align: center;\">\n<p><img decoding=\"async\" style=\"max-width: 100%; height: auto; margin-bottom: 10px;\" src=\"https:\/\/suncasesupply.com\/wp-content\/uploads\/2025\/03\/2-PickPluck-Foam.jpg\" alt=\"Espuma Pick&amp;Pluck\" \/><\/p>\n<p><strong><b>Espuma Pick&amp;Pluck<\/b><\/strong><\/p>\n<p style=\"margin: 0;\">Espuma Pick&amp;Pluck, aplicada na tampa inferior da caixa de ferramentas de alum\u00ednio, sua altura e densidade podem ser personalizadas de acordo com as necessidades do cliente. \u00c9 uma espuma &quot;fa\u00e7a voc\u00ea mesmo&quot; que pode ser cortada em diferentes formatos e tamanhos para atender \u00e0s necessidades de diversos itens. Al\u00e9m disso, pode amortecer, isolar, proteger e fixar os itens na caixa, evitando que sejam danificados durante o transporte ou armazenamento.<\/p>\n<\/div>\n<p><!-- \u7b2c\u4e09\u680f --><\/p>\n<div style=\"flex: 1; text-align: center;\">\n<p><img decoding=\"async\" style=\"max-width: 100%; height: auto; margin-bottom: 10px;\" src=\"https:\/\/suncasesupply.com\/wp-content\/uploads\/2025\/03\/3-Hing.jpg\" alt=\"Suporte de dobradi\u00e7a\" \/><\/p>\n<p><strong><b>Suporte de dobradi\u00e7a<\/b><\/strong><\/p>\n<p>A dobradi\u00e7a \u00e9 feita entre a tampa superior e a tampa inferior da caixa de alum\u00ednio para ferramentas. Com ela, o \u00e2ngulo de abertura da caixa pode ser ajustado e fixado. Quando a caixa estiver aberta, ela garante que a tampa superior n\u00e3o caia em nenhum momento e atinja os produtos na caixa ou as m\u00e3os do usu\u00e1rio.<\/p>\n<\/div>\n<p><!-- \u7b2c\u56db\u680f --><\/p>\n<div style=\"flex: 1; text-align: center;\">\n<p><img decoding=\"async\" style=\"max-width: 100%; height: auto; margin-bottom: 10px;\" src=\"https:\/\/suncasesupply.com\/wp-content\/uploads\/2025\/03\/4-Handle.jpg\" alt=\"Lidar\" \/><\/p>\n<p><strong><b>Lidar<\/b><\/strong><\/p>\n<p style=\"margin: 0;\">A al\u00e7a \u00e9 um acess\u00f3rio essencial para o case de alum\u00ednio, o que torna o case f\u00e1cil de carregar. Normalmente, a al\u00e7a dos cases de alum\u00ednio ser\u00e1 dur\u00e1vel e forte. Os estilos s\u00e3o opcionais, para combinar com os diferentes cases.<\/p>\n<\/div>\n<\/div>\n<div style=\"background-color: #29599a; padding: 40px 20px; text-align: center; color: #ffffff; border-radius: 10px; margin: 40px auto; max-width: 960px;\">\n<h2 style=\"font-size: 22px; margin-bottom: 20px; font-weight: bold;\">Pe\u00e7a hoje mesmo a maleta de ferramentas de alum\u00ednio com espuma Sun Case, MOQ 100 por apenas!<\/h2>\n<p><a style=\"display: inline-block; padding: 12px 28px; background-color: #ffffff; color: #29599a; text-decoration: none; border-radius: 6px; font-weight: bold;\" href=\"https:\/\/suncasesupply.com\/pt\/contact-us\/\" target=\"_blank\" rel=\"noopener\">Obtenha uma cota\u00e7\u00e3o hoje<br \/>\n<\/a><\/p>\n<\/div>\n<h4><span style=\"color: #003366;\">Processo de fabrica\u00e7\u00e3o:<\/span><\/h4>\n<p><img decoding=\"async\" style=\"max-width: 100%; height: auto; margin-bottom: 10px;\" src=\"https:\/\/suncasesupply.com\/wp-content\/uploads\/2025\/07\/Manufacturing-Process.png\" alt=\"Processo de fabrica\u00e7\u00e3o do Suncase\" \/><\/p>\n<div style=\"display: flex; gap: 20px;\">\n<p><!-- \u7b2c\u4e00\u680f \u6d41\u7a0b1--><\/p>\n<div style=\"flex: 1; text-align: center;\"><\/div>\n<\/div>\n<div style=\"display: flex; gap: 20px;\">\n<div style=\"flex: 1; text-align: center;\">\n<p style=\"font-weight: bold; margin: 5px 0;\">\n<\/div>\n<\/div>\n<h4><span style=\"color: #003366;\">Informa\u00e7\u00f5es \u00fateis para compradores em massa:<\/span><\/h4>\n<ul>\n<li class=\"page-title\" title=\"O que torna os cart\u00f5es esportivos t\u00e3o valiosos?\">\n<p class=\"page-title\" title=\"6 raz\u00f5es pelas quais voc\u00ea deve se organizar com caixa de armazenamento de alum\u00ednio\"><a href=\"https:\/\/suncasesupply.com\/pt\/blog\/custom-aluminum-case\/6-reasons-to-use-aluminum-storage-box-today\/\">6 raz\u00f5es pelas quais voc\u00ea deve se organizar com uma caixa de armazenamento de alum\u00ednio &gt;&gt;<\/a><\/p>\n<\/li>\n<li title=\"O que torna os cart\u00f5es esportivos t\u00e3o valiosos?\">\n<p class=\"page-title\" title=\"Tudo o que voc\u00ea precisa saber sobre caixas de alum\u00ednio\"><a href=\"https:\/\/suncasesupply.com\/pt\/blog\/all-you-need-to-know-about-aluminum-cases\/\">Tudo o que voc\u00ea precisa saber sobre gabinetes de alum\u00ednio &gt;&gt;<\/a><\/p>\n<\/li>\n<\/ul>","protected":false},"excerpt":{"rendered":"<p>Modelo: SC-BA0006<\/p>\n<p>Tamanho: 400x320x120mm ou tamanho personalizado<\/p>\n<p>Cores: cor prata, cor preta ou outras cores personalizadas.<\/p>\n<p>Materiais: Canto tipo K<strong><b>\u00a0<\/b><\/strong>Estrutura de alum\u00ednio, placa de MDF, painel de ABS, espuma Pick&amp;Pluck, ferragens.<\/p>\n<p>Logotipo: Logotipo em placa de metal, logotipo em serigrafia, logotipo de marca personalizado aceit\u00e1vel.<\/p>\n<p>Quantidade m\u00ednima: 100 pe\u00e7as<\/p>\n<p>Amostra: Dispon\u00edvel, tempo de amostra de cerca de 7 dias.<\/p>","protected":false},"featured_media":25370,"template":"","meta":{"_gspb_post_css":""},"product_cat":[42,80],"product_tag":[],"featured_image_urls":{"full":["https:\/\/suncasesupply.com\/wp-content\/uploads\/2025\/05\/black-aluminum-box.jpg",800,800,false],"thumbnail":["https:\/\/suncasesupply.com\/wp-content\/uploads\/2025\/05\/black-aluminum-box-150x150.jpg",150,150,true],"medium":["https:\/\/suncasesupply.com\/wp-content\/uploads\/2025\/05\/black-aluminum-box-300x300.jpg",300,300,true],"medium_large":["https:\/\/suncasesupply.com\/wp-content\/uploads\/2025\/05\/black-aluminum-box-768x768.jpg",768,768,true],"large":["https:\/\/suncasesupply.com\/wp-content\/uploads\/2025\/05\/black-aluminum-box.jpg",800,800,false],"1536x1536":["https:\/\/suncasesupply.com\/wp-content\/uploads\/2025\/05\/black-aluminum-box.jpg",800,800,false],"2048x2048":["https:\/\/suncasesupply.com\/wp-content\/uploads\/2025\/05\/black-aluminum-box.jpg",800,800,false],"trp-custom-language-flag":["https:\/\/suncasesupply.com\/wp-content\/uploads\/2025\/05\/black-aluminum-box-12x12.jpg",12,12,true],"woocommerce_thumbnail":["https:\/\/suncasesupply.com\/wp-content\/uploads\/2025\/05\/black-aluminum-box-300x300.jpg",300,300,true],"woocommerce_single":["https:\/\/suncasesupply.com\/wp-content\/uploads\/2025\/05\/black-aluminum-box-600x600.jpg",600,600,true],"woocommerce_gallery_thumbnail":["https:\/\/suncasesupply.com\/wp-content\/uploads\/2025\/05\/black-aluminum-box-100x100.jpg",100,100,true]},"post_excerpt_stackable":"<p>Model :SC-BA0006<\/p>\n<p>Size: 400x320x120mm or customize size<\/p>\n<p>Colors: Silver color, Black color or other customized colors.<\/p>\n<p>Materials: K-Type Corner<strong><b>\u00a0<\/b><\/strong>Aluminum\u00a0frame, MDF Board, ABS\u00a0Panel,\u00a0Pick&amp;Pluck Foam, Hardware.<\/p>\n<p>Logo: Metal plate logo, Silk screen printing logo, custom brand logo acceptable.<\/p>\n<p>MOQ: 100pcs<\/p>\n<p>Sample: Available, sample time about 7 days.<\/p>\n","category_list":"","author_info":{"name":"","url":""},"comments_num":"0 comments","_links":{"self":[{"href":"https:\/\/suncasesupply.com\/pt\/wp-json\/wp\/v2\/product\/24134"}],"collection":[{"href":"https:\/\/suncasesupply.com\/pt\/wp-json\/wp\/v2\/product"}],"about":[{"href":"https:\/\/suncasesupply.com\/pt\/wp-json\/wp\/v2\/types\/product"}],"wp:featuredmedia":[{"embeddable":true,"href":"https:\/\/suncasesupply.com\/pt\/wp-json\/wp\/v2\/media\/25370"}],"wp:attachment":[{"href":"https:\/\/suncasesupply.com\/pt\/wp-json\/wp\/v2\/media?parent=24134"}],"wp:term":[{"taxonomy":"product_cat","embeddable":true,"href":"https:\/\/suncasesupply.com\/pt\/wp-json\/wp\/v2\/product_cat?post=24134"},{"taxonomy":"product_tag","embeddable":true,"href":"https:\/\/suncasesupply.com\/pt\/wp-json\/wp\/v2\/product_tag?post=24134"}],"curies":[{"name":"wp","href":"https:\/\/api.w.org\/{rel}","templated":true}]}}