{"id":24120,"date":"2024-11-18T17:23:39","date_gmt":"2024-11-18T09:23:39","guid":{"rendered":"https:\/\/suncasesupply.com\/?post_type=product&#038;p=24120"},"modified":"2025-09-04T15:17:40","modified_gmt":"2025-09-04T07:17:40","slug":"rose-gold-water-cube-pattern-grooming-case-aluminum-pets-goods-storage-cases","status":"publish","type":"product","link":"https:\/\/suncasesupply.com\/pt\/product\/rose-gold-water-cube-pattern-grooming-case-aluminum-pets-goods-storage-cases\/","title":{"rendered":"Caixa de armazenamento de produtos para animais de estima\u00e7\u00e3o em alum\u00ednio com padr\u00e3o de cubo de \u00e1gua em ouro rosa"},"content":{"rendered":"<h4>Caixa de armazenamento de produtos para animais de estima\u00e7\u00e3o em alum\u00ednio com padr\u00e3o de cubo de \u00e1gua em ouro rosa<\/h4>\n<h4><span style=\"color: #003366;\">Caracter\u00edsticas:<\/span><\/h4>\n<ul>\n<li><strong>Extremamente dur\u00e1vel<\/strong>: O material de liga de alum\u00ednio confere-lhe as caracter\u00edsticas de resist\u00eancia \u00e0 ferrugem, resist\u00eancia \u00e0 corros\u00e3o e resist\u00eancia ao impacto. N\u00e3o \u00e9 como as caixas de madeira, que racham, nem como as caixas de pl\u00e1stico, que s\u00e3o propensas ao envelhecimento e rachaduras. Esta caixa r\u00edgida para tosa de cavalos resiste ao teste de ambientes adversos, como fazendas de cavalos e transporte de caminh\u00f5es, e tem uma vida \u00fatil muito longa.<\/li>\n<li><strong><b>Apar\u00eancia projetada<\/b><\/strong><strong><b>:<\/b><\/strong> A caixa de alum\u00ednio para arreios tem uma apar\u00eancia simples e elegante, repleta de um toque moderno e profissional, e geralmente reflete a seriedade e o profissionalismo do cavaleiro em rela\u00e7\u00e3o aos esportes equestres. Ao mesmo tempo, seu visual elegante a torna pr\u00e1tica como uma bolsa de transporte para higiene canina.<\/li>\n<li><strong>Grande capacidade<\/strong>: Ele fornece o principal espa\u00e7o de armazenamento para acomodar v\u00e1rios equipamentos para cavalos, como selas, freios, protetores de suor, cobertores para cavalos, etc. Seu espa\u00e7o interno \u00e9 otimizado com v\u00e1rias divis\u00f3rias e dispositivos de fixa\u00e7\u00e3o para garantir que equipamentos caros para cavalos n\u00e3o colidam, sejam espremidos ou se desgastem durante o transporte.<\/li>\n<\/ul>\n<h4><span style=\"color: #003366;\">Detalhes do produto:<\/span><\/h4>\n<div style=\"display: flex; gap: 20px;\">\n<p><!-- \u7b2c\u4e00\u680f --><\/p>\n<div style=\"flex: 1; text-align: center;\">\n<p><img decoding=\"async\" style=\"max-width: 100%; height: auto; margin-bottom: 10px;\" src=\"https:\/\/suncasesupply.com\/wp-content\/uploads\/2025\/08\/Sturdy-lock.jpg\" alt=\"Fechadura resistente\" \/><\/p>\n<p><strong><b>Fechadura Forte<\/b><\/strong><\/p>\n<p style=\"margin: 0;\">As caixas de tosa geralmente s\u00e3o equipadas com um sistema de travamento multiponto (ou seja, duas ou mais travas) e um cilindro de trava. Isso n\u00e3o s\u00f3 garante que a tampa n\u00e3o se abra acidentalmente durante o transporte, como tamb\u00e9m oferece seguran\u00e7a antirroubo, o que pode proteger os valiosos equipamentos do cavalo em seu interior.<\/p>\n<\/div>\n<p><!-- \u7b2c\u4e8c\u680f --><\/p>\n<div style=\"flex: 1; text-align: center;\">\n<p><img decoding=\"async\" style=\"max-width: 100%; height: auto; margin-bottom: 10px;\" src=\"https:\/\/suncasesupply.com\/wp-content\/uploads\/2025\/08\/Strong-Corner.jpg\" alt=\"Canto forte\" \/><\/p>\n<p><strong><b>Canto Resistente<\/b><\/strong><\/p>\n<p style=\"margin: 0;\">As tampas de canto met\u00e1licas dispersam os impactos externos, cobrindo os cantos, evitando que a caixa amasse ou rache devido ao impacto. Durante o empilhamento, manuseio ou transporte, os cantos met\u00e1licos podem absorver parte da press\u00e3o e evitar que a caixa se deforme.<\/p>\n<\/div>\n<p><!-- \u7b2c\u4e09\u680f --><\/p>\n<div style=\"flex: 1; text-align: center;\">\n<p><img decoding=\"async\" style=\"max-width: 100%; height: auto; margin-bottom: 10px;\" src=\"https:\/\/suncasesupply.com\/wp-content\/uploads\/2025\/08\/Inside-tray.jpg\" alt=\"Bandeja interna\" \/><\/p>\n<p><strong>Layout interno<\/strong><\/p>\n<p>O layout interno bem projetado permite organizar facilmente diversos utens\u00edlios de beleza e itens de competi\u00e7\u00e3o. Todos os equipamentos s\u00e3o bem organizados e podem ser acessados rapidamente durante competi\u00e7\u00f5es ou treinamentos sem perder nada. Uma op\u00e7\u00e3o pr\u00e1tica para uma maleta de viagem para tosa de c\u00e3es.<\/p>\n<\/div>\n<div style=\"flex: 1; text-align: center;\">\n<p><img decoding=\"async\" style=\"max-width: 100%; height: auto; margin-bottom: 10px;\" src=\"https:\/\/suncasesupply.com\/wp-content\/uploads\/2025\/08\/Hard-aluminum-frame.jpg\" alt=\"Estrutura dur\u00e1vel\" \/><\/p>\n<p><strong><b>Lidar<\/b><\/strong><\/p>\n<p style=\"margin: 0;\">Bem equipado com estrutura de liga de alum\u00ednio. Ele garante que a caixa n\u00e3o se deforme quando cheia com itens pesados e n\u00e3o desmorone durante o transporte e empilhamento, protegendo assim efetivamente o caro e sofisticado cinto interno.<\/p>\n<\/div>\n<\/div>\n<div style=\"background-color: #29599a; padding: 40px 20px; text-align: center; color: #ffffff; border-radius: 10px; margin: 40px auto; max-width: 960px;\">\n<h2 style=\"font-size: 22px; margin-bottom: 20px; font-weight: bold;\">Estojo para ferramentas de higiene para animais de estima\u00e7\u00e3o Sun Case, fornecimento por atacado, quantidade m\u00ednima de 100 pe\u00e7as.<\/h2>\n<p><a style=\"display: inline-block; padding: 12px 28px; background-color: #ffffff; color: #29599a; text-decoration: none; border-radius: 6px; font-weight: bold;\" href=\"https:\/\/suncasesupply.com\/pt\/contact-us\/\" target=\"_blank\" rel=\"noopener\">Obtenha uma cota\u00e7\u00e3o hoje<br \/>\n<\/a><\/p>\n<\/div>\n<h4><span style=\"color: #003366;\">Processo de fabrica\u00e7\u00e3o:<\/span><\/h4>\n<p><img decoding=\"async\" style=\"max-width: 100%; height: auto; margin-bottom: 10px;\" src=\"https:\/\/suncasesupply.com\/wp-content\/uploads\/2025\/07\/Manufacturing-Process.png\" alt=\"Processo de fabrica\u00e7\u00e3o do Suncase\" \/><\/p>\n<div style=\"display: flex; gap: 20px;\">\n<p><!-- \u7b2c\u4e00\u680f \u6d41\u7a0b1--><\/p>\n<div style=\"flex: 1; text-align: center;\"><\/div>\n<\/div>\n<div style=\"display: flex; gap: 20px;\">\n<div style=\"flex: 1; text-align: center;\">\n<p style=\"font-weight: bold; margin: 5px 0;\">\n<\/div>\n<\/div>\n<h4><span style=\"color: #003366;\">Informa\u00e7\u00f5es \u00fateis para compradores em massa:<\/span><\/h4>\n<ul>\n<li class=\"page-title\" title=\"O que torna os cart\u00f5es esportivos t\u00e3o valiosos?\">\n<p class=\"page-title\" title=\"6 raz\u00f5es pelas quais voc\u00ea deve se organizar com caixa de armazenamento de alum\u00ednio\"><a href=\"https:\/\/suncasesupply.com\/pt\/blog\/aluminum-horse-grooming-box\/top-3-picks-of-aluminum-groom-box-for-horses\/\">As 3 melhores escolhas de caixa de alum\u00ednio para cavalos em 2024<\/a><\/p>\n<\/li>\n<li class=\"page-title\" title=\"O que torna os cart\u00f5es esportivos t\u00e3o valiosos?\">\n<p class=\"page-title\" title=\"6 raz\u00f5es pelas quais voc\u00ea deve se organizar com caixa de armazenamento de alum\u00ednio\"><a href=\"https:\/\/suncasesupply.com\/pt\/blog\/aluminum-horse-grooming-box\/how-to-choose-your-horse-grooming-box\/\">Como escolher sua caixa de alum\u00ednio para tosa de cavalos<\/a><\/p>\n<\/li>\n<\/ul>","protected":false},"excerpt":{"rendered":"<p>Modelo: SC-BA0004<\/p>\n<p>Tamanho: 38x 28x 30 cm<\/p>\n<p>Cores: Ouro rosa ou outras cores<\/p>\n<p>Materiais: Estrutura de alum\u00ednio, placa de MDF, painel de ABS, acess\u00f3rios.<\/p>\n<p>Logotipo: Logotipo de placa de metal, Logotipo de serigrafia<\/p>\n<p><span style=\"color: #000000;\">Quantidade m\u00ednima: 100 pe\u00e7as<\/span><\/p>","protected":false},"featured_media":25374,"template":"","meta":{"_gspb_post_css":""},"product_cat":[86],"product_tag":[],"featured_image_urls":{"full":["https:\/\/suncasesupply.com\/wp-content\/uploads\/2025\/05\/rose-gold-grooming-box.jpg",800,800,false],"thumbnail":["https:\/\/suncasesupply.com\/wp-content\/uploads\/2025\/05\/rose-gold-grooming-box-150x150.jpg",150,150,true],"medium":["https:\/\/suncasesupply.com\/wp-content\/uploads\/2025\/05\/rose-gold-grooming-box-300x300.jpg",300,300,true],"medium_large":["https:\/\/suncasesupply.com\/wp-content\/uploads\/2025\/05\/rose-gold-grooming-box-768x768.jpg",768,768,true],"large":["https:\/\/suncasesupply.com\/wp-content\/uploads\/2025\/05\/rose-gold-grooming-box.jpg",800,800,false],"1536x1536":["https:\/\/suncasesupply.com\/wp-content\/uploads\/2025\/05\/rose-gold-grooming-box.jpg",800,800,false],"2048x2048":["https:\/\/suncasesupply.com\/wp-content\/uploads\/2025\/05\/rose-gold-grooming-box.jpg",800,800,false],"trp-custom-language-flag":["https:\/\/suncasesupply.com\/wp-content\/uploads\/2025\/05\/rose-gold-grooming-box-12x12.jpg",12,12,true],"woocommerce_thumbnail":["https:\/\/suncasesupply.com\/wp-content\/uploads\/2025\/05\/rose-gold-grooming-box-300x300.jpg",300,300,true],"woocommerce_single":["https:\/\/suncasesupply.com\/wp-content\/uploads\/2025\/05\/rose-gold-grooming-box-600x600.jpg",600,600,true],"woocommerce_gallery_thumbnail":["https:\/\/suncasesupply.com\/wp-content\/uploads\/2025\/05\/rose-gold-grooming-box-100x100.jpg",100,100,true]},"post_excerpt_stackable":"<p>Model : SC-BA0004<\/p>\n<p>Size: 38x 28x 30 cm<\/p>\n<p>Colors: Rose gold or other colors<\/p>\n<p>Materials: Aluminum\u00a0frame, MDF Board, ABS\u00a0Panel, Accessories.<\/p>\n<p>Logo: Metal plate logo, Silk screen printing logo<\/p>\n<p><span style=\"color: #000000;\">MOQ: 100pcs<\/span><\/p>\n","category_list":"","author_info":{"name":"","url":""},"comments_num":"0 comments","_links":{"self":[{"href":"https:\/\/suncasesupply.com\/pt\/wp-json\/wp\/v2\/product\/24120"}],"collection":[{"href":"https:\/\/suncasesupply.com\/pt\/wp-json\/wp\/v2\/product"}],"about":[{"href":"https:\/\/suncasesupply.com\/pt\/wp-json\/wp\/v2\/types\/product"}],"wp:featuredmedia":[{"embeddable":true,"href":"https:\/\/suncasesupply.com\/pt\/wp-json\/wp\/v2\/media\/25374"}],"wp:attachment":[{"href":"https:\/\/suncasesupply.com\/pt\/wp-json\/wp\/v2\/media?parent=24120"}],"wp:term":[{"taxonomy":"product_cat","embeddable":true,"href":"https:\/\/suncasesupply.com\/pt\/wp-json\/wp\/v2\/product_cat?post=24120"},{"taxonomy":"product_tag","embeddable":true,"href":"https:\/\/suncasesupply.com\/pt\/wp-json\/wp\/v2\/product_tag?post=24120"}],"curies":[{"name":"wp","href":"https:\/\/api.w.org\/{rel}","templated":true}]}}