{"id":24037,"date":"2024-11-15T15:15:06","date_gmt":"2024-11-15T07:15:06","guid":{"rendered":"https:\/\/suncasesupply.com\/?post_type=product&#038;p=24037"},"modified":"2026-03-16T22:49:22","modified_gmt":"2026-03-16T14:49:22","slug":"aluminum-vinyl-record-case-silver-lp-collection-and-storage-case-7-lp-record-box","status":"publish","type":"product","link":"https:\/\/suncasesupply.com\/pt\/product\/aluminum-vinyl-record-case-silver-lp-collection-and-storage-case-7-lp-record-box\/","title":{"rendered":"Estojo de alum\u00ednio para discos de vinil, estojo de coleta e armazenamento de LPs prateados, caixa de discos LP de 7\u2033"},"content":{"rendered":"<h4><span style=\"color: #003366;\">Caracter\u00edsticas:<\/span><\/h4>\n<ul>\n<li><strong>Materiais resistentes<\/strong>\u00a0 Este estojo de alum\u00ednio para discos de vinil foi projetado para armazenar discos de 7&quot;. \u00c9 feito de alum\u00ednio resistente, painel de ABS, painel de MDF, revestimento de EVA e acess\u00f3rios de metal resistentes para proteger eficazmente o estojo contra abras\u00e3o.<\/li>\n<li><strong>Grande espa\u00e7o de armazenamento<\/strong>\u00a0 O tamanho da caixa \u00e9 totalmente personalizado para discos de 7 polegadas e pode ser usada para armazenar at\u00e9 120 discos. Esta caixa para guardar discos de vinil \u00e9 a escolha perfeita para colecionadores.<\/li>\n<li><strong>Armazenamento seguro e confi\u00e1vel<\/strong>\u00a0 O interior da caixa para discos de vinil \u00e9 revestido com uma camada macia de EVA para proteger os discos contra danos, e a fechadura oferece excelente prote\u00e7\u00e3o contra roubo, garantindo extrema seguran\u00e7a \u00e0 sua cole\u00e7\u00e3o.<\/li>\n<\/ul>\n<h4><span style=\"color: #003366;\">Detalhes do produto:<\/span><\/h4>\n<div style=\"display: flex; gap: 20px;\">\n<p><!-- \u7b2c\u4e00\u680f --><\/p>\n<div style=\"flex: 1; text-align: center;\">\n<p><img decoding=\"async\" style=\"max-width: 100%; height: auto; margin-bottom: 10px;\" src=\"https:\/\/suncasesupply.com\/wp-content\/uploads\/2025\/03\/Inside-Compartent.png\" alt=\"Compartimento interno\" \/><\/p>\n<p style=\"font-weight: bold; margin: 5px 0;\">Compartimento interno<\/p>\n<p style=\"margin: 0;\">O estojo \u00e9 revestido com acolchoamento macio de EVA para proteger seus discos contra danos. A divis\u00f3ria central divide o espa\u00e7o em duas partes, que podem armazenar duas fileiras de LPs de 7 polegadas, mantendo sua cole\u00e7\u00e3o de discos organizada e sem bagun\u00e7a. \u00c9 uma das caixas de armazenamento de discos de vinil mais pr\u00e1ticas para colecionadores.<\/p>\n<\/div>\n<div style=\"flex: 1; text-align: center;\">\n<p><img decoding=\"async\" style=\"max-width: 100%; height: auto; margin-bottom: 10px;\" src=\"https:\/\/suncasesupply.com\/wp-content\/uploads\/2025\/03\/ABS-surface.png\" alt=\"Superf\u00edcie ABS\" \/><\/p>\n<p style=\"font-weight: bold; margin: 5px 0;\">Superf\u00edcie ABS<\/p>\n<p style=\"margin: 0;\">A superf\u00edcie \u00e9 feita de material com padr\u00e3o de diamante, o que a torna muito bonita e moderna. Esse material protege eficazmente a caixa do disco de vinil contra arranh\u00f5es durante o uso, tornando-a mais dur\u00e1vel.<\/p>\n<\/div>\n<div style=\"flex: 1; text-align: center;\">\n<p><img decoding=\"async\" style=\"max-width: 100%; height: auto; margin-bottom: 10px;\" src=\"https:\/\/suncasesupply.com\/wp-content\/uploads\/2025\/03\/Sturdy-handle-2.png\" alt=\"Al\u00e7a resistente\" \/><\/p>\n<p style=\"font-weight: bold; margin: 5px 0;\">Al\u00e7a resistente<\/p>\n<p style=\"margin: 0;\">A al\u00e7a \u00e9 feita de metal s\u00f3lido e borracha macia, sendo resistente e confort\u00e1vel para facilitar o transporte. A al\u00e7a de alta qualidade permite que esta caixa suporte um certo peso. Seja para guardar seus discos em casa ou para levar consigo, esta caixa para guardar discos de vinil \u00e9 a escolha perfeita.<\/p>\n<\/div>\n<p><!-- \u7b2c\u56db\u680f --><\/p>\n<div style=\"flex: 1; text-align: center;\">\n<p><img decoding=\"async\" style=\"max-width: 100%; height: auto; margin-bottom: 10px;\" src=\"https:\/\/suncasesupply.com\/wp-content\/uploads\/2025\/03\/Feet.png\" alt=\"P\u00e9s anti-fric\u00e7\u00e3o\" \/><\/p>\n<p style=\"font-weight: bold; margin: 5px 0;\">P\u00e9s anti-fric\u00e7\u00e3o<\/p>\n<p style=\"margin: 0;\">A caixa possui 4 p\u00e9s instalados na parte traseira, que evitam o atrito e protegem a caixa quando colocada sobre a mesa ou no ch\u00e3o, tornando-a mais dur\u00e1vel e garantindo que as caixas de armazenamento de discos de vinil permane\u00e7am em boas condi\u00e7\u00f5es mesmo com uso frequente.<\/p>\n<\/div>\n<\/div>\n<div style=\"background-color: #29599a; padding: 40px 20px; text-align: center; color: #ffffff; border-radius: 10px; margin: 40px auto; max-width: 960px;\">\n<h2 style=\"font-size: 22px; margin-bottom: 20px; font-weight: bold;\"><span style=\"color: #ffffff;\">Obtenha prote\u00e7\u00e3o premium e pre\u00e7os de atacado para seus pedidos de caixas de alum\u00ednio para discos de vinil \u2014 entre em contato com a Sun Case hoje mesmo!<\/span><\/h2>\n<p><a style=\"display: inline-block; padding: 12px 28px; background-color: #ffffff; color: #29599a; text-decoration: none; border-radius: 6px; font-weight: bold;\" href=\"https:\/\/suncasesupply.com\/pt\/contact-us\/\" target=\"_blank\" rel=\"noopener\">Obter uma cota\u00e7\u00e3o<br \/>\n<\/a><\/p>\n<\/div>\n<h4><span style=\"color: #003366;\">Processo de fabrica\u00e7\u00e3o de caixa de alum\u00ednio para discos de vinil:<\/span><\/h4>\n<p><img decoding=\"async\" style=\"max-width: 100%; height: auto; margin-bottom: 10px;\" src=\"https:\/\/suncasesupply.com\/wp-content\/uploads\/2025\/07\/Manufacturing-Process.png\" alt=\"Processo de fabrica\u00e7\u00e3o do Suncase\" \/><\/p>\n<div style=\"display: flex; gap: 20px;\">\n<p><!-- \u7b2c\u4e00\u680f \u6d41\u7a0b1--><\/p>\n<div style=\"flex: 1; text-align: center;\"><\/div>\n<\/div>\n<div style=\"display: flex; gap: 20px;\">\n<div style=\"flex: 1; text-align: center;\">\n<p style=\"font-weight: bold; margin: 5px 0;\">\n<\/div>\n<\/div>\n<h4><span style=\"color: #003366;\">Informa\u00e7\u00f5es \u00fateis para compradores em massa:<\/span><\/h4>\n<ul>\n<li><a href=\"https:\/\/suncasesupply.com\/pt\/blog\/size-of-the-vinyl-record-case\/\">Qual \u00e9 o tamanho da caixa do disco de vinil &gt;&gt;<\/a><\/li>\n<li><a href=\"https:\/\/suncasesupply.com\/pt\/blog\/what-vinyl-record-case-made-of\/\">Do que s\u00e3o feitas as caixas de discos de vinil?<\/a><\/li>\n<li><a href=\"https:\/\/suncasesupply.com\/pt\/blog\/custom-aluminum-case\/aluminum-storage-box-for-organization\/\">Como armazenar discos de vinil em uma caixa de alum\u00ednio?<\/a><\/li>\n<\/ul>","protected":false},"excerpt":{"rendered":"<p>Modelo: Z49<\/p>\n<p>Tamanho: 43x 37 x 22,5cm<\/p>\n<p>Capacidade: LPs de 120 x 7\u2033<\/p>\n<p>Quantidade m\u00ednima: 100 pe\u00e7as<\/p>\n<p>Prazo de entrega: 15-25 dias<\/p>\n<p>Amostra: Dispon\u00edvel<\/p>","protected":false},"featured_media":25377,"template":"","meta":{"_gspb_post_css":""},"product_cat":[83],"product_tag":[],"featured_image_urls":{"full":["https:\/\/suncasesupply.com\/wp-content\/uploads\/2025\/05\/aluminum-lp-case.jpg",800,800,false],"thumbnail":["https:\/\/suncasesupply.com\/wp-content\/uploads\/2025\/05\/aluminum-lp-case-150x150.jpg",150,150,true],"medium":["https:\/\/suncasesupply.com\/wp-content\/uploads\/2025\/05\/aluminum-lp-case-300x300.jpg",300,300,true],"medium_large":["https:\/\/suncasesupply.com\/wp-content\/uploads\/2025\/05\/aluminum-lp-case-768x768.jpg",768,768,true],"large":["https:\/\/suncasesupply.com\/wp-content\/uploads\/2025\/05\/aluminum-lp-case.jpg",800,800,false],"1536x1536":["https:\/\/suncasesupply.com\/wp-content\/uploads\/2025\/05\/aluminum-lp-case.jpg",800,800,false],"2048x2048":["https:\/\/suncasesupply.com\/wp-content\/uploads\/2025\/05\/aluminum-lp-case.jpg",800,800,false],"trp-custom-language-flag":["https:\/\/suncasesupply.com\/wp-content\/uploads\/2025\/05\/aluminum-lp-case-12x12.jpg",12,12,true],"woocommerce_thumbnail":["https:\/\/suncasesupply.com\/wp-content\/uploads\/2025\/05\/aluminum-lp-case-300x300.jpg",300,300,true],"woocommerce_single":["https:\/\/suncasesupply.com\/wp-content\/uploads\/2025\/05\/aluminum-lp-case-600x600.jpg",600,600,true],"woocommerce_gallery_thumbnail":["https:\/\/suncasesupply.com\/wp-content\/uploads\/2025\/05\/aluminum-lp-case-100x100.jpg",100,100,true]},"post_excerpt_stackable":"<p>Model : Z49<\/p>\n<p>Size: 43x 37 x 22,5cm<\/p>\n<p>Capacity: 120 x 7&#8243; LPs<\/p>\n<p>MOQ: 100pcs<\/p>\n<p>Delivery Time : 15-25 Days<\/p>\n<p>Sample : Available<\/p>\n","category_list":"","author_info":{"name":"","url":""},"comments_num":"0 comments","_links":{"self":[{"href":"https:\/\/suncasesupply.com\/pt\/wp-json\/wp\/v2\/product\/24037"}],"collection":[{"href":"https:\/\/suncasesupply.com\/pt\/wp-json\/wp\/v2\/product"}],"about":[{"href":"https:\/\/suncasesupply.com\/pt\/wp-json\/wp\/v2\/types\/product"}],"wp:featuredmedia":[{"embeddable":true,"href":"https:\/\/suncasesupply.com\/pt\/wp-json\/wp\/v2\/media\/25377"}],"wp:attachment":[{"href":"https:\/\/suncasesupply.com\/pt\/wp-json\/wp\/v2\/media?parent=24037"}],"wp:term":[{"taxonomy":"product_cat","embeddable":true,"href":"https:\/\/suncasesupply.com\/pt\/wp-json\/wp\/v2\/product_cat?post=24037"},{"taxonomy":"product_tag","embeddable":true,"href":"https:\/\/suncasesupply.com\/pt\/wp-json\/wp\/v2\/product_tag?post=24037"}],"curies":[{"name":"wp","href":"https:\/\/api.w.org\/{rel}","templated":true}]}}