{"id":24017,"date":"2024-11-15T14:08:02","date_gmt":"2024-11-15T06:08:02","guid":{"rendered":"https:\/\/suncasesupply.com\/?post_type=product&#038;p=24017"},"modified":"2025-11-04T16:03:15","modified_gmt":"2025-11-04T08:03:15","slug":"pu-lp-storage-case-vinyl-record-box-for-50-lps-cherry-pattern","status":"publish","type":"product","link":"https:\/\/suncasesupply.com\/pt\/product\/pu-lp-storage-case-vinyl-record-box-for-50-lps-cherry-pattern\/","title":{"rendered":"Estojo de armazenamento PU LP Caixa de disco de vinil para 50 LPs Padr\u00e3o cereja"},"content":{"rendered":"<h4><span style=\"color: #003366;\">Caracter\u00edsticas:<\/span><\/h4>\n<ul>\n<li data-start=\"78\" data-end=\"221\"><strong>Solu\u00e7\u00e3o de armazenamento perfeita:<\/strong> Este estojo de armazenamento de PU para LPs foi projetado para armazenar e coletar com seguran\u00e7a todos os seus preciosos discos de vinil de 12&quot;.<\/li>\n<li data-start=\"223\" data-end=\"470\"><strong>Design elegante e retr\u00f4:<\/strong> Apresenta um padr\u00e3o de cereja rosa e LPs com forro vermelho no interior, exibindo um estilo totalmente americano. Isso o torna n\u00e3o apenas funcional, mas tamb\u00e9m uma bela decora\u00e7\u00e3o para sua casa ou uma op\u00e7\u00e3o de presente atenciosa.<\/li>\n<li data-start=\"472\" data-end=\"621\"><strong>Grande capacidade:<\/strong> O estojo tem capacidade perfeita para 30 a 50 LPs de 12\u2033, o que o torna uma escolha pr\u00e1tica para colecionadores com cole\u00e7\u00f5es crescentes.<\/li>\n<li data-start=\"623\" data-end=\"824\"><strong>Prote\u00e7\u00e3o total:<\/strong> O interior totalmente forrado protege seu vinil contra danos. Al\u00e9m de ser um elegante estojo para guardar discos LP, ele tamb\u00e9m \u00e9 um estojo protetor para guardar discos de vinil LP para entusiastas.<\/li>\n<li data-start=\"826\" data-end=\"1006\"><strong>Usos e nomes m\u00faltiplos:<\/strong> Muitos usu\u00e1rios tamb\u00e9m o chamam de Estojo para Armazenamento de Discos de Vinil ou at\u00e9 mesmo Caixa para Armazenamento de Discos de Vinil vers\u00e1til, gra\u00e7as ao seu design multifuncional.<\/li>\n<\/ul>\n<h4><span style=\"color: #003366;\">Detalhes do produto:<\/span><\/h4>\n<div style=\"display: flex; gap: 20px;\">\n<div style=\"flex: 1; text-align: center;\">\n<p><img decoding=\"async\" style=\"max-width: 100%; height: auto; margin-bottom: 10px;\" src=\"https:\/\/suncasesupply.com\/wp-content\/uploads\/2025\/03\/Sturdy-handle.png\" alt=\"Al\u00e7a resistente\" \/><\/p>\n<p style=\"font-weight: bold; margin: 5px 0;\"><strong><b>Al\u00e7a resistente<\/b><\/strong><\/p>\n<p style=\"margin: 0;\">O cabo \u00e9 feito de metal de alta qualidade e \u00e9 muito resistente. O cabo \u00e9 colado com couro PU com o mesmo padr\u00e3o, que combina com o metal bronze e \u00e9 bem retr\u00f4 americano.<\/p>\n<\/div>\n<p><!-- \u7b2c\u4e8c\u680f --><\/p>\n<div style=\"flex: 1; text-align: center;\">\n<p><img decoding=\"async\" style=\"max-width: 100%; height: auto; margin-bottom: 10px;\" src=\"https:\/\/suncasesupply.com\/wp-content\/uploads\/2025\/03\/Strong-hardware.png\" alt=\"Hardware forte\" \/><\/p>\n<p style=\"font-weight: bold; margin: 5px 0;\"><strong><b>Hardware forte<\/b><\/strong><\/p>\n<p style=\"margin: 0;\">Esta caixa \u00e9 equipada com al\u00e7as, cantos, travas e outros acess\u00f3rios de metal. Oferece prote\u00e7\u00e3o soberba para seus discos de vinil dentro. Todos os acess\u00f3rios s\u00e3o de bronze, que combinam com os padr\u00f5es de cereja rosa e l\u00e1bios para criar uma sensa\u00e7\u00e3o retr\u00f4. \u00c9 uma escolha perfeita para colecionadores de discos.<\/p>\n<\/div>\n<p><!-- \u7b2c\u4e09\u680f --><\/p>\n<div style=\"flex: 1; text-align: center;\">\n<p><img decoding=\"async\" style=\"max-width: 100%; height: auto; margin-bottom: 10px;\" src=\"https:\/\/suncasesupply.com\/wp-content\/uploads\/2025\/03\/Soft-interior.png\" alt=\"Interior macio\" \/><\/p>\n<p style=\"font-weight: bold; margin: 5px 0;\">Interior macio<\/p>\n<p style=\"margin: 0;\">O veludo macio dentro pode proteger seus discos de danos. A cor da flanela pode ser combinada com o padr\u00e3o do PU externo.<\/p>\n<\/div>\n<p><!-- \u7b2c\u56db\u680f --><\/p>\n<div style=\"flex: 1; text-align: center;\">\n<p><img decoding=\"async\" style=\"max-width: 100%; height: auto; margin-bottom: 10px;\" src=\"https:\/\/suncasesupply.com\/wp-content\/uploads\/2025\/03\/Retro-Pattern.png\" alt=\"Padr\u00e3o retr\u00f4\" \/><\/p>\n<p style=\"font-weight: bold; margin: 5px 0;\">Padr\u00e3o retr\u00f4<\/p>\n<p style=\"margin: 0;\">Feito de couro PU imperme\u00e1vel e f\u00e1cil de limpar, o estojo possui estampas de cereja e l\u00e1bios vermelhos, bem retr\u00f4 americano. Al\u00e9m de ser um \u00f3timo estojo para guardar discos, tamb\u00e9m \u00e9 uma \u00f3tima decora\u00e7\u00e3o para sua casa.<\/p>\n<\/div>\n<\/div>\n<div style=\"background-color: #29599a; padding: 40px 20px; text-align: center; color: #ffffff; border-radius: 10px; margin: 40px auto; max-width: 960px;\">\n<h2 style=\"font-size: 22px; margin-bottom: 20px; font-weight: bold;\"><span style=\"color: #ffffff;\">Pe\u00e7a hoje mesmo o estojo de armazenamento Sun Case Pu Lp. Quantidade m\u00ednima de 100 pe\u00e7as dispon\u00edveis.<\/span><\/h2>\n<p><a style=\"display: inline-block; padding: 12px 28px; background-color: #ffffff; color: #29599a; text-decoration: none; border-radius: 6px; font-weight: bold;\" href=\"https:\/\/suncasesupply.com\/pt\/contact-us\/\" target=\"_blank\" rel=\"noopener\">Obtenha uma cota\u00e7\u00e3o hoje<br \/>\n<\/a><\/p>\n<\/div>\n<h4><span style=\"color: #003366;\">Processo de fabrica\u00e7\u00e3o da caixa de armazenamento de LP:<\/span><\/h4>\n<p><img decoding=\"async\" style=\"max-width: 100%; height: auto; margin-bottom: 10px;\" src=\"https:\/\/suncasesupply.com\/wp-content\/uploads\/2025\/07\/Manufacturing-Process.png\" alt=\"Processo de fabrica\u00e7\u00e3o do Suncase\" \/><\/p>\n<div style=\"display: flex; gap: 20px;\"><\/div>\n<div style=\"display: flex; gap: 20px;\">\n<div style=\"flex: 1; text-align: center;\">\n<p style=\"font-weight: bold; margin: 5px 0;\">\n<\/div>\n<\/div>\n<h4><span style=\"color: #003366;\">Informa\u00e7\u00f5es \u00fateis para compradores em massa:<\/span><\/h4>\n<ul>\n<li class=\"page-title\" title=\"O que torna os cart\u00f5es esportivos t\u00e3o valiosos?\">\n<p class=\"page-title\" title=\"Qual \u00e9 o tamanho da caixa do disco de vinil?\"><a href=\"https:\/\/suncasesupply.com\/pt\/blog\/size-of-the-vinyl-record-case\/\">Qual \u00e9 o tamanho da caixa do disco de vinil &gt;&gt;<\/a><\/p>\n<\/li>\n<li title=\"O que torna os cart\u00f5es esportivos t\u00e3o valiosos?\"><a href=\"https:\/\/suncasesupply.com\/pt\/blog\/what-vinyl-record-case-made-of\/\">Do que s\u00e3o feitas as caixas de discos de vinil?<\/a><\/li>\n<li title=\"O que torna os cart\u00f5es esportivos t\u00e3o valiosos?\"><a href=\"https:\/\/suncasesupply.com\/pt\/blog\/custom-aluminum-case\/aluminum-storage-box-for-organization\/\">Como armazenar discos de vinil em uma caixa de alum\u00ednio?<\/a><\/li>\n<\/ul>","protected":false},"excerpt":{"rendered":"<p>Modelo: Z46<\/p>\n<p>Tamanho: 36x 18x 36cm<\/p>\n<p>Capacidade: 50x 12\u2033 LPs<\/p>\n<p>Quantidade m\u00ednima: 100 pe\u00e7as<\/p>\n<p>Prazo de entrega: 15-25 dias<\/p>\n<p>Amostra: Dispon\u00edvel<\/p>","protected":false},"featured_media":25373,"template":"","meta":{"_gspb_post_css":""},"product_cat":[83],"product_tag":[],"featured_image_urls":{"full":["https:\/\/suncasesupply.com\/wp-content\/uploads\/2025\/05\/PU-Record-box.jpg",800,800,false],"thumbnail":["https:\/\/suncasesupply.com\/wp-content\/uploads\/2025\/05\/PU-Record-box-150x150.jpg",150,150,true],"medium":["https:\/\/suncasesupply.com\/wp-content\/uploads\/2025\/05\/PU-Record-box-300x300.jpg",300,300,true],"medium_large":["https:\/\/suncasesupply.com\/wp-content\/uploads\/2025\/05\/PU-Record-box-768x768.jpg",768,768,true],"large":["https:\/\/suncasesupply.com\/wp-content\/uploads\/2025\/05\/PU-Record-box.jpg",800,800,false],"1536x1536":["https:\/\/suncasesupply.com\/wp-content\/uploads\/2025\/05\/PU-Record-box.jpg",800,800,false],"2048x2048":["https:\/\/suncasesupply.com\/wp-content\/uploads\/2025\/05\/PU-Record-box.jpg",800,800,false],"trp-custom-language-flag":["https:\/\/suncasesupply.com\/wp-content\/uploads\/2025\/05\/PU-Record-box-12x12.jpg",12,12,true],"woocommerce_thumbnail":["https:\/\/suncasesupply.com\/wp-content\/uploads\/2025\/05\/PU-Record-box-300x300.jpg",300,300,true],"woocommerce_single":["https:\/\/suncasesupply.com\/wp-content\/uploads\/2025\/05\/PU-Record-box-600x600.jpg",600,600,true],"woocommerce_gallery_thumbnail":["https:\/\/suncasesupply.com\/wp-content\/uploads\/2025\/05\/PU-Record-box-100x100.jpg",100,100,true]},"post_excerpt_stackable":"<p>Model : Z46<\/p>\n<p>Size: 36x 18x 36cm<\/p>\n<p>Capacity: 50x 12&#8243; LPs<\/p>\n<p>MOQ: 100pcs<\/p>\n<p>Delivery Time : 15-25 Days<\/p>\n<p>Sample : Available<\/p>\n","category_list":"","author_info":{"name":"","url":""},"comments_num":"0 comments","_links":{"self":[{"href":"https:\/\/suncasesupply.com\/pt\/wp-json\/wp\/v2\/product\/24017"}],"collection":[{"href":"https:\/\/suncasesupply.com\/pt\/wp-json\/wp\/v2\/product"}],"about":[{"href":"https:\/\/suncasesupply.com\/pt\/wp-json\/wp\/v2\/types\/product"}],"wp:featuredmedia":[{"embeddable":true,"href":"https:\/\/suncasesupply.com\/pt\/wp-json\/wp\/v2\/media\/25373"}],"wp:attachment":[{"href":"https:\/\/suncasesupply.com\/pt\/wp-json\/wp\/v2\/media?parent=24017"}],"wp:term":[{"taxonomy":"product_cat","embeddable":true,"href":"https:\/\/suncasesupply.com\/pt\/wp-json\/wp\/v2\/product_cat?post=24017"},{"taxonomy":"product_tag","embeddable":true,"href":"https:\/\/suncasesupply.com\/pt\/wp-json\/wp\/v2\/product_tag?post=24017"}],"curies":[{"name":"wp","href":"https:\/\/api.w.org\/{rel}","templated":true}]}}