{"id":23935,"date":"2024-11-08T15:25:39","date_gmt":"2024-11-08T07:25:39","guid":{"rendered":"https:\/\/suncasesupply.com\/?post_type=product&#038;p=23935"},"modified":"2025-09-04T15:19:01","modified_gmt":"2025-09-04T07:19:01","slug":"100-graded-coin-slab-case-aluminum-coin-storage-box","status":"publish","type":"product","link":"https:\/\/suncasesupply.com\/pt\/product\/100-graded-coin-slab-case-aluminum-coin-storage-box\/","title":{"rendered":"Caixa de armazenamento de moedas de alum\u00ednio com 100 placas de moedas classificadas"},"content":{"rendered":"<h4><span style=\"color: #003366;\">Caracter\u00edsticas:<\/span><\/h4>\n<ul>\n<li><strong><b>Constru\u00e7\u00e3o<\/b><\/strong>: A caixa de armazenamento de moedas de alum\u00ednio \u00e9 forte e dur\u00e1vel, resistente a press\u00e3o e colis\u00f5es. O corpo geralmente possui estrutura de alum\u00ednio refor\u00e7ado e cantos fortes, que podem resistir eficazmente a impactos externos, extrus\u00e3o e quedas.<\/li>\n<li><strong><b>Layout profissional<\/b><\/strong>: Esta vitrine para exposi\u00e7\u00e3o de moedas tem design de 5 fileiras, cada fileira pode acomodar 20 vitrines para moedas NGC ou PCGS e proteger sua cole\u00e7\u00e3o de moedas contra danos.<\/li>\n<li><strong><b>Prote\u00e7\u00e3o<\/b><\/strong>: Proteja suas moedas mantendo tudo organizado para f\u00e1cil armazenamento, transporte e transporte. Colecionadores tamb\u00e9m podem us\u00e1-lo junto com <strong data-start=\"669\" data-end=\"696\">caixas de armazenamento de placas de moedas<\/strong> para m\u00e1xima seguran\u00e7a.<\/li>\n<li><strong><b>Capacidade Diversificada<\/b><\/strong>: H\u00e1 v\u00e1rios tamanhos para escolher, do pequeno ao grande, para atender \u00e0s necessidades de diferentes cole\u00e7\u00f5es, sendo adequado at\u00e9 mesmo como uma vitrine de exibi\u00e7\u00e3o de cartas de 100 n\u00edveis para colecionadores.<\/li>\n<\/ul>\n<h4><span style=\"color: #003366;\">Detalhes do produto:<\/span><\/h4>\n<div style=\"display: flex; gap: 20px;\">\n<p><!-- \u7b2c\u4e00\u680f --><\/p>\n<div style=\"flex: 1; text-align: center;\">\n<p><img decoding=\"async\" style=\"max-width: 100%; height: auto; margin-bottom: 10px;\" src=\"https:\/\/suncasesupply.com\/wp-content\/uploads\/2025\/08\/1-EVA-Slots.jpg\" alt=\"Slots EVA\" \/><\/p>\n<p style=\"font-weight: bold; margin: 5px 0;\"><strong><b>Slots EVA<\/b><\/strong><\/p>\n<p style=\"margin: 0;\">A tampa inferior do porta-moedas \u00e9 feita de ranhuras de EVA pretas. O tamanho de cada ranhura de EVA \u00e9 personalizado de acordo com o tamanho das placas de moedas. Cada ranhura de EVA pode fixar perfeitamente cada placa de moeda e tamb\u00e9m servir como um expositor, encaixando-se perfeitamente em caixas de armazenamento de placas de moedas.<\/p>\n<\/div>\n<div style=\"flex: 1; text-align: center;\">\n<p><img decoding=\"async\" style=\"max-width: 100%; height: auto; margin-bottom: 10px;\" src=\"https:\/\/suncasesupply.com\/wp-content\/uploads\/2025\/08\/2-Rubber-Feet.jpg\" alt=\"P\u00e9s de borracha\" \/><\/p>\n<p style=\"font-weight: bold; margin: 5px 0;\"><strong><b>P\u00e9s de borracha<\/b><\/strong><\/p>\n<p style=\"margin: 0;\">H\u00e1 4 p\u00e9s de borracha na parte inferior do porta-moedas, que impedem o contato direto com o solo quando colocado em p\u00e9. Possui fun\u00e7\u00f5es de absor\u00e7\u00e3o de choque, absor\u00e7\u00e3o de impacto, antiderrapante e estabilidade.<\/p>\n<\/div>\n<div style=\"flex: 1; text-align: center;\">\n<p><img decoding=\"async\" style=\"max-width: 100%; height: auto; margin-bottom: 10px;\" src=\"https:\/\/suncasesupply.com\/wp-content\/uploads\/2025\/08\/3-Lock-with-Key.jpg\" alt=\"Tranca com chave\" \/><\/p>\n<p style=\"font-weight: bold; margin: 5px 0;\"><strong><b>Tranca com chave<\/b><\/strong><\/p>\n<p style=\"margin: 0;\">Cada porta-moedas \u00e9 feito com 2 travas de ferramentas, cada trava ser\u00e1 combinada com 2 chaves. Desempenha um papel protetor e aumenta a seguran\u00e7a dos porta-moedas.<\/p>\n<\/div>\n<p><!-- \u7b2c\u56db\u680f --><\/p>\n<div style=\"flex: 1; text-align: center;\">\n<p><img decoding=\"async\" style=\"max-width: 100%; height: auto; margin-bottom: 10px;\" src=\"https:\/\/suncasesupply.com\/wp-content\/uploads\/2025\/08\/4-Handle.jpg\" alt=\"Lidar\" \/><\/p>\n<p style=\"font-weight: bold; margin: 5px 0;\"><strong><b>Lidar<\/b><\/strong><\/p>\n<p style=\"margin: 0;\">A al\u00e7a facilita o transporte da vitrine para moedas. Ela \u00e9 muito resistente, resistente e feita de materiais de alta qualidade. Oferece praticidade e conforto.<\/p>\n<\/div>\n<\/div>\n<div style=\"background-color: #29599a; padding: 40px 20px; text-align: center; color: #ffffff; border-radius: 10px; margin: 40px auto; max-width: 960px;\">\n<h2 style=\"font-size: 22px; margin-bottom: 20px; font-weight: bold;\">Fornecimento por atacado de vitrines para moedas Sun Case, quantidade m\u00ednima de 100 para colecionadores.<\/h2>\n<p><a style=\"display: inline-block; padding: 12px 28px; background-color: #ffffff; color: #29599a; text-decoration: none; border-radius: 6px; font-weight: bold;\" href=\"https:\/\/suncasesupply.com\/pt\/contact-us\/\" target=\"_blank\" rel=\"noopener\">Obtenha uma cota\u00e7\u00e3o hoje<br \/>\n<\/a><\/p>\n<\/div>\n<h4><span style=\"color: #003366;\">Processo de fabrica\u00e7\u00e3o da caixa de moedas:<\/span><\/h4>\n<p><img decoding=\"async\" style=\"max-width: 100%; height: auto; margin-bottom: 10px;\" src=\"https:\/\/suncasesupply.com\/wp-content\/uploads\/2025\/07\/Manufacturing-Process.png\" alt=\"Processo de fabrica\u00e7\u00e3o do Suncase\" \/><\/p>\n<h4><span style=\"color: #003366;\">Informa\u00e7\u00f5es \u00fateis para compradores em massa:<\/span><\/h4>\n<ul>\n<li>\n<p class=\"page-title\" title=\"Como voc\u00ea armazena placas de moedas\"><a href=\"https:\/\/suncasesupply.com\/pt\/blog\/how-do-you-store-coin-slabs\/\">Como voc\u00ea armazena placas de moedas<\/a><\/p>\n<\/li>\n<li>\n<p class=\"page-title\" title=\"As 3 principais op\u00e7\u00f5es de caixa para moedas de alum\u00ednio\"><a href=\"https:\/\/suncasesupply.com\/pt\/blog\/custom-aluminum-case\/top-3-picks-of-aluminum-coin-case\/\">As 3 principais op\u00e7\u00f5es de caixa para moedas de alum\u00ednio<\/a><\/p>\n<\/li>\n<li>\n<p class=\"page-title\" title=\"Caixas de armazenamento de moedas de alum\u00ednio para manter a qualidade das moedas\"><a href=\"https:\/\/suncasesupply.com\/pt\/blog\/custom-aluminum-case\/how-to-maintain-aluminum-coin-cases\/\">Caixas de armazenamento de moedas de alum\u00ednio para manter a qualidade das moedas<\/a><\/p>\n<\/li>\n<\/ul>","protected":false},"excerpt":{"rendered":"<p>Modelo: KY210<\/p>\n<p>Tamanho: 42 x 32 x 11,5 cm<\/p>\n<p>Cores: Estrutura de alum\u00ednio prateado + painel preto<\/p>\n<p>Materiais: Estrutura de alum\u00ednio, placa de MDF, painel de ABS, acess\u00f3rios.<\/p>\n<p>Logotipo: Logotipo em placa de metal<\/p>\n<p>Quantidade m\u00ednima: 100 pe\u00e7as<\/p>\n<p>Prazo de entrega: 15-25 dias<\/p>","protected":false},"featured_media":25376,"template":"","meta":{"_gspb_post_css":""},"product_cat":[84],"product_tag":[],"featured_image_urls":{"full":["https:\/\/suncasesupply.com\/wp-content\/uploads\/2025\/05\/coin-case.jpg",800,800,false],"thumbnail":["https:\/\/suncasesupply.com\/wp-content\/uploads\/2025\/05\/coin-case-150x150.jpg",150,150,true],"medium":["https:\/\/suncasesupply.com\/wp-content\/uploads\/2025\/05\/coin-case-300x300.jpg",300,300,true],"medium_large":["https:\/\/suncasesupply.com\/wp-content\/uploads\/2025\/05\/coin-case-768x768.jpg",768,768,true],"large":["https:\/\/suncasesupply.com\/wp-content\/uploads\/2025\/05\/coin-case.jpg",800,800,false],"1536x1536":["https:\/\/suncasesupply.com\/wp-content\/uploads\/2025\/05\/coin-case.jpg",800,800,false],"2048x2048":["https:\/\/suncasesupply.com\/wp-content\/uploads\/2025\/05\/coin-case.jpg",800,800,false],"trp-custom-language-flag":["https:\/\/suncasesupply.com\/wp-content\/uploads\/2025\/05\/coin-case-12x12.jpg",12,12,true],"woocommerce_thumbnail":["https:\/\/suncasesupply.com\/wp-content\/uploads\/2025\/05\/coin-case-300x300.jpg",300,300,true],"woocommerce_single":["https:\/\/suncasesupply.com\/wp-content\/uploads\/2025\/05\/coin-case-600x600.jpg",600,600,true],"woocommerce_gallery_thumbnail":["https:\/\/suncasesupply.com\/wp-content\/uploads\/2025\/05\/coin-case-100x100.jpg",100,100,true]},"post_excerpt_stackable":"<p>Model :KY210<\/p>\n<p>Size: 42\u00a0x 32\u00a0x 11.5cm<\/p>\n<p>Colors: Silver Aluminum frame+Black Panel<\/p>\n<p>Materials: Aluminum\u00a0frame, MDF Board, ABS\u00a0Panel, Accessories.<\/p>\n<p>Logo: Metal plate logo<\/p>\n<p>MOQ: 100pcs<\/p>\n<p>Delivery Time : 15-25 Days<\/p>\n","category_list":"","author_info":{"name":"","url":""},"comments_num":"0 comments","_links":{"self":[{"href":"https:\/\/suncasesupply.com\/pt\/wp-json\/wp\/v2\/product\/23935"}],"collection":[{"href":"https:\/\/suncasesupply.com\/pt\/wp-json\/wp\/v2\/product"}],"about":[{"href":"https:\/\/suncasesupply.com\/pt\/wp-json\/wp\/v2\/types\/product"}],"wp:featuredmedia":[{"embeddable":true,"href":"https:\/\/suncasesupply.com\/pt\/wp-json\/wp\/v2\/media\/25376"}],"wp:attachment":[{"href":"https:\/\/suncasesupply.com\/pt\/wp-json\/wp\/v2\/media?parent=23935"}],"wp:term":[{"taxonomy":"product_cat","embeddable":true,"href":"https:\/\/suncasesupply.com\/pt\/wp-json\/wp\/v2\/product_cat?post=23935"},{"taxonomy":"product_tag","embeddable":true,"href":"https:\/\/suncasesupply.com\/pt\/wp-json\/wp\/v2\/product_tag?post=23935"}],"curies":[{"name":"wp","href":"https:\/\/api.w.org\/{rel}","templated":true}]}}