{"id":23780,"date":"2024-10-25T16:32:04","date_gmt":"2024-10-25T08:32:04","guid":{"rendered":"https:\/\/suncasesupply.com\/?post_type=product&#038;p=23780"},"modified":"2026-03-17T01:22:47","modified_gmt":"2026-03-16T17:22:47","slug":"professional-aluminum-makeup-case-customized-carry-nail-storage-box-goldblack","status":"publish","type":"product","link":"https:\/\/suncasesupply.com\/pt\/product\/professional-aluminum-makeup-case-customized-carry-nail-storage-box-goldblack\/","title":{"rendered":"Estojo de maquiagem profissional de alum\u00ednio personalizado para transporte de unhas caixa de armazenamento dourada e preta"},"content":{"rendered":"<h4><span style=\"color: #003366;\">Caracter\u00edsticas:<\/span><\/h4>\n<ul>\n<li><strong><b>Sensa\u00e7\u00e3o de luxo: <\/b><\/strong>O ouro rosa \u00e9 uma cor met\u00e1lica que representa luxo discreto e eleg\u00e2ncia. A estrutura de alum\u00ednio desta maleta de maquiagem \u00e9 feita de alum\u00ednio na cor ouro rosa, combinada com um painel preto, o que eleva instantaneamente o n\u00edvel da caixa, fazendo com que ela pare\u00e7a mais um item de moda do que uma simples caixa.<\/li>\n<li><strong><b>Vantagens da estrutura de alum\u00ednio<\/b><\/strong>O material em liga de alum\u00ednio \u00e9 leve, por\u00e9m resistente, protegendo eficazmente os cosm\u00e9ticos caros contra compress\u00e3o e impactos durante o transporte e uso. Esta maleta de maquiagem em alum\u00ednio de alta qualidade \u00e9 ideal para profissionais.<\/li>\n<li><strong><b>Resist\u00eancia \u00e0 compress\u00e3o e ao impacto<\/b><\/strong>Em compara\u00e7\u00e3o com n\u00e9cessaires de tecido, as estruturas r\u00edgidas ou semirr\u00edgidas oferecem uma prote\u00e7\u00e3o mais confi\u00e1vel para itens fr\u00e1geis, como frascos de base l\u00edquida e paletas de sombras. Essa \u00e9 a op\u00e7\u00e3o ideal para quem busca uma n\u00e9cessaire de alum\u00ednio barata sem abrir m\u00e3o da qualidade.<\/li>\n<li><strong><b>Particionamento cient\u00edfico<\/b><\/strong>: O design interno tem v\u00e1rias bandejas e divis\u00f3rias, que podem fixar pinc\u00e9is, base, sombra, batom e outros cosm\u00e9ticos de diferentes formatos em diferentes categorias e torn\u00e1-los claros \u00e0 primeira vista.<\/li>\n<\/ul>\n<div style=\"background-color: #29599a; padding: 40px 20px; text-align: center; color: #ffffff; border-radius: 10px; margin: 40px auto; max-width: 960px;\">\n<h2 style=\"font-size: 22px; margin-bottom: 20px; font-weight: bold;\"><span style=\"color: #ffffff;\">Adquira j\u00e1 o estojo para ferramentas de cabeleireiro Sun Case! Pedido m\u00ednimo de 100 unidades. Venda por atacado dispon\u00edvel!<\/span><\/h2>\n<p><a style=\"display: inline-block; padding: 12px 28px; background-color: #ffffff; color: #29599a; text-decoration: none; border-radius: 6px; font-weight: bold;\" href=\"https:\/\/suncasesupply.com\/pt\/contact-us\/\" target=\"_blank\" rel=\"noopener\">Obter uma cota\u00e7\u00e3o<br \/>\n<\/a><\/p>\n<\/div>\n<h4><span style=\"color: #003366;\">Detalhes do produto:<\/span><\/h4>\n<div style=\"display: flex; gap: 20px;\">\n<p><!-- \u7b2c\u4e00\u680f --><\/p>\n<div style=\"flex: 1; text-align: center;\">\n<p><img decoding=\"async\" style=\"max-width: 100%; height: auto; margin-bottom: 10px;\" src=\"https:\/\/suncasesupply.com\/wp-content\/uploads\/2025\/09\/2-Handle.jpg\" alt=\"Lidar\" \/><\/p>\n<p><strong><b>Lidar<\/b><\/strong><\/p>\n<p style=\"margin: 0;\">A al\u00e7a de um estojo de cosm\u00e9ticos \u00e9 um acess\u00f3rio essencial que combina funcionalidade, conforto, seguran\u00e7a e est\u00e9tica. A \u00e1rea que entra em contato com a palma da m\u00e3o \u00e9 geralmente revestida com borracha macia e flex\u00edvel, que dissipa a press\u00e3o do peso do estojo na palma da m\u00e3o e evita que os dedos fiquem presos. Perfeita para guardar utens\u00edlios de manicure.<\/p>\n<p>&nbsp;<\/p>\n<\/div>\n<p><!-- \u7b2c\u4e8c\u680f --><\/p>\n<div style=\"flex: 1; text-align: center;\">\n<p><img decoding=\"async\" style=\"max-width: 100%; height: auto; margin-bottom: 10px;\" src=\"https:\/\/suncasesupply.com\/wp-content\/uploads\/2025\/09\/1-Protective-Corner.jpg\" alt=\"Canto Protetor\" \/><\/p>\n<p><strong><b>P<\/b><\/strong><strong><b>Canto Protetivo<\/b><\/strong><\/p>\n<p style=\"margin: 0;\">O canto protetor desta capa cosm\u00e9tica \u00e9 diferente do canto quadrado ou redondo comum, sendo chamado de canto em forma de flor de ameixa, devido ao seu formato semelhante ao de uma flor de ameixa. Al\u00e9m de ser um elemento caracter\u00edstico do design de capas de alum\u00ednio, ele tamb\u00e9m desempenha uma fun\u00e7\u00e3o pr\u00e1tica vital. Possui forte resist\u00eancia a impactos e ao desgaste.<\/p>\n<\/div>\n<p><!-- \u7b2c\u4e09\u680f --><\/p>\n<div style=\"flex: 1; text-align: center;\">\n<p><img decoding=\"async\" style=\"max-width: 100%; height: auto; margin-bottom: 10px;\" src=\"https:\/\/suncasesupply.com\/wp-content\/uploads\/2025\/09\/4-EVA-Dividers.jpg\" alt=\"Divisores de EVA\" \/><\/p>\n<p><strong><b>Divisores de EVA<\/b><\/strong><\/p>\n<p>A parte inferior da maleta de maquiagem \u00e9 feita com divis\u00f3rias de EVA. Trata-se de um material de espuma de c\u00e9lula fechada, ecol\u00f3gico, at\u00f3xico e inodoro, com caracter\u00edsticas de maciez, resist\u00eancia a choques, boa elasticidade, resist\u00eancia \u00e0 corros\u00e3o e f\u00e1cil corte. A divis\u00f3ria de EVA desempenha principalmente o papel de otimizar o uso do espa\u00e7o e organizar a indu\u00e7\u00e3o.<\/p>\n<\/div>\n<p><!-- \u7b2c\u56db\u680f --><\/p>\n<div style=\"flex: 1; text-align: center;\">\n<p><img decoding=\"async\" style=\"max-width: 100%; height: auto; margin-bottom: 10px;\" src=\"https:\/\/suncasesupply.com\/wp-content\/uploads\/2025\/09\/3-Divider-for-Tray.jpg\" alt=\"Divis\u00f3ria para Bandeja\" \/><\/p>\n<p><strong><b>Divis\u00f3ria para Bandeja<\/b><\/strong><\/p>\n<p style=\"margin: 0;\">Este estojo de cosm\u00e9ticos possui seis bandejas pl\u00e1sticas longas para armazenar e organizar maquiagens. Cada bandeja possui diversas divis\u00f3rias pl\u00e1sticas, permitindo que os clientes ajustem as divis\u00f3rias de acordo com o tamanho dos seus produtos. As divis\u00f3rias tamb\u00e9m podem ser removidas quando n\u00e3o estiverem em uso. S\u00e3o muito flex\u00edveis.<\/p>\n<\/div>\n<\/div>\n<div style=\"background-color: #29599a; padding: 40px 20px; text-align: center; color: #ffffff; border-radius: 10px; margin: 40px auto; max-width: 960px;\">\n<h2 style=\"font-size: 22px; margin-bottom: 20px; font-weight: bold;\"><span style=\"color: #ffffff;\">Encomende hoje mesmo a sua maleta de maquiagem de alum\u00ednio Sun Case \u2013 pedido m\u00ednimo de 100 unidades garantido!<\/span><\/h2>\n<p><a style=\"display: inline-block; padding: 12px 28px; background-color: #ffffff; color: #29599a; text-decoration: none; border-radius: 6px; font-weight: bold;\" href=\"https:\/\/suncasesupply.com\/pt\/contact-us\/\" target=\"_blank\" rel=\"noopener\">Obtenha uma cota\u00e7\u00e3o hoje<br \/>\n<\/a><\/p>\n<\/div>\n<h4><span style=\"color: #003366;\">Processo de fabrica\u00e7\u00e3o:<\/span><\/h4>\n<p><img decoding=\"async\" style=\"max-width: 100%; height: auto; margin-bottom: 10px;\" src=\"https:\/\/suncasesupply.com\/wp-content\/uploads\/2025\/07\/Manufacturing-Process.png\" alt=\"Processo de fabrica\u00e7\u00e3o do Suncase\" \/><\/p>\n<div style=\"display: flex; gap: 20px;\">\n<p><!-- \u7b2c\u4e00\u680f \u6d41\u7a0b1--><\/p>\n<div style=\"flex: 1; text-align: center;\"><\/div>\n<\/div>\n<div style=\"display: flex; gap: 20px;\">\n<div style=\"flex: 1; text-align: center;\">\n<p style=\"font-weight: bold; margin: 5px 0;\">\n<\/div>\n<\/div>\n<h4><span style=\"color: #003366;\">Informa\u00e7\u00f5es \u00fateis para compradores em massa:<\/span><\/h4>\n<ul>\n<li class=\"page-title\" title=\"O que torna os cart\u00f5es esportivos t\u00e3o valiosos?\">\n<p class=\"page-title\" title=\"Estojos de maquiagem port\u00e1teis indispens\u00e1veis para sua rotina de beleza\"><a href=\"https:\/\/suncasesupply.com\/pt\/blog\/makeup-case\/best-portable-makeup-case\/\">Estojos de maquiagem port\u00e1teis indispens\u00e1veis para sua rotina de beleza &gt;&gt;<\/a><\/p>\n<\/li>\n<li title=\"O que torna os cart\u00f5es esportivos t\u00e3o valiosos?\">\n<p class=\"page-title\" title=\"Como organizar adequadamente seu estojo de maquiagem para viagens\"><a href=\"https:\/\/suncasesupply.com\/pt\/blog\/makeup-case\/how-to-packing\/\">Como organizar corretamente sua maleta de maquiagem para viagens &gt;&gt;<\/a><\/p>\n<\/li>\n<li title=\"O que torna os cart\u00f5es esportivos t\u00e3o valiosos?\">\n<p class=\"page-title\" title=\"O que \u00e9 um estojo de trem de maquiagem?\"><a href=\"https:\/\/suncasesupply.com\/pt\/blog\/makeup-case\/what-is-a-makeup-train-case\/\">O que \u00e9 um estojo de trem de maquiagem?<\/a><\/p>\n<\/li>\n<\/ul>","protected":false},"excerpt":{"rendered":"<p>Modelo: K2109<\/p>\n<p>Tamanho: 360*220*270m<\/p>\n<p>Cores: Moldura em ouro rosa + Painel preto<\/p>\n<p>Materiais: Estrutura de alum\u00ednio, placa de MDF, painel de ABS, acess\u00f3rios.<\/p>\n<p>Logotipo: Logotipo de placa de metal, Logotipo de serigrafia<\/p>\n<p>Quantidade m\u00ednima: 100 pe\u00e7as<\/p>\n<p>Amostra: Dispon\u00edvel<\/p>","protected":false},"featured_media":25380,"template":"","meta":{"_gspb_post_css":""},"product_cat":[34,96],"product_tag":[],"featured_image_urls":{"full":["https:\/\/suncasesupply.com\/wp-content\/uploads\/2025\/05\/black-and-rose-gold-makeup-case.jpg",800,800,false],"thumbnail":["https:\/\/suncasesupply.com\/wp-content\/uploads\/2025\/05\/black-and-rose-gold-makeup-case-150x150.jpg",150,150,true],"medium":["https:\/\/suncasesupply.com\/wp-content\/uploads\/2025\/05\/black-and-rose-gold-makeup-case-300x300.jpg",300,300,true],"medium_large":["https:\/\/suncasesupply.com\/wp-content\/uploads\/2025\/05\/black-and-rose-gold-makeup-case-768x768.jpg",768,768,true],"large":["https:\/\/suncasesupply.com\/wp-content\/uploads\/2025\/05\/black-and-rose-gold-makeup-case.jpg",800,800,false],"1536x1536":["https:\/\/suncasesupply.com\/wp-content\/uploads\/2025\/05\/black-and-rose-gold-makeup-case.jpg",800,800,false],"2048x2048":["https:\/\/suncasesupply.com\/wp-content\/uploads\/2025\/05\/black-and-rose-gold-makeup-case.jpg",800,800,false],"trp-custom-language-flag":["https:\/\/suncasesupply.com\/wp-content\/uploads\/2025\/05\/black-and-rose-gold-makeup-case-12x12.jpg",12,12,true],"woocommerce_thumbnail":["https:\/\/suncasesupply.com\/wp-content\/uploads\/2025\/05\/black-and-rose-gold-makeup-case-300x300.jpg",300,300,true],"woocommerce_single":["https:\/\/suncasesupply.com\/wp-content\/uploads\/2025\/05\/black-and-rose-gold-makeup-case-600x600.jpg",600,600,true],"woocommerce_gallery_thumbnail":["https:\/\/suncasesupply.com\/wp-content\/uploads\/2025\/05\/black-and-rose-gold-makeup-case-100x100.jpg",100,100,true]},"post_excerpt_stackable":"<p>Model :K2109<\/p>\n<p>Size: 360*220*270m<\/p>\n<p>Colors: Rose gold Frame+Black Panel<\/p>\n<p>Materials: Aluminum\u00a0frame, MDF Board, ABS\u00a0Panel, Accessories.<\/p>\n<p>Logo: Metal plate logo, Silk screen printing logo<\/p>\n<p>MOQ: 100pcs<\/p>\n<p>Sample: Available<\/p>\n","category_list":"","author_info":{"name":"","url":""},"comments_num":"0 comments","_links":{"self":[{"href":"https:\/\/suncasesupply.com\/pt\/wp-json\/wp\/v2\/product\/23780"}],"collection":[{"href":"https:\/\/suncasesupply.com\/pt\/wp-json\/wp\/v2\/product"}],"about":[{"href":"https:\/\/suncasesupply.com\/pt\/wp-json\/wp\/v2\/types\/product"}],"wp:featuredmedia":[{"embeddable":true,"href":"https:\/\/suncasesupply.com\/pt\/wp-json\/wp\/v2\/media\/25380"}],"wp:attachment":[{"href":"https:\/\/suncasesupply.com\/pt\/wp-json\/wp\/v2\/media?parent=23780"}],"wp:term":[{"taxonomy":"product_cat","embeddable":true,"href":"https:\/\/suncasesupply.com\/pt\/wp-json\/wp\/v2\/product_cat?post=23780"},{"taxonomy":"product_tag","embeddable":true,"href":"https:\/\/suncasesupply.com\/pt\/wp-json\/wp\/v2\/product_tag?post=23780"}],"curies":[{"name":"wp","href":"https:\/\/api.w.org\/{rel}","templated":true}]}}