{"id":23451,"date":"2024-07-18T09:37:48","date_gmt":"2024-07-18T01:37:48","guid":{"rendered":"https:\/\/suncasesupply.com\/?post_type=product&#038;p=23451"},"modified":"2025-08-21T14:03:23","modified_gmt":"2025-08-21T06:03:23","slug":"aluminum-card-display-case-psa-graded-cards-sport-trading-card-storage-case","status":"publish","type":"product","link":"https:\/\/suncasesupply.com\/pt\/product\/aluminum-card-display-case-psa-graded-cards-sport-trading-card-storage-case\/","title":{"rendered":"Vitrine de alum\u00ednio para cart\u00f5es PSA, estojo para armazenamento de cart\u00f5es esportivos e colecion\u00e1veis"},"content":{"rendered":"<h4><span style=\"color: #003366;\">Caracter\u00edsticas:<\/span><\/h4>\n<ul>\n<li><strong>Exibi\u00e7\u00e3o transparente<\/strong>: O painel frontal transparente garante que sua vitrine de cart\u00f5es PSA exiba as placas lindamente, perfeita para cole\u00e7\u00f5es dom\u00e9sticas ou vitrine de cart\u00f5es colecion\u00e1veis para exposi\u00e7\u00f5es.<\/li>\n<li><strong>Constru\u00e7\u00e3o dur\u00e1vel<\/strong>:O estojo de alum\u00ednio para exibi\u00e7\u00e3o de cart\u00f5es, constru\u00eddo com pain\u00e9is de madeira resistentes e uma estrutura de alum\u00ednio, oferece estilo e seguran\u00e7a.<\/li>\n<li><strong>Capacidade de armazenamento ideal<\/strong>: projetado para armazenar com seguran\u00e7a at\u00e9 10 placas de tamanho padr\u00e3o classificadas pela PSA, esta vitrine para cart\u00f5es esportivos mant\u00e9m a cole\u00e7\u00e3o organizada e protegida.<\/li>\n<\/ul>\n<h4><span style=\"color: #003366;\">Detalhes do produto:<\/span><\/h4>\n<div style=\"display: flex; gap: 20px;\">\n<p><!-- \u7b2c\u4e00\u680f --><\/p>\n<div style=\"flex: 1; text-align: center;\">\n<p><img decoding=\"async\" style=\"max-width: 100%; height: auto; margin-bottom: 10px;\" src=\"https:\/\/suncasesupply.com\/wp-content\/uploads\/2024\/12\/1-Durable-and-comfortable-handle.webp\" alt=\"Al\u00e7a dur\u00e1vel e confort\u00e1vel\" \/><\/p>\n<p style=\"font-weight: bold; margin: 5px 0;\">Al\u00e7a dur\u00e1vel e confort\u00e1vel<\/p>\n<p style=\"margin: 0;\">Equipada com uma al\u00e7a leve, esta vitrine para cart\u00f5es colecion\u00e1veis com trava n\u00e3o \u00e9 apenas uma \u00f3tima maneira de exibir seus produtos na loja ou em casa, mas tamb\u00e9m facilita o transporte e o uso em qualquer lugar.<br \/>\nO cabo \u00e9 feito de borracha macia e uma base de metal resistente, que \u00e9 resistente e confort\u00e1vel<\/p>\n<\/div>\n<p><!-- \u7b2c\u4e8c\u680f --><\/p>\n<div style=\"flex: 1; text-align: center;\">\n<p><img decoding=\"async\" style=\"max-width: 100%; height: auto; margin-bottom: 10px;\" src=\"https:\/\/suncasesupply.com\/wp-content\/uploads\/2024\/12\/2-Sturdy-corners.webp\" alt=\"Cantos resistentes\" \/><\/p>\n<p style=\"font-weight: bold; margin: 5px 0;\">Cantos resistentes<\/p>\n<p style=\"margin: 0;\">Os cantos de metal s\u00e3o muito firmes e resistentes a impactos, o que evita danos durante o transporte. Portanto, ele pode proteger bem os cart\u00f5es ou outros produtos na caixa.<\/p>\n<\/div>\n<p><!-- \u7b2c\u4e09\u680f --><\/p>\n<div style=\"flex: 1; text-align: center;\">\n<p><img decoding=\"async\" style=\"max-width: 100%; height: auto; margin-bottom: 10px;\" src=\"https:\/\/suncasesupply.com\/wp-content\/uploads\/2024\/12\/3-Customized-foam-insertEVA.webp\" alt=\"Inser\u00e7\u00e3o de espuma personalizada (EVA)\" \/><\/p>\n<p style=\"font-weight: bold; margin: 5px 0;\">Encarte de espuma personalizado<\/p>\n<p style=\"margin: 0;\">Na parte inferior da caixa, h\u00e1 um EVA moldado personalizado para acomodar as placas de cards colecion\u00e1veis Graded Sports. Como uma caixa de exposi\u00e7\u00e3o de cards colecion\u00e1veis, ela mant\u00e9m os cards organizados e permite f\u00e1cil inser\u00e7\u00e3o e remo\u00e7\u00e3o.<\/p>\n<\/div>\n<p><!-- \u7b2c\u56db\u680f --><\/p>\n<div style=\"flex: 1; text-align: center;\">\n<p><img decoding=\"async\" style=\"max-width: 100%; height: auto; margin-bottom: 10px;\" src=\"https:\/\/suncasesupply.com\/wp-content\/uploads\/2024\/12\/4-Acrylic-Clear-Top.webp\" alt=\"Topo transparente de acr\u00edlico\" \/><\/p>\n<p style=\"font-weight: bold; margin: 5px 0;\">Topo transparente de acr\u00edlico<\/p>\n<p style=\"margin: 0;\">Seu painel superior \u00e9 feito de acr\u00edlico de alta qualidade, com espessura de 4 mm. O painel de acr\u00edlico transparente permite observar e exibir diretamente os produtos expostos em seu interior. Resistente a arranh\u00f5es e resistente, este expositor \u00e9 uma escolha confi\u00e1vel entre os fornecedores de expositores de confian\u00e7a.<\/p>\n<\/div>\n<\/div>\n<div style=\"background-color: #29599a; padding: 40px 20px; text-align: center; color: #ffffff; border-radius: 10px; margin: 40px auto; max-width: 960px;\">\n<h2 style=\"font-size: 22px; margin-bottom: 20px; font-weight: bold;\">Pe\u00e7a agora mesmo a vitrine para cart\u00f5es PSA da Sun Case, quantidade m\u00ednima de 100 unidades!<\/h2>\n<p><a style=\"display: inline-block; padding: 12px 28px; background-color: #ffffff; color: #29599a; text-decoration: none; border-radius: 6px; font-weight: bold;\" href=\"https:\/\/suncasesupply.com\/pt\/contact-us\/\" target=\"_blank\" rel=\"noopener\">Obtenha uma cota\u00e7\u00e3o hoje<br \/>\n<\/a><\/p>\n<\/div>\n<h4><span style=\"color: #003366;\">Processo de fabrica\u00e7\u00e3o da caixa de exposi\u00e7\u00e3o de cart\u00f5es classificados:<\/span><\/h4>\n<p><img decoding=\"async\" style=\"max-width: 100%; height: auto; margin-bottom: 10px;\" src=\"https:\/\/suncasesupply.com\/wp-content\/uploads\/2025\/07\/Manufacturing-Process.png\" alt=\"Processo de fabrica\u00e7\u00e3o do Suncase\" \/><\/p>\n<div style=\"display: flex; gap: 20px;\"><\/div>\n<div style=\"display: flex; gap: 20px;\">\n<div style=\"flex: 1; text-align: center;\">\n<p style=\"font-weight: bold; margin: 5px 0;\">\n<\/div>\n<\/div>\n<h4><span style=\"color: #003366;\">Informa\u00e7\u00f5es \u00fateis para compradores em massa:<\/span><\/h4>\n<ol>\n<li>\n<p class=\"page-title\" title=\"O que torna os cart\u00f5es esportivos t\u00e3o valiosos?\"><a href=\"https:\/\/suncasesupply.com\/pt\/blog\/custom-aluminum-case\/commercial-value-of-sports-cards\/\">Por que os cart\u00f5es esportivos s\u00e3o valiosos e caixas de armazenamento para cart\u00f5es esportivos &gt;&gt;<\/a><\/p>\n<\/li>\n<li>\n<p class=\"page-title\" title=\"O que torna os cart\u00f5es esportivos t\u00e3o valiosos?\"><a href=\"https:\/\/suncasesupply.com\/pt\/blog\/how-protect-trading-cards-collection\/\">Como proteger sua cole\u00e7\u00e3o de cards colecion\u00e1veis &gt;&gt;<\/a><\/p>\n<\/li>\n<li title=\"Como proteger sua cole\u00e7\u00e3o de cards colecion\u00e1veis\">\n<p class=\"page-title\" title=\"Caixas de armazenamento de cart\u00f5es esportivos: a melhor maneira de armazenar cart\u00f5es esportivos\"><a href=\"https:\/\/suncasesupply.com\/pt\/blog\/custom-aluminum-case\/how-to-store-sports-cards\/\">Caixas de armazenamento de cart\u00f5es esportivos: a melhor maneira de armazenar cart\u00f5es esportivos &gt;&gt;<\/a><\/p>\n<\/li>\n<\/ol>\n<p>&nbsp;<\/p>","protected":false},"excerpt":{"rendered":"<p>Modelo: KY-0010<\/p>\n<p>Tamanho: 480*335*80mm ou personalizar<\/p>\n<p>Cores: Preto ou personalizar<\/p>\n<p>Materiais: Alum\u00ednio, painel ABS, painel acr\u00edlico<\/p>\n<p>Logotipo: Logotipo em placa de metal, logotipo em serigrafia<\/p>\n<p>Quantidade m\u00ednima: 100 pe\u00e7as<\/p>","protected":false},"featured_media":25378,"template":"","meta":{"_gspb_post_css":""},"product_cat":[42,87,119],"product_tag":[],"featured_image_urls":{"full":["https:\/\/suncasesupply.com\/wp-content\/uploads\/2025\/05\/display-case.jpg",800,800,false],"thumbnail":["https:\/\/suncasesupply.com\/wp-content\/uploads\/2025\/05\/display-case-150x150.jpg",150,150,true],"medium":["https:\/\/suncasesupply.com\/wp-content\/uploads\/2025\/05\/display-case-300x300.jpg",300,300,true],"medium_large":["https:\/\/suncasesupply.com\/wp-content\/uploads\/2025\/05\/display-case-768x768.jpg",768,768,true],"large":["https:\/\/suncasesupply.com\/wp-content\/uploads\/2025\/05\/display-case.jpg",800,800,false],"1536x1536":["https:\/\/suncasesupply.com\/wp-content\/uploads\/2025\/05\/display-case.jpg",800,800,false],"2048x2048":["https:\/\/suncasesupply.com\/wp-content\/uploads\/2025\/05\/display-case.jpg",800,800,false],"trp-custom-language-flag":["https:\/\/suncasesupply.com\/wp-content\/uploads\/2025\/05\/display-case-12x12.jpg",12,12,true],"woocommerce_thumbnail":["https:\/\/suncasesupply.com\/wp-content\/uploads\/2025\/05\/display-case-300x300.jpg",300,300,true],"woocommerce_single":["https:\/\/suncasesupply.com\/wp-content\/uploads\/2025\/05\/display-case-600x600.jpg",600,600,true],"woocommerce_gallery_thumbnail":["https:\/\/suncasesupply.com\/wp-content\/uploads\/2025\/05\/display-case-100x100.jpg",100,100,true]},"post_excerpt_stackable":"<p>Model:\u00a0KY-0010<\/p>\n<p>Size: 480*335*80mm or Customize<\/p>\n<p>Colors: Black or customize<\/p>\n<p>Materials: Aluminum, ABS panel, Acrylic Panel<\/p>\n<p>Logo: Metal plate logo, silk screen logo<\/p>\n<p>MOQ: 100pcs<\/p>\n","category_list":"","author_info":{"name":"","url":""},"comments_num":"0 comments","_links":{"self":[{"href":"https:\/\/suncasesupply.com\/pt\/wp-json\/wp\/v2\/product\/23451"}],"collection":[{"href":"https:\/\/suncasesupply.com\/pt\/wp-json\/wp\/v2\/product"}],"about":[{"href":"https:\/\/suncasesupply.com\/pt\/wp-json\/wp\/v2\/types\/product"}],"wp:featuredmedia":[{"embeddable":true,"href":"https:\/\/suncasesupply.com\/pt\/wp-json\/wp\/v2\/media\/25378"}],"wp:attachment":[{"href":"https:\/\/suncasesupply.com\/pt\/wp-json\/wp\/v2\/media?parent=23451"}],"wp:term":[{"taxonomy":"product_cat","embeddable":true,"href":"https:\/\/suncasesupply.com\/pt\/wp-json\/wp\/v2\/product_cat?post=23451"},{"taxonomy":"product_tag","embeddable":true,"href":"https:\/\/suncasesupply.com\/pt\/wp-json\/wp\/v2\/product_tag?post=23451"}],"curies":[{"name":"wp","href":"https:\/\/api.w.org\/{rel}","templated":true}]}}