{"id":23054,"date":"2024-06-05T15:31:59","date_gmt":"2024-06-05T07:31:59","guid":{"rendered":"https:\/\/suncasesupply.com\/?post_type=product&#038;p=23054"},"modified":"2025-10-28T17:59:57","modified_gmt":"2025-10-28T09:59:57","slug":"black-aluminum-storage-case-customized-hard-case-carrying-tool-case-with-foam","status":"publish","type":"product","link":"https:\/\/suncasesupply.com\/pt\/product\/black-aluminum-storage-case-customized-hard-case-carrying-tool-case-with-foam\/","title":{"rendered":"Estojo de armazenamento de alum\u00ednio preto Estojo r\u00edgido personalizado para transporte de ferramentas com espuma"},"content":{"rendered":"<h4><span style=\"color: #003366;\">Caracter\u00edsticas:<\/span><\/h4>\n<ul>\n<li><strong><b>Qualidade Premium<\/b><\/strong>: Feito de liga de alum\u00ednio de alta qualidade e placa de MDF espessa, n\u00e3o \u00e9 f\u00e1cil de danificar ou deformar e pode ser usado por muito tempo.<\/li>\n<li><strong><b>Dupla prote\u00e7\u00e3o<\/b><\/strong>: Design de travamento para garantir a seguran\u00e7a e privacidade. O forro de espuma interior e os cantos refor\u00e7ados antichoque, que protegem seus itens de danos durante o transporte ou armazenamento.<\/li>\n<li><strong><b>F\u00e1cil de usar<\/b><\/strong>: Mantenha seus itens em boa ordem com os fechos e dobradi\u00e7as intuitivos de libera\u00e7\u00e3o r\u00e1pida desta caixa de alum\u00ednio.<\/li>\n<li><strong><b>Fun\u00e7\u00f5es da espuma<\/b><\/strong>: A espuma DIY dentro da caixa de alum\u00ednio pode ser cortada em qualquer formato para se adaptar aos seus produtos.<\/li>\n<\/ul>\n<div style=\"display: flex; gap: 20px;\">\n<p><!-- \u7b2c\u4e00\u680f --><\/p>\n<div style=\"flex: 1; text-align: center;\">\n<p><img decoding=\"async\" style=\"max-width: 100%; height: auto; margin-bottom: 10px;\" src=\"https:\/\/suncasesupply.com\/wp-content\/uploads\/2025\/03\/1-Round-Corner-Aluminum-Frame.jpg\" alt=\"Moldura de alum\u00ednio de canto redondo\" \/><\/p>\n<p><b><\/b><strong><b>Moldura de alum\u00ednio de canto redondo<\/b><\/strong><\/p>\n<p style=\"margin: 0;\">A caixa de alum\u00ednio \u00e9 feita com estrutura de alum\u00ednio com cantos arredondados e cantos met\u00e1licos arredondados, o que n\u00e3o s\u00f3 melhora a capacidade anticolis\u00e3o e desempenha um papel protetor, mas tamb\u00e9m torna a apar\u00eancia de toda a caixa mais luxuosa.<\/p>\n<p>&nbsp;<\/p>\n<\/div>\n<p><!-- \u7b2c\u4e8c\u680f --><\/p>\n<div style=\"flex: 1; text-align: center;\">\n<p><img decoding=\"async\" style=\"max-width: 100%; height: auto; margin-bottom: 10px;\" src=\"https:\/\/suncasesupply.com\/wp-content\/uploads\/2025\/03\/2-Middle-Protect-Corner.jpg\" alt=\"Canto de prote\u00e7\u00e3o do meio\" \/><\/p>\n<p><b><\/b><strong><b>Canto de prote\u00e7\u00e3o do meio<\/b><\/strong><\/p>\n<p style=\"margin: 0;\">Em termos gerais, o lado longo e o lado largo do case de alum\u00ednio ser\u00e3o feitos com Middle Protect Corner para aumentar a resist\u00eancia e a capacidade de carga do case. Quando o case \u00e9 maior, mais Middle Protect Corner ele precisa.<\/p>\n<\/div>\n<p><!-- \u7b2c\u4e09\u680f --><\/p>\n<div style=\"flex: 1; text-align: center;\">\n<p><img decoding=\"async\" style=\"max-width: 100%; height: auto; margin-bottom: 10px;\" src=\"https:\/\/suncasesupply.com\/wp-content\/uploads\/2025\/03\/3-Protective-Foam.jpg\" alt=\"Espuma protetora\" \/><\/p>\n<p><b><\/b><strong><b>Espuma protetora<\/b><\/strong><\/p>\n<p>A espuma de ovo da tampa superior pode evitar colis\u00f5es e proteger os produtos dentro. Ao mesmo tempo, a tampa inferior do case combina com a espuma DIY pick &amp; pluck, que pode proteger e encaixar os itens adequadamente.<\/p>\n<\/div>\n<p><!-- \u7b2c\u56db\u680f --><\/p>\n<div style=\"flex: 1; text-align: center;\">\n<p><img decoding=\"async\" style=\"max-width: 100%; height: auto; margin-bottom: 10px;\" src=\"https:\/\/suncasesupply.com\/wp-content\/uploads\/2025\/03\/4-Handle-2.jpg\" alt=\"Lidar\" \/><\/p>\n<p><strong><b>Lidar<\/b><\/strong><\/p>\n<p style=\"margin: 0;\">Apresentando uma al\u00e7a de metal resistente e leve, torna esta maleta de alum\u00ednio conveniente para carregar. Permite o transporte f\u00e1cil de seus pertences.<\/p>\n<\/div>\n<\/div>\n<h4><span style=\"color: #003366;\">Processo de fabrica\u00e7\u00e3o:<\/span><\/h4>\n<p><img decoding=\"async\" style=\"max-width: 100%; height: auto; margin-bottom: 10px;\" src=\"https:\/\/suncasesupply.com\/wp-content\/uploads\/2025\/07\/Manufacturing-Process.png\" alt=\"Processo de fabrica\u00e7\u00e3o do Suncase\" \/><\/p>\n<div style=\"display: flex; gap: 20px;\">\n<p><!-- \u7b2c\u4e00\u680f \u6d41\u7a0b1--><\/p>\n<div style=\"flex: 1; text-align: center;\"><\/div>\n<\/div>\n<div style=\"display: flex; gap: 20px;\">\n<div style=\"flex: 1; text-align: center;\">\n<p style=\"font-weight: bold; margin: 5px 0;\">\n<\/div>\n<\/div>\n<h4><span style=\"color: #003366;\">Informa\u00e7\u00f5es \u00fateis para compradores em massa:<\/span><\/h4>\n<ul>\n<li class=\"page-title\" title=\"O que torna os cart\u00f5es esportivos t\u00e3o valiosos?\">\n<p class=\"page-title\" title=\"Diferentes tipos de estojos de transporte de alum\u00ednio\"><a href=\"https:\/\/suncasesupply.com\/pt\/blog\/custom-aluminum-case\/different-types-of-aluminum-carrying-cases\/\">Diferentes tipos de estojos de transporte de alum\u00ednio &gt;&gt;<\/a><\/p>\n<\/li>\n<li title=\"O que torna os cart\u00f5es esportivos t\u00e3o valiosos?\">\n<p class=\"page-title\" title=\"Tudo o que voc\u00ea precisa saber sobre caixas de alum\u00ednio\"><a href=\"https:\/\/suncasesupply.com\/pt\/blog\/all-you-need-to-know-about-aluminum-cases\/\">Tudo o que voc\u00ea precisa saber sobre gabinetes de alum\u00ednio &gt;&gt;<\/a><\/p>\n<\/li>\n<li title=\"O que torna os cart\u00f5es esportivos t\u00e3o valiosos?\">\n<p class=\"page-title\" title=\"Como escolher a caixa de alum\u00ednio certa?\"><a href=\"https:\/\/suncasesupply.com\/pt\/blog\/selection-of-aluminum-case\/\">Como escolher o gabinete de alum\u00ednio certo? &gt;&gt;<\/a><\/p>\n<\/li>\n<\/ul>","protected":false},"excerpt":{"rendered":"<p>Modelo:KY-0090<\/p>\n<p>Tamanho: 41x30x12cm ou tamanho personalizado<\/p>\n<p>Cores: Cor prata ou cor preta<\/p>\n<p>Materiais: Estrutura de alum\u00ednio prateado, painel de ABS preto, placa de MDF, espuma, ferragens.<\/p>\n<p>Logotipo: Logotipo de impress\u00e3o em seda, Logotipo de placa de metal.<\/p>\n<p>Quantidade m\u00ednima: 100 pe\u00e7as<\/p>\n<p>Amostra: Dispon\u00edvel, tempo de amostra de cerca de 7 dias.<\/p>","protected":false},"featured_media":23055,"template":"","meta":{"_gspb_post_css":""},"product_cat":[42,80],"product_tag":[],"featured_image_urls":{"full":["https:\/\/suncasesupply.com\/wp-content\/uploads\/2024\/06\/7.jpg",1000,1000,false],"thumbnail":["https:\/\/suncasesupply.com\/wp-content\/uploads\/2024\/06\/7-150x150.jpg",150,150,true],"medium":["https:\/\/suncasesupply.com\/wp-content\/uploads\/2024\/06\/7-300x300.jpg",300,300,true],"medium_large":["https:\/\/suncasesupply.com\/wp-content\/uploads\/2024\/06\/7-768x768.jpg",768,768,true],"large":["https:\/\/suncasesupply.com\/wp-content\/uploads\/2024\/06\/7.jpg",1000,1000,false],"1536x1536":["https:\/\/suncasesupply.com\/wp-content\/uploads\/2024\/06\/7.jpg",1000,1000,false],"2048x2048":["https:\/\/suncasesupply.com\/wp-content\/uploads\/2024\/06\/7.jpg",1000,1000,false],"trp-custom-language-flag":["https:\/\/suncasesupply.com\/wp-content\/uploads\/2024\/06\/7-12x12.jpg",12,12,true],"woocommerce_thumbnail":["https:\/\/suncasesupply.com\/wp-content\/uploads\/2024\/06\/7-300x300.jpg",300,300,true],"woocommerce_single":["https:\/\/suncasesupply.com\/wp-content\/uploads\/2024\/06\/7-600x600.jpg",600,600,true],"woocommerce_gallery_thumbnail":["https:\/\/suncasesupply.com\/wp-content\/uploads\/2024\/06\/7-100x100.jpg",100,100,true]},"post_excerpt_stackable":"<p>Model:KY-0090<\/p>\n<p>Size: 41x30x12cm or customize size<\/p>\n<p>Colors: Silver color, or Black color<\/p>\n<p>Materials: Silver Aluminum\u00a0frame,\u00a0Black ABS Panel,\u00a0MDF Board,\u00a0Foam, Hardware.<\/p>\n<p>Logo: Silk Printing Logo, Metal Plate Logo..<\/p>\n<p>MOQ: 100pcs<\/p>\n<p>Sample: Available, sample time about 7 days.<\/p>\n","category_list":"","author_info":{"name":"","url":""},"comments_num":"0 comments","_links":{"self":[{"href":"https:\/\/suncasesupply.com\/pt\/wp-json\/wp\/v2\/product\/23054"}],"collection":[{"href":"https:\/\/suncasesupply.com\/pt\/wp-json\/wp\/v2\/product"}],"about":[{"href":"https:\/\/suncasesupply.com\/pt\/wp-json\/wp\/v2\/types\/product"}],"wp:featuredmedia":[{"embeddable":true,"href":"https:\/\/suncasesupply.com\/pt\/wp-json\/wp\/v2\/media\/23055"}],"wp:attachment":[{"href":"https:\/\/suncasesupply.com\/pt\/wp-json\/wp\/v2\/media?parent=23054"}],"wp:term":[{"taxonomy":"product_cat","embeddable":true,"href":"https:\/\/suncasesupply.com\/pt\/wp-json\/wp\/v2\/product_cat?post=23054"},{"taxonomy":"product_tag","embeddable":true,"href":"https:\/\/suncasesupply.com\/pt\/wp-json\/wp\/v2\/product_tag?post=23054"}],"curies":[{"name":"wp","href":"https:\/\/api.w.org\/{rel}","templated":true}]}}