{"id":23035,"date":"2024-05-28T11:57:15","date_gmt":"2024-05-28T03:57:15","guid":{"rendered":"https:\/\/suncasesupply.com\/?post_type=product&#038;p=23035"},"modified":"2025-09-04T15:19:21","modified_gmt":"2025-09-04T07:19:21","slug":"aluminum-tool-case-carrying-hard-storage-case-with-foam-insert","status":"publish","type":"product","link":"https:\/\/suncasesupply.com\/pt\/product\/aluminum-tool-case-carrying-hard-storage-case-with-foam-insert\/","title":{"rendered":"Maleta de ferramentas de alum\u00ednio com estojo de armazenamento r\u00edgido com inser\u00e7\u00e3o de espuma"},"content":{"rendered":"<h4><span style=\"color: #003366;\">Caracter\u00edsticas:<\/span><\/h4>\n<ul>\n<li>\n<p data-start=\"77\" data-end=\"333\"><strong>Design Seguro:<\/strong> Estojo de transporte em alum\u00ednio com trava, 2 travas e al\u00e7a de borracha, f\u00e1cil de transportar para qualquer lugar. O estojo de transporte em alum\u00ednio, resistente \u00e0 \u00e1gua, protege objetos de valor e fr\u00e1geis contra a exposi\u00e7\u00e3o acidental \u00e0 umidade.<\/p>\n<\/li>\n<li>\n<p data-start=\"77\" data-end=\"333\"><strong>Durabilidade e prote\u00e7\u00e3o:<\/strong> A capa r\u00edgida oferece durabilidade \u00e0 prova de esmagamento e recursos exclusivos e \u00fanicos, perfeitos para proteger equipamentos em setores como fotografia, drones a\u00e9reos, laptops, ferramentas, m\u00fasica e medicina. Muitos fornecedores de capas de transporte de alum\u00ednio recomendam esse tipo de design para profissionais.<\/p>\n<\/li>\n<li>\n<p data-start=\"77\" data-end=\"333\"><strong>Interior de espuma personaliz\u00e1vel:<\/strong> Espuma fa\u00e7a voc\u00ea mesmo. A parte superior interna \u00e9 feita com espuma de ovo para prote\u00e7\u00e3o. A parte inferior \u00e9 feita com espuma fa\u00e7a voc\u00ea mesmo (espuma pick &amp; pluck). Muito conveniente para os clientes ajustarem o espa\u00e7o e o tamanho da espuma para acomodar seus itens, tornando-a uma excelente maleta de transporte de alum\u00ednio com espuma.<\/p>\n<\/li>\n<li>\n<p data-start=\"77\" data-end=\"333\"><strong>Disponibilidade no atacado:<\/strong> esse design tamb\u00e9m est\u00e1 amplamente dispon\u00edvel por meio de canais de atacado de estojos de transporte de alum\u00ednio, oferecendo aos usu\u00e1rios pre\u00e7o acess\u00edvel e qualidade.<\/p>\n<\/li>\n<\/ul>\n<h4><span style=\"color: #003366;\">Detalhes do produto:<\/span><\/h4>\n<div style=\"display: flex; gap: 20px;\">\n<p><!-- \u7b2c\u4e00\u680f --><\/p>\n<div style=\"flex: 1; text-align: center;\">\n<p><img decoding=\"async\" style=\"max-width: 100%; height: auto; margin-bottom: 10px;\" src=\"https:\/\/suncasesupply.com\/wp-content\/uploads\/2025\/03\/1-Feet-Mat.jpg\" alt=\"Tapete para p\u00e9s\" \/><\/p>\n<p><strong><b>Tapete para p\u00e9s<\/b><\/strong><\/p>\n<p style=\"margin: 0;\">O tapete para os p\u00e9s est\u00e1 localizado na parte inferior da maleta de transporte de alum\u00ednio. Quando a maleta \u00e9 colocada horizontalmente, ele pode desempenhar um certo papel no isolamento do ch\u00e3o, tornando-a menos propensa a sujeira. Ao mesmo tempo, possui um certo efeito anticolis\u00e3o e outros efeitos protetores.<\/p>\n<p>&nbsp;<\/p>\n<\/div>\n<p><!-- \u7b2c\u4e8c\u680f --><\/p>\n<div style=\"flex: 1; text-align: center;\">\n<p><img decoding=\"async\" style=\"max-width: 100%; height: auto; margin-bottom: 10px;\" src=\"https:\/\/suncasesupply.com\/wp-content\/uploads\/2025\/03\/2-Locks-with-Key.jpg\" alt=\"Fechaduras com Chave\" \/><\/p>\n<p><strong><b>Fechaduras com Chave<\/b><\/strong><\/p>\n<p style=\"margin: 0;\">A maleta de transporte de alum\u00ednio \u00e9 feita com 2 travas, cada uma compat\u00edvel com 1 chave. Isso aumenta a seguran\u00e7a geral da maleta. Travas para ferramentas, como as da imagem, ou travas de combina\u00e7\u00e3o, s\u00e3o as travas de uso comum para maletas de alum\u00ednio.<\/p>\n<\/div>\n<p><!-- \u7b2c\u4e09\u680f --><\/p>\n<div style=\"flex: 1; text-align: center;\">\n<p><img decoding=\"async\" style=\"max-width: 100%; height: auto; margin-bottom: 10px;\" src=\"https:\/\/suncasesupply.com\/wp-content\/uploads\/2025\/03\/3-Strong-Handle.jpg\" alt=\"Punho forte\" \/><\/p>\n<p><b><\/b><strong><b>Punho forte<\/b><\/strong><\/p>\n<p>Uma al\u00e7a forte e confort\u00e1vel \u00e9 essencial para a maleta de transporte de alum\u00ednio. Ela melhora o peso da carga e a portabilidade da maleta ao transport\u00e1-la ao ar livre. Ao mesmo tempo, a al\u00e7a tamb\u00e9m \u00e9 uma parte importante do design est\u00e9tico.<\/p>\n<\/div>\n<p><!-- \u7b2c\u56db\u680f --><\/p>\n<div style=\"flex: 1; text-align: center;\">\n<p><img decoding=\"async\" style=\"max-width: 100%; height: auto; margin-bottom: 10px;\" src=\"https:\/\/suncasesupply.com\/wp-content\/uploads\/2025\/03\/4-Back-Hinge.jpg\" alt=\"Dobradi\u00e7a traseira\" \/><\/p>\n<p><strong><b>Dobradi\u00e7a traseira<\/b><\/strong><\/p>\n<p style=\"margin: 0;\">Duas dobradi\u00e7as traseiras para conectar a parte superior e inferior da mala de transporte de alum\u00ednio. \u00c9 um acess\u00f3rio essencial e geralmente \u00e9 feito com materiais resistentes e de alta qualidade. A dobradi\u00e7a traseira est\u00e1 dispon\u00edvel em diferentes modelos, mas escolheremos a melhor dobradi\u00e7a de acordo com o tamanho e o peso da mala.<\/p>\n<\/div>\n<\/div>\n<div style=\"background-color: #29599a; padding: 40px 20px; text-align: center; color: #ffffff; border-radius: 10px; margin: 40px auto; max-width: 960px;\">\n<h2 style=\"font-size: 22px; margin-bottom: 20px; font-weight: bold;\">Fornecimento por atacado de estojo de transporte de alum\u00ednio Sun Case, quantidade m\u00ednima de 100 para compradores B2B.<\/h2>\n<p><a style=\"display: inline-block; padding: 12px 28px; background-color: #ffffff; color: #29599a; text-decoration: none; border-radius: 6px; font-weight: bold;\" href=\"https:\/\/suncasesupply.com\/pt\/contact-us\/\" target=\"_blank\" rel=\"noopener\">Obtenha uma cota\u00e7\u00e3o hoje<br \/>\n<\/a><\/p>\n<\/div>\n<h4><span style=\"color: #003366;\">Processo de fabrica\u00e7\u00e3o:<\/span><\/h4>\n<p><img decoding=\"async\" style=\"max-width: 100%; height: auto; margin-bottom: 10px;\" src=\"https:\/\/suncasesupply.com\/wp-content\/uploads\/2025\/07\/Manufacturing-Process.png\" alt=\"Processo de fabrica\u00e7\u00e3o do Suncase\" \/><\/p>\n<div style=\"display: flex; gap: 20px;\"><\/div>\n<div style=\"display: flex; gap: 20px;\">\n<div style=\"flex: 1; text-align: center;\">\n<p style=\"font-weight: bold; margin: 5px 0;\">\n<\/div>\n<\/div>\n<h4><span style=\"color: #003366;\">Informa\u00e7\u00f5es \u00fateis para compradores em massa:<\/span><\/h4>\n<ul>\n<li class=\"page-title\" title=\"O que torna os cart\u00f5es esportivos t\u00e3o valiosos?\">\n<p class=\"page-title\" title=\"6 raz\u00f5es pelas quais voc\u00ea deve se organizar com caixa de armazenamento de alum\u00ednio\"><a href=\"https:\/\/suncasesupply.com\/pt\/blog\/custom-aluminum-case\/6-reasons-to-use-aluminum-storage-box-today\/\">6 raz\u00f5es pelas quais voc\u00ea deve se organizar com uma caixa de armazenamento de alum\u00ednio &gt;&gt;<\/a><\/p>\n<\/li>\n<li title=\"O que torna os cart\u00f5es esportivos t\u00e3o valiosos?\">\n<p class=\"page-title\" title=\"Quais s\u00e3o as vantagens de uma caixa de alum\u00ednio?\"><a href=\"https:\/\/suncasesupply.com\/pt\/blog\/advantages-of-aluminum-case\/\">Quais s\u00e3o as vantagens de uma caixa de alum\u00ednio? &gt;&gt;<\/a><\/p>\n<\/li>\n<\/ul>","protected":false},"excerpt":{"rendered":"<p>Modelo:KY-0089<\/p>\n<p>Tamanho: 356x256x96mm ou tamanho personalizado<\/p>\n<p>Cores: Cor prata ou outras cores personalizadas.<\/p>\n<p>Materiais: Estrutura de alum\u00ednio prateado, placa de MDF, painel de ABS, espuma Pick&amp;Pluck, ferragens.<\/p>\n<p>Logotipo: Logotipo em placa de metal, Logotipo em impress\u00e3o em seda.<\/p>\n<p>Quantidade m\u00ednima: 100 pe\u00e7as<\/p>\n<p>Amostra: Dispon\u00edvel, tempo de amostra de cerca de 7 dias.<\/p>","protected":false},"featured_media":23036,"template":"","meta":{"_gspb_post_css":""},"product_cat":[42,80],"product_tag":[],"featured_image_urls":{"full":["https:\/\/suncasesupply.com\/wp-content\/uploads\/2024\/05\/aluminum-case.jpg",800,800,false],"thumbnail":["https:\/\/suncasesupply.com\/wp-content\/uploads\/2024\/05\/aluminum-case-150x150.jpg",150,150,true],"medium":["https:\/\/suncasesupply.com\/wp-content\/uploads\/2024\/05\/aluminum-case-300x300.jpg",300,300,true],"medium_large":["https:\/\/suncasesupply.com\/wp-content\/uploads\/2024\/05\/aluminum-case-768x768.jpg",768,768,true],"large":["https:\/\/suncasesupply.com\/wp-content\/uploads\/2024\/05\/aluminum-case.jpg",800,800,false],"1536x1536":["https:\/\/suncasesupply.com\/wp-content\/uploads\/2024\/05\/aluminum-case.jpg",800,800,false],"2048x2048":["https:\/\/suncasesupply.com\/wp-content\/uploads\/2024\/05\/aluminum-case.jpg",800,800,false],"trp-custom-language-flag":["https:\/\/suncasesupply.com\/wp-content\/uploads\/2024\/05\/aluminum-case-12x12.jpg",12,12,true],"woocommerce_thumbnail":["https:\/\/suncasesupply.com\/wp-content\/uploads\/2024\/05\/aluminum-case-300x300.jpg",300,300,true],"woocommerce_single":["https:\/\/suncasesupply.com\/wp-content\/uploads\/2024\/05\/aluminum-case-600x600.jpg",600,600,true],"woocommerce_gallery_thumbnail":["https:\/\/suncasesupply.com\/wp-content\/uploads\/2024\/05\/aluminum-case-100x100.jpg",100,100,true]},"post_excerpt_stackable":"<p>Model:KY-0089<\/p>\n<p>Size: 356x256x96mm or customize size<\/p>\n<p>Colors: Silver color, or other customized colors.<\/p>\n<p>Materials: Silver Aluminum\u00a0frame, MDF Board, ABS\u00a0Panel,\u00a0Pick&amp;Pluck Foam, Hardware.<\/p>\n<p>Logo: Metal plate logo, Silk Printing Logo.<\/p>\n<p>MOQ: 100pcs<\/p>\n<p>Sample: Available, sample time about 7 days.<\/p>\n","category_list":"","author_info":{"name":"","url":""},"comments_num":"0 comments","_links":{"self":[{"href":"https:\/\/suncasesupply.com\/pt\/wp-json\/wp\/v2\/product\/23035"}],"collection":[{"href":"https:\/\/suncasesupply.com\/pt\/wp-json\/wp\/v2\/product"}],"about":[{"href":"https:\/\/suncasesupply.com\/pt\/wp-json\/wp\/v2\/types\/product"}],"wp:featuredmedia":[{"embeddable":true,"href":"https:\/\/suncasesupply.com\/pt\/wp-json\/wp\/v2\/media\/23036"}],"wp:attachment":[{"href":"https:\/\/suncasesupply.com\/pt\/wp-json\/wp\/v2\/media?parent=23035"}],"wp:term":[{"taxonomy":"product_cat","embeddable":true,"href":"https:\/\/suncasesupply.com\/pt\/wp-json\/wp\/v2\/product_cat?post=23035"},{"taxonomy":"product_tag","embeddable":true,"href":"https:\/\/suncasesupply.com\/pt\/wp-json\/wp\/v2\/product_tag?post=23035"}],"curies":[{"name":"wp","href":"https:\/\/api.w.org\/{rel}","templated":true}]}}