{"id":23025,"date":"2024-05-25T11:25:42","date_gmt":"2024-05-25T03:25:42","guid":{"rendered":"https:\/\/suncasesupply.com\/?post_type=product&#038;p=23025"},"modified":"2025-09-04T15:15:27","modified_gmt":"2025-09-04T07:15:27","slug":"aluminum-rolling-briefcase-trolley-pilot-case-with-combination-locks","status":"publish","type":"product","link":"https:\/\/suncasesupply.com\/pt\/product\/aluminum-rolling-briefcase-trolley-pilot-case-with-combination-locks\/","title":{"rendered":"Mala rolante de alum\u00ednio para mala piloto com fechaduras de combina\u00e7\u00e3o"},"content":{"rendered":"<h4><span style=\"color: #003366;\">Caracter\u00edsticas:<\/span><\/h4>\n<ul>\n<li><strong><b>Excelente durabilidade<\/b><\/strong>: A mala Pilot \u00e9 composta principalmente por estrutura de alum\u00ednio, painel de MDF, revestimento e outros acess\u00f3rios. Al\u00e9m disso, combinada com o carrinho e as rodas, oferece alta durabilidade e grande capacidade de carga. Isso a torna uma mala de transporte de alum\u00ednio ideal para profissionais.<\/li>\n<li><strong><b>Seguran\u00e7a<\/b><\/strong><strong><b>:<\/b><\/strong><strong><b>\u00a0<\/b><\/strong>Como a mala Pilot Case costuma ser usada para transportar itens importantes, sua seguran\u00e7a foi um fator fundamental na fabrica\u00e7\u00e3o. A constru\u00e7\u00e3o robusta e as travas de combina\u00e7\u00e3o segura garantem sua seguran\u00e7a b\u00e1sica, tornando-a uma maleta de alum\u00ednio com rodinhas confi\u00e1vel.<\/li>\n<li><strong><b>Transporte port\u00e1til: <\/b><\/strong>Possui uma al\u00e7a resistente na parte superior da maleta, al\u00e9m de um carrinho e rodinhas na parte traseira, permitindo que voc\u00ea escolha carreg\u00e1-la com al\u00e7a ou carrinho, muito f\u00e1cil de transportar. Usar a haste de puxar pode economizar esfor\u00e7o, e \u00e9 por isso que muitos usu\u00e1rios preferem este estilo de maleta de alum\u00ednio com rodinhas.<\/li>\n<\/ul>\n<div style=\"background-color: #29599a; padding: 40px 20px; text-align: center; color: #ffffff; border-radius: 10px; margin: 40px auto; max-width: 960px;\">\n<h2 style=\"font-size: 22px; margin-bottom: 20px; font-weight: bold;\">Fornecimento por atacado de pastas de alum\u00ednio com rodinhas Sun Case, quantidade m\u00ednima de apenas 100.<\/h2>\n<p><a style=\"display: inline-block; padding: 12px 28px; background-color: #ffffff; color: #29599a; text-decoration: none; border-radius: 6px; font-weight: bold;\" href=\"https:\/\/suncasesupply.com\/pt\/contact-us\/\" target=\"_blank\" rel=\"noopener\">Obtenha uma cota\u00e7\u00e3o hoje<br \/>\n<\/a><\/p>\n<\/div>\n<h4><span style=\"color: #003366;\">Detalhes do produto:<\/span><\/h4>\n<div style=\"display: flex; gap: 20px;\">\n<p><!-- \u7b2c\u4e00\u680f --><\/p>\n<div style=\"flex: 1; text-align: center;\">\n<p><img decoding=\"async\" style=\"max-width: 100%; height: auto; margin-bottom: 10px;\" src=\"https:\/\/suncasesupply.com\/wp-content\/uploads\/2025\/01\/1-Combination-Locks.jpg\" alt=\"1-Fechaduras de combina\u00e7\u00e3o\" \/><\/p>\n<p style=\"font-weight: bold; margin: 5px 0;\"><strong><b>Fechaduras de combina\u00e7\u00e3o<\/b><\/strong><\/p>\n<p style=\"margin: 0;\">A mala Pilot geralmente carrega alguns arquivos importantes e secretos, como laptops ou equipamentos, ent\u00e3o ela vem com fechaduras de combina\u00e7\u00e3o, o que a torna muito mais segura. Ela consiste em bot\u00f5es que precisam ser girados para n\u00fameros espec\u00edficos em uma ordem espec\u00edfica para abrir, proporcionando excelente seguran\u00e7a para uma mala de alum\u00ednio com rodinhas para laptop.<\/p>\n<\/div>\n<p><!-- \u7b2c\u4e8c\u680f --><\/p>\n<div style=\"flex: 1; text-align: center;\">\n<p><img decoding=\"async\" style=\"max-width: 100%; height: auto; margin-bottom: 10px;\" src=\"https:\/\/suncasesupply.com\/wp-content\/uploads\/2025\/01\/2-Trolley.jpg\" alt=\"2-Carrinho\" \/><\/p>\n<p style=\"font-weight: bold; margin: 5px 0;\"><strong><b>Carrinho<\/b><\/strong><\/p>\n<p style=\"margin: 0;\">O Trolley embutido no case \u00e9 \u00fatil ao transportar o case. Quando usado com rodas, ele pode reduzir muito o uso de for\u00e7a para o usu\u00e1rio. A altura do Trolley pode ser ajustada, e o usu\u00e1rio pode ajustar a altura apropriada de acordo com sua pr\u00f3pria altura.<\/p>\n<\/div>\n<p><!-- \u7b2c\u4e09\u680f --><\/p>\n<div style=\"flex: 1; text-align: center;\">\n<p><img decoding=\"async\" style=\"max-width: 100%; height: auto; margin-bottom: 10px;\" src=\"https:\/\/suncasesupply.com\/wp-content\/uploads\/2025\/01\/3-Wheel.jpg\" alt=\"3-Rodas\" \/><\/p>\n<p style=\"font-weight: bold; margin: 5px 0;\"><strong><b>Rodas<\/b><\/strong><\/p>\n<p style=\"margin: 0;\">Este estilo de rodas embutidas na parte inferior do Pilot Case reduz o esfor\u00e7o f\u00edsico associado ao transporte de equipamentos pesados. \u00c9 forte e adequado para uso ao ar livre, aumentando a efici\u00eancia no trabalho.<\/p>\n<\/div>\n<p><!-- \u7b2c\u56db\u680f --><\/p>\n<div style=\"flex: 1; text-align: center;\">\n<p><img decoding=\"async\" style=\"max-width: 100%; height: auto; margin-bottom: 10px;\" src=\"https:\/\/suncasesupply.com\/wp-content\/uploads\/2025\/01\/4-Lining.jpg\" alt=\"4-Forro\" \/><\/p>\n<p style=\"font-weight: bold; margin: 5px 0;\"><strong><b>Resina<\/b><\/strong><\/p>\n<p style=\"margin: 0;\">O material do forro da maleta Pilot \u00e9 feito de tecido de poli\u00e9ster. O tecido do forro geralmente tem um padr\u00e3o xadrez, mas pode ser personalizado com o logotipo da sua marca. O forro confere uma apar\u00eancia melhor ao interior da maleta e proporciona um certo efeito protetor para os itens armazenados, o que \u00e9 valioso em uma maleta de computador com rodas de alum\u00ednio.<\/p>\n<\/div>\n<\/div>\n<div style=\"background-color: #29599a; padding: 40px 20px; text-align: center; color: #ffffff; border-radius: 10px; margin: 40px auto; max-width: 960px;\">\n<h2 style=\"font-size: 22px; margin-bottom: 20px; font-weight: bold;\">Encomende agora a maleta de alum\u00ednio com rodas Sun Case, quantidade m\u00ednima de 100 pe\u00e7as.<\/h2>\n<p><a style=\"display: inline-block; padding: 12px 28px; background-color: #ffffff; color: #29599a; text-decoration: none; border-radius: 6px; font-weight: bold;\" href=\"https:\/\/suncasesupply.com\/pt\/contact-us\/\" target=\"_blank\" rel=\"noopener\">Obtenha uma cota\u00e7\u00e3o hoje<br \/>\n<\/a><\/p>\n<\/div>\n<h4><span style=\"color: #003366;\">Processo de fabrica\u00e7\u00e3o:<\/span><\/h4>\n<p><img decoding=\"async\" style=\"max-width: 100%; height: auto; margin-bottom: 10px;\" src=\"https:\/\/suncasesupply.com\/wp-content\/uploads\/2025\/07\/Manufacturing-Process.png\" alt=\"Processo de fabrica\u00e7\u00e3o do Suncase\" \/><\/p>\n<div style=\"display: flex; gap: 20px;\">\n<p><!-- \u7b2c\u4e00\u680f \u6d41\u7a0b1--><\/p>\n<div style=\"flex: 1; text-align: center;\"><\/div>\n<\/div>\n<div style=\"display: flex; gap: 20px;\">\n<div style=\"flex: 1; text-align: center;\">\n<p style=\"font-weight: bold; margin: 5px 0;\">\n<\/div>\n<\/div>\n<h4><span style=\"color: #003366;\">Informa\u00e7\u00f5es \u00fateis para compradores em massa:<\/span><\/h4>\n<ul>\n<li class=\"page-title\" title=\"O que torna os cart\u00f5es esportivos t\u00e3o valiosos?\">\n<p class=\"page-title\" title=\"8 raz\u00f5es pelas quais as pastas de alum\u00ednio s\u00e3o sua melhor escolha para viagens de neg\u00f3cios\"><a href=\"https:\/\/suncasesupply.com\/pt\/blog\/custom-aluminum-case\/8-reasons-why-aluminum-briefcases-is-your-best-choice-for-business-travel\/\">8 raz\u00f5es pelas quais as pastas de alum\u00ednio s\u00e3o sua melhor escolha para viagens de neg\u00f3cios &gt;&gt;<\/a><\/p>\n<\/li>\n<\/ul>","protected":false},"excerpt":{"rendered":"<p>Modelo: SC-BA003<\/p>\n<p>Tamanho: 485*230*390m<\/p>\n<p>Cores: Cor prata<\/p>\n<p>Materiais: Estrutura de alum\u00ednio, placa de MDF, painel de ABS, carrinho, rodas, acess\u00f3rios.<\/p>\n<p>Logotipo: Logotipo de placa de metal, Logotipo de serigrafia<\/p>\n<p>Quantidade m\u00ednima: 100 pe\u00e7as<\/p>\n<p>Amostra: Dispon\u00edvel<\/p>","protected":false},"featured_media":23026,"template":"","meta":{"_gspb_post_css":""},"product_cat":[82],"product_tag":[],"featured_image_urls":{"full":["https:\/\/suncasesupply.com\/wp-content\/uploads\/2024\/05\/1-1.jpg",800,800,false],"thumbnail":["https:\/\/suncasesupply.com\/wp-content\/uploads\/2024\/05\/1-1-150x150.jpg",150,150,true],"medium":["https:\/\/suncasesupply.com\/wp-content\/uploads\/2024\/05\/1-1-300x300.jpg",300,300,true],"medium_large":["https:\/\/suncasesupply.com\/wp-content\/uploads\/2024\/05\/1-1-768x768.jpg",768,768,true],"large":["https:\/\/suncasesupply.com\/wp-content\/uploads\/2024\/05\/1-1.jpg",800,800,false],"1536x1536":["https:\/\/suncasesupply.com\/wp-content\/uploads\/2024\/05\/1-1.jpg",800,800,false],"2048x2048":["https:\/\/suncasesupply.com\/wp-content\/uploads\/2024\/05\/1-1.jpg",800,800,false],"trp-custom-language-flag":["https:\/\/suncasesupply.com\/wp-content\/uploads\/2024\/05\/1-1-12x12.jpg",12,12,true],"woocommerce_thumbnail":["https:\/\/suncasesupply.com\/wp-content\/uploads\/2024\/05\/1-1-300x300.jpg",300,300,true],"woocommerce_single":["https:\/\/suncasesupply.com\/wp-content\/uploads\/2024\/05\/1-1-600x600.jpg",600,600,true],"woocommerce_gallery_thumbnail":["https:\/\/suncasesupply.com\/wp-content\/uploads\/2024\/05\/1-1-100x100.jpg",100,100,true]},"post_excerpt_stackable":"<p>Model :SC-BA003<\/p>\n<p>Size: 485*230*390m<\/p>\n<p>Colors: Silver color<\/p>\n<p>Materials: Aluminum\u00a0frame, MDF Board, ABS\u00a0Panel,\u00a0Trolley, Wheels, \u00a0Accessories.<\/p>\n<p>Logo: Metal plate logo, Silk screen printing logo<\/p>\n<p>MOQ: 100pcs<\/p>\n<p>Sample: Available<\/p>\n","category_list":"","author_info":{"name":"","url":""},"comments_num":"0 comments","_links":{"self":[{"href":"https:\/\/suncasesupply.com\/pt\/wp-json\/wp\/v2\/product\/23025"}],"collection":[{"href":"https:\/\/suncasesupply.com\/pt\/wp-json\/wp\/v2\/product"}],"about":[{"href":"https:\/\/suncasesupply.com\/pt\/wp-json\/wp\/v2\/types\/product"}],"wp:featuredmedia":[{"embeddable":true,"href":"https:\/\/suncasesupply.com\/pt\/wp-json\/wp\/v2\/media\/23026"}],"wp:attachment":[{"href":"https:\/\/suncasesupply.com\/pt\/wp-json\/wp\/v2\/media?parent=23025"}],"wp:term":[{"taxonomy":"product_cat","embeddable":true,"href":"https:\/\/suncasesupply.com\/pt\/wp-json\/wp\/v2\/product_cat?post=23025"},{"taxonomy":"product_tag","embeddable":true,"href":"https:\/\/suncasesupply.com\/pt\/wp-json\/wp\/v2\/product_tag?post=23025"}],"curies":[{"name":"wp","href":"https:\/\/api.w.org\/{rel}","templated":true}]}}