{"id":22385,"date":"2023-11-13T11:39:00","date_gmt":"2023-11-13T03:39:00","guid":{"rendered":"https:\/\/suncasesupply.com\/?post_type=product&#038;p=22385"},"modified":"2026-03-16T23:59:25","modified_gmt":"2026-03-16T15:59:25","slug":"aluminum-transparent-acrylic-display-case-measures-24-long-by-20-wide-and-3-tall","status":"publish","type":"product","link":"https:\/\/suncasesupply.com\/pt\/product\/aluminum-transparent-acrylic-display-case-measures-24-long-by-20-wide-and-3-tall\/","title":{"rendered":"A vitrine de acr\u00edlico transparente de alum\u00ednio mede 24 \u2033 de comprimento por 20 \u2033 de largura e 3 \u2033 de altura"},"content":{"rendered":"<h4><span style=\"color: #003366;\">Caracter\u00edsticas:<\/span><\/h4>\n<ul>\n<li><strong>Transporte port\u00e1til:<\/strong> Esta caixa de exibi\u00e7\u00e3o port\u00e1til em acr\u00edlico transparente de alum\u00ednio \u00e9 ideal para exibir cart\u00f5es esportivos, joias, cole\u00e7\u00f5es de moedas, itens numism\u00e1ticos, rel\u00f3gios e outros objetos.<\/li>\n<li><strong>Seguran\u00e7a:<\/strong> Completo com 2 fechaduras e 2 chaves; caso o cliente deseje, \u00e9 poss\u00edvel adicionar um cadeado.<\/li>\n<li><strong>Tampo em acr\u00edlico para visualiza\u00e7\u00e3o interna:<\/strong> A tampa transparente proporciona excelente visibilidade, tornando-a uma vitrine de acr\u00edlico perfeita para exibir joias em feiras comerciais ou balc\u00f5es de lojas. Tamb\u00e9m funciona bem como uma vitrine de alum\u00ednio para feiras, ajudando a destacar cada detalhe dos seus produtos.<\/li>\n<li><strong>Costumiza\u00e7\u00e3o<\/strong>As dimens\u00f5es e a cor podem ser personalizadas de acordo com as necessidades do cliente.<\/li>\n<\/ul>\n<h4><span style=\"color: #003366;\">Detalhes do produto:<\/span><\/h4>\n<div style=\"display: flex; gap: 20px;\">\n<p><!-- \u7b2c\u4e00\u680f --><\/p>\n<div style=\"flex: 1; text-align: center;\">\n<p><img decoding=\"async\" style=\"max-width: 100%; height: auto; margin-bottom: 10px;\" src=\"https:\/\/suncasesupply.com\/wp-content\/uploads\/2025\/03\/1-Acrylic-Side-Shield.jpg\" alt=\"Escudo lateral de acr\u00edlico\" \/><\/p>\n<p><strong><b>Escudo lateral de acr\u00edlico<\/b><\/strong><\/p>\n<p style=\"margin: 0;\">Cada vitrine de acr\u00edlico com trava inclui duas prote\u00e7\u00f5es laterais de acr\u00edlico em formato de cunha. Ao usar a vitrine, posicione as duas prote\u00e7\u00f5es laterais em formato de cunha nas laterais da vitrine para manter a parte superior parcialmente aberta. Isso evita que a tampa caia, permitindo que o produto dentro da caixa seja exibido adequadamente.<\/p>\n<p>&nbsp;<\/p>\n<\/div>\n<p><!-- \u7b2c\u4e8c\u680f --><\/p>\n<div style=\"flex: 1; text-align: center;\">\n<p><img decoding=\"async\" style=\"max-width: 100%; height: auto; margin-bottom: 10px;\" src=\"https:\/\/suncasesupply.com\/wp-content\/uploads\/2025\/03\/2-Clear-Top-Panel.jpg\" alt=\"Painel superior transparente\" \/><\/p>\n<p><b><\/b><strong><b>Painel superior transparente<\/b><\/strong><\/p>\n<p style=\"margin: 0;\">O painel superior da vitrine de alum\u00ednio com revestimento transparente em acr\u00edlico \u00e9 feito de material acr\u00edlico com prote\u00e7\u00e3o UV. O painel de acr\u00edlico \u00e9 uma op\u00e7\u00e3o melhor do que o painel de vidro para esta vitrine, pois o vidro \u00e9 muito fr\u00e1gil e risca com facilidade, n\u00e3o sendo adequado para este caso.<\/p>\n<\/div>\n<p><!-- \u7b2c\u4e09\u680f --><\/p>\n<div style=\"flex: 1; text-align: center;\">\n<p><img decoding=\"async\" style=\"max-width: 100%; height: auto; margin-bottom: 10px;\" src=\"https:\/\/suncasesupply.com\/wp-content\/uploads\/2025\/03\/3-Support-Hinge.jpg\" alt=\"Suporte Dobradi\u00e7a\" \/><\/p>\n<p><b><\/b><strong><b>Suporte Dobradi\u00e7a<\/b><\/strong><\/p>\n<p>Quando a tampa superior do gabinete \u00e9 aberta, a dobradi\u00e7a de suporte tamb\u00e9m desempenha a fun\u00e7\u00e3o de apoiar a tampa superior para mant\u00ea-la aberta e evitar que ela caia na tampa inferior a qualquer momento.<\/p>\n<\/div>\n<p><!-- \u7b2c\u56db\u680f --><\/p>\n<div style=\"flex: 1; text-align: center;\">\n<p><img decoding=\"async\" style=\"max-width: 100%; height: auto; margin-bottom: 10px;\" src=\"https:\/\/suncasesupply.com\/wp-content\/uploads\/2025\/03\/4-Handle-1.jpg\" alt=\"Lidar\" \/><\/p>\n<p><strong><b>Lidar<\/b><\/strong><\/p>\n<p style=\"margin: 0;\">A vitrine com uma al\u00e7a resistente, esta vitrine com estrutura de alum\u00ednio, \u00e9 f\u00e1cil de transportar. Normalmente, a cor padr\u00e3o da al\u00e7a para esta vitrine \u00e9 preta, mas se o cliente desejar outras cores, n\u00e3o h\u00e1 problema.<\/p>\n<\/div>\n<\/div>\n<div style=\"background-color: #29599a; padding: 40px 20px; text-align: center; color: #ffffff; border-radius: 10px; margin: 40px auto; max-width: 960px;\">\n<h2 style=\"font-size: 22px; margin-bottom: 20px; font-weight: bold;\"><span style=\"color: #ffffff;\">Encomende j\u00e1 sua caixa de alum\u00ednio para discos de vinil na Sun Case! Pedido m\u00ednimo de 100 unidades!<\/span><\/h2>\n<p><a style=\"display: inline-block; padding: 12px 28px; background-color: #ffffff; color: #29599a; text-decoration: none; border-radius: 6px; font-weight: bold;\" href=\"https:\/\/suncasesupply.com\/pt\/contact-us\/\" target=\"_blank\" rel=\"noopener\">Obter uma cota\u00e7\u00e3o<br \/>\n<\/a><\/p>\n<\/div>\n<h4><span style=\"color: #003366;\">Processo de fabrica\u00e7\u00e3o:<\/span><\/h4>\n<p><img decoding=\"async\" style=\"max-width: 100%; height: auto; margin-bottom: 10px;\" src=\"https:\/\/suncasesupply.com\/wp-content\/uploads\/2025\/07\/Manufacturing-Process.png\" alt=\"Processo de fabrica\u00e7\u00e3o do Suncase\" \/><\/p>\n<div style=\"display: flex; gap: 20px;\">\n<p><!-- \u7b2c\u4e00\u680f \u6d41\u7a0b1--><\/p>\n<div style=\"flex: 1; text-align: center;\"><\/div>\n<\/div>\n<div style=\"display: flex; gap: 20px;\">\n<div style=\"flex: 1; text-align: center;\">\n<p style=\"font-weight: bold; margin: 5px 0;\">\n<\/div>\n<\/div>\n<h4><span style=\"color: #003366;\">Informa\u00e7\u00f5es \u00fateis para compradores em massa:<\/span><\/h4>\n<ul>\n<li class=\"page-title\" title=\"O que torna os cart\u00f5es esportivos t\u00e3o valiosos?\">\n<p class=\"page-title\" title=\"Como proteger sua cole\u00e7\u00e3o de cards colecion\u00e1veis\"><a href=\"https:\/\/suncasesupply.com\/pt\/blog\/how-protect-trading-cards-collection\/\">Como proteger sua cole\u00e7\u00e3o de cards colecion\u00e1veis<\/a><\/p>\n<\/li>\n<li title=\"O que torna os cart\u00f5es esportivos t\u00e3o valiosos?\">\n<p class=\"page-title\" title=\"Pr\u00f3s e contras das vitrines de alum\u00ednio: um guia completo\"><a href=\"https:\/\/suncasesupply.com\/pt\/blog\/custom-aluminum-case\/pros-and-cons-of-aluminum-display-case\/\">Pr\u00f3s e contras das vitrines de alum\u00ednio: um guia completo<\/a><\/p>\n<\/li>\n<\/ul>","protected":false},"excerpt":{"rendered":"<p>Modelo:BL-0089<\/p>\n<p>Tamanho: 24x20x3 polegadas<\/p>\n<p>Cores: Cor prata ou cor preta<\/p>\n<p>Materiais: Painel superior de acr\u00edlico UV, painel inferior de ABS, estrutura de alum\u00ednio, placa de MDF, ferragens.<\/p>\n<p>Logotipo: Logotipo de impress\u00e3o em seda, Logotipo de impress\u00e3o a laser.<\/p>\n<p>Quantidade m\u00ednima: 100 pe\u00e7as<\/p>\n<p>Amostra: Dispon\u00edvel, tempo de amostra de cerca de 7 dias.<\/p>","protected":false},"featured_media":22389,"template":"","meta":{"_gspb_post_css":""},"product_cat":[42,119],"product_tag":[],"featured_image_urls":{"full":["https:\/\/suncasesupply.com\/wp-content\/uploads\/2023\/11\/9-2.jpg",1000,1000,false],"thumbnail":["https:\/\/suncasesupply.com\/wp-content\/uploads\/2023\/11\/9-2-150x150.jpg",150,150,true],"medium":["https:\/\/suncasesupply.com\/wp-content\/uploads\/2023\/11\/9-2-300x300.jpg",300,300,true],"medium_large":["https:\/\/suncasesupply.com\/wp-content\/uploads\/2023\/11\/9-2-768x768.jpg",768,768,true],"large":["https:\/\/suncasesupply.com\/wp-content\/uploads\/2023\/11\/9-2.jpg",1000,1000,false],"1536x1536":["https:\/\/suncasesupply.com\/wp-content\/uploads\/2023\/11\/9-2.jpg",1000,1000,false],"2048x2048":["https:\/\/suncasesupply.com\/wp-content\/uploads\/2023\/11\/9-2.jpg",1000,1000,false],"trp-custom-language-flag":["https:\/\/suncasesupply.com\/wp-content\/uploads\/2023\/11\/9-2.jpg",12,12,false],"woocommerce_thumbnail":["https:\/\/suncasesupply.com\/wp-content\/uploads\/2023\/11\/9-2-300x300.jpg",300,300,true],"woocommerce_single":["https:\/\/suncasesupply.com\/wp-content\/uploads\/2023\/11\/9-2-600x600.jpg",600,600,true],"woocommerce_gallery_thumbnail":["https:\/\/suncasesupply.com\/wp-content\/uploads\/2023\/11\/9-2-100x100.jpg",100,100,true]},"post_excerpt_stackable":"<p>Model:BL-0089<\/p>\n<p>Size: 24x20x3 Inch<\/p>\n<p>Colors: Silver color, or Black color<\/p>\n<p>Materials: UV Acrylic Top Panel, ABS Bottom Panel, Aluminum frame, MDF Board, Hardware.<\/p>\n<p>Logo: Silk Printing Logo, Laser printing logo.<\/p>\n<p>MOQ: 100pcs<\/p>\n<p>Sample: Available, sample time about 7 days.<\/p>\n","category_list":"","author_info":{"name":"","url":""},"comments_num":"0 comments","_links":{"self":[{"href":"https:\/\/suncasesupply.com\/pt\/wp-json\/wp\/v2\/product\/22385"}],"collection":[{"href":"https:\/\/suncasesupply.com\/pt\/wp-json\/wp\/v2\/product"}],"about":[{"href":"https:\/\/suncasesupply.com\/pt\/wp-json\/wp\/v2\/types\/product"}],"wp:featuredmedia":[{"embeddable":true,"href":"https:\/\/suncasesupply.com\/pt\/wp-json\/wp\/v2\/media\/22389"}],"wp:attachment":[{"href":"https:\/\/suncasesupply.com\/pt\/wp-json\/wp\/v2\/media?parent=22385"}],"wp:term":[{"taxonomy":"product_cat","embeddable":true,"href":"https:\/\/suncasesupply.com\/pt\/wp-json\/wp\/v2\/product_cat?post=22385"},{"taxonomy":"product_tag","embeddable":true,"href":"https:\/\/suncasesupply.com\/pt\/wp-json\/wp\/v2\/product_tag?post=22385"}],"curies":[{"name":"wp","href":"https:\/\/api.w.org\/{rel}","templated":true}]}}