{"id":22380,"date":"2023-11-13T11:27:34","date_gmt":"2023-11-13T03:27:34","guid":{"rendered":"https:\/\/suncasesupply.com\/?post_type=product&#038;p=22380"},"modified":"2025-08-21T14:04:55","modified_gmt":"2025-08-21T06:04:55","slug":"aluminum-acrylic-display-case-top-display-case","status":"publish","type":"product","link":"https:\/\/suncasesupply.com\/pt\/product\/aluminum-acrylic-display-case-top-display-case\/","title":{"rendered":"Vitrina de acr\u00edlico de alum\u00ednio Vitrina superior"},"content":{"rendered":"<h4><span style=\"color: #003366;\">Caracter\u00edsticas:<\/span><\/h4>\n<ul>\n<li data-start=\"99\" data-end=\"337\">\n<p data-start=\"101\" data-end=\"337\"><strong data-start=\"101\" data-end=\"131\">Design dur\u00e1vel e elegante<\/strong>: Esta vitrine de alum\u00ednio possui um painel superior de acr\u00edlico, oferecendo uma combina\u00e7\u00e3o perfeita de durabilidade e estilo. Faz parte da nossa linha de vitrines de acr\u00edlico personalizadas, ideais tanto para varejo quanto para uso pessoal.<\/p>\n<\/li>\n<li data-start=\"339\" data-end=\"540\">\n<p data-start=\"341\" data-end=\"540\"><strong data-start=\"341\" data-end=\"372\">Visibilidade aprimorada do produto<\/strong>:Projetada para destacar seus itens com eleg\u00e2ncia, esta vitrine de joias com fechadura \u00e9 perfeita para exibir objetos de valor, como joias, rel\u00f3gios e itens colecion\u00e1veis.<\/p>\n<\/li>\n<li data-start=\"542\" data-end=\"746\">\n<p data-start=\"544\" data-end=\"746\"><strong data-start=\"544\" data-end=\"579\">Funcionalidade de exibi\u00e7\u00e3o vers\u00e1til<\/strong>: Ideal para v\u00e1rios usos, incluindo vitrines de joias, vitrines de rel\u00f3gios ou at\u00e9 mesmo como vitrine de cards de beisebol para colecionadores de cards esportivos.<\/p>\n<\/li>\n<li data-start=\"748\" data-end=\"938\">\n<p data-start=\"750\" data-end=\"938\"><strong data-start=\"750\" data-end=\"778\">Painel de prote\u00e7\u00e3o de visualiza\u00e7\u00e3o<\/strong>: Equipado com um painel lateral de acr\u00edlico transparente, seus itens permanecem totalmente vis\u00edveis e protegidos \u2014 ideal para exposi\u00e7\u00f5es, lojas ou cole\u00e7\u00f5es particulares.<\/p>\n<\/li>\n<li data-start=\"940\" data-end=\"1115\">\n<p data-start=\"942\" data-end=\"1115\"><strong data-start=\"942\" data-end=\"960\">Seguran\u00e7a Adicional<\/strong>: Vem com duas fechaduras e chaves, garantindo que seus objetos de valor estejam protegidos contra acesso n\u00e3o autorizado \u2014 um recurso essencial para vitrines profissionais de joias.<\/p>\n<\/li>\n<\/ul>\n<div style=\"background-color: #29599a; padding: 40px 20px; text-align: center; color: #ffffff; border-radius: 10px; margin: 40px auto; max-width: 960px;\">\n<h2 style=\"font-size: 22px; margin-bottom: 20px; font-weight: bold;\"><span style=\"color: #ffffff;\">Encomende hoje mesmo sua vitrine personalizada de acr\u00edlico e alum\u00ednio Sun Case \u2014 Quantidade m\u00ednima: apenas 100 unidades!<\/span><\/h2>\n<p><a style=\"display: inline-block; padding: 12px 28px; background-color: #ffffff; color: #29599a; text-decoration: none; border-radius: 6px; font-weight: bold;\" href=\"https:\/\/suncasesupply.com\/pt\/contact-us\/\" target=\"_blank\" rel=\"noopener\">Entre em contato conosco agora<br \/>\n<\/a><\/p>\n<\/div>\n<h4><span style=\"color: #003366;\">Detalhes do produto:<\/span><\/h4>\n<div style=\"display: flex; gap: 20px;\">\n<p><!-- \u7b2c\u4e00\u680f --><\/p>\n<div style=\"flex: 1; text-align: center;\">\n<p><img decoding=\"async\" style=\"max-width: 100%; height: auto; margin-bottom: 10px;\" src=\"https:\/\/suncasesupply.com\/wp-content\/uploads\/2025\/03\/1-Locks-with-keys-1.jpg\" alt=\"Fechaduras com chaves\" \/><\/p>\n<p><strong><b>Fechaduras com chaves<\/b><\/strong><\/p>\n<p style=\"margin: 0;\">O case \u00e9 equipado com duas travas e vem com duas chaves, o que efetivamente impede que pessoas n\u00e3o autorizadas o abram. As travas n\u00e3o s\u00f3 impedem que os itens no case sejam roubados, mas tamb\u00e9m protegem efetivamente os itens de privacidade dentro do case.<\/p>\n<p>&nbsp;<\/p>\n<\/div>\n<p><!-- \u7b2c\u4e8c\u680f --><\/p>\n<div style=\"flex: 1; text-align: center;\">\n<p><img decoding=\"async\" style=\"max-width: 100%; height: auto; margin-bottom: 10px;\" src=\"https:\/\/suncasesupply.com\/wp-content\/uploads\/2025\/03\/2-Acrylic-Top-Panel-1.jpg\" alt=\"Painel superior de acr\u00edlico\" \/><\/p>\n<p><b><\/b><b><\/b><strong><b>Painel superior de acr\u00edlico<\/b><\/strong><\/p>\n<p style=\"margin: 0;\">O painel superior de acr\u00edlico \u00e9 feito de acr\u00edlico UV com 4 mm de espessura. Este componente, produzido pelo nosso confi\u00e1vel fabricante de vitrines de acr\u00edlico, garante alta visibilidade e durabilidade. Sua transpar\u00eancia permite uma visualiza\u00e7\u00e3o externa sem esfor\u00e7o dos produtos expostos.<\/p>\n<\/div>\n<p><!-- \u7b2c\u4e09\u680f --><\/p>\n<div style=\"flex: 1; text-align: center;\">\n<p><img decoding=\"async\" style=\"max-width: 100%; height: auto; margin-bottom: 10px;\" src=\"https:\/\/suncasesupply.com\/wp-content\/uploads\/2025\/03\/3-Support-Hinge-2.jpg\" alt=\"Suporte Dobradi\u00e7a\" \/><\/p>\n<p><b><\/b><strong><b>Suporte Dobradi\u00e7a<\/b><\/strong><\/p>\n<p>A dobradi\u00e7a de suporte \u00e9 feita de material met\u00e1lico, que \u00e9 muito forte e est\u00e1vel. Ela garante que a tampa superior n\u00e3o caia ao usar a abertura do case.<\/p>\n<\/div>\n<p><!-- \u7b2c\u56db\u680f --><\/p>\n<div style=\"flex: 1; text-align: center;\">\n<p><img decoding=\"async\" style=\"max-width: 100%; height: auto; margin-bottom: 10px;\" src=\"https:\/\/suncasesupply.com\/wp-content\/uploads\/2025\/03\/4-Fabric-Lining-1.jpg\" alt=\"Forro de tecido\" \/><\/p>\n<p><b><\/b><strong><b>Forro de tecido<\/b><\/strong><\/p>\n<p style=\"margin: 0;\">O tecido do forro pode desempenhar um papel de amortecimento para evitar que a parte inferior do case seja danificada por impacto externo. Al\u00e9m disso, ele tamb\u00e9m desempenha um papel na modifica\u00e7\u00e3o do interior do case. A cor do material do forro pode ser personalizada de acordo com as necessidades dos clientes. Tecidos pretos e estampados xadrez s\u00e3o os estilos mais populares.<\/p>\n<\/div>\n<\/div>\n<div style=\"background-color: #29599a; padding: 40px 20px; text-align: center; color: #ffffff; border-radius: 10px; margin: 40px auto; max-width: 960px;\">\n<h2 style=\"font-size: 22px; margin-bottom: 20px; font-weight: bold;\"><span style=\"color: #ffffff;\">Exiba seus produtos com estilo com a Sun Case \u2014 especialista em solu\u00e7\u00f5es de exposi\u00e7\u00e3o de acr\u00edlico e alum\u00ednio.<\/span><\/h2>\n<p><a style=\"display: inline-block; padding: 12px 28px; background-color: #ffffff; color: #29599a; text-decoration: none; border-radius: 6px; font-weight: bold;\" href=\"https:\/\/suncasesupply.com\/pt\/contact-us\/\" target=\"_blank\" rel=\"noopener\">Entre em contato conosco agora<br \/>\n<\/a><\/p>\n<\/div>\n<h4><span style=\"color: #003366;\">Processo de fabrica\u00e7\u00e3o:<\/span><\/h4>\n<p><img decoding=\"async\" style=\"max-width: 100%; height: auto; margin-bottom: 10px;\" src=\"https:\/\/suncasesupply.com\/wp-content\/uploads\/2025\/07\/Manufacturing-Process.png\" alt=\"Processo de fabrica\u00e7\u00e3o do Suncase\" \/><\/p>\n<div style=\"display: flex; gap: 20px;\"><\/div>\n<div style=\"display: flex; gap: 20px;\">\n<div style=\"flex: 1; text-align: center;\">\n<p style=\"font-weight: bold; margin: 5px 0;\">\n<\/div>\n<\/div>\n<h4><span style=\"color: #003366;\">Informa\u00e7\u00f5es \u00fateis para compradores em massa:<\/span><\/h4>\n<ul>\n<li class=\"page-title\" title=\"O que torna os cart\u00f5es esportivos t\u00e3o valiosos?\">\n<p class=\"page-title\" title=\"Como proteger sua cole\u00e7\u00e3o de cards colecion\u00e1veis\"><a href=\"https:\/\/suncasesupply.com\/pt\/blog\/how-protect-trading-cards-collection\/\">Como proteger sua cole\u00e7\u00e3o de cards colecion\u00e1veis<\/a><\/p>\n<\/li>\n<li title=\"O que torna os cart\u00f5es esportivos t\u00e3o valiosos?\">\n<p class=\"page-title\" title=\"Pr\u00f3s e contras das vitrines de alum\u00ednio: um guia completo\"><a href=\"https:\/\/suncasesupply.com\/pt\/blog\/custom-aluminum-case\/pros-and-cons-of-aluminum-display-case\/\">Pr\u00f3s e contras das vitrines de alum\u00ednio: um guia completo<\/a><\/p>\n<\/li>\n<\/ul>","protected":false},"excerpt":{"rendered":"<p>Modelo:BL-0088<\/p>\n<p>Tamanho: 24x20x3 polegadas<\/p>\n<p>Cores: Cor prata<\/p>\n<p>Materiais: Painel superior de acr\u00edlico transparente, painel inferior de ABS, estrutura de alum\u00ednio, placa de MDF, ferragens.<\/p>\n<p>Logotipo: Logotipo de impress\u00e3o em seda, Logotipo de impress\u00e3o a laser.<\/p>\n<p>Quantidade m\u00ednima: 100 pe\u00e7as<\/p>\n<p>Amostra: Dispon\u00edvel, tempo de amostra de cerca de 7 dias.<\/p>","protected":false},"featured_media":22381,"template":"","meta":{"_gspb_post_css":""},"product_cat":[42,119],"product_tag":[],"featured_image_urls":{"full":["https:\/\/suncasesupply.com\/wp-content\/uploads\/2023\/11\/Al813-7.jpg",1000,1000,false],"thumbnail":["https:\/\/suncasesupply.com\/wp-content\/uploads\/2023\/11\/Al813-7-150x150.jpg",150,150,true],"medium":["https:\/\/suncasesupply.com\/wp-content\/uploads\/2023\/11\/Al813-7-300x300.jpg",300,300,true],"medium_large":["https:\/\/suncasesupply.com\/wp-content\/uploads\/2023\/11\/Al813-7-768x768.jpg",768,768,true],"large":["https:\/\/suncasesupply.com\/wp-content\/uploads\/2023\/11\/Al813-7.jpg",1000,1000,false],"1536x1536":["https:\/\/suncasesupply.com\/wp-content\/uploads\/2023\/11\/Al813-7.jpg",1000,1000,false],"2048x2048":["https:\/\/suncasesupply.com\/wp-content\/uploads\/2023\/11\/Al813-7.jpg",1000,1000,false],"trp-custom-language-flag":["https:\/\/suncasesupply.com\/wp-content\/uploads\/2023\/11\/Al813-7.jpg",12,12,false],"woocommerce_thumbnail":["https:\/\/suncasesupply.com\/wp-content\/uploads\/2023\/11\/Al813-7-300x300.jpg",300,300,true],"woocommerce_single":["https:\/\/suncasesupply.com\/wp-content\/uploads\/2023\/11\/Al813-7-600x600.jpg",600,600,true],"woocommerce_gallery_thumbnail":["https:\/\/suncasesupply.com\/wp-content\/uploads\/2023\/11\/Al813-7-100x100.jpg",100,100,true]},"post_excerpt_stackable":"<p>Model:BL-0088<\/p>\n<p>Size: 24x20x3 Inch<\/p>\n<p>Colors: Silver color<\/p>\n<p>Materials:Transparent Acrylic Top Panel, ABS\u00a0Bottom Panel, Aluminum\u00a0frame, MDF Board,\u00a0Hardware.<\/p>\n<p>Logo: Silk Printing Logo, Laser printing logo.<\/p>\n<p>MOQ: 100pcs<\/p>\n<p>Sample: Available, sample time about 7 days.<\/p>\n","category_list":"","author_info":{"name":"","url":""},"comments_num":"0 comments","_links":{"self":[{"href":"https:\/\/suncasesupply.com\/pt\/wp-json\/wp\/v2\/product\/22380"}],"collection":[{"href":"https:\/\/suncasesupply.com\/pt\/wp-json\/wp\/v2\/product"}],"about":[{"href":"https:\/\/suncasesupply.com\/pt\/wp-json\/wp\/v2\/types\/product"}],"wp:featuredmedia":[{"embeddable":true,"href":"https:\/\/suncasesupply.com\/pt\/wp-json\/wp\/v2\/media\/22381"}],"wp:attachment":[{"href":"https:\/\/suncasesupply.com\/pt\/wp-json\/wp\/v2\/media?parent=22380"}],"wp:term":[{"taxonomy":"product_cat","embeddable":true,"href":"https:\/\/suncasesupply.com\/pt\/wp-json\/wp\/v2\/product_cat?post=22380"},{"taxonomy":"product_tag","embeddable":true,"href":"https:\/\/suncasesupply.com\/pt\/wp-json\/wp\/v2\/product_tag?post=22380"}],"curies":[{"name":"wp","href":"https:\/\/api.w.org\/{rel}","templated":true}]}}