{"id":22264,"date":"2023-10-20T17:26:54","date_gmt":"2023-10-20T09:26:54","guid":{"rendered":"https:\/\/suncasesupply.com\/?post_type=product&#038;p=22264"},"modified":"2025-07-07T11:12:25","modified_gmt":"2025-07-07T03:12:25","slug":"large-aluminum-display-case-with-glass-cove","status":"publish","type":"product","link":"https:\/\/suncasesupply.com\/pt\/product\/large-aluminum-display-case-with-glass-cove\/","title":{"rendered":"Grande vitrine de alum\u00ednio com enseada de vidro"},"content":{"rendered":"<p>&nbsp;<\/p>\n<table width=\"774\">\n<tbody>\n<tr>\n<td width=\"177\">Item<\/td>\n<td width=\"597\">Vitrine de alum\u00ednio<\/td>\n<\/tr>\n<tr>\n<td>Dimens\u00e3o<\/td>\n<td>86,36 x 55,88 x 7,62 cm ou Personalizar<\/td>\n<\/tr>\n<tr>\n<td>Cores<\/td>\n<td>Como as imagens mostram ou personalizam<\/td>\n<\/tr>\n<tr>\n<td>Materiais<\/td>\n<td>Alum\u00ednio, madeira compensada, EVA\/espuma\/tecido\/forro de PU, ferragens<\/td>\n<\/tr>\n<tr>\n<td>Logotipo<\/td>\n<td>Logotipo da placa de metal, logotipo impresso, logotipo em relevo, logotipo do laser<\/td>\n<\/tr>\n<tr>\n<td>Tempo de amostra<\/td>\n<td>7 dias<\/td>\n<\/tr>\n<tr>\n<td>Porto de embarque<\/td>\n<td>Cant\u00e3o, Shenzhen<\/td>\n<\/tr>\n<tr>\n<td>Termos de negocia\u00e7\u00e3o<\/td>\n<td>EXW, FOB, CIF, DDU, DDP<\/td>\n<\/tr>\n<tr>\n<td>M\u00e9todos de Pagamento<\/td>\n<td>T\/T, dinheiro, PayPal, cart\u00e3o de cr\u00e9dito<\/td>\n<\/tr>\n<\/tbody>\n<\/table>\n<p><span style=\"color: #003366;\">Caracter\u00edsticas:<\/span><\/p>\n<p>A vitrine de alum\u00ednio da A&amp;B Store Fixtures com tampa de vidro apresenta uma parte superior articulada em vidro temperado para f\u00e1cil visualiza\u00e7\u00e3o e seguran\u00e7a. A vitrine \u00e9 ideal para todos os tipos de joias. A caixa pode ser usada como vitrine na loja ou para amostras de vendedores. Inclui uma al\u00e7a conveniente, uma fechadura com chave de seguran\u00e7a e interior totalmente forrado com padr\u00e3o cinza. Grande estoque em estoque.<\/p>\n<ul>\n<li>Grande - 34\u2033 x 22\u2033 x 3\u2033H<\/li>\n<li>Inclui 2 prote\u00e7\u00f5es laterais de plexiglass em forma de cunha para manter a parte superior parcialmente aberta<\/li>\n<li>Fa\u00e7a pedidos de nossa variedade de bandejas de joias e inser\u00e7\u00f5es de bandejas para uma variedade de apresenta\u00e7\u00f5es<\/li>\n<\/ul>","protected":false},"excerpt":{"rendered":"<p>Modelo: SC-AL001<\/p>\n<p>Tamanho: 86,36 x 55,88 x 7,62 cm<\/p>\n<p>Quantidade m\u00ednima: 100 pe\u00e7as<\/p>\n<p>Prazo de entrega: 15-25 dias<\/p>\n<p>Amostra: Dispon\u00edvel<\/p>","protected":false},"featured_media":22265,"template":"","meta":{"_gspb_post_css":""},"product_cat":[42,119],"product_tag":[],"featured_image_urls":{"full":["https:\/\/suncasesupply.com\/wp-content\/uploads\/2023\/10\/GTC-AL813.jpg",1200,1200,false],"thumbnail":["https:\/\/suncasesupply.com\/wp-content\/uploads\/2023\/10\/GTC-AL813-150x150.jpg",150,150,true],"medium":["https:\/\/suncasesupply.com\/wp-content\/uploads\/2023\/10\/GTC-AL813-300x300.jpg",300,300,true],"medium_large":["https:\/\/suncasesupply.com\/wp-content\/uploads\/2023\/10\/GTC-AL813-768x768.jpg",768,768,true],"large":["https:\/\/suncasesupply.com\/wp-content\/uploads\/2023\/10\/GTC-AL813-1024x1024.jpg",1024,1024,true],"1536x1536":["https:\/\/suncasesupply.com\/wp-content\/uploads\/2023\/10\/GTC-AL813.jpg",1200,1200,false],"2048x2048":["https:\/\/suncasesupply.com\/wp-content\/uploads\/2023\/10\/GTC-AL813.jpg",1200,1200,false],"trp-custom-language-flag":["https:\/\/suncasesupply.com\/wp-content\/uploads\/2023\/10\/GTC-AL813.jpg",12,12,false],"woocommerce_thumbnail":["https:\/\/suncasesupply.com\/wp-content\/uploads\/2023\/10\/GTC-AL813-300x300.jpg",300,300,true],"woocommerce_single":["https:\/\/suncasesupply.com\/wp-content\/uploads\/2023\/10\/GTC-AL813-600x600.jpg",600,600,true],"woocommerce_gallery_thumbnail":["https:\/\/suncasesupply.com\/wp-content\/uploads\/2023\/10\/GTC-AL813-100x100.jpg",100,100,true]},"post_excerpt_stackable":"<p>Model : SC-AL001<\/p>\n<p>Size: 86.36 x 55.88 x 7.62 cm<\/p>\n<p>MOQ: 100pcs<\/p>\n<p>Delivery Time : 15-25 Days<\/p>\n<p>Sample : Available<\/p>\n","category_list":"","author_info":{"name":"","url":""},"comments_num":"0 comments","_links":{"self":[{"href":"https:\/\/suncasesupply.com\/pt\/wp-json\/wp\/v2\/product\/22264"}],"collection":[{"href":"https:\/\/suncasesupply.com\/pt\/wp-json\/wp\/v2\/product"}],"about":[{"href":"https:\/\/suncasesupply.com\/pt\/wp-json\/wp\/v2\/types\/product"}],"wp:featuredmedia":[{"embeddable":true,"href":"https:\/\/suncasesupply.com\/pt\/wp-json\/wp\/v2\/media\/22265"}],"wp:attachment":[{"href":"https:\/\/suncasesupply.com\/pt\/wp-json\/wp\/v2\/media?parent=22264"}],"wp:term":[{"taxonomy":"product_cat","embeddable":true,"href":"https:\/\/suncasesupply.com\/pt\/wp-json\/wp\/v2\/product_cat?post=22264"},{"taxonomy":"product_tag","embeddable":true,"href":"https:\/\/suncasesupply.com\/pt\/wp-json\/wp\/v2\/product_tag?post=22264"}],"curies":[{"name":"wp","href":"https:\/\/api.w.org\/{rel}","templated":true}]}}