{"id":22243,"date":"2023-10-06T11:44:41","date_gmt":"2023-10-06T03:44:41","guid":{"rendered":"https:\/\/suncasesupply.com\/?post_type=product&#038;p=22243"},"modified":"2025-07-14T15:57:16","modified_gmt":"2025-07-14T07:57:16","slug":"barber-stylist-suitcase-aluminum-carrying-case-for-clipper-trimmer-scissor","status":"publish","type":"product","link":"https:\/\/suncasesupply.com\/pt\/product\/barber-stylist-suitcase-aluminum-carrying-case-for-clipper-trimmer-scissor\/","title":{"rendered":"Mala de transporte de alum\u00ednio para barbeiro e tesoura para aparador de tosquiadeira"},"content":{"rendered":"<h4><span style=\"color: #003366;\">Caracter\u00edsticas:<\/span><\/h4>\n<ul>\n<li><strong><b>Constru\u00e7\u00e3o forte: <\/b><\/strong>Acabamento e constru\u00e7\u00e3o em alum\u00ednio de alta qualidade, cantos de a\u00e7o refor\u00e7ados para maior durabilidade, lindo acabamento preto suave.<\/li>\n<li><strong><b>Ampla aplica\u00e7\u00e3o: <\/b><\/strong>Ele pode acomodar v\u00e1rios acess\u00f3rios e ferramentas de cabeleireiro: m\u00e1quinas de cortar cabelo, aparadores, l\u00e2minas, tesouras, pentes, escovas de cabelo, secador de cabelo e outras ferramentas de modelagem.<\/li>\n<li><strong><b>Grande capacidade: <\/b><\/strong>O estojo de barbeiro pode conter 4 pe\u00e7as de tosquiadeiras el\u00e9tricas de tamanhos diferentes, pode conter 8 pe\u00e7as de tesouras de tamanhos diferentes. Dentro pode colocar ventilador, haste el\u00e9trica, pente, pano e outros itens, pode colocar 5 pe\u00e7as de pentes de tamanhos diferentes.<\/li>\n<li><strong><b>Transporte port\u00e1til: <\/b><\/strong>Maleta organizadora para transporte, exibi\u00e7\u00e3o e armazenamento para barbeiros.<\/li>\n<li><strong><b>Costumiza\u00e7\u00e3o<\/b><\/strong>: Aceite personalizar o logotipo da sua marca nas capas.<\/li>\n<\/ul>\n<h4><span style=\"color: #003366;\">Detalhes do produto:<\/span><\/h4>\n<div style=\"display: flex; gap: 20px;\">\n<p><!-- \u7b2c\u4e00\u680f --><\/p>\n<div style=\"flex: 1; text-align: center;\">\n<p><img decoding=\"async\" style=\"max-width: 100%; height: auto; margin-bottom: 10px;\" src=\"https:\/\/suncasesupply.com\/wp-content\/uploads\/2025\/03\/1-Combination-Lock.jpg\" alt=\"Cadeado de combina\u00e7\u00e3o\" \/><\/p>\n<p><b><\/b><strong><b>Cadeado de combina\u00e7\u00e3o<\/b><\/strong><\/p>\n<p style=\"margin: 0;\">As Fechaduras de Combina\u00e7\u00e3o de Alum\u00ednio s\u00e3o feitas de fechaduras de combina\u00e7\u00e3o de seguran\u00e7a de 3 d\u00edgitos para personalizar sua trava de seguran\u00e7a e manter seus pertences protegidos. E a senha inicial 000.<\/p>\n<p>&nbsp;<\/p>\n<\/div>\n<p><!-- \u7b2c\u4e8c\u680f --><\/p>\n<div style=\"flex: 1; text-align: center;\">\n<p><img decoding=\"async\" style=\"max-width: 100%; height: auto; margin-bottom: 10px;\" src=\"https:\/\/suncasesupply.com\/wp-content\/uploads\/2025\/03\/2-Storage-Slots.jpg\" alt=\"Slots de armazenamento\" \/><\/p>\n<p><b><\/b><strong><b>Slots de armazenamento<\/b><\/strong><\/p>\n<p style=\"margin: 0;\">Nas laterais da tampa inferior interna do estojo de barbeiro, h\u00e1 compartimentos de armazenamento com divis\u00f3rias para guardar os itens de estilo do barbeiro, mantendo os produtos armazenados de forma organizada.<\/p>\n<\/div>\n<p><!-- \u7b2c\u4e09\u680f --><\/p>\n<div style=\"flex: 1; text-align: center;\">\n<p><img decoding=\"async\" style=\"max-width: 100%; height: auto; margin-bottom: 10px;\" src=\"https:\/\/suncasesupply.com\/wp-content\/uploads\/2025\/03\/3-Scissors-Holder.jpg\" alt=\"Porta tesoura\" \/><\/p>\n<p><b><\/b><strong><b>Porta tesoura<\/b><\/strong><\/p>\n<p>A tampa superior interna \u00e9 feita com 8 porta-tesouras, seu material \u00e9 Elastic Band, que pode segurar 8 pe\u00e7as de tesouras de tamanhos diferentes. Claro, essas posi\u00e7\u00f5es tamb\u00e9m podem ser usadas para colocar outros produtos, como pentes.<\/p>\n<\/div>\n<p><!-- \u7b2c\u56db\u680f --><\/p>\n<div style=\"flex: 1; text-align: center;\">\n<p><img decoding=\"async\" style=\"max-width: 100%; height: auto; margin-bottom: 10px;\" src=\"https:\/\/suncasesupply.com\/wp-content\/uploads\/2025\/03\/4-Electric-Clippers-velcro.jpg\" alt=\"M\u00e1quina de cortar cabelo el\u00e9trica velcro\" \/><\/p>\n<p><b><\/b><strong><b>M\u00e1quina de cortar cabelo el\u00e9trica velcro<\/b><\/strong><\/p>\n<p style=\"margin: 0;\">Dentro do fundo do estojo do barbeiro, fazemos muitos velcros ali, ao colocar os cortadores el\u00e9tricos, o velcro pode fix\u00e1-los firmemente. N\u00e3o se preocupe mais em bater e danificar as ferramentas de corte de cabelo ou fazer com que as ferramentas de corte de cabelo sejam bagun\u00e7adas por dentro.<\/p>\n<\/div>\n<\/div>\n<h4><span style=\"color: #003366;\">Processo de fabrica\u00e7\u00e3o:<\/span><\/h4>\n<p><img decoding=\"async\" style=\"max-width: 100%; height: auto; margin-bottom: 10px;\" src=\"https:\/\/suncasesupply.com\/wp-content\/uploads\/2025\/07\/Manufacturing-Process.png\" alt=\"Processo de fabrica\u00e7\u00e3o do Suncase\" \/><\/p>\n<div style=\"display: flex; gap: 20px;\">\n<p><!-- \u7b2c\u4e00\u680f \u6d41\u7a0b1--><\/p>\n<div style=\"flex: 1; text-align: center;\"><\/div>\n<\/div>\n<div style=\"display: flex; gap: 20px;\">\n<div style=\"flex: 1; text-align: center;\">\n<p style=\"font-weight: bold; margin: 5px 0;\">\n<\/div>\n<\/div>\n<h4><span style=\"color: #003366;\">Informa\u00e7\u00f5es \u00fateis para compradores em massa:<\/span><\/h4>\n<ul>\n<li class=\"page-title\" title=\"O que torna os cart\u00f5es esportivos t\u00e3o valiosos?\">\n<p class=\"page-title\" title=\"6 raz\u00f5es pelas quais voc\u00ea deve se organizar com caixa de armazenamento de alum\u00ednio\"><a href=\"https:\/\/suncasesupply.com\/pt\/blog\/custom-aluminum-case\/6-reasons-to-use-aluminum-storage-box-today\/\">6 raz\u00f5es pelas quais voc\u00ea deve se organizar com uma caixa de armazenamento de alum\u00ednio &gt;&gt;<\/a><\/p>\n<\/li>\n<li title=\"O que torna os cart\u00f5es esportivos t\u00e3o valiosos?\">\n<p class=\"page-title\" title=\"Tudo o que voc\u00ea precisa saber sobre caixas de alum\u00ednio\"><a href=\"https:\/\/suncasesupply.com\/pt\/blog\/all-you-need-to-know-about-aluminum-cases\/\">Tudo o que voc\u00ea precisa saber sobre gabinetes de alum\u00ednio &gt;&gt;<\/a><\/p>\n<\/li>\n<\/ul>","protected":false},"excerpt":{"rendered":"<p>Modelo:BL-0079<\/p>\n<p>Tamanho: 54x27x11cm<\/p>\n<p>Cores: Preto, dourado ou cor personalizada.<\/p>\n<p>Materiais: Estrutura de alum\u00ednio, painel de melamina, placa de MDF, ferragens.<\/p>\n<p>Logotipo: Logotipo de impress\u00e3o em seda<\/p>\n<p>Quantidade m\u00ednima: 20 pe\u00e7as<\/p>\n<p>Amostra: Dispon\u00edvel, tempo de amostra de cerca de 7 dias.<\/p>","protected":false},"featured_media":24890,"template":"","meta":{"_gspb_post_css":""},"product_cat":[42,80],"product_tag":[],"featured_image_urls":{"full":["https:\/\/suncasesupply.com\/wp-content\/uploads\/2025\/03\/barber-case-4.jpg",800,800,false],"thumbnail":["https:\/\/suncasesupply.com\/wp-content\/uploads\/2025\/03\/barber-case-4-150x150.jpg",150,150,true],"medium":["https:\/\/suncasesupply.com\/wp-content\/uploads\/2025\/03\/barber-case-4-300x300.jpg",300,300,true],"medium_large":["https:\/\/suncasesupply.com\/wp-content\/uploads\/2025\/03\/barber-case-4-768x768.jpg",768,768,true],"large":["https:\/\/suncasesupply.com\/wp-content\/uploads\/2025\/03\/barber-case-4.jpg",800,800,false],"1536x1536":["https:\/\/suncasesupply.com\/wp-content\/uploads\/2025\/03\/barber-case-4.jpg",800,800,false],"2048x2048":["https:\/\/suncasesupply.com\/wp-content\/uploads\/2025\/03\/barber-case-4.jpg",800,800,false],"trp-custom-language-flag":["https:\/\/suncasesupply.com\/wp-content\/uploads\/2025\/03\/barber-case-4-12x12.jpg",12,12,true],"woocommerce_thumbnail":["https:\/\/suncasesupply.com\/wp-content\/uploads\/2025\/03\/barber-case-4-300x300.jpg",300,300,true],"woocommerce_single":["https:\/\/suncasesupply.com\/wp-content\/uploads\/2025\/03\/barber-case-4-600x600.jpg",600,600,true],"woocommerce_gallery_thumbnail":["https:\/\/suncasesupply.com\/wp-content\/uploads\/2025\/03\/barber-case-4-100x100.jpg",100,100,true]},"post_excerpt_stackable":"<p>Model:BL-0079<\/p>\n<p>Size: 54x27x11cm<\/p>\n<p>Colors: Black color, Gold color or customized color.<\/p>\n<p>Materials: Aluminum\u00a0frame,\u00a0Melamine Panel,\u00a0MDF Board, Hardware.<\/p>\n<p>Logo: Silk Printing Logo<\/p>\n<p>MOQ: 20pcs<\/p>\n<p>Sample: Available, sample time about 7 days.<\/p>\n","category_list":"","author_info":{"name":"","url":""},"comments_num":"0 comments","_links":{"self":[{"href":"https:\/\/suncasesupply.com\/pt\/wp-json\/wp\/v2\/product\/22243"}],"collection":[{"href":"https:\/\/suncasesupply.com\/pt\/wp-json\/wp\/v2\/product"}],"about":[{"href":"https:\/\/suncasesupply.com\/pt\/wp-json\/wp\/v2\/types\/product"}],"wp:featuredmedia":[{"embeddable":true,"href":"https:\/\/suncasesupply.com\/pt\/wp-json\/wp\/v2\/media\/24890"}],"wp:attachment":[{"href":"https:\/\/suncasesupply.com\/pt\/wp-json\/wp\/v2\/media?parent=22243"}],"wp:term":[{"taxonomy":"product_cat","embeddable":true,"href":"https:\/\/suncasesupply.com\/pt\/wp-json\/wp\/v2\/product_cat?post=22243"},{"taxonomy":"product_tag","embeddable":true,"href":"https:\/\/suncasesupply.com\/pt\/wp-json\/wp\/v2\/product_tag?post=22243"}],"curies":[{"name":"wp","href":"https:\/\/api.w.org\/{rel}","templated":true}]}}