{"id":22237,"date":"2023-10-06T11:40:01","date_gmt":"2023-10-06T03:40:01","guid":{"rendered":"https:\/\/suncasesupply.com\/?post_type=product&#038;p=22237"},"modified":"2026-03-17T01:13:17","modified_gmt":"2026-03-16T17:13:17","slug":"hairdressing-tool-storage-box-aluminum-barber-tool-case-organizer-for-clippers-trimmers-scissors","status":"publish","type":"product","link":"https:\/\/suncasesupply.com\/pt\/product\/hairdressing-tool-storage-box-aluminum-barber-tool-case-organizer-for-clippers-trimmers-scissors\/","title":{"rendered":"Caixa de armazenamento de ferramentas de cabeleireiro, alum\u00ednio, barbeiro, organizador, para cortadores, aparadores, tesouras"},"content":{"rendered":"<h4><span style=\"color: #003366;\">Caracter\u00edsticas:<\/span><\/h4>\n<ul>\n<li><strong><b>Cantos arredondados: <\/b><\/strong>O estojo para ferramentas de barbeiro possui um design com cantos arredondados. Comparado aos cantos quadrados tradicionais, oferece maior seguran\u00e7a e evita arranh\u00f5es durante o uso di\u00e1rio, tornando este estojo para ferramentas de cabeleireiro mais seguro e confort\u00e1vel de manusear.<\/li>\n<li><b><\/b><strong><b>V\u00e1rias aplica\u00e7\u00f5es: <\/b><\/strong>Esta caixa de ferramentas para cabeleireiros pode ser amplamente utilizada por cabeleireiros, tosadores de animais de estima\u00e7\u00e3o, maquiadores e outros profissionais para guardar tesouras, maquiagem, joias, pentes e outros itens. Al\u00e9m disso, tamb\u00e9m \u00e9 muito adequada para guardar ferramentas ou artigos de uso di\u00e1rio.<\/li>\n<li><strong><b>Bela apar\u00eancia<\/b><\/strong>O design deste estojo de alum\u00ednio para ferramentas de barbeiro \u00e9 resultado de muitos aprimoramentos. Ele tem uma \u00f3tima apar\u00eancia e combina as caracter\u00edsticas de grande capacidade, praticidade, durabilidade e multifuncionalidade.<\/li>\n<\/ul>\n<h4><span style=\"color: #003366;\">Detalhes do produto:<\/span><\/h4>\n<div style=\"display: flex; gap: 20px;\">\n<p><!-- \u7b2c\u4e00\u680f --><\/p>\n<div style=\"flex: 1; text-align: center;\">\n<p><img decoding=\"async\" style=\"max-width: 100%; height: auto; margin-bottom: 10px;\" src=\"https:\/\/suncasesupply.com\/wp-content\/uploads\/2025\/03\/1-Compartments-With-Dividers.jpg\" alt=\"Compartimentos com divis\u00f3rias\" \/><\/p>\n<p><b><\/b><b><\/b><strong><b>Compartimentos com divis\u00f3rias<\/b><\/strong><\/p>\n<p style=\"margin: 0;\">Os compartimentos com divis\u00f3rias dentro do estojo de alum\u00ednio para ferramentas de barbeiro s\u00e3o feitos de material EVA, macio, que organiza e protege seus pertences de forma pr\u00e1tica. Al\u00e9m disso, as divis\u00f3rias s\u00e3o ajust\u00e1veis, permitindo que voc\u00ea as configure livremente de acordo com suas necessidades.<\/p>\n<p>&nbsp;<\/p>\n<\/div>\n<p><!-- \u7b2c\u4e8c\u680f --><\/p>\n<div style=\"flex: 1; text-align: center;\">\n<p><img decoding=\"async\" style=\"max-width: 100%; height: auto; margin-bottom: 10px;\" src=\"https:\/\/suncasesupply.com\/wp-content\/uploads\/2025\/03\/2-Electric-Clippers-Holders.jpg\" alt=\"Suportes para tosquiadeiras profissionais\" \/><\/p>\n<p><b><\/b><b><\/b><strong><b>Suportes para tosquiadeiras profissionais<\/b><\/strong><\/p>\n<p>As bandejas deslizantes possuem 6 compartimentos individuais para 6 m\u00e1quinas de cortar cabelo profissionais, com tampas transparentes em acr\u00edlico para prote\u00e7\u00e3o e exibi\u00e7\u00e3o profissional. Este design inteligente demonstra a qualidade esperada de fornecedores confi\u00e1veis de estojos para ferramentas de barbeiro.<\/p>\n<\/div>\n<p><!-- \u7b2c\u4e09\u680f --><\/p>\n<div style=\"flex: 1; text-align: center;\">\n<p><img decoding=\"async\" style=\"max-width: 100%; height: auto; margin-bottom: 10px;\" src=\"https:\/\/suncasesupply.com\/wp-content\/uploads\/2025\/03\/3-Barber-Tools-Holders.jpg\" alt=\"Suportes para ferramentas de barbeiro\" \/><\/p>\n<p><b><\/b><b><\/b><strong><b>Suportes para ferramentas de barbeiro<\/b><\/strong><\/p>\n<p>Incluindo bolsos para tesouras que s\u00e3o um design bem pensado, permite o armazenamento seguro de tesouras e previne ferimentos por contato acidental durante o trabalho. Incluindo tamb\u00e9m bolsos de malha e faixas el\u00e1sticas, para manter as ferramentas de barbeiro em ordem.<\/p>\n<\/div>\n<p><!-- \u7b2c\u56db\u680f --><\/p>\n<div style=\"flex: 1; text-align: center;\">\n<p><img decoding=\"async\" style=\"max-width: 100%; height: auto; margin-bottom: 10px;\" src=\"https:\/\/suncasesupply.com\/wp-content\/uploads\/2025\/03\/4-Acrylic-Cover.jpg\" alt=\"Defletor de acr\u00edlico\" \/><\/p>\n<p><b><\/b><b><\/b><strong><b>Defletor de acr\u00edlico<\/b><\/strong><\/p>\n<p style=\"margin: 0;\">Duas divis\u00f3rias de acr\u00edlico transparente est\u00e3o embutidas no interior do estojo de barbeiro e podem ser abertas da esquerda para a direita atrav\u00e9s de uma trava, o que contribui para reduzir a entrada de poeira nas gavetas internas e laterais. Esse detalhe aprimora a funcionalidade profissional do estojo para ferramentas de cabeleireiro.<\/p>\n<\/div>\n<\/div>\n<div style=\"background-color: #29599a; padding: 40px 20px; text-align: center; color: #ffffff; border-radius: 10px; margin: 40px auto; max-width: 960px;\">\n<h2 style=\"font-size: 22px; margin-bottom: 20px; font-weight: bold;\"><span style=\"color: #ffffff;\">Encomende j\u00e1 o estojo de alum\u00ednio para ferramentas de barbeiro da Sun Case! Pedido m\u00ednimo de apenas 20 unidades!<\/span><\/h2>\n<p><a style=\"display: inline-block; padding: 12px 28px; background-color: #ffffff; color: #29599a; text-decoration: none; border-radius: 6px; font-weight: bold;\" href=\"https:\/\/suncasesupply.com\/pt\/contact-us\/\" target=\"_blank\" rel=\"noopener\">Obter uma cota\u00e7\u00e3o<br \/>\n<\/a><\/p>\n<\/div>\n<h4><span style=\"color: #003366;\">Processo de fabrica\u00e7\u00e3o:<\/span><\/h4>\n<p><img decoding=\"async\" style=\"max-width: 100%; height: auto; margin-bottom: 10px;\" src=\"https:\/\/suncasesupply.com\/wp-content\/uploads\/2025\/07\/Manufacturing-Process.png\" alt=\"Processo de fabrica\u00e7\u00e3o do Suncase\" \/><\/p>\n<div style=\"display: flex; gap: 20px;\">\n<p><!-- \u7b2c\u4e00\u680f \u6d41\u7a0b1--><\/p>\n<div style=\"flex: 1; text-align: center;\"><\/div>\n<\/div>\n<div style=\"display: flex; gap: 20px;\">\n<div style=\"flex: 1; text-align: center;\">\n<p style=\"font-weight: bold; margin: 5px 0;\">\n<\/div>\n<\/div>\n<h4><span style=\"color: #003366;\">Informa\u00e7\u00f5es \u00fateis para compradores em massa:<\/span><\/h4>\n<ul>\n<li class=\"page-title\" title=\"O que torna os cart\u00f5es esportivos t\u00e3o valiosos?\">\n<p class=\"page-title\" title=\"6 raz\u00f5es pelas quais voc\u00ea deve se organizar com caixa de armazenamento de alum\u00ednio\"><a href=\"https:\/\/suncasesupply.com\/pt\/blog\/custom-aluminum-case\/6-reasons-to-use-aluminum-storage-box-today\/\">6 raz\u00f5es pelas quais voc\u00ea deve se organizar com uma caixa de armazenamento de alum\u00ednio &gt;&gt;<\/a><\/p>\n<\/li>\n<li title=\"O que torna os cart\u00f5es esportivos t\u00e3o valiosos?\">\n<p class=\"page-title\" title=\"Tudo o que voc\u00ea precisa saber sobre caixas de alum\u00ednio\"><a href=\"https:\/\/suncasesupply.com\/pt\/blog\/all-you-need-to-know-about-aluminum-cases\/\">Tudo o que voc\u00ea precisa saber sobre gabinetes de alum\u00ednio &gt;&gt;<\/a><\/p>\n<\/li>\n<\/ul>","protected":false},"excerpt":{"rendered":"<p>Modelo:BL-0078<\/p>\n<p>Tamanho: 49,5x32x19,5cm<\/p>\n<p>Cores: Cor preta<\/p>\n<p>Materiais: Estrutura de alum\u00ednio, painel de ABS, placa de MDF, ferragens.<\/p>\n<p>Logotipo: O logotipo da placa de metal est\u00e1 dispon\u00edvel<\/p>\n<p>Quantidade m\u00ednima: 20 pe\u00e7as<\/p>\n<p>Amostra: Dispon\u00edvel, tempo de amostra de cerca de 7 dias.<\/p>\n<p>Tempo de entrega: cerca de 15 dias<\/p>","protected":false},"featured_media":25383,"template":"","meta":{"_gspb_post_css":""},"product_cat":[42,80,88],"product_tag":[],"featured_image_urls":{"full":["https:\/\/suncasesupply.com\/wp-content\/uploads\/2025\/05\/barber-case.jpg",800,800,false],"thumbnail":["https:\/\/suncasesupply.com\/wp-content\/uploads\/2025\/05\/barber-case-150x150.jpg",150,150,true],"medium":["https:\/\/suncasesupply.com\/wp-content\/uploads\/2025\/05\/barber-case-300x300.jpg",300,300,true],"medium_large":["https:\/\/suncasesupply.com\/wp-content\/uploads\/2025\/05\/barber-case-768x768.jpg",768,768,true],"large":["https:\/\/suncasesupply.com\/wp-content\/uploads\/2025\/05\/barber-case.jpg",800,800,false],"1536x1536":["https:\/\/suncasesupply.com\/wp-content\/uploads\/2025\/05\/barber-case.jpg",800,800,false],"2048x2048":["https:\/\/suncasesupply.com\/wp-content\/uploads\/2025\/05\/barber-case.jpg",800,800,false],"trp-custom-language-flag":["https:\/\/suncasesupply.com\/wp-content\/uploads\/2025\/05\/barber-case-12x12.jpg",12,12,true],"woocommerce_thumbnail":["https:\/\/suncasesupply.com\/wp-content\/uploads\/2025\/05\/barber-case-300x300.jpg",300,300,true],"woocommerce_single":["https:\/\/suncasesupply.com\/wp-content\/uploads\/2025\/05\/barber-case-600x600.jpg",600,600,true],"woocommerce_gallery_thumbnail":["https:\/\/suncasesupply.com\/wp-content\/uploads\/2025\/05\/barber-case-100x100.jpg",100,100,true]},"post_excerpt_stackable":"<p>Model:BL-0078<\/p>\n<p>Size: 49.5x32x19.5cm<\/p>\n<p>Colors: Black color<\/p>\n<p>Materials: Aluminum\u00a0frame,\u00a0ABS Panel,\u00a0MDF Board, Hardware.<\/p>\n<p>Logo: Metal Plate Logo is available<\/p>\n<p>MOQ: 20pcs<\/p>\n<p>Sample: Available, sample time about 7 days.<\/p>\n<p>Deliver Time: About 15 days<\/p>\n","category_list":"","author_info":{"name":"","url":""},"comments_num":"0 comments","_links":{"self":[{"href":"https:\/\/suncasesupply.com\/pt\/wp-json\/wp\/v2\/product\/22237"}],"collection":[{"href":"https:\/\/suncasesupply.com\/pt\/wp-json\/wp\/v2\/product"}],"about":[{"href":"https:\/\/suncasesupply.com\/pt\/wp-json\/wp\/v2\/types\/product"}],"wp:featuredmedia":[{"embeddable":true,"href":"https:\/\/suncasesupply.com\/pt\/wp-json\/wp\/v2\/media\/25383"}],"wp:attachment":[{"href":"https:\/\/suncasesupply.com\/pt\/wp-json\/wp\/v2\/media?parent=22237"}],"wp:term":[{"taxonomy":"product_cat","embeddable":true,"href":"https:\/\/suncasesupply.com\/pt\/wp-json\/wp\/v2\/product_cat?post=22237"},{"taxonomy":"product_tag","embeddable":true,"href":"https:\/\/suncasesupply.com\/pt\/wp-json\/wp\/v2\/product_tag?post=22237"}],"curies":[{"name":"wp","href":"https:\/\/api.w.org\/{rel}","templated":true}]}}