{"id":22172,"date":"2023-09-20T16:05:40","date_gmt":"2023-09-20T08:05:40","guid":{"rendered":"https:\/\/suncasesupply.com\/?post_type=product&#038;p=22172"},"modified":"2025-02-26T11:27:58","modified_gmt":"2025-02-26T03:27:58","slug":"trolley-4-in-1-large-capacity-trolley-makeup-travel-case-pink","status":"publish","type":"product","link":"https:\/\/suncasesupply.com\/pt\/product\/trolley-4-in-1-large-capacity-trolley-makeup-travel-case-pink\/","title":{"rendered":"Carrinho 4 em 1 Estojo de viagem para maquiagem de grande capacidade rosa"},"content":{"rendered":"<p>&nbsp;<\/p>\n<table width=\"774\">\n<tbody>\n<tr>\n<td width=\"177\">Item<\/td>\n<td width=\"597\">Estojo de maquiagem rolante<\/td>\n<\/tr>\n<tr>\n<td>Dimens\u00e3o<\/td>\n<td>356*254*78cm ou personalizar<\/td>\n<\/tr>\n<tr>\n<td>Cores<\/td>\n<td>Como as imagens mostram ou personalizam<\/td>\n<\/tr>\n<tr>\n<td>Materiais<\/td>\n<td>Alum\u00ednio, painel ABS, placa MDF, forro de EVA\/espuma\/tecido\/PU, ferragens<\/td>\n<\/tr>\n<tr>\n<td>Logotipo<\/td>\n<td>Logotipo da placa de metal, logotipo impresso, logotipo em relevo, logotipo do laser<\/td>\n<\/tr>\n<tr>\n<td>Tempo de amostra<\/td>\n<td>7 dias<\/td>\n<\/tr>\n<tr>\n<td>Porto de embarque<\/td>\n<td>Cant\u00e3o, Shenzhen<\/td>\n<\/tr>\n<tr>\n<td>Termos de negocia\u00e7\u00e3o<\/td>\n<td>EXW, FOB, CIF, DDU, DDP<\/td>\n<\/tr>\n<tr>\n<td>M\u00e9todos de Pagamento<\/td>\n<td>T\/T, dinheiro, PayPal, cart\u00e3o de cr\u00e9dito<\/td>\n<\/tr>\n<\/tbody>\n<\/table>\n<p><span style=\"color: #003366;\">Caracter\u00edsticas:<\/span><\/p>\n<p>O corpo principal deste estojo de maquiagem \u00e9 feito de ABS e MDF de alta densidade, enquanto a moldura das bordas e cantos s\u00e3o feitos de alum\u00ednio refor\u00e7ado, garantindo uma longa vida \u00fatil; O forro de veludo completo de alta qualidade reduz o atrito e protege cosm\u00e9ticos delicados, ao mesmo tempo que proporciona uma sensa\u00e7\u00e3o agrad\u00e1vel com toque suave. Os tirantes de alum\u00ednio proporcionam opera\u00e7\u00e3o suave e resist\u00eancia \u00e0 corros\u00e3o.<\/p>\n<p>O estojo de maquiagem 4 em 1 consiste em 4 compartimentos remov\u00edveis que podem ser combinados livremente conforme sua necessidade. O compartimento superior pode ser usado como um pequeno estojo de maquiagem; as duas gavetas do meio podem ser removidas para transformar este estojo de maquiagem 4 em 1 em um estojo 3 em 1\/2 em 1 de acordo com suas necessidades de trabalho.<\/p>\n<p>Esta caixa de trem est\u00e1 equipada com quatro rodas girat\u00f3rias de 360\u00b0 de alta qualidade, proporcionando um movimento suave e silencioso, mais economia de trabalho. Rodas remov\u00edveis podem ser facilmente removidas ou substitu\u00eddas, se necess\u00e1rio.\u3002<\/p>\n<p>A maleta de trem de maquiagem com alta capacidade de carga de at\u00e9 36 kg\/80 lb \u00e9 um armazenamento perfeito para um grande n\u00famero de ferramentas para cabelo, cosm\u00e9ticos e ferramentas para unhas. Grande espa\u00e7o de armazenamento na camada inferior sem divis\u00f3ria permite armazenar ferramentas de maquiagem de tamanhos grandes. Dois grampos trav\u00e1veis na parte superior e outros na bandeja tamb\u00e9m possuem travas. Tamb\u00e9m pode ser trancado com chaves para privacidade. Ideal para levar exatamente o que voc\u00ea precisa, para qualquer lugar e a qualquer hora.<\/p>","protected":false},"excerpt":{"rendered":"<p>Modelo: SC-RM0023<\/p>\n<p>Tamanho: 356*254*78cm<\/p>\n<p>Quantidade m\u00ednima: 50 pe\u00e7as<br \/>\nPrazo de entrega: 15-25 dias<\/p>\n<p>Amostra: Dispon\u00edvel<\/p>","protected":false},"featured_media":22173,"template":"","meta":{"_gspb_post_css":""},"product_cat":[97],"product_tag":[],"featured_image_urls":{"full":["https:\/\/suncasesupply.com\/wp-content\/uploads\/2023\/09\/1.jpg",800,800,false],"thumbnail":["https:\/\/suncasesupply.com\/wp-content\/uploads\/2023\/09\/1-150x150.jpg",150,150,true],"medium":["https:\/\/suncasesupply.com\/wp-content\/uploads\/2023\/09\/1-300x300.jpg",300,300,true],"medium_large":["https:\/\/suncasesupply.com\/wp-content\/uploads\/2023\/09\/1-768x768.jpg",768,768,true],"large":["https:\/\/suncasesupply.com\/wp-content\/uploads\/2023\/09\/1.jpg",800,800,false],"1536x1536":["https:\/\/suncasesupply.com\/wp-content\/uploads\/2023\/09\/1.jpg",800,800,false],"2048x2048":["https:\/\/suncasesupply.com\/wp-content\/uploads\/2023\/09\/1.jpg",800,800,false],"trp-custom-language-flag":["https:\/\/suncasesupply.com\/wp-content\/uploads\/2023\/09\/1.jpg",12,12,false],"woocommerce_thumbnail":["https:\/\/suncasesupply.com\/wp-content\/uploads\/2023\/09\/1-300x300.jpg",300,300,true],"woocommerce_single":["https:\/\/suncasesupply.com\/wp-content\/uploads\/2023\/09\/1-600x600.jpg",600,600,true],"woocommerce_gallery_thumbnail":["https:\/\/suncasesupply.com\/wp-content\/uploads\/2023\/09\/1-100x100.jpg",100,100,true]},"post_excerpt_stackable":"<p>Model : SC-RM0023<\/p>\n<p>Size: 356*254*78cm<\/p>\n<p>MOQ: 50pcs<br \/>\nDelivery Time : 15-25 Days<\/p>\n<p>Sample : Available<\/p>\n","category_list":"","author_info":{"name":"","url":""},"comments_num":"0 comments","_links":{"self":[{"href":"https:\/\/suncasesupply.com\/pt\/wp-json\/wp\/v2\/product\/22172"}],"collection":[{"href":"https:\/\/suncasesupply.com\/pt\/wp-json\/wp\/v2\/product"}],"about":[{"href":"https:\/\/suncasesupply.com\/pt\/wp-json\/wp\/v2\/types\/product"}],"wp:featuredmedia":[{"embeddable":true,"href":"https:\/\/suncasesupply.com\/pt\/wp-json\/wp\/v2\/media\/22173"}],"wp:attachment":[{"href":"https:\/\/suncasesupply.com\/pt\/wp-json\/wp\/v2\/media?parent=22172"}],"wp:term":[{"taxonomy":"product_cat","embeddable":true,"href":"https:\/\/suncasesupply.com\/pt\/wp-json\/wp\/v2\/product_cat?post=22172"},{"taxonomy":"product_tag","embeddable":true,"href":"https:\/\/suncasesupply.com\/pt\/wp-json\/wp\/v2\/product_tag?post=22172"}],"curies":[{"name":"wp","href":"https:\/\/api.w.org\/{rel}","templated":true}]}}