{"id":22163,"date":"2023-09-19T17:39:34","date_gmt":"2023-09-19T09:39:34","guid":{"rendered":"https:\/\/suncasesupply.com\/?post_type=product&#038;p=22163"},"modified":"2025-07-15T10:54:12","modified_gmt":"2025-07-15T02:54:12","slug":"pick-foam-flight-case-multi-format-turntable-storage-case","status":"publish","type":"product","link":"https:\/\/suncasesupply.com\/pt\/product\/pick-foam-flight-case-multi-format-turntable-storage-case\/","title":{"rendered":"Technics 1200 Estojo para toca-discos Estojo de alum\u00ednio para armazenamento de toca-discos"},"content":{"rendered":"<h4><span style=\"color: #003366;\">Caracter\u00edsticas:<\/span><\/h4>\n<ul>\n<li><strong><b>Constru\u00e7\u00e3o Forte<\/b><\/strong>: O Technics 1200 Turntable Case, um tipo de case de alum\u00ednio para toca-discos, \u00e9 feito de perfis de alum\u00ednio resistentes \u00e0 corros\u00e3o com cantos arredondados robustos. Este case de alum\u00ednio dur\u00e1vel para DJs oferece prote\u00e7\u00e3o duradoura para seus valiosos equipamentos.<\/li>\n<li><strong><b>Espumas de Prote\u00e7\u00e3o<\/b><\/strong>: Totalmente forrado com espuma EVA de alta densidade e espuma em formato de caixa de ovo na tampa, tornando-o ideal como um recipiente de armazenamento para toca-discos.<\/li>\n<li><strong><b>Materiais Fortes<\/b><\/strong>: Duas travas laterais tipo borboleta resistentes e dobradi\u00e7as de metal s\u00f3lido, iguais \u00e0s usadas em projetos profissionais de caixas de ferramentas de alum\u00ednio.<\/li>\n<li><strong><b>De p\u00e9<\/b><\/strong>: P\u00e9s de borracha na parte inferior para apoio ao ficar em p\u00e9.<\/li>\n<li><strong><b>Empilhamento<\/b><\/strong>: A tampa superior e a parte inferior do toca-discos com estojo de armazenamento s\u00e3o totalmente remov\u00edveis e podem ser empilhadas durante o trabalho, melhorando a funcionalidade para configura\u00e7\u00f5es m\u00f3veis ou necessidades de armazenamento de discos de DJ.<\/li>\n<\/ul>\n<h4><span style=\"color: #003366;\">Detalhes do produto:<\/span><\/h4>\n<div style=\"display: flex; gap: 20px;\">\n<p><!-- \u7b2c\u4e00\u680f --><\/p>\n<div style=\"flex: 1; text-align: center;\">\n<p><img decoding=\"async\" style=\"max-width: 100%; height: auto; margin-bottom: 10px;\" src=\"https:\/\/suncasesupply.com\/wp-content\/uploads\/2025\/03\/1-Cable-Hole.jpg\" alt=\"Furo para cabo\" \/><\/p>\n<p><strong><b>Furo para cabo<\/b><\/strong><\/p>\n<p style=\"margin: 0;\">Orif\u00edcio para cabos no meio da tampa traseira do estojo do toca-discos. Quando o Technics 1200 \u00e9 colocado dentro deste toca-discos para armazenamento, seus cabos podem ser passados por este orif\u00edcio e conectados a outras fontes de energia. Com este recurso, os cabos permanecem organizados e sem emaranhados, o que \u00e9 especialmente importante para manter os discos de vinil e o toca-discos arrumados.<\/p>\n<p>&nbsp;<\/p>\n<\/div>\n<p><!-- \u7b2c\u4e8c\u680f --><\/p>\n<div style=\"flex: 1; text-align: center;\">\n<p><img decoding=\"async\" style=\"max-width: 100%; height: auto; margin-bottom: 10px;\" src=\"https:\/\/suncasesupply.com\/wp-content\/uploads\/2025\/03\/2-Butterfly-Locks.jpg\" alt=\"Travas de borboleta\" \/><\/p>\n<p><strong><b>Travas de borboleta<\/b><\/strong><\/p>\n<p style=\"margin: 0;\">A estrutura do Butterfly Lock \u00e9 complexa, consistindo de uma tampa, um gancho, uma base, rebites mec\u00e2nicos, conectores, placas m\u00f3veis girat\u00f3rias, molas, cabe\u00e7as de bot\u00e3o, ma\u00e7anetas e placas de mola. Ele abre e fecha suavemente, \u00e9 firme e est\u00e1vel. Possui resist\u00eancia \u00e0 corros\u00e3o e boa tenacidade, podendo at\u00e9 servir como elemento decorativo \u2014 comum em caixas de discos de DJ.<\/p>\n<\/div>\n<p><!-- \u7b2c\u4e09\u680f --><\/p>\n<div style=\"flex: 1; text-align: center;\">\n<p><img decoding=\"async\" style=\"max-width: 100%; height: auto; margin-bottom: 10px;\" src=\"https:\/\/suncasesupply.com\/wp-content\/uploads\/2025\/03\/3-Spring-Handle.jpg\" alt=\"Al\u00e7a de mola\" \/><\/p>\n<p><b><\/b><strong><b>Al\u00e7a de mola<\/b><\/strong><\/p>\n<p>A al\u00e7a dobr\u00e1vel de mola \u00e9 uma al\u00e7a com fun\u00e7\u00e3o de dobramento. Ela \u00e9 embutida no interior da al\u00e7a e mant\u00e9m a al\u00e7a dobrada ou desdobrada por meio da elasticidade. Quando a al\u00e7a precisa ser usada, ela pode ser facilmente dobrada e aberta, e a mola a dobrar\u00e1 automaticamente de volta \u00e0 sua posi\u00e7\u00e3o original ap\u00f3s a libera\u00e7\u00e3o.<\/p>\n<\/div>\n<p><!-- \u7b2c\u56db\u680f --><\/p>\n<div style=\"flex: 1; text-align: center;\">\n<p><img decoding=\"async\" style=\"max-width: 100%; height: auto; margin-bottom: 10px;\" src=\"https:\/\/suncasesupply.com\/wp-content\/uploads\/2025\/03\/4.jpg\" alt=\"Acolchoamento protetor EVA\" \/><\/p>\n<p><strong><b>Acolchoamento protetor EVA<\/b><\/strong><\/p>\n<p style=\"margin: 0;\">Dentro da tampa superior do organizador de toca-discos, h\u00e1 um grande acolchoamento protetor de espuma EVA e, dentro dos 4 cantos inferiores, h\u00e1 4 pe\u00e7as. Sua principal fun\u00e7\u00e3o \u00e9 fixar o dispositivo internamente. Quando o Technics 1200 \u00e9 colocado dentro do estojo, o acolchoamento protetor de espuma EVA impede que o dispositivo se mova para cima e para baixo, para a esquerda e para a direita, proporcionando prote\u00e7\u00e3o e prote\u00e7\u00e3o contra colis\u00f5es.<\/p>\n<\/div>\n<\/div>\n<div style=\"background-color: #29599a; padding: 40px 20px; text-align: center; color: #ffffff; border-radius: 10px; margin: 40px auto; max-width: 960px;\">\n<h2 style=\"font-size: 22px; margin-bottom: 20px; font-weight: bold;\"><span style=\"color: #ffffff;\">Comece seu pedido em grandes quantidades do case para toca-discos Technics 1200 \u2014 MOQ 100, pre\u00e7o direto de f\u00e1brica!<\/span><\/h2>\n<p><a style=\"display: inline-block; padding: 12px 28px; background-color: #ffffff; color: #29599a; text-decoration: none; border-radius: 6px; font-weight: bold;\" href=\"https:\/\/suncasesupply.com\/pt\/contact-us\/\" target=\"_blank\" rel=\"noopener\">Obtenha um or\u00e7amento agora<br \/>\n<\/a><\/p>\n<\/div>\n<h4><span style=\"color: #003366;\">Processo de fabrica\u00e7\u00e3o:<\/span><\/h4>\n<p><img decoding=\"async\" style=\"max-width: 100%; height: auto; margin-bottom: 10px;\" src=\"https:\/\/suncasesupply.com\/wp-content\/uploads\/2025\/07\/Manufacturing-Process.png\" alt=\"Processo de fabrica\u00e7\u00e3o do Suncase\" \/><\/p>\n<h4><span style=\"color: #003366;\">Informa\u00e7\u00f5es \u00fateis para compradores em massa:<\/span><\/h4>\n<ul>\n<li class=\"page-title\" title=\"O que torna os cart\u00f5es esportivos t\u00e3o valiosos?\">\n<p class=\"page-title\" title=\"6 raz\u00f5es pelas quais voc\u00ea deve se organizar com caixa de armazenamento de alum\u00ednio\"><a href=\"https:\/\/suncasesupply.com\/pt\/blog\/custom-aluminum-case\/6-reasons-to-use-aluminum-storage-box-today\/\">6 raz\u00f5es pelas quais voc\u00ea deve se organizar com uma caixa de armazenamento de alum\u00ednio &gt;&gt;<\/a><\/p>\n<\/li>\n<li title=\"O que torna os cart\u00f5es esportivos t\u00e3o valiosos?\">\n<p class=\"page-title\" title=\"Tudo o que voc\u00ea precisa saber sobre caixas de alum\u00ednio\"><a href=\"https:\/\/suncasesupply.com\/pt\/blog\/all-you-need-to-know-about-aluminum-cases\/\">Tudo o que voc\u00ea precisa saber sobre gabinetes de alum\u00ednio &gt;&gt;<\/a><\/p>\n<\/li>\n<li title=\"O que torna os cart\u00f5es esportivos t\u00e3o valiosos?\">\n<p class=\"page-title\" title=\"Duas maneiras de proteger seu equipamento de DJ com uma capa para controlador de DJ\"><a href=\"https:\/\/suncasesupply.com\/pt\/blog\/custom-aluminum-case\/two-ways-to-protect-your-dj-gear-with-a-dj-controller-case\/\">Duas maneiras de proteger seu equipamento de DJ com um estojo para controlador de DJ &gt;&gt;<\/a><\/p>\n<\/li>\n<\/ul>","protected":false},"excerpt":{"rendered":"<p>Modelo:BA-25001<\/p>\n<p>Tamanho: 45 x 45 x 20 cm<\/p>\n<p>M\u00e1quina: Para segurar Technics 1200<\/p>\n<p>Cores: Cor preta<\/p>\n<p>Materiais: Madeira compensada, alum\u00ednio de canto redondo, placa de MDF, ferragens.<\/p>\n<p>Logotipo: Logotipo de impress\u00e3o em seda \/ Logotipo de placa de metal<\/p>\n<p>Quantidade m\u00ednima: 100 pe\u00e7as<\/p>\n<p>Amostra: Dispon\u00edvel, tempo de amostra de cerca de 7 dias.<\/p>\n<p>Condi\u00e7\u00f5es de pagamento: T\/T, dep\u00f3sito+saldo<\/p>","protected":false},"featured_media":25385,"template":"","meta":{"_gspb_post_css":""},"product_cat":[42,80],"product_tag":[],"featured_image_urls":{"full":["https:\/\/suncasesupply.com\/wp-content\/uploads\/2025\/05\/turntable-flight-case.jpg",800,800,false],"thumbnail":["https:\/\/suncasesupply.com\/wp-content\/uploads\/2025\/05\/turntable-flight-case-150x150.jpg",150,150,true],"medium":["https:\/\/suncasesupply.com\/wp-content\/uploads\/2025\/05\/turntable-flight-case-300x300.jpg",300,300,true],"medium_large":["https:\/\/suncasesupply.com\/wp-content\/uploads\/2025\/05\/turntable-flight-case-768x768.jpg",768,768,true],"large":["https:\/\/suncasesupply.com\/wp-content\/uploads\/2025\/05\/turntable-flight-case.jpg",800,800,false],"1536x1536":["https:\/\/suncasesupply.com\/wp-content\/uploads\/2025\/05\/turntable-flight-case.jpg",800,800,false],"2048x2048":["https:\/\/suncasesupply.com\/wp-content\/uploads\/2025\/05\/turntable-flight-case.jpg",800,800,false],"trp-custom-language-flag":["https:\/\/suncasesupply.com\/wp-content\/uploads\/2025\/05\/turntable-flight-case-12x12.jpg",12,12,true],"woocommerce_thumbnail":["https:\/\/suncasesupply.com\/wp-content\/uploads\/2025\/05\/turntable-flight-case-300x300.jpg",300,300,true],"woocommerce_single":["https:\/\/suncasesupply.com\/wp-content\/uploads\/2025\/05\/turntable-flight-case-600x600.jpg",600,600,true],"woocommerce_gallery_thumbnail":["https:\/\/suncasesupply.com\/wp-content\/uploads\/2025\/05\/turntable-flight-case-100x100.jpg",100,100,true]},"post_excerpt_stackable":"<p>Model:BA-25001<\/p>\n<p>Size: 45 x 45 x 20 cm<\/p>\n<p>Machine: To hold Technics 1200<\/p>\n<p>Colors: Black color<\/p>\n<p>Materials: Plywood, Round Corner Aluminum, MDF Board, Hardware.<\/p>\n<p>Logo: Silk Printing Logo \/ Metal Plate Logo<\/p>\n<p>MOQ: 100pcs<\/p>\n<p>Sample: Available, sample time about 7 days.<\/p>\n<p>Payment Terms: T\/T, Deposit+Balance<\/p>\n","category_list":"","author_info":{"name":"","url":""},"comments_num":"0 comments","_links":{"self":[{"href":"https:\/\/suncasesupply.com\/pt\/wp-json\/wp\/v2\/product\/22163"}],"collection":[{"href":"https:\/\/suncasesupply.com\/pt\/wp-json\/wp\/v2\/product"}],"about":[{"href":"https:\/\/suncasesupply.com\/pt\/wp-json\/wp\/v2\/types\/product"}],"wp:featuredmedia":[{"embeddable":true,"href":"https:\/\/suncasesupply.com\/pt\/wp-json\/wp\/v2\/media\/25385"}],"wp:attachment":[{"href":"https:\/\/suncasesupply.com\/pt\/wp-json\/wp\/v2\/media?parent=22163"}],"wp:term":[{"taxonomy":"product_cat","embeddable":true,"href":"https:\/\/suncasesupply.com\/pt\/wp-json\/wp\/v2\/product_cat?post=22163"},{"taxonomy":"product_tag","embeddable":true,"href":"https:\/\/suncasesupply.com\/pt\/wp-json\/wp\/v2\/product_tag?post=22163"}],"curies":[{"name":"wp","href":"https:\/\/api.w.org\/{rel}","templated":true}]}}