{"id":22097,"date":"2023-08-30T16:31:56","date_gmt":"2023-08-30T08:31:56","guid":{"rendered":"https:\/\/suncasesupply.com\/?post_type=product&#038;p=22097"},"modified":"2025-02-26T11:48:31","modified_gmt":"2025-02-26T03:48:31","slug":"dual-qsc-k12-speaker-ata-flight-case-holds-2-speakers","status":"publish","type":"product","link":"https:\/\/suncasesupply.com\/pt\/product\/dual-qsc-k12-speaker-ata-flight-case-holds-2-speakers\/","title":{"rendered":"Caixa de v\u00f4o ATA com alto-falante duplo QSC K12 comporta 2 alto-falantes"},"content":{"rendered":"<p>&nbsp;<\/p>\n<table width=\"774\">\n<tbody>\n<tr>\n<td width=\"177\">Item<\/td>\n<td width=\"597\">Estojo de alto-falante<\/td>\n<\/tr>\n<tr>\n<td>Dimens\u00e3o<\/td>\n<td>660 x 559 x 355 mm ou Personalizado<\/td>\n<\/tr>\n<tr>\n<td>Cores<\/td>\n<td>Como as imagens mostram ou personalizam<\/td>\n<\/tr>\n<tr>\n<td>Materiais<\/td>\n<td>Alum\u00ednio, madeira compensada, EVA\/espuma\/tecido\/forro de PU, ferragens<\/td>\n<\/tr>\n<tr>\n<td>Logotipo<\/td>\n<td>Logotipo da placa de metal, logotipo impresso, logotipo em relevo, logotipo do laser<\/td>\n<\/tr>\n<tr>\n<td>Tempo de amostra<\/td>\n<td>7 dias<\/td>\n<\/tr>\n<tr>\n<td>Porto de embarque<\/td>\n<td>Cant\u00e3o, Shenzhen<\/td>\n<\/tr>\n<tr>\n<td>Termos de negocia\u00e7\u00e3o<\/td>\n<td>EXW, FOB, CIF, DDU, DDP<\/td>\n<\/tr>\n<tr>\n<td>M\u00e9todos de Pagamento<\/td>\n<td>T\/T, dinheiro, PayPal, cart\u00e3o de cr\u00e9dito<\/td>\n<\/tr>\n<\/tbody>\n<\/table>\n<p><span style=\"color: #003366;\">Caracter\u00edsticas:<\/span><\/p>\n<p>\u00c9 um case de alto-falante profissional que abriga 2 alto-falantes QSC-K12 e emprega compensado laminado que possui um revestimento r\u00edgido com acolchoamento interno para fornecer a melhor prote\u00e7\u00e3o personalizada para o seu investimento. A mala assenta sobre 4 rod\u00edzios concebidos para facilitar o transporte e tamb\u00e9m possui pratos na parte superior para facilitar o empilhamento com outras malas de voo.<\/p>\n<ul>\n<li>Contraplacado de 3\/8 de polegada com laminado preto.<\/li>\n<li>Interior forrado com borracha dura dur\u00e1vel.<\/li>\n<li>Mala de voo estilo ATA.<\/li>\n<li>Al\u00e7as com mola embutidas.<\/li>\n<li>Travas de tor\u00e7\u00e3o borboleta embutidas.<\/li>\n<li>Preto com acabamento met\u00e1lico prateado.<\/li>\n<li>Cantos de esfera de a\u00e7o para servi\u00e7os pesados.<\/li>\n<li>Extrus\u00e3o de alum\u00ednio em torno da placa de rod\u00edzio.<\/li>\n<li>4 pratos rod\u00edzios na tampa superior para empilhamento.<\/li>\n<\/ul>","protected":false},"excerpt":{"rendered":"<p>Modelo: Z76<\/p>\n<p>Tamanho: 660 x 559 x 355 mm<\/p>\n<p>Quantidade m\u00ednima: 5 pe\u00e7as<\/p>\n<p>Prazo de entrega: 15-25 dias<\/p>\n<p>Amostra: Dispon\u00edvel<\/p>","protected":false},"featured_media":22098,"template":"","meta":{"_gspb_post_css":""},"product_cat":[90],"product_tag":[],"featured_image_urls":{"full":["https:\/\/suncasesupply.com\/wp-content\/uploads\/2023\/08\/55-4.jpg",1600,1600,false],"thumbnail":["https:\/\/suncasesupply.com\/wp-content\/uploads\/2023\/08\/55-4-150x150.jpg",150,150,true],"medium":["https:\/\/suncasesupply.com\/wp-content\/uploads\/2023\/08\/55-4-300x300.jpg",300,300,true],"medium_large":["https:\/\/suncasesupply.com\/wp-content\/uploads\/2023\/08\/55-4-768x768.jpg",768,768,true],"large":["https:\/\/suncasesupply.com\/wp-content\/uploads\/2023\/08\/55-4-1024x1024.jpg",1024,1024,true],"1536x1536":["https:\/\/suncasesupply.com\/wp-content\/uploads\/2023\/08\/55-4-1536x1536.jpg",1536,1536,true],"2048x2048":["https:\/\/suncasesupply.com\/wp-content\/uploads\/2023\/08\/55-4.jpg",1600,1600,false],"trp-custom-language-flag":["https:\/\/suncasesupply.com\/wp-content\/uploads\/2023\/08\/55-4.jpg",12,12,false],"woocommerce_thumbnail":["https:\/\/suncasesupply.com\/wp-content\/uploads\/2023\/08\/55-4-300x300.jpg",300,300,true],"woocommerce_single":["https:\/\/suncasesupply.com\/wp-content\/uploads\/2023\/08\/55-4-600x600.jpg",600,600,true],"woocommerce_gallery_thumbnail":["https:\/\/suncasesupply.com\/wp-content\/uploads\/2023\/08\/55-4-100x100.jpg",100,100,true]},"post_excerpt_stackable":"<p>Model : Z76<\/p>\n<p>Size: 660 x 559 x 355 mm<\/p>\n<p>MOQ: 5pcs<\/p>\n<p>Delivery Time : 15-25 Days<\/p>\n<p>Sample : Available<\/p>\n","category_list":"","author_info":{"name":"","url":""},"comments_num":"0 comments","_links":{"self":[{"href":"https:\/\/suncasesupply.com\/pt\/wp-json\/wp\/v2\/product\/22097"}],"collection":[{"href":"https:\/\/suncasesupply.com\/pt\/wp-json\/wp\/v2\/product"}],"about":[{"href":"https:\/\/suncasesupply.com\/pt\/wp-json\/wp\/v2\/types\/product"}],"wp:featuredmedia":[{"embeddable":true,"href":"https:\/\/suncasesupply.com\/pt\/wp-json\/wp\/v2\/media\/22098"}],"wp:attachment":[{"href":"https:\/\/suncasesupply.com\/pt\/wp-json\/wp\/v2\/media?parent=22097"}],"wp:term":[{"taxonomy":"product_cat","embeddable":true,"href":"https:\/\/suncasesupply.com\/pt\/wp-json\/wp\/v2\/product_cat?post=22097"},{"taxonomy":"product_tag","embeddable":true,"href":"https:\/\/suncasesupply.com\/pt\/wp-json\/wp\/v2\/product_tag?post=22097"}],"curies":[{"name":"wp","href":"https:\/\/api.w.org\/{rel}","templated":true}]}}