{"id":22049,"date":"2023-08-30T12:10:11","date_gmt":"2023-08-30T04:10:11","guid":{"rendered":"https:\/\/suncasesupply.com\/?post_type=product&#038;p=22049"},"modified":"2025-02-20T09:36:00","modified_gmt":"2025-02-20T01:36:00","slug":"flight-case-multi-format-turntable-case-with-pluck-foam","status":"publish","type":"product","link":"https:\/\/suncasesupply.com\/pt\/product\/flight-case-multi-format-turntable-case-with-pluck-foam\/","title":{"rendered":"Estojo de plataforma girat\u00f3ria multiformato Flight Case com espuma Pluck"},"content":{"rendered":"<p>&nbsp;<\/p>\n<table width=\"774\">\n<tbody>\n<tr>\n<td width=\"177\">Item<\/td>\n<td width=\"597\">Caso de v\u00f4o<\/td>\n<\/tr>\n<tr>\n<td>Dimens\u00e3o<\/td>\n<td>49 x 42,3 x 21 cm ou Personalizar<\/td>\n<\/tr>\n<tr>\n<td>Cores<\/td>\n<td>Como as imagens mostram ou personalizam<\/td>\n<\/tr>\n<tr>\n<td>Materiais<\/td>\n<td>Alum\u00ednio, madeira compensada, EVA\/espuma\/tecido\/forro de PU, ferragens<\/td>\n<\/tr>\n<tr>\n<td>Logotipo<\/td>\n<td>Logotipo da placa de metal, logotipo impresso, logotipo em relevo, logotipo do laser<\/td>\n<\/tr>\n<tr>\n<td>Tempo de amostra<\/td>\n<td>7 dias<\/td>\n<\/tr>\n<tr>\n<td>Porto de embarque<\/td>\n<td>Cant\u00e3o, Shenzhen<\/td>\n<\/tr>\n<tr>\n<td>Termos de negocia\u00e7\u00e3o<\/td>\n<td>EXW, FOB, CIF, DDU, DDP<\/td>\n<\/tr>\n<tr>\n<td>M\u00e9todos de Pagamento<\/td>\n<td>T\/T, dinheiro, PayPal, cart\u00e3o de cr\u00e9dito<\/td>\n<\/tr>\n<\/tbody>\n<\/table>\n<p><span style=\"color: #003366;\">Caracter\u00edsticas:<\/span><\/p>\n<p>Cor preta<br \/>\nPeso 4,55 kg\/10,01 libras<br \/>\nDimens\u00f5es externas (L x A x P) 49 x 42,3 x 21 cm | 19,3 x 16,6 x 8,3 polegadas<br \/>\nDimens\u00f5es internas (L x A x P) 48 x 41,3 x 20 cm | 18,9 x 16,2 x 7,9 polegadas<br \/>\nMateriais Alum\u00ednio<br \/>\nProte\u00e7\u00e3o Perfis de alum\u00ednio resistentes \u00e0 corros\u00e3o com cantos arredondados fortes<br \/>\nTotalmente forrado com enchimento protetor de espuma de alta densidade e espuma na tampa<br \/>\nFechadura borboleta forte em dois lados e dobradi\u00e7as de metal s\u00f3lido<br \/>\nP\u00e9s de borracha na parte inferior para apoio em p\u00e9<br \/>\nExtra \u00e9 mais leve que as malas de voo tradicionais<br \/>\nSuperf\u00edcie de acabamento Black Diamond<br \/>\nAl\u00e7a de transporte ergon\u00f4mica e resistente<br \/>\nEscolha e arranque a espuma com duas camadas separadas<br \/>\nEspuma de substitui\u00e7\u00e3o para escolha e depenagem est\u00e1 dispon\u00edvel para compra<br \/>\nOrif\u00edcio traseiro de acesso ao cabo com tampa<br \/>\nCompat\u00edvel com Technics SL-1200MK7, SL-1200MK6, SL-1200 MK5, SL-1200 MK4, SL-1200 MK3, SL-1200 MK2, SL-1200GR, SL-1200GAE,<br \/>\nDenon VL12 Prime,<br \/>\nPioneiro PLX-1000, PLX-500<br \/>\nReloop RP-8000 MK2, RP-8000 Reto, RP-8000, Reloop RP-1000M, RP-1000 MK2, RP-2000 MK2, RP-2000 USB MK2, RP-4000 MK2, RP-7000, RP-7000 MK2, RP-7000 MK2 GLD, RP-7000 MK2 Prata,<br \/>\nAudio Technica LP120-USB, LP120XUSB, LP1240-USBXP, LP1240-USB, LP140XP, LP3, LP5, LP7, LPW40WN,<br \/>\nStanton STR8-150 M2, ST-150 M2, T.52, T.55 USB, T.62 M2, T.92 M2 USB,<br \/>\nMisturadores STA, LTA,<br \/>\nVestax PDX-3000, PDX-3000Mix, PDX-3000MKII,<br \/>\nou plataforma girat\u00f3ria de tamanho semelhante<\/p>\n<p>.<\/p>","protected":false},"excerpt":{"rendered":"<p>Modelo: SC-FL0013<\/p>\n<p>Tamanho: 49 x 42,3 x 21 cm<\/p>\n<p>Quantidade m\u00ednima: 100 pe\u00e7as<\/p>\n<p>Prazo de entrega: 15-25 dias<\/p>\n<p>Amostra: Dispon\u00edvel<\/p>","protected":false},"featured_media":22051,"template":"","meta":{"_gspb_post_css":""},"product_cat":[80],"product_tag":[],"featured_image_urls":{"full":["https:\/\/suncasesupply.com\/wp-content\/uploads\/2023\/08\/3-7.png",970,970,false],"thumbnail":["https:\/\/suncasesupply.com\/wp-content\/uploads\/2023\/08\/3-7-150x150.png",150,150,true],"medium":["https:\/\/suncasesupply.com\/wp-content\/uploads\/2023\/08\/3-7-300x300.png",300,300,true],"medium_large":["https:\/\/suncasesupply.com\/wp-content\/uploads\/2023\/08\/3-7-768x768.png",768,768,true],"large":["https:\/\/suncasesupply.com\/wp-content\/uploads\/2023\/08\/3-7.png",970,970,false],"1536x1536":["https:\/\/suncasesupply.com\/wp-content\/uploads\/2023\/08\/3-7.png",970,970,false],"2048x2048":["https:\/\/suncasesupply.com\/wp-content\/uploads\/2023\/08\/3-7.png",970,970,false],"trp-custom-language-flag":["https:\/\/suncasesupply.com\/wp-content\/uploads\/2023\/08\/3-7.png",12,12,false],"woocommerce_thumbnail":["https:\/\/suncasesupply.com\/wp-content\/uploads\/2023\/08\/3-7-300x300.png",300,300,true],"woocommerce_single":["https:\/\/suncasesupply.com\/wp-content\/uploads\/2023\/08\/3-7-600x600.png",600,600,true],"woocommerce_gallery_thumbnail":["https:\/\/suncasesupply.com\/wp-content\/uploads\/2023\/08\/3-7-100x100.png",100,100,true]},"post_excerpt_stackable":"<p>Model : SC-FL0013<\/p>\n<p>Size: 49 x 42.3 x 21 cm<\/p>\n<p>MOQ: 100pcs<\/p>\n<p>Delivery Time : 15-25 Days<\/p>\n<p>Sample : Available<\/p>\n","category_list":"","author_info":{"name":"","url":""},"comments_num":"0 comments","_links":{"self":[{"href":"https:\/\/suncasesupply.com\/pt\/wp-json\/wp\/v2\/product\/22049"}],"collection":[{"href":"https:\/\/suncasesupply.com\/pt\/wp-json\/wp\/v2\/product"}],"about":[{"href":"https:\/\/suncasesupply.com\/pt\/wp-json\/wp\/v2\/types\/product"}],"wp:featuredmedia":[{"embeddable":true,"href":"https:\/\/suncasesupply.com\/pt\/wp-json\/wp\/v2\/media\/22051"}],"wp:attachment":[{"href":"https:\/\/suncasesupply.com\/pt\/wp-json\/wp\/v2\/media?parent=22049"}],"wp:term":[{"taxonomy":"product_cat","embeddable":true,"href":"https:\/\/suncasesupply.com\/pt\/wp-json\/wp\/v2\/product_cat?post=22049"},{"taxonomy":"product_tag","embeddable":true,"href":"https:\/\/suncasesupply.com\/pt\/wp-json\/wp\/v2\/product_tag?post=22049"}],"curies":[{"name":"wp","href":"https:\/\/api.w.org\/{rel}","templated":true}]}}