{"id":22027,"date":"2023-08-30T10:34:08","date_gmt":"2023-08-30T02:34:08","guid":{"rendered":"https:\/\/suncasesupply.com\/?post_type=product&#038;p=22027"},"modified":"2025-02-26T11:06:31","modified_gmt":"2025-02-26T03:06:31","slug":"makeup-train-case-portable-cosmetic-organizer-for-artist-with-locks","status":"publish","type":"product","link":"https:\/\/suncasesupply.com\/pt\/product\/makeup-train-case-portable-cosmetic-organizer-for-artist-with-locks\/","title":{"rendered":"Estojo de trem de maquiagem organizador cosm\u00e9tico port\u00e1til para artista com fechaduras"},"content":{"rendered":"<p>&nbsp;<\/p>\n<table width=\"774\">\n<tbody>\n<tr>\n<td width=\"177\">Item<\/td>\n<td width=\"597\">Estojo de maquiagem de alum\u00ednio<\/td>\n<\/tr>\n<tr>\n<td>Dimens\u00e3o<\/td>\n<td>32 x 22 x 26 cm\/Personalizado<\/td>\n<\/tr>\n<tr>\n<td>Cores<\/td>\n<td>Como as imagens mostram ou personalizam<\/td>\n<\/tr>\n<tr>\n<td>Materiais<\/td>\n<td>Alum\u00ednio, painel ABS, placa MDF, forro de EVA\/espuma\/tecido\/PU, ferragens<\/td>\n<\/tr>\n<tr>\n<td>Logotipo<\/td>\n<td>Logotipo da placa de metal, logotipo impresso, logotipo em relevo, logotipo do laser<\/td>\n<\/tr>\n<tr>\n<td>Tempo de amostra<\/td>\n<td>7 dias<\/td>\n<\/tr>\n<tr>\n<td>Porto de embarque<\/td>\n<td>Cant\u00e3o, Shenzhen<\/td>\n<\/tr>\n<tr>\n<td>Termos de negocia\u00e7\u00e3o<\/td>\n<td>EXW, FOB, CIF, DDU, DDP<\/td>\n<\/tr>\n<tr>\n<td>M\u00e9todos de Pagamento<\/td>\n<td>T\/T, dinheiro, PayPal, cart\u00e3o de cr\u00e9dito<\/td>\n<\/tr>\n<\/tbody>\n<\/table>\n<p><span style=\"color: #003366;\">Caracter\u00edsticas:<\/span><\/p>\n<p>* Projetado para maquiadores e cabeleireiros em movimento.<br \/>\n* Constru\u00eddo com dois compartimentos desdobr\u00e1veis estilo acorde\u00e3o.<br \/>\n* Permita uma organiza\u00e7\u00e3o organizada de todas as suas ferramentas e produtos e acesso r\u00e1pido a todos esses itens.<br \/>\n* Travas de fechamento f\u00e1cil protegem seus pertences.<br \/>\n* Constru\u00e7\u00e3o em liga de alum\u00ednio de alta qualidade com cantos de a\u00e7o refor\u00e7ado para maior durabilidade.<br \/>\n* Uma al\u00e7a girat\u00f3ria na parte superior para f\u00e1cil portabilidade.<\/p>","protected":false},"excerpt":{"rendered":"<p>Modelo: BL-0061<\/p>\n<p>Tamanho: 32 x 22 x 26 cm\/Personalizado<\/p>\n<p>Quantidade m\u00ednima: 100 pe\u00e7as<br \/>\nPrazo de entrega: 15-25 dias<\/p>\n<p>Amostra: Dispon\u00edvel<\/p>","protected":false},"featured_media":22036,"template":"","meta":{"_gspb_post_css":""},"product_cat":[96],"product_tag":[],"featured_image_urls":{"full":["https:\/\/suncasesupply.com\/wp-content\/uploads\/2023\/08\/16-5-1.jpg",768,768,false],"thumbnail":["https:\/\/suncasesupply.com\/wp-content\/uploads\/2023\/08\/16-5-1-150x150.jpg",150,150,true],"medium":["https:\/\/suncasesupply.com\/wp-content\/uploads\/2023\/08\/16-5-1-300x300.jpg",300,300,true],"medium_large":["https:\/\/suncasesupply.com\/wp-content\/uploads\/2023\/08\/16-5-1.jpg",768,768,false],"large":["https:\/\/suncasesupply.com\/wp-content\/uploads\/2023\/08\/16-5-1.jpg",768,768,false],"1536x1536":["https:\/\/suncasesupply.com\/wp-content\/uploads\/2023\/08\/16-5-1.jpg",768,768,false],"2048x2048":["https:\/\/suncasesupply.com\/wp-content\/uploads\/2023\/08\/16-5-1.jpg",768,768,false],"trp-custom-language-flag":["https:\/\/suncasesupply.com\/wp-content\/uploads\/2023\/08\/16-5-1.jpg",12,12,false],"woocommerce_thumbnail":["https:\/\/suncasesupply.com\/wp-content\/uploads\/2023\/08\/16-5-1-300x300.jpg",300,300,true],"woocommerce_single":["https:\/\/suncasesupply.com\/wp-content\/uploads\/2023\/08\/16-5-1-600x600.jpg",600,600,true],"woocommerce_gallery_thumbnail":["https:\/\/suncasesupply.com\/wp-content\/uploads\/2023\/08\/16-5-1-100x100.jpg",100,100,true]},"post_excerpt_stackable":"<p>Model : BL-0061<\/p>\n<p>Size: 32 x 22 x 26 cm\/Customized<\/p>\n<p>MOQ: 100pcs<br \/>\nDelivery Time : 15-25 Days<\/p>\n<p>Sample : Available<\/p>\n","category_list":"","author_info":{"name":"","url":""},"comments_num":"0 comments","_links":{"self":[{"href":"https:\/\/suncasesupply.com\/pt\/wp-json\/wp\/v2\/product\/22027"}],"collection":[{"href":"https:\/\/suncasesupply.com\/pt\/wp-json\/wp\/v2\/product"}],"about":[{"href":"https:\/\/suncasesupply.com\/pt\/wp-json\/wp\/v2\/types\/product"}],"wp:featuredmedia":[{"embeddable":true,"href":"https:\/\/suncasesupply.com\/pt\/wp-json\/wp\/v2\/media\/22036"}],"wp:attachment":[{"href":"https:\/\/suncasesupply.com\/pt\/wp-json\/wp\/v2\/media?parent=22027"}],"wp:term":[{"taxonomy":"product_cat","embeddable":true,"href":"https:\/\/suncasesupply.com\/pt\/wp-json\/wp\/v2\/product_cat?post=22027"},{"taxonomy":"product_tag","embeddable":true,"href":"https:\/\/suncasesupply.com\/pt\/wp-json\/wp\/v2\/product_tag?post=22027"}],"curies":[{"name":"wp","href":"https:\/\/api.w.org\/{rel}","templated":true}]}}