{"id":22020,"date":"2023-08-30T10:29:37","date_gmt":"2023-08-30T02:29:37","guid":{"rendered":"https:\/\/suncasesupply.com\/?post_type=product&#038;p=22020"},"modified":"2025-02-26T11:06:40","modified_gmt":"2025-02-26T03:06:40","slug":"aluminum-jewelry-storage-hard-box-lockable-cosmetic-organizer","status":"publish","type":"product","link":"https:\/\/suncasesupply.com\/pt\/product\/aluminum-jewelry-storage-hard-box-lockable-cosmetic-organizer\/","title":{"rendered":"Organizador cosm\u00e9tico com fechadura de caixa r\u00edgida para armazenamento de joias de alum\u00ednio"},"content":{"rendered":"<p>&nbsp;<\/p>\n<table width=\"774\">\n<tbody>\n<tr>\n<td width=\"177\">Item<\/td>\n<td width=\"597\">Estojo de maquiagem de alum\u00ednio<\/td>\n<\/tr>\n<tr>\n<td>Dimens\u00e3o<\/td>\n<td>23 x 15 x 15 cm\/Personalizado<\/td>\n<\/tr>\n<tr>\n<td>Cores<\/td>\n<td>Como as imagens mostram ou personalizam<\/td>\n<\/tr>\n<tr>\n<td>Materiais<\/td>\n<td>Alum\u00ednio, painel ABS, placa MDF, forro de EVA\/espuma\/tecido\/PU, ferragens<\/td>\n<\/tr>\n<tr>\n<td>Logotipo<\/td>\n<td>Logotipo da placa de metal, logotipo impresso, logotipo em relevo, logotipo do laser<\/td>\n<\/tr>\n<tr>\n<td>Tempo de amostra<\/td>\n<td>7 dias<\/td>\n<\/tr>\n<tr>\n<td>Porto de embarque<\/td>\n<td>Cant\u00e3o, Shenzhen<\/td>\n<\/tr>\n<tr>\n<td>Termos de negocia\u00e7\u00e3o<\/td>\n<td>EXW, FOB, CIF, DDU, DDP<\/td>\n<\/tr>\n<tr>\n<td>M\u00e9todos de Pagamento<\/td>\n<td>T\/T, dinheiro, PayPal, cart\u00e3o de cr\u00e9dito<\/td>\n<\/tr>\n<\/tbody>\n<\/table>\n<p><span style=\"color: #003366;\">Caracter\u00edsticas:<\/span><\/p>\n<p>* Compartimentos dobr\u00e1veis estilo acorde\u00e3o para f\u00e1cil acesso a produtos e ferramentas<br \/>\n* O compartimento inferior \u00e9 perfeito para guardar itens grandes<br \/>\n* O espelho embutido pode ser desdobrado na posi\u00e7\u00e3o vertical para aplica\u00e7\u00f5es de maquiagem f\u00e1ceis e em movimento<br \/>\n* Estrutura de alum\u00ednio com cantos de a\u00e7o refor\u00e7ado para maior durabilidade<br \/>\n* Ampla abertura da caixa para f\u00e1cil acesso ao conte\u00fado<br \/>\n* Uma al\u00e7a resistente na parte superior oferece conforto e portabilidade<\/p>","protected":false},"excerpt":{"rendered":"<p>Modelo: BL-0060<\/p>\n<p>Tamanho: 23 x 15 x 15 cm\/Personalizado<\/p>\n<p>Quantidade m\u00ednima: 100 pe\u00e7as<\/p>\n<p>Prazo de entrega: 15-25 dias<\/p>\n<p>Amostra: Dispon\u00edvel<\/p>","protected":false},"featured_media":22021,"template":"","meta":{"_gspb_post_css":""},"product_cat":[96],"product_tag":[],"featured_image_urls":{"full":["https:\/\/suncasesupply.com\/wp-content\/uploads\/2023\/08\/15-1-1.jpg",768,768,false],"thumbnail":["https:\/\/suncasesupply.com\/wp-content\/uploads\/2023\/08\/15-1-1-150x150.jpg",150,150,true],"medium":["https:\/\/suncasesupply.com\/wp-content\/uploads\/2023\/08\/15-1-1-300x300.jpg",300,300,true],"medium_large":["https:\/\/suncasesupply.com\/wp-content\/uploads\/2023\/08\/15-1-1.jpg",768,768,false],"large":["https:\/\/suncasesupply.com\/wp-content\/uploads\/2023\/08\/15-1-1.jpg",768,768,false],"1536x1536":["https:\/\/suncasesupply.com\/wp-content\/uploads\/2023\/08\/15-1-1.jpg",768,768,false],"2048x2048":["https:\/\/suncasesupply.com\/wp-content\/uploads\/2023\/08\/15-1-1.jpg",768,768,false],"trp-custom-language-flag":["https:\/\/suncasesupply.com\/wp-content\/uploads\/2023\/08\/15-1-1.jpg",12,12,false],"woocommerce_thumbnail":["https:\/\/suncasesupply.com\/wp-content\/uploads\/2023\/08\/15-1-1-300x300.jpg",300,300,true],"woocommerce_single":["https:\/\/suncasesupply.com\/wp-content\/uploads\/2023\/08\/15-1-1-600x600.jpg",600,600,true],"woocommerce_gallery_thumbnail":["https:\/\/suncasesupply.com\/wp-content\/uploads\/2023\/08\/15-1-1-100x100.jpg",100,100,true]},"post_excerpt_stackable":"<p>Model : BL-0060<\/p>\n<p>Size: 23 x 15 x 15 cm\/Customized<\/p>\n<p>MOQ: 100pcs<\/p>\n<p>Delivery Time : 15-25 Days<\/p>\n<p>Sample : Available<\/p>\n","category_list":"","author_info":{"name":"","url":""},"comments_num":"0 comments","_links":{"self":[{"href":"https:\/\/suncasesupply.com\/pt\/wp-json\/wp\/v2\/product\/22020"}],"collection":[{"href":"https:\/\/suncasesupply.com\/pt\/wp-json\/wp\/v2\/product"}],"about":[{"href":"https:\/\/suncasesupply.com\/pt\/wp-json\/wp\/v2\/types\/product"}],"wp:featuredmedia":[{"embeddable":true,"href":"https:\/\/suncasesupply.com\/pt\/wp-json\/wp\/v2\/media\/22021"}],"wp:attachment":[{"href":"https:\/\/suncasesupply.com\/pt\/wp-json\/wp\/v2\/media?parent=22020"}],"wp:term":[{"taxonomy":"product_cat","embeddable":true,"href":"https:\/\/suncasesupply.com\/pt\/wp-json\/wp\/v2\/product_cat?post=22020"},{"taxonomy":"product_tag","embeddable":true,"href":"https:\/\/suncasesupply.com\/pt\/wp-json\/wp\/v2\/product_tag?post=22020"}],"curies":[{"name":"wp","href":"https:\/\/api.w.org\/{rel}","templated":true}]}}