{"id":22007,"date":"2023-08-30T10:22:00","date_gmt":"2023-08-30T02:22:00","guid":{"rendered":"https:\/\/suncasesupply.com\/?post_type=product&#038;p=22007"},"modified":"2025-02-26T11:49:12","modified_gmt":"2025-02-26T03:49:12","slug":"flight-case-for-2x-qsc-k12-or-k12-2-speakers-transport-speaker-case-2","status":"publish","type":"product","link":"https:\/\/suncasesupply.com\/pt\/product\/flight-case-for-2x-qsc-k12-or-k12-2-speakers-transport-speaker-case-2\/","title":{"rendered":"Estojo de v\u00f4o para 2 alto-falantes QSC K12 ou K12.2."},"content":{"rendered":"<p>&nbsp;<\/p>\n<table width=\"774\">\n<tbody>\n<tr>\n<td width=\"177\">Item<\/td>\n<td width=\"597\">Caso de v\u00f4o<\/td>\n<\/tr>\n<tr>\n<td>Dimens\u00e3o<\/td>\n<td>Customizar<\/td>\n<\/tr>\n<tr>\n<td>Cores<\/td>\n<td>Como as imagens mostram ou personalizam<\/td>\n<\/tr>\n<tr>\n<td>Materiais<\/td>\n<td>Alum\u00ednio, madeira compensada, EVA\/espuma\/tecido\/forro de PU, ferragens<\/td>\n<\/tr>\n<tr>\n<td>Logotipo<\/td>\n<td>Logotipo da placa de metal, logotipo impresso, logotipo em relevo, logotipo do laser<\/td>\n<\/tr>\n<tr>\n<td>Tempo de amostra<\/td>\n<td>7 dias<\/td>\n<\/tr>\n<tr>\n<td>Porto de embarque<\/td>\n<td>Cant\u00e3o, Shenzhen<\/td>\n<\/tr>\n<tr>\n<td>Termos de negocia\u00e7\u00e3o<\/td>\n<td>EXW, FOB, CIF, DDU, DDP<\/td>\n<\/tr>\n<tr>\n<td>M\u00e9todos de Pagamento<\/td>\n<td>T\/T, dinheiro, PayPal, cart\u00e3o de cr\u00e9dito<\/td>\n<\/tr>\n<\/tbody>\n<\/table>\n<p><span style=\"color: #003366;\">Caracter\u00edsticas:<\/span><\/p>\n<p>\u00c9 um gabinete de alto-falante profissional que abriga 2 alto-falantes QSC-K12 ou QSC-K12.2 e emprega compensado laminado que possui revestimento r\u00edgido com acolchoamento interno para fornecer a melhor prote\u00e7\u00e3o personalizada para seu investimento. A mala assenta sobre 4 rod\u00edzios concebidos para facilitar o transporte e tamb\u00e9m possui pratos na parte superior para facilitar o empilhamento com outras malas de voo.<\/p>","protected":false},"excerpt":{"rendered":"<p>Modelo: SC-FL0008<\/p>\n<p>Tamanho: Personalizado<\/p>\n<p>Quantidade m\u00ednima: 5 pe\u00e7as<\/p>\n<p>Prazo de entrega: 15-25 dias<\/p>\n<p>Amostra: Dispon\u00edvel<\/p>","protected":false},"featured_media":20220,"template":"","meta":{"_gspb_post_css":""},"product_cat":[90],"product_tag":[],"featured_image_urls":{"full":["https:\/\/suncasesupply.com\/wp-content\/uploads\/2023\/08\/2-8.jpg",2500,2500,false],"thumbnail":["https:\/\/suncasesupply.com\/wp-content\/uploads\/2023\/08\/2-8-150x150.jpg",150,150,true],"medium":["https:\/\/suncasesupply.com\/wp-content\/uploads\/2023\/08\/2-8-300x300.jpg",300,300,true],"medium_large":["https:\/\/suncasesupply.com\/wp-content\/uploads\/2023\/08\/2-8-768x768.jpg",768,768,true],"large":["https:\/\/suncasesupply.com\/wp-content\/uploads\/2023\/08\/2-8-1024x1024.jpg",1024,1024,true],"1536x1536":["https:\/\/suncasesupply.com\/wp-content\/uploads\/2023\/08\/2-8-1536x1536.jpg",1536,1536,true],"2048x2048":["https:\/\/suncasesupply.com\/wp-content\/uploads\/2023\/08\/2-8-2048x2048.jpg",2048,2048,true],"trp-custom-language-flag":["https:\/\/suncasesupply.com\/wp-content\/uploads\/2023\/08\/2-8.jpg",12,12,false],"woocommerce_thumbnail":["https:\/\/suncasesupply.com\/wp-content\/uploads\/2023\/08\/2-8-300x300.jpg",300,300,true],"woocommerce_single":["https:\/\/suncasesupply.com\/wp-content\/uploads\/2023\/08\/2-8-600x600.jpg",600,600,true],"woocommerce_gallery_thumbnail":["https:\/\/suncasesupply.com\/wp-content\/uploads\/2023\/08\/2-8-100x100.jpg",100,100,true]},"post_excerpt_stackable":"<p>Model : SC-FL0008<\/p>\n<p>Size: Customized<\/p>\n<p>MOQ: 5pcs<\/p>\n<p>Delivery Time : 15-25 Days<\/p>\n<p>Sample : Available<\/p>\n","category_list":"","author_info":{"name":"","url":""},"comments_num":"0 comments","_links":{"self":[{"href":"https:\/\/suncasesupply.com\/pt\/wp-json\/wp\/v2\/product\/22007"}],"collection":[{"href":"https:\/\/suncasesupply.com\/pt\/wp-json\/wp\/v2\/product"}],"about":[{"href":"https:\/\/suncasesupply.com\/pt\/wp-json\/wp\/v2\/types\/product"}],"wp:featuredmedia":[{"embeddable":true,"href":"https:\/\/suncasesupply.com\/pt\/wp-json\/wp\/v2\/media\/20220"}],"wp:attachment":[{"href":"https:\/\/suncasesupply.com\/pt\/wp-json\/wp\/v2\/media?parent=22007"}],"wp:term":[{"taxonomy":"product_cat","embeddable":true,"href":"https:\/\/suncasesupply.com\/pt\/wp-json\/wp\/v2\/product_cat?post=22007"},{"taxonomy":"product_tag","embeddable":true,"href":"https:\/\/suncasesupply.com\/pt\/wp-json\/wp\/v2\/product_tag?post=22007"}],"curies":[{"name":"wp","href":"https:\/\/api.w.org\/{rel}","templated":true}]}}