{"id":21988,"date":"2023-08-30T10:14:15","date_gmt":"2023-08-30T02:14:15","guid":{"rendered":"https:\/\/suncasesupply.com\/?post_type=product&#038;p=21988"},"modified":"2025-02-26T11:08:19","modified_gmt":"2025-02-26T03:08:19","slug":"nail-polish-makeup-train-case-with-drawer-and-dividers-organizer-accessory-storage-box","status":"publish","type":"product","link":"https:\/\/suncasesupply.com\/pt\/product\/nail-polish-makeup-train-case-with-drawer-and-dividers-organizer-accessory-storage-box\/","title":{"rendered":"Estojo de trem de maquiagem para esmalte de unha com gaveta e divis\u00f3rias organizador caixa de armazenamento de acess\u00f3rios"},"content":{"rendered":"<p>&nbsp;<\/p>\n<table width=\"774\">\n<tbody>\n<tr>\n<td width=\"177\">Item<\/td>\n<td width=\"597\">Estojo de maquiagem de alum\u00ednio<\/td>\n<\/tr>\n<tr>\n<td>Dimens\u00e3o<\/td>\n<td>26 x 26 x 19 cm\/Personalizado<\/td>\n<\/tr>\n<tr>\n<td>Cores<\/td>\n<td>Como as imagens mostram ou personalizam<\/td>\n<\/tr>\n<tr>\n<td>Materiais<\/td>\n<td>Alum\u00ednio, painel ABS, placa MDF, forro de EVA\/espuma\/tecido\/PU, ferragens<\/td>\n<\/tr>\n<tr>\n<td>Logotipo<\/td>\n<td>Logotipo da placa de metal, logotipo impresso, logotipo em relevo, logotipo do laser<\/td>\n<\/tr>\n<tr>\n<td>Tempo de amostra<\/td>\n<td>7 dias<\/td>\n<\/tr>\n<tr>\n<td>Porto de embarque<\/td>\n<td>Cant\u00e3o, Shenzhen<\/td>\n<\/tr>\n<tr>\n<td>Termos de negocia\u00e7\u00e3o<\/td>\n<td>EXW, FOB, CIF, DDU, DDP<\/td>\n<\/tr>\n<tr>\n<td>M\u00e9todos de Pagamento<\/td>\n<td>T\/T, dinheiro, PayPal, cart\u00e3o de cr\u00e9dito<\/td>\n<\/tr>\n<\/tbody>\n<\/table>\n<p><span style=\"color: #003366;\">Caracter\u00edsticas:<\/span><\/p>\n<p>Este estojo de maquiagem \u00e9 feito de alum\u00ednio de alta qualidade e placa de MDF por isso sua estrutura \u00e9 muito arrumada.<br \/>\nArmazenamento com capacidade suficiente: este estojo \u00e9 flex\u00edvel para caber em v\u00e1rios tamanhos de produtos, como produtos de higiene pessoal, cosm\u00e9ticos, esmaltes, \u00f3leos essenciais, joalheiros, pinc\u00e9is de maquiagem e ferramentas para cabelo. Existem divis\u00f3rias remov\u00edveis nas bandejas superiores, voc\u00ea pode organizar coisas diferentes em compartimentos diferentes.<br \/>\nPort\u00e1til e seguro: o estojo do trem de maquiagem tem uma al\u00e7a grande antiderrapante, voc\u00ea ficar\u00e1 mais confort\u00e1vel segur\u00e1-lo. Tamb\u00e9m possui fechadura com chave para privacidade e seguran\u00e7a em caso de viagem.<br \/>\nO interior \u00e9 f\u00e1cil de limpar: o interior da caixa \u00e9 feito de pl\u00e1stico na bandeja e na parte inferior da caixa. Se voc\u00ea acidentalmente manchar o estojo com maquiagem, basta usar um pano \u00famido para limpar a superf\u00edcie. Ficar\u00e1 como novo.<\/p>","protected":false},"excerpt":{"rendered":"<p>Modelo: BL-0055<\/p>\n<p>Tamanho: 26 x 26 x 19 cm ou tamanho personalizado<\/p>\n<p>Quantidade m\u00ednima: 100 pe\u00e7as<\/p>\n<p>Prazo de entrega: 15-25 dias<\/p>\n<p>Amostra: Dispon\u00edvel<\/p>","protected":false},"featured_media":21994,"template":"","meta":{"_gspb_post_css":""},"product_cat":[96],"product_tag":[],"featured_image_urls":{"full":["https:\/\/suncasesupply.com\/wp-content\/uploads\/2023\/08\/6-21.jpg",800,800,false],"thumbnail":["https:\/\/suncasesupply.com\/wp-content\/uploads\/2023\/08\/6-21-150x150.jpg",150,150,true],"medium":["https:\/\/suncasesupply.com\/wp-content\/uploads\/2023\/08\/6-21-300x300.jpg",300,300,true],"medium_large":["https:\/\/suncasesupply.com\/wp-content\/uploads\/2023\/08\/6-21-768x768.jpg",768,768,true],"large":["https:\/\/suncasesupply.com\/wp-content\/uploads\/2023\/08\/6-21.jpg",800,800,false],"1536x1536":["https:\/\/suncasesupply.com\/wp-content\/uploads\/2023\/08\/6-21.jpg",800,800,false],"2048x2048":["https:\/\/suncasesupply.com\/wp-content\/uploads\/2023\/08\/6-21.jpg",800,800,false],"trp-custom-language-flag":["https:\/\/suncasesupply.com\/wp-content\/uploads\/2023\/08\/6-21.jpg",12,12,false],"woocommerce_thumbnail":["https:\/\/suncasesupply.com\/wp-content\/uploads\/2023\/08\/6-21-300x300.jpg",300,300,true],"woocommerce_single":["https:\/\/suncasesupply.com\/wp-content\/uploads\/2023\/08\/6-21-600x600.jpg",600,600,true],"woocommerce_gallery_thumbnail":["https:\/\/suncasesupply.com\/wp-content\/uploads\/2023\/08\/6-21-100x100.jpg",100,100,true]},"post_excerpt_stackable":"<p>Model : BL-0055<\/p>\n<p>Size: 26 x 26 x 19 cm or Customized Size<\/p>\n<p>MOQ: 100pcs<\/p>\n<p>Delivery Time : 15-25 Days<\/p>\n<p>Sample : Available<\/p>\n","category_list":"","author_info":{"name":"","url":""},"comments_num":"0 comments","_links":{"self":[{"href":"https:\/\/suncasesupply.com\/pt\/wp-json\/wp\/v2\/product\/21988"}],"collection":[{"href":"https:\/\/suncasesupply.com\/pt\/wp-json\/wp\/v2\/product"}],"about":[{"href":"https:\/\/suncasesupply.com\/pt\/wp-json\/wp\/v2\/types\/product"}],"wp:featuredmedia":[{"embeddable":true,"href":"https:\/\/suncasesupply.com\/pt\/wp-json\/wp\/v2\/media\/21994"}],"wp:attachment":[{"href":"https:\/\/suncasesupply.com\/pt\/wp-json\/wp\/v2\/media?parent=21988"}],"wp:term":[{"taxonomy":"product_cat","embeddable":true,"href":"https:\/\/suncasesupply.com\/pt\/wp-json\/wp\/v2\/product_cat?post=21988"},{"taxonomy":"product_tag","embeddable":true,"href":"https:\/\/suncasesupply.com\/pt\/wp-json\/wp\/v2\/product_tag?post=21988"}],"curies":[{"name":"wp","href":"https:\/\/api.w.org\/{rel}","templated":true}]}}