{"id":21970,"date":"2023-08-30T09:56:30","date_gmt":"2023-08-30T01:56:30","guid":{"rendered":"https:\/\/suncasesupply.com\/?post_type=product&#038;p=21970"},"modified":"2025-02-26T11:08:35","modified_gmt":"2025-02-26T03:08:35","slug":"beauty-makeup-train-case-for-lady-portable-cosmetic-box-jewelry-organizer-lockable-with-keys-and-mirror-2-tier-trays","status":"publish","type":"product","link":"https:\/\/suncasesupply.com\/pt\/product\/beauty-makeup-train-case-for-lady-portable-cosmetic-box-jewelry-organizer-lockable-with-keys-and-mirror-2-tier-trays\/","title":{"rendered":"Estojo de trem de maquiagem de beleza para mulheres, caixa de cosm\u00e9ticos port\u00e1til, organizador de joias, com chave e espelho, bandejas de 2 camadas"},"content":{"rendered":"<p>&nbsp;<\/p>\n<table width=\"774\">\n<tbody>\n<tr>\n<td width=\"177\">Item<\/td>\n<td width=\"597\">Estojo de maquiagem de alum\u00ednio<\/td>\n<\/tr>\n<tr>\n<td>Dimens\u00e3o<\/td>\n<td><span class=\"a-list-item\">9,44 polegadas x 6,69 polegadas x 7 polegadas<\/span> ou personalizar<\/td>\n<\/tr>\n<tr>\n<td>Cores<\/td>\n<td>Como as imagens mostram ou personalizam<\/td>\n<\/tr>\n<tr>\n<td>Materiais<\/td>\n<td>Alum\u00ednio, painel ABS, placa MDF, forro de EVA\/espuma\/tecido\/PU, ferragens<\/td>\n<\/tr>\n<tr>\n<td>Logotipo<\/td>\n<td>Logotipo da placa de metal, logotipo impresso, logotipo em relevo, logotipo do laser<\/td>\n<\/tr>\n<tr>\n<td>Tempo de amostra<\/td>\n<td>7 dias<\/td>\n<\/tr>\n<tr>\n<td>Porto de embarque<\/td>\n<td>Cant\u00e3o, Shenzhen<\/td>\n<\/tr>\n<tr>\n<td>Termos de negocia\u00e7\u00e3o<\/td>\n<td>EXW, FOB, CIF, DDU, DDP<\/td>\n<\/tr>\n<tr>\n<td>M\u00e9todos de Pagamento<\/td>\n<td>T\/T, dinheiro, PayPal, cart\u00e3o de cr\u00e9dito<\/td>\n<\/tr>\n<\/tbody>\n<\/table>\n<p><span style=\"color: #003366;\">Caracter\u00edsticas:<\/span><\/p>\n<ul id=\"bullets\">\n<li class=\"a-spacing-mini\"><span class=\"a-list-item\">Estilo Beauty Rose Gold: Este estojo de trem de maquiagem vem com um toque elegante com a superf\u00edcie em estilo de alum\u00ednio ouro rosa especialmente feita. Presente perfeito para mulheres e meninas.<\/span><\/li>\n<li class=\"a-spacing-mini\"><span class=\"a-list-item\">Painel de espelho grande: A bandeja cantilever extens\u00edvel de 2 camadas junto com o espelho preso na bandeja superior oferece excelente conveni\u00eancia de maquiagem. Pode ser facilmente colocado na mesa e usar o espelho para maquiagem.<\/span><\/li>\n<li class=\"a-spacing-mini\"><span class=\"a-list-item\">Dur\u00e1vel e protetor: Estojo de maquiagem de qualidade profissional feito com alum\u00ednio refor\u00e7ado de grau A em toda a estrutura e estrutura para maior durabilidade e prote\u00e7\u00e3o. Tamanho port\u00e1til: 9,44 polegadas x 6,69 polegadas x 7 polegadas.<\/span><\/li>\n<li class=\"a-spacing-mini\"><span class=\"a-list-item\">Port\u00e1til e trav\u00e1vel: esta maleta de trem cosm\u00e9tica com uma al\u00e7a rosa grande e conveniente e antiderrapante anexada. Tamb\u00e9m pode ser trancado com chave para privacidade e seguran\u00e7a em caso de viagem.<\/span><\/li>\n<li class=\"a-spacing-mini\"><span class=\"a-list-item\">Espa\u00e7oso e pr\u00e1tico: o armazenamento \u00e9 flex\u00edvel para caber em v\u00e1rios tamanhos de produtos cosm\u00e9ticos, como batons, delineadores, pinc\u00e9is de maquiagem, esmaltes e \u00f3leos essenciais. H\u00e1 um grande espa\u00e7o inferior para paletas e at\u00e9 garrafas de tamanho de viagem.<\/span><\/li>\n<\/ul>","protected":false},"excerpt":{"rendered":"<p>Modelo: Z73<\/p>\n<p>Tamanho:\u00a0 <span class=\"a-list-item\">9,44 polegadas x 6,69 polegadas x 7 polegadas<\/span> ou personalizado<\/p>\n<p>Quantidade m\u00ednima: 100 pe\u00e7as<\/p>\n<p>Prazo de entrega: 15-25 dias<\/p>\n<p>Amostra: Dispon\u00edvel<\/p>","protected":false},"featured_media":21976,"template":"","meta":{"_gspb_post_css":""},"product_cat":[96],"product_tag":[],"featured_image_urls":{"full":["https:\/\/suncasesupply.com\/wp-content\/uploads\/2023\/08\/10-13.jpg",1500,1500,false],"thumbnail":["https:\/\/suncasesupply.com\/wp-content\/uploads\/2023\/08\/10-13-150x150.jpg",150,150,true],"medium":["https:\/\/suncasesupply.com\/wp-content\/uploads\/2023\/08\/10-13-300x300.jpg",300,300,true],"medium_large":["https:\/\/suncasesupply.com\/wp-content\/uploads\/2023\/08\/10-13-768x768.jpg",768,768,true],"large":["https:\/\/suncasesupply.com\/wp-content\/uploads\/2023\/08\/10-13-1024x1024.jpg",1024,1024,true],"1536x1536":["https:\/\/suncasesupply.com\/wp-content\/uploads\/2023\/08\/10-13.jpg",1500,1500,false],"2048x2048":["https:\/\/suncasesupply.com\/wp-content\/uploads\/2023\/08\/10-13.jpg",1500,1500,false],"trp-custom-language-flag":["https:\/\/suncasesupply.com\/wp-content\/uploads\/2023\/08\/10-13.jpg",12,12,false],"woocommerce_thumbnail":["https:\/\/suncasesupply.com\/wp-content\/uploads\/2023\/08\/10-13-300x300.jpg",300,300,true],"woocommerce_single":["https:\/\/suncasesupply.com\/wp-content\/uploads\/2023\/08\/10-13-600x600.jpg",600,600,true],"woocommerce_gallery_thumbnail":["https:\/\/suncasesupply.com\/wp-content\/uploads\/2023\/08\/10-13-100x100.jpg",100,100,true]},"post_excerpt_stackable":"<p>Model : Z73<\/p>\n<p>Size:\u00a0 <span class=\"a-list-item\">9.44 inch x 6.69 inch x 7 inch<\/span> or Customized<\/p>\n<p>MOQ: 100pcs<\/p>\n<p>Delivery Time : 15-25 Days<\/p>\n<p>Sample : Available<\/p>\n","category_list":"","author_info":{"name":"","url":""},"comments_num":"0 comments","_links":{"self":[{"href":"https:\/\/suncasesupply.com\/pt\/wp-json\/wp\/v2\/product\/21970"}],"collection":[{"href":"https:\/\/suncasesupply.com\/pt\/wp-json\/wp\/v2\/product"}],"about":[{"href":"https:\/\/suncasesupply.com\/pt\/wp-json\/wp\/v2\/types\/product"}],"wp:featuredmedia":[{"embeddable":true,"href":"https:\/\/suncasesupply.com\/pt\/wp-json\/wp\/v2\/media\/21976"}],"wp:attachment":[{"href":"https:\/\/suncasesupply.com\/pt\/wp-json\/wp\/v2\/media?parent=21970"}],"wp:term":[{"taxonomy":"product_cat","embeddable":true,"href":"https:\/\/suncasesupply.com\/pt\/wp-json\/wp\/v2\/product_cat?post=21970"},{"taxonomy":"product_tag","embeddable":true,"href":"https:\/\/suncasesupply.com\/pt\/wp-json\/wp\/v2\/product_tag?post=21970"}],"curies":[{"name":"wp","href":"https:\/\/api.w.org\/{rel}","templated":true}]}}