{"id":21960,"date":"2023-08-30T09:47:31","date_gmt":"2023-08-30T01:47:31","guid":{"rendered":"https:\/\/suncasesupply.com\/?post_type=product&#038;p=21960"},"modified":"2025-02-26T11:08:42","modified_gmt":"2025-02-26T03:08:42","slug":"rose-gold-cosmetic-case-stylist-beauty-salon-cosmetic-luggage-travel-organizer-tool-box","status":"publish","type":"product","link":"https:\/\/suncasesupply.com\/pt\/product\/rose-gold-cosmetic-case-stylist-beauty-salon-cosmetic-luggage-travel-organizer-tool-box\/","title":{"rendered":"Estojo cosm\u00e9tico em ouro rosado estilista sal\u00e3o de beleza bagagem cosm\u00e9tica caixa de ferramentas organizadora de viagem"},"content":{"rendered":"<p>&nbsp;<\/p>\n<table width=\"774\">\n<tbody>\n<tr>\n<td width=\"177\">Item<\/td>\n<td width=\"597\">Estojo de maquiagem de alum\u00ednio<\/td>\n<\/tr>\n<tr>\n<td>Dimens\u00e3o<\/td>\n<td>25 x 18 x 25 cm cm ou Personalizar<\/td>\n<\/tr>\n<tr>\n<td>Cores<\/td>\n<td>Como as imagens mostram ou personalizam<\/td>\n<\/tr>\n<tr>\n<td>Materiais<\/td>\n<td>Alum\u00ednio, painel ABS, placa MDF, forro de EVA\/espuma\/tecido\/PU, ferragens<\/td>\n<\/tr>\n<tr>\n<td>Logotipo<\/td>\n<td>Logotipo da placa de metal, logotipo impresso, logotipo em relevo, logotipo do laser<\/td>\n<\/tr>\n<tr>\n<td>Tempo de amostra<\/td>\n<td>7 dias<\/td>\n<\/tr>\n<tr>\n<td>Porto de embarque<\/td>\n<td>Cant\u00e3o, Shenzhen<\/td>\n<\/tr>\n<tr>\n<td>Termos de negocia\u00e7\u00e3o<\/td>\n<td>EXW, FOB, CIF, DDU, DDP<\/td>\n<\/tr>\n<tr>\n<td>M\u00e9todos de Pagamento<\/td>\n<td>T\/T, dinheiro, PayPal, cart\u00e3o de cr\u00e9dito<\/td>\n<\/tr>\n<\/tbody>\n<\/table>\n<p><span style=\"color: #003366;\">Caracter\u00edsticas:<\/span><\/p>\n<ul id=\"bullets\">\n<li class=\"a-spacing-mini\"><span class=\"a-list-item\">ABS ouro rosa + moldura e pe\u00e7as de alum\u00ednio ouro rosa Leve e port\u00e1til Bandeja remov\u00edvel de duas camadas em 2 lados.<\/span><\/li>\n<li class=\"a-spacing-mini\"><span class=\"a-list-item\">Grande capacidade.<\/span><\/li>\n<li class=\"a-spacing-mini\"><span class=\"a-list-item\">Tamanho- 250 x 180 x 250 mm.<\/span><\/li>\n<li class=\"a-spacing-mini\"><span class=\"a-list-item\">Peso: 12.900 gramas<\/span><\/li>\n<\/ul>","protected":false},"excerpt":{"rendered":"<p>Modelo: Z71<\/p>\n<p>Tamanho: 25 x 18 x 25 cm ou Personalizado<\/p>\n<p>Quantidade m\u00ednima: 100 pe\u00e7as<br \/>\nPrazo de entrega: 15-25 dias<\/p>\n<p>Amostra: Dispon\u00edvel<\/p>","protected":false},"featured_media":21961,"template":"","meta":{"_gspb_post_css":""},"product_cat":[96],"product_tag":[],"featured_image_urls":{"full":["https:\/\/suncasesupply.com\/wp-content\/uploads\/2023\/08\/1-74.jpg",1000,1000,false],"thumbnail":["https:\/\/suncasesupply.com\/wp-content\/uploads\/2023\/08\/1-74-150x150.jpg",150,150,true],"medium":["https:\/\/suncasesupply.com\/wp-content\/uploads\/2023\/08\/1-74-300x300.jpg",300,300,true],"medium_large":["https:\/\/suncasesupply.com\/wp-content\/uploads\/2023\/08\/1-74-768x768.jpg",768,768,true],"large":["https:\/\/suncasesupply.com\/wp-content\/uploads\/2023\/08\/1-74.jpg",1000,1000,false],"1536x1536":["https:\/\/suncasesupply.com\/wp-content\/uploads\/2023\/08\/1-74.jpg",1000,1000,false],"2048x2048":["https:\/\/suncasesupply.com\/wp-content\/uploads\/2023\/08\/1-74.jpg",1000,1000,false],"trp-custom-language-flag":["https:\/\/suncasesupply.com\/wp-content\/uploads\/2023\/08\/1-74.jpg",12,12,false],"woocommerce_thumbnail":["https:\/\/suncasesupply.com\/wp-content\/uploads\/2023\/08\/1-74-300x300.jpg",300,300,true],"woocommerce_single":["https:\/\/suncasesupply.com\/wp-content\/uploads\/2023\/08\/1-74-600x600.jpg",600,600,true],"woocommerce_gallery_thumbnail":["https:\/\/suncasesupply.com\/wp-content\/uploads\/2023\/08\/1-74-100x100.jpg",100,100,true]},"post_excerpt_stackable":"<p>Model : Z71<\/p>\n<p>Size: \u00a025 x 18 x 25 cm or Customized<\/p>\n<p>MOQ: 100pcs<br \/>\nDelivery Time : 15-25 Days<\/p>\n<p>Sample : Available<\/p>\n","category_list":"","author_info":{"name":"","url":""},"comments_num":"0 comments","_links":{"self":[{"href":"https:\/\/suncasesupply.com\/pt\/wp-json\/wp\/v2\/product\/21960"}],"collection":[{"href":"https:\/\/suncasesupply.com\/pt\/wp-json\/wp\/v2\/product"}],"about":[{"href":"https:\/\/suncasesupply.com\/pt\/wp-json\/wp\/v2\/types\/product"}],"wp:featuredmedia":[{"embeddable":true,"href":"https:\/\/suncasesupply.com\/pt\/wp-json\/wp\/v2\/media\/21961"}],"wp:attachment":[{"href":"https:\/\/suncasesupply.com\/pt\/wp-json\/wp\/v2\/media?parent=21960"}],"wp:term":[{"taxonomy":"product_cat","embeddable":true,"href":"https:\/\/suncasesupply.com\/pt\/wp-json\/wp\/v2\/product_cat?post=21960"},{"taxonomy":"product_tag","embeddable":true,"href":"https:\/\/suncasesupply.com\/pt\/wp-json\/wp\/v2\/product_tag?post=21960"}],"curies":[{"name":"wp","href":"https:\/\/api.w.org\/{rel}","templated":true}]}}