{"id":21919,"date":"2023-08-29T18:09:41","date_gmt":"2023-08-29T10:09:41","guid":{"rendered":"https:\/\/suncasesupply.com\/?post_type=product&#038;p=21919"},"modified":"2025-02-26T11:46:18","modified_gmt":"2025-02-26T03:46:18","slug":"cdj-djm-flight-case-fits-cdj-3000-cdj-2000nxs2-cdj-900nxs-xdj-1000mk2-sc6000-djm-750mk2-and-djm-900nxs2","status":"publish","type":"product","link":"https:\/\/suncasesupply.com\/pt\/product\/cdj-djm-flight-case-fits-cdj-3000-cdj-2000nxs2-cdj-900nxs-xdj-1000mk2-sc6000-djm-750mk2-and-djm-900nxs2\/","title":{"rendered":"Caso de v\u00f4o CDJ\/DJM se encaixa CDJ-3000 CDJ-2000NXS2 CDJ-900NXS XDJ-1000MK2 SC6000 DJM-750MK2 e DJM-900NXS2"},"content":{"rendered":"<p>&nbsp;<\/p>\n<table width=\"774\">\n<tbody>\n<tr>\n<td width=\"177\">Item<\/td>\n<td width=\"597\">Caso de DJ<\/td>\n<\/tr>\n<tr>\n<td>Dimens\u00e3o<\/td>\n<td>58 x 40,3 x 22,2 cm ou Personalizar<\/td>\n<\/tr>\n<tr>\n<td>Cores<\/td>\n<td>Como as imagens mostram ou personalizam<\/td>\n<\/tr>\n<tr>\n<td>Materiais<\/td>\n<td>Alum\u00ednio, madeira compensada, EVA\/espuma\/tecido\/forro de PU, ferragens<\/td>\n<\/tr>\n<tr>\n<td>Logotipo<\/td>\n<td>Logotipo da placa de metal, logotipo impresso, logotipo em relevo, logotipo do laser<\/td>\n<\/tr>\n<tr>\n<td>Tempo de amostra<\/td>\n<td>7 dias<\/td>\n<\/tr>\n<tr>\n<td>Porto de embarque<\/td>\n<td>Cant\u00e3o, Shenzhen<\/td>\n<\/tr>\n<tr>\n<td>Termos de negocia\u00e7\u00e3o<\/td>\n<td>EXW, FOB, CIF, DDU, DDP<\/td>\n<\/tr>\n<tr>\n<td>M\u00e9todos de Pagamento<\/td>\n<td>T\/T, dinheiro, PayPal, cart\u00e3o de cr\u00e9dito<\/td>\n<\/tr>\n<\/tbody>\n<\/table>\n<p><span style=\"color: #003366;\">Caracter\u00edsticas:<\/span><\/p>\n<ul class=\"a-unordered-list a-vertical a-spacing-mini\">\n<li class=\"a-spacing-mini\"><span class=\"a-list-item\">Compat\u00edvel com a maioria dos reprodutores de m\u00eddia e mixers de clube padr\u00e3o da Pioneer, Denon, Allen &amp; Heath e muito mais, como CDJ-3000, CDJ-2000NXS2, CDJ-900NXS, XDJ-1000MK2, SC5000, SC5000M, SC6000, SC6000M, X1800 Prime, X1850 Prime, DJM-750MK2, DJM-900NXS2, Xone62, Xone92 e mais<\/span><\/li>\n<li class=\"a-spacing-mini\"><span class=\"a-list-item\">Constru\u00e7\u00e3o resistente constru\u00edda para suportar os rigores da estrada, incluindo compensado de 3\/8\u201d (9 mm) com exterior laminado hexagonal robusto e interior revestido de espuma de alta densidade, cantos esf\u00e9ricos de a\u00e7o refor\u00e7ados, perfis de alum\u00ednio, acolchoados com mola embutida al\u00e7as, travas borboleta embutidas com grampos de cadeado, forro interno de espuma de alta densidade e almofadas de espuma sob a tampa para proteger faders e bot\u00f5es<\/span><\/li>\n<li class=\"a-spacing-mini\"><span class=\"a-list-item\">Al\u00e9m de fornecer prote\u00e7\u00e3o m\u00e1xima para o seu equipamento, o Headliner CDJ\/DJM Flight Case foi projetado para ser f\u00e1cil de usar, apresentando uma tampa macho e f\u00eamea de f\u00e1cil travamento e amplo espa\u00e7o interno para gerenciamento de cabos.<\/span><\/li>\n<li class=\"a-spacing-mini\"><span class=\"a-list-item\">Vem com almofadas de espuma remov\u00edveis para caber em v\u00e1rios modelos<\/span><\/li>\n<li class=\"a-spacing-mini\"><span class=\"a-list-item\">Dimens\u00f5es externas: 22 3\/4\u201d x 15 7\/8\u201d x 8 3\/4\u201d \u2013 Dimens\u00f5es internas: 16 3\/4\u201d x 13\u201d x 6 1\/4\u201d \u2013 Peso: 17 lb<\/span><\/li>\n<\/ul>","protected":false},"excerpt":{"rendered":"<p>Modelo: Z68<\/p>\n<p>Tamanho: 58 x 40,3 x 22,2 cm<\/p>\n<p>Quantidade m\u00ednima: 100 pe\u00e7as<\/p>\n<p>Prazo de entrega: 15-25 dias<\/p>\n<p>Amostra: Dispon\u00edvel<\/p>","protected":false},"featured_media":21920,"template":"","meta":{"_gspb_post_css":""},"product_cat":[93],"product_tag":[],"featured_image_urls":{"full":["https:\/\/suncasesupply.com\/wp-content\/uploads\/2023\/08\/10-12.jpg",1222,1222,false],"thumbnail":["https:\/\/suncasesupply.com\/wp-content\/uploads\/2023\/08\/10-12-150x150.jpg",150,150,true],"medium":["https:\/\/suncasesupply.com\/wp-content\/uploads\/2023\/08\/10-12-300x300.jpg",300,300,true],"medium_large":["https:\/\/suncasesupply.com\/wp-content\/uploads\/2023\/08\/10-12-768x768.jpg",768,768,true],"large":["https:\/\/suncasesupply.com\/wp-content\/uploads\/2023\/08\/10-12-1024x1024.jpg",1024,1024,true],"1536x1536":["https:\/\/suncasesupply.com\/wp-content\/uploads\/2023\/08\/10-12.jpg",1222,1222,false],"2048x2048":["https:\/\/suncasesupply.com\/wp-content\/uploads\/2023\/08\/10-12.jpg",1222,1222,false],"trp-custom-language-flag":["https:\/\/suncasesupply.com\/wp-content\/uploads\/2023\/08\/10-12.jpg",12,12,false],"woocommerce_thumbnail":["https:\/\/suncasesupply.com\/wp-content\/uploads\/2023\/08\/10-12-300x300.jpg",300,300,true],"woocommerce_single":["https:\/\/suncasesupply.com\/wp-content\/uploads\/2023\/08\/10-12-600x600.jpg",600,600,true],"woocommerce_gallery_thumbnail":["https:\/\/suncasesupply.com\/wp-content\/uploads\/2023\/08\/10-12-100x100.jpg",100,100,true]},"post_excerpt_stackable":"<p>Model : Z68<\/p>\n<p>Size: 58 x 40.3 x 22.2 cm<\/p>\n<p>MOQ: 100pcs<\/p>\n<p>Delivery Time : 15-25 Days<\/p>\n<p>Sample : Available<\/p>\n","category_list":"","author_info":{"name":"","url":""},"comments_num":"0 comments","_links":{"self":[{"href":"https:\/\/suncasesupply.com\/pt\/wp-json\/wp\/v2\/product\/21919"}],"collection":[{"href":"https:\/\/suncasesupply.com\/pt\/wp-json\/wp\/v2\/product"}],"about":[{"href":"https:\/\/suncasesupply.com\/pt\/wp-json\/wp\/v2\/types\/product"}],"wp:featuredmedia":[{"embeddable":true,"href":"https:\/\/suncasesupply.com\/pt\/wp-json\/wp\/v2\/media\/21920"}],"wp:attachment":[{"href":"https:\/\/suncasesupply.com\/pt\/wp-json\/wp\/v2\/media?parent=21919"}],"wp:term":[{"taxonomy":"product_cat","embeddable":true,"href":"https:\/\/suncasesupply.com\/pt\/wp-json\/wp\/v2\/product_cat?post=21919"},{"taxonomy":"product_tag","embeddable":true,"href":"https:\/\/suncasesupply.com\/pt\/wp-json\/wp\/v2\/product_tag?post=21919"}],"curies":[{"name":"wp","href":"https:\/\/api.w.org\/{rel}","templated":true}]}}