{"id":21909,"date":"2023-08-29T18:04:50","date_gmt":"2023-08-29T10:04:50","guid":{"rendered":"https:\/\/suncasesupply.com\/?post_type=product&#038;p=21909"},"modified":"2025-02-26T11:46:29","modified_gmt":"2025-02-26T03:46:29","slug":"carry-dj-case-flight-case-for-dj-pioneer-controller","status":"publish","type":"product","link":"https:\/\/suncasesupply.com\/pt\/product\/carry-dj-case-flight-case-for-dj-pioneer-controller\/","title":{"rendered":"Carry DJ Case Flight Case para DJ Pioneer Controller"},"content":{"rendered":"<p>&nbsp;<\/p>\n<table width=\"774\">\n<tbody>\n<tr>\n<td width=\"177\">Item<\/td>\n<td width=\"597\">Caso de DJ<\/td>\n<\/tr>\n<tr>\n<td>Dimens\u00e3o<\/td>\n<td>14,6 x 23,6 x 4,3\u2033 interior ou Personalizar<\/td>\n<\/tr>\n<tr>\n<td>Cores<\/td>\n<td>Como as imagens mostram ou personalizam<\/td>\n<\/tr>\n<tr>\n<td>Materiais<\/td>\n<td>Alum\u00ednio, madeira compensada, EVA\/espuma\/tecido\/forro de PU, ferragens<\/td>\n<\/tr>\n<tr>\n<td>Logotipo<\/td>\n<td>Logotipo da placa de metal, logotipo impresso, logotipo em relevo, logotipo do laser<\/td>\n<\/tr>\n<tr>\n<td>Tempo de amostra<\/td>\n<td>7 dias<\/td>\n<\/tr>\n<tr>\n<td>Porto de embarque<\/td>\n<td>Cant\u00e3o, Shenzhen<\/td>\n<\/tr>\n<tr>\n<td>Termos de negocia\u00e7\u00e3o<\/td>\n<td>EXW, FOB, CIF, DDU, DDP<\/td>\n<\/tr>\n<tr>\n<td>M\u00e9todos de Pagamento<\/td>\n<td>T\/T, dinheiro, PayPal, cart\u00e3o de cr\u00e9dito<\/td>\n<\/tr>\n<\/tbody>\n<\/table>\n<p><span style=\"color: #003366;\">Caracter\u00edsticas:<\/span><\/p>\n<p>Este DJ Case \u00e9 um case leve e compacto que oferece um exterior resistente e um interior personaliz\u00e1vel para transporte seguro de um controlador de DJ, laptop, tablet ou mixer. Suas dimens\u00f5es internas de 14,6 x 23,6 x 4,3 \u2033 o tornam compat\u00edvel com uma variedade de controladores de DJ, e sua espuma pick-and-pluck acomoda duas camadas de armazenamento. Com pain\u00e9is de MDF laminado, forro interno de espuma EVA e espuma de caixa de ovos na tampa, o case oferece prote\u00e7\u00e3o confi\u00e1vel por dentro e por fora. Os perfis de alum\u00ednio anodizado e as travas borboleta com trava proporcionam durabilidade e seguran\u00e7a adicionais. Uma al\u00e7a conveniente permite que o Carry Lite DJ-Case seja transportado facilmente com uma m\u00e3o entre shows.<\/p>\n<p>Adapta-se a uma variedade de controladores<br \/>\nAkai MPC Renascen\u00e7a<br \/>\nAkai MPK-25<br \/>\n\u00c1udio Americano VMS2<br \/>\nArturia Mini Bruto<br \/>\nArturia Mini Bruto 2S<br \/>\nDenon MC-4000<br \/>\nDenon MC-6000<br \/>\nArd\u00f3sia G\u00eameos 4<br \/>\nNI Kontrol S2 MK3<br \/>\nNI Kontrol S4<br \/>\nNI Kontrol S4 MK3<br \/>\nNI Kontrol S5<br \/>\nNumark Mixtrack Pro 3<br \/>\nNumark Mixtrack Platina<br \/>\nNumark NS6II<br \/>\nNumark NV<br \/>\nPioneer DDJ-RB<br \/>\nPioneer DDJ-RR<br \/>\nPioneer DDJ-SB2<br \/>\nPioneer DDJ-SR<br \/>\nReloop Terminal Mix 4<br \/>\nRoland DJ-202<br \/>\nStanton SCS.4DJ<br \/>\nVestax VCI-380<br \/>\nVestax VCI-400<\/p>","protected":false},"excerpt":{"rendered":"<p>Modelo: Z67<\/p>\n<p>Tamanho: 14,6 x 23,6 x 4,3\u2033 interior<\/p>\n<p>Quantidade m\u00ednima: 100 pe\u00e7as<\/p>\n<p>Prazo de entrega: 15-25 dias<\/p>\n<p>Amostra: Dispon\u00edvel<\/p>","protected":false},"featured_media":21910,"template":"","meta":{"_gspb_post_css":""},"product_cat":[93],"product_tag":[],"featured_image_urls":{"full":["https:\/\/suncasesupply.com\/wp-content\/uploads\/2023\/08\/1-73.jpg",2500,2500,false],"thumbnail":["https:\/\/suncasesupply.com\/wp-content\/uploads\/2023\/08\/1-73-150x150.jpg",150,150,true],"medium":["https:\/\/suncasesupply.com\/wp-content\/uploads\/2023\/08\/1-73-300x300.jpg",300,300,true],"medium_large":["https:\/\/suncasesupply.com\/wp-content\/uploads\/2023\/08\/1-73-768x768.jpg",768,768,true],"large":["https:\/\/suncasesupply.com\/wp-content\/uploads\/2023\/08\/1-73-1024x1024.jpg",1024,1024,true],"1536x1536":["https:\/\/suncasesupply.com\/wp-content\/uploads\/2023\/08\/1-73-1536x1536.jpg",1536,1536,true],"2048x2048":["https:\/\/suncasesupply.com\/wp-content\/uploads\/2023\/08\/1-73-2048x2048.jpg",2048,2048,true],"trp-custom-language-flag":["https:\/\/suncasesupply.com\/wp-content\/uploads\/2023\/08\/1-73.jpg",12,12,false],"woocommerce_thumbnail":["https:\/\/suncasesupply.com\/wp-content\/uploads\/2023\/08\/1-73-300x300.jpg",300,300,true],"woocommerce_single":["https:\/\/suncasesupply.com\/wp-content\/uploads\/2023\/08\/1-73-600x600.jpg",600,600,true],"woocommerce_gallery_thumbnail":["https:\/\/suncasesupply.com\/wp-content\/uploads\/2023\/08\/1-73-100x100.jpg",100,100,true]},"post_excerpt_stackable":"<p>Model : Z67<\/p>\n<p>Size: \u00a014.6 x 23.6 x 4.3&#8243; interior<\/p>\n<p>MOQ: 100pcs<\/p>\n<p>Delivery Time : 15-25 Days<\/p>\n<p>Sample : Available<\/p>\n","category_list":"","author_info":{"name":"","url":""},"comments_num":"0 comments","_links":{"self":[{"href":"https:\/\/suncasesupply.com\/pt\/wp-json\/wp\/v2\/product\/21909"}],"collection":[{"href":"https:\/\/suncasesupply.com\/pt\/wp-json\/wp\/v2\/product"}],"about":[{"href":"https:\/\/suncasesupply.com\/pt\/wp-json\/wp\/v2\/types\/product"}],"wp:featuredmedia":[{"embeddable":true,"href":"https:\/\/suncasesupply.com\/pt\/wp-json\/wp\/v2\/media\/21910"}],"wp:attachment":[{"href":"https:\/\/suncasesupply.com\/pt\/wp-json\/wp\/v2\/media?parent=21909"}],"wp:term":[{"taxonomy":"product_cat","embeddable":true,"href":"https:\/\/suncasesupply.com\/pt\/wp-json\/wp\/v2\/product_cat?post=21909"},{"taxonomy":"product_tag","embeddable":true,"href":"https:\/\/suncasesupply.com\/pt\/wp-json\/wp\/v2\/product_tag?post=21909"}],"curies":[{"name":"wp","href":"https:\/\/api.w.org\/{rel}","templated":true}]}}