{"id":21862,"date":"2023-08-29T16:36:14","date_gmt":"2023-08-29T08:36:14","guid":{"rendered":"https:\/\/suncasesupply.com\/?post_type=product&#038;p=21862"},"modified":"2025-02-26T11:51:15","modified_gmt":"2025-02-26T03:51:15","slug":"55-60-65-inch-tv-flight-case-double-screens-monitor-road-case","status":"publish","type":"product","link":"https:\/\/suncasesupply.com\/pt\/product\/55-60-65-inch-tv-flight-case-double-screens-monitor-road-case\/","title":{"rendered":"55 60 65 polegadas TV Flight Case Telas Duplas Monitor Road Case"},"content":{"rendered":"<h4><span style=\"color: #003366;\">Caracter\u00edsticas:<\/span><\/h4>\n<ul>\n<li><strong><b>Seguran\u00e7a:<\/b><\/strong> Este estojo de voo para TV adota um design estrutural resistente, \u00e9 feito de compensado de 9 mm ou 12 mm de espessura e \u00e9 equipado com acolchoamento EVA interno, que pode proteger bem as telas de sua TV. Ele tamb\u00e9m \u00e9 equipado com acess\u00f3rios resistentes e resistentes, como uma estrutura de alum\u00ednio, cantos, travas borboleta, etc., que t\u00eam um certo grau de anticolis\u00e3o e podem garantir que sua TV n\u00e3o seja danificada durante o uso di\u00e1rio e o transporte. Portanto, este estojo \u00e9 um armazenamento seguro para sua tela de TV.<\/li>\n<li><strong><b>Conveni\u00eancia:<\/b><\/strong> As travas borboleta tornam suas tampas remov\u00edveis, frontal e traseira, para que voc\u00ea possa acessar facilmente suas TVs. Ela \u00e9 equipada com quatro rod\u00edzios resistentes, dois dos quais s\u00e3o trav\u00e1veis, tornando esta caixa m\u00f3vel e est\u00e1vel. Portanto, ela pode atender \u00e0s necessidades de cenas de performance de diferentes dist\u00e2ncias e ambientes, o que \u00e9 muito conveniente.<\/li>\n<li><strong><b>Armazenamento de TV perfeito<\/b><\/strong><strong><b>: <\/b><\/strong>Nosso estojo de voo fornece uma \u00f3tima solu\u00e7\u00e3o de armazenamento para suas TVs, adequado para telas de TV de v\u00e1rias marcas e tamanhos. Um estojo pode conter duas TVs, \u00e9 claro, se voc\u00ea quiser conter mais TVs, tamb\u00e9m podemos personalizar a capacidade especificamente para voc\u00ea. Materiais resistentes de boa qualidade fazem com que ele tenha boa capacidade de carga, o que pode garantir a seguran\u00e7a da TV. \u00c9 uma escolha confi\u00e1vel para profissionais.<\/li>\n<\/ul>\n<h4><span style=\"color: #003366;\">Detalhes do produto:<\/span><\/h4>\n<div style=\"display: flex; gap: 20px;\">\n<p><!-- \u7b2c\u4e00\u680f --><\/p>\n<div style=\"flex: 1; text-align: center;\">\n<p><img decoding=\"async\" style=\"max-width: 100%; height: auto; margin-bottom: 10px;\" src=\"https:\/\/suncasesupply.com\/wp-content\/uploads\/2024\/12\/1-Customized-and-Protective-foam.webp\" alt=\"Espuma personalizada e protetora\" \/><\/p>\n<p style=\"font-weight: bold; margin: 5px 0;\">Espuma personalizada e protetora<\/p>\n<p style=\"margin: 0;\">Este estojo de voo \u00e9 forrado com espuma r\u00edgida de alta densidade e protetora por dentro, que pode proteger suas telas de TV contra danos. O espa\u00e7o interno \u00e9 completamente personalizado de acordo com suas TVs, o que evita que sua TV trema durante a mudan\u00e7a e \u00e9 o armazenamento perfeito para transporte de longa dist\u00e2ncia.<\/p>\n<\/div>\n<p><!-- \u7b2c\u4e8c\u680f --><\/p>\n<div style=\"flex: 1; text-align: center;\">\n<p><img decoding=\"async\" style=\"max-width: 100%; height: auto; margin-bottom: 10px;\" src=\"https:\/\/suncasesupply.com\/wp-content\/uploads\/2024\/12\/2-Casters.webp\" alt=\"Rod\u00edzios\" \/><\/p>\n<p style=\"font-weight: bold; margin: 5px 0;\">Rod\u00edzios<\/p>\n<p style=\"margin: 0;\">Ele \u00e9 equipado com quatro rod\u00edzios resistentes, dois dos quais s\u00e3o trav\u00e1veis, tornando este case m\u00f3vel e est\u00e1vel. E os rod\u00edzios s\u00e3o feitos de ferro e borracha de boa qualidade, ambos resistentes e dur\u00e1veis.<\/p>\n<\/div>\n<p><!-- \u7b2c\u4e09\u680f --><\/p>\n<div style=\"flex: 1; text-align: center;\">\n<p><img decoding=\"async\" style=\"max-width: 100%; height: auto; margin-bottom: 10px;\" src=\"https:\/\/suncasesupply.com\/wp-content\/uploads\/2024\/12\/3-Secure-Locking-System.webp\" alt=\"Sistema de travamento seguro\" \/><\/p>\n<p style=\"font-weight: bold; margin: 5px 0;\">Sistema de travamento seguro<\/p>\n<p style=\"margin: 0;\">Apresenta um mecanismo de travamento estilo borboleta com furos para travas para manter suas telas seguras. E suas travas borboleta tornam sua capa remov\u00edvel na frente e atr\u00e1s, para que voc\u00ea possa acessar facilmente suas TVs.<\/p>\n<\/div>\n<p><!-- \u7b2c\u56db\u680f --><\/p>\n<div style=\"flex: 1; text-align: center;\">\n<p><img decoding=\"async\" style=\"max-width: 100%; height: auto; margin-bottom: 10px;\" src=\"https:\/\/suncasesupply.com\/wp-content\/uploads\/2024\/12\/4-Anti-collision-corners.webp\" alt=\"Cantos anticolis\u00e3o\" \/><\/p>\n<p style=\"font-weight: bold; margin: 5px 0;\">Cantos anticolis\u00e3o<\/p>\n<p style=\"margin: 0;\">Equipado com cantos de metal resistentes e resistentes, ele melhora muito a resist\u00eancia \u00e0 compress\u00e3o e a durabilidade da caixa, o que pode estender a vida \u00fatil da caixa e garantir que a tela da TV interna fique bem protegida durante o transporte.<\/p>\n<\/div>\n<\/div>\n<h4><span style=\"color: #003366;\">Processo de fabrica\u00e7\u00e3o do Flight Case de TV:<\/span><\/h4>\n<div style=\"display: flex; gap: 20px;\">\n<p><!-- \u7b2c\u4e00\u680f \u6d41\u7a0b1--><\/p>\n<div style=\"flex: 1; text-align: center;\">\n<p><img decoding=\"async\" style=\"max-width: 100%; height: auto; margin-bottom: 10px;\" src=\"https:\/\/suncasesupply.com\/wp-content\/uploads\/2024\/12\/1-Prepare-materials.webp\" alt=\"1-Preparar materiais\" \/><\/p>\n<p style=\"font-weight: bold; margin: 5px 0;\">1. Preparar materiais<\/p>\n<\/div>\n<p><!-- \u7b2c\u4e8c\u680f \u6d41\u7a0b2--><\/p>\n<div style=\"flex: 1; text-align: center;\">\n<p><img decoding=\"async\" style=\"max-width: 100%; height: auto; margin-bottom: 10px;\" src=\"https:\/\/suncasesupply.com\/wp-content\/uploads\/2024\/12\/2-Drill-Hole.webp\" alt=\"2-Furar furo\" \/><\/p>\n<p style=\"font-weight: bold; margin: 5px 0;\">2. Furo de perfura\u00e7\u00e3o<\/p>\n<\/div>\n<p><!-- \u7b2c\u4e09\u680f \u6d41\u7a0b3--><\/p>\n<div style=\"flex: 1; text-align: center;\">\n<p><img decoding=\"async\" style=\"max-width: 100%; height: auto; margin-bottom: 10px;\" src=\"https:\/\/suncasesupply.com\/wp-content\/uploads\/2024\/12\/3-Rivet.webp\" alt=\"3-Rebite\" \/><\/p>\n<p style=\"font-weight: bold; margin: 5px 0;\">3. Rebite<\/p>\n<\/div>\n<p><!-- \u7b2c\u56db\u680f \u6d41\u7a0b4--><\/p>\n<div style=\"flex: 1; text-align: center;\">\n<p><img decoding=\"async\" style=\"max-width: 100%; height: auto; margin-bottom: 10px;\" src=\"https:\/\/suncasesupply.com\/wp-content\/uploads\/2024\/12\/4-Assemble.webp\" alt=\"4-Montar\" \/><\/p>\n<p style=\"font-weight: bold; margin: 5px 0;\">4. Montar<\/p>\n<\/div>\n<\/div>\n<p>&nbsp;<\/p>\n<div style=\"display: flex; gap: 20px;\">\n<p><!-- \u7b2c\u4e00\u680f \u6d41\u7a0b5--><\/p>\n<div style=\"flex: 1; text-align: center;\">\n<p><img decoding=\"async\" style=\"max-width: 100%; height: auto; margin-bottom: 10px;\" src=\"https:\/\/suncasesupply.com\/wp-content\/uploads\/2024\/12\/5-glue-lining.webp\" alt=\"5-cola de revestimento\" \/><\/p>\n<p style=\"font-weight: bold; margin: 5px 0;\">5. Revestimento de cola<\/p>\n<\/div>\n<p><!-- \u7b2c\u4e8c\u680f \u6d41\u7a0b6--><\/p>\n<div style=\"flex: 1; text-align: center;\">\n<p><img decoding=\"async\" style=\"max-width: 100%; height: auto; margin-bottom: 10px;\" src=\"https:\/\/suncasesupply.com\/wp-content\/uploads\/2024\/12\/6-Cleaning.webp\" alt=\"6-Limpeza\" \/><\/p>\n<p style=\"font-weight: bold; margin: 5px 0;\">6. Limpeza<\/p>\n<\/div>\n<p><!-- \u7b2c\u4e09\u680f \u6d41\u7a0b7--><\/p>\n<div style=\"flex: 1; text-align: center;\">\n<p><img decoding=\"async\" style=\"max-width: 100%; height: auto; margin-bottom: 10px;\" src=\"https:\/\/suncasesupply.com\/wp-content\/uploads\/2024\/12\/7-Package.webp\" alt=\"Pacote com 7 unidades\" \/><\/p>\n<p style=\"font-weight: bold; margin: 5px 0;\">7. Pacote<\/p>\n<\/div>\n<p><!-- \u7b2c\u56db\u680f \u6d41\u7a0b8--><\/p>\n<div style=\"flex: 1; text-align: center;\">\n<p><img decoding=\"async\" style=\"max-width: 100%; height: auto; margin-bottom: 10px;\" src=\"https:\/\/suncasesupply.com\/wp-content\/uploads\/2024\/12\/8-Loading.webp\" alt=\"8-Carregando\" \/><\/p>\n<p style=\"font-weight: bold; margin: 5px 0;\">8. Carregando<\/p>\n<\/div>\n<\/div>\n<h4><span style=\"color: #003366;\">Informa\u00e7\u00f5es \u00fateis para compradores em massa:<\/span><\/h4>\n<ol>\n<li>\n<p class=\"page-title\" title=\"Qual \u00e9 o melhor material para case de voo?\"><a href=\"https:\/\/suncasesupply.com\/pt\/blog\/flight-case\/best-material\/\">Qual \u00e9 o melhor material para case de voo?<\/a><\/p>\n<\/li>\n<li>\n<p class=\"page-title\" title=\"O que torna os cart\u00f5es esportivos t\u00e3o valiosos?\"><a href=\"https:\/\/suncasesupply.com\/pt\/blog\/flight-case\/how-to-clean\/\">Como voc\u00ea limpa uma caixa de v\u00f4o?<\/a><\/p>\n<\/li>\n<li>\n<p class=\"page-title\" title=\"Como escolher os melhores casos de voo\"><a href=\"https:\/\/suncasesupply.com\/pt\/blog\/flight-case\/how-to-choose\/\">Como escolher os melhores casos de voo<\/a><\/p>\n<\/li>\n<li>\n<p class=\"page-title\" title=\"Os casos de voo s\u00e3o seguros?\"><a href=\"https:\/\/suncasesupply.com\/pt\/blog\/flight-case\/safety\/\">Os casos de voo s\u00e3o seguros?<\/a><\/p>\n<\/li>\n<li>\n<p class=\"page-title\" title=\"Qual \u00e9 o objetivo de um caso de voo?\"><a href=\"https:\/\/suncasesupply.com\/pt\/blog\/flight-case\/what-is-the-purpose\/\">Qual \u00e9 o objetivo de um caso de voo?<\/a><\/p>\n<\/li>\n<li>\n<p class=\"page-title\" title=\"As diferen\u00e7as entre os casos EVA e ATA\"><a href=\"https:\/\/suncasesupply.com\/pt\/blog\/the-differences-between-eva-and-ata-cases\/\">As diferen\u00e7as entre os casos EVA e ATA<\/a><\/p>\n<\/li>\n<\/ol>","protected":false},"excerpt":{"rendered":"<p>Modelo: Z61<\/p>\n<p>Tamanho: Para TVs de 55\u201d a 85\u201d ou Personalizado<\/p>\n<p>Cores: Preto ou personalizar<\/p>\n<p>Materiais: Alum\u00ednio, compensado, EVA<\/p>\n<p>Logotipo: Logotipo em placa de metal, logotipo em serigrafia<\/p>\n<p>Quantidade m\u00ednima: 5 pe\u00e7as<\/p>","protected":false},"featured_media":21863,"template":"","meta":{"_gspb_post_css":""},"product_cat":[94],"product_tag":[],"featured_image_urls":{"full":["https:\/\/suncasesupply.com\/wp-content\/uploads\/2023\/08\/1-72.jpg",800,800,false],"thumbnail":["https:\/\/suncasesupply.com\/wp-content\/uploads\/2023\/08\/1-72-150x150.jpg",150,150,true],"medium":["https:\/\/suncasesupply.com\/wp-content\/uploads\/2023\/08\/1-72-300x300.jpg",300,300,true],"medium_large":["https:\/\/suncasesupply.com\/wp-content\/uploads\/2023\/08\/1-72-768x768.jpg",768,768,true],"large":["https:\/\/suncasesupply.com\/wp-content\/uploads\/2023\/08\/1-72.jpg",800,800,false],"1536x1536":["https:\/\/suncasesupply.com\/wp-content\/uploads\/2023\/08\/1-72.jpg",800,800,false],"2048x2048":["https:\/\/suncasesupply.com\/wp-content\/uploads\/2023\/08\/1-72.jpg",800,800,false],"trp-custom-language-flag":["https:\/\/suncasesupply.com\/wp-content\/uploads\/2023\/08\/1-72.jpg",12,12,false],"woocommerce_thumbnail":["https:\/\/suncasesupply.com\/wp-content\/uploads\/2023\/08\/1-72-300x300.jpg",300,300,true],"woocommerce_single":["https:\/\/suncasesupply.com\/wp-content\/uploads\/2023\/08\/1-72-600x600.jpg",600,600,true],"woocommerce_gallery_thumbnail":["https:\/\/suncasesupply.com\/wp-content\/uploads\/2023\/08\/1-72-100x100.jpg",100,100,true]},"post_excerpt_stackable":"<p>Model : Z61<\/p>\n<p>Size: For 55\u201d to 85\u201d TVs or Customized<\/p>\n<p>Colors: Black or customize<\/p>\n<p>Materials: Aluminum, plywood, EVA<\/p>\n<p>Logo: Metal plate logo, silk screen logo<\/p>\n<p>MOQ: 5pcs<\/p>\n","category_list":"","author_info":{"name":"","url":""},"comments_num":"0 comments","_links":{"self":[{"href":"https:\/\/suncasesupply.com\/pt\/wp-json\/wp\/v2\/product\/21862"}],"collection":[{"href":"https:\/\/suncasesupply.com\/pt\/wp-json\/wp\/v2\/product"}],"about":[{"href":"https:\/\/suncasesupply.com\/pt\/wp-json\/wp\/v2\/types\/product"}],"wp:featuredmedia":[{"embeddable":true,"href":"https:\/\/suncasesupply.com\/pt\/wp-json\/wp\/v2\/media\/21863"}],"wp:attachment":[{"href":"https:\/\/suncasesupply.com\/pt\/wp-json\/wp\/v2\/media?parent=21862"}],"wp:term":[{"taxonomy":"product_cat","embeddable":true,"href":"https:\/\/suncasesupply.com\/pt\/wp-json\/wp\/v2\/product_cat?post=21862"},{"taxonomy":"product_tag","embeddable":true,"href":"https:\/\/suncasesupply.com\/pt\/wp-json\/wp\/v2\/product_tag?post=21862"}],"curies":[{"name":"wp","href":"https:\/\/api.w.org\/{rel}","templated":true}]}}