{"id":21836,"date":"2023-08-29T16:09:16","date_gmt":"2023-08-29T08:09:16","guid":{"rendered":"https:\/\/suncasesupply.com\/?post_type=product&#038;p=21836"},"modified":"2025-02-26T11:44:08","modified_gmt":"2025-02-26T03:44:08","slug":"photo-booth-printer-case-with-pullout-handle-and-wheels-trolley-flight-road-case-for-printer","status":"publish","type":"product","link":"https:\/\/suncasesupply.com\/pt\/product\/photo-booth-printer-case-with-pullout-handle-and-wheels-trolley-flight-road-case-for-printer\/","title":{"rendered":"Estojo para impressora de cabine fotogr\u00e1fica com al\u00e7a remov\u00edvel e rodas, carrinho de voo, estojo de estrada para impressora"},"content":{"rendered":"<p>&nbsp;<\/p>\n<table width=\"774\">\n<tbody>\n<tr>\n<td width=\"177\">Item<\/td>\n<td width=\"597\">Caso de v\u00f4o<\/td>\n<\/tr>\n<tr>\n<td>Dimens\u00e3o<\/td>\n<td>55,9 x 42,5 x 45,7 cm ou Personalizar<\/td>\n<\/tr>\n<tr>\n<td>Cores<\/td>\n<td>Como as imagens mostram ou personalizam<\/td>\n<\/tr>\n<tr>\n<td>Materiais<\/td>\n<td>Alum\u00ednio, madeira compensada, EVA\/espuma\/tecido\/forro de PU, ferragens<\/td>\n<\/tr>\n<tr>\n<td>Logotipo<\/td>\n<td>Logotipo da placa de metal, logotipo impresso, logotipo em relevo, logotipo do laser<\/td>\n<\/tr>\n<tr>\n<td>Tempo de amostra<\/td>\n<td>7 dias<\/td>\n<\/tr>\n<tr>\n<td>Porto de embarque<\/td>\n<td>Cant\u00e3o, Shenzhen<\/td>\n<\/tr>\n<tr>\n<td>Termos de negocia\u00e7\u00e3o<\/td>\n<td>EXW, FOB, CIF, DDU, DDP<\/td>\n<\/tr>\n<tr>\n<td>M\u00e9todos de Pagamento<\/td>\n<td>T\/T, dinheiro, PayPal, cart\u00e3o de cr\u00e9dito<\/td>\n<\/tr>\n<\/tbody>\n<\/table>\n<p><span style=\"color: #003366;\">Caracter\u00edsticas:<\/span><\/p>\n<p>Armazene, proteja, transporte e use sua HiTi P510 ou impressora de tamanho semelhante com o estojo da impressora.<\/p>\n<p>Este case bem feito possui travas embutidas resistentes, al\u00e7as duplas com mola e um interior forrado de espuma. Abaixo da impressora h\u00e1 espa\u00e7o para guardar o cabo de alimenta\u00e7\u00e3o. As rodas girat\u00f3rias de canto em combina\u00e7\u00e3o com uma al\u00e7a telesc\u00f3pica extens\u00edvel facilitam o deslocamento em terreno plano. O case possui p\u00e9s de borracha para estabilidade vertical e melhor ader\u00eancia.<\/p>\n<p>Tamb\u00e9m cont\u00e9m as impressoras Hiti P510S e P510SI<br \/>\nInterior totalmente forrado com espuma<br \/>\nTravas embutidas para servi\u00e7os pesados e al\u00e7as duplas com mola<br \/>\nEspa\u00e7o para armazenamento do cabo de alimenta\u00e7\u00e3o sob a impressora<br \/>\nRodas girat\u00f3rias de canto para transporte conveniente<br \/>\nRetire a al\u00e7a telesc\u00f3pica<br \/>\nCantos de bola resistentes<\/p>","protected":false},"excerpt":{"rendered":"<p>Modelo: Z59<\/p>\n<p>Tamanho: 55,9 x 42,5 x 45,7 cm<\/p>\n<p>Quantidade m\u00ednima: 100 pe\u00e7as<\/p>\n<p>Prazo de entrega: 15-25 dias<\/p>\n<p>Amostra: Dispon\u00edvel<\/p>","protected":false},"featured_media":21837,"template":"","meta":{"_gspb_post_css":""},"product_cat":[88],"product_tag":[],"featured_image_urls":{"full":["https:\/\/suncasesupply.com\/wp-content\/uploads\/2023\/08\/1-70.jpg",1500,1500,false],"thumbnail":["https:\/\/suncasesupply.com\/wp-content\/uploads\/2023\/08\/1-70-150x150.jpg",150,150,true],"medium":["https:\/\/suncasesupply.com\/wp-content\/uploads\/2023\/08\/1-70-300x300.jpg",300,300,true],"medium_large":["https:\/\/suncasesupply.com\/wp-content\/uploads\/2023\/08\/1-70-768x768.jpg",768,768,true],"large":["https:\/\/suncasesupply.com\/wp-content\/uploads\/2023\/08\/1-70-1024x1024.jpg",1024,1024,true],"1536x1536":["https:\/\/suncasesupply.com\/wp-content\/uploads\/2023\/08\/1-70.jpg",1500,1500,false],"2048x2048":["https:\/\/suncasesupply.com\/wp-content\/uploads\/2023\/08\/1-70.jpg",1500,1500,false],"trp-custom-language-flag":["https:\/\/suncasesupply.com\/wp-content\/uploads\/2023\/08\/1-70.jpg",12,12,false],"woocommerce_thumbnail":["https:\/\/suncasesupply.com\/wp-content\/uploads\/2023\/08\/1-70-300x300.jpg",300,300,true],"woocommerce_single":["https:\/\/suncasesupply.com\/wp-content\/uploads\/2023\/08\/1-70-600x600.jpg",600,600,true],"woocommerce_gallery_thumbnail":["https:\/\/suncasesupply.com\/wp-content\/uploads\/2023\/08\/1-70-100x100.jpg",100,100,true]},"post_excerpt_stackable":"<p>Model : Z59<\/p>\n<p>Size: 55.9 x 42.5 x 45.7 cm<\/p>\n<p>MOQ: 100pcs<\/p>\n<p>Delivery Time : 15-25 Days<\/p>\n<p>Sample : Available<\/p>\n","category_list":"","author_info":{"name":"","url":""},"comments_num":"0 comments","_links":{"self":[{"href":"https:\/\/suncasesupply.com\/pt\/wp-json\/wp\/v2\/product\/21836"}],"collection":[{"href":"https:\/\/suncasesupply.com\/pt\/wp-json\/wp\/v2\/product"}],"about":[{"href":"https:\/\/suncasesupply.com\/pt\/wp-json\/wp\/v2\/types\/product"}],"wp:featuredmedia":[{"embeddable":true,"href":"https:\/\/suncasesupply.com\/pt\/wp-json\/wp\/v2\/media\/21837"}],"wp:attachment":[{"href":"https:\/\/suncasesupply.com\/pt\/wp-json\/wp\/v2\/media?parent=21836"}],"wp:term":[{"taxonomy":"product_cat","embeddable":true,"href":"https:\/\/suncasesupply.com\/pt\/wp-json\/wp\/v2\/product_cat?post=21836"},{"taxonomy":"product_tag","embeddable":true,"href":"https:\/\/suncasesupply.com\/pt\/wp-json\/wp\/v2\/product_tag?post=21836"}],"curies":[{"name":"wp","href":"https:\/\/api.w.org\/{rel}","templated":true}]}}