{"id":21820,"date":"2023-08-29T15:29:17","date_gmt":"2023-08-29T07:29:17","guid":{"rendered":"https:\/\/suncasesupply.com\/?post_type=product&#038;p=21820"},"modified":"2025-02-26T11:44:14","modified_gmt":"2025-02-26T03:44:14","slug":"utility-flight-case-with-profile-wheels-for-moving-head-dj-lights-custom-case-for-pro-dj-touring-show","status":"publish","type":"product","link":"https:\/\/suncasesupply.com\/pt\/product\/utility-flight-case-with-profile-wheels-for-moving-head-dj-lights-custom-case-for-pro-dj-touring-show\/","title":{"rendered":"Maleta utilit\u00e1ria de v\u00f4o com rodas de perfil para cabe\u00e7a m\u00f3vel DJ Lights Capa personalizada para Pro DJ Touring Show"},"content":{"rendered":"<p>&nbsp;<\/p>\n<table width=\"774\">\n<tbody>\n<tr>\n<td width=\"177\">Item<\/td>\n<td width=\"597\">Caso de v\u00f4o<\/td>\n<\/tr>\n<tr>\n<td>Dimens\u00e3o<\/td>\n<td>57*47*40 cm ou Personalizar<\/td>\n<\/tr>\n<tr>\n<td>Cores<\/td>\n<td>Como as imagens mostram ou personalizam<\/td>\n<\/tr>\n<tr>\n<td>Materiais<\/td>\n<td>Alum\u00ednio, madeira compensada, EVA\/espuma\/tecido\/forro de PU, ferragens<\/td>\n<\/tr>\n<tr>\n<td>Logotipo<\/td>\n<td>Logotipo da placa de metal, logotipo impresso, logotipo em relevo, logotipo do laser<\/td>\n<\/tr>\n<tr>\n<td>Tempo de amostra<\/td>\n<td>7 dias<\/td>\n<\/tr>\n<tr>\n<td>Porto de embarque<\/td>\n<td>Cant\u00e3o, Shenzhen<\/td>\n<\/tr>\n<tr>\n<td>Termos de negocia\u00e7\u00e3o<\/td>\n<td>EXW, FOB, CIF, DDU, DDP<\/td>\n<\/tr>\n<tr>\n<td>M\u00e9todos de Pagamento<\/td>\n<td>T\/T, dinheiro, PayPal, cart\u00e3o de cr\u00e9dito<\/td>\n<\/tr>\n<\/tbody>\n<\/table>\n<p><span style=\"color: #003366;\">Caracter\u00edsticas:<\/span><\/p>\n<p>\u3010ESTILO PADR\u00c3O\u30111 Estojo de v\u00f4o 4 luzes podem ser instaladas. (com 4 rodas) 2 das rodas com travas precisam ser instaladas na diagonal.<br \/>\n\u3010FECHO DE BLOQUEIO DE TOR\u00c7\u00c3O\u3011 A caixa de voo tem 4 po\u00e7os de roda e pode ser empilhada, fecho de trava girat\u00f3ria, 2 al\u00e7as de metal na lateral da caixa de voo.<br \/>\n\u3010TAMANHO DA CAIXA DE V\u00d4O\u3011NW: 28,66 LBS (13 kg), tamanho sem rodas: 22,44 x 18,5 x 15,74 pol. (57*47*40 cm)<br \/>\n\u3010APLICAR A\u3011Caso de v\u00f4o utilit\u00e1rio com rodas de perfil adequadas para far\u00f3is m\u00f3veis de 90W, 120W ou 150W.<br \/>\nGuarni\u00e7\u00e3o de borda de alum\u00ednio em ferragens banhadas a madeira preta, forro de borracha completo, prote\u00e7\u00e3o de equipamento de ilumina\u00e7\u00e3o de palco<\/p>","protected":false},"excerpt":{"rendered":"<p>Modelo: Z58<\/p>\n<p>Tamanho: 57*47*40 cm<\/p>\n<p>Quantidade m\u00ednima: 100 pe\u00e7as<\/p>\n<p>Prazo de entrega: 15-25 dias<\/p>\n<p>Amostra: Dispon\u00edvel<\/p>","protected":false},"featured_media":21822,"template":"","meta":{"_gspb_post_css":""},"product_cat":[88],"product_tag":[],"featured_image_urls":{"full":["https:\/\/suncasesupply.com\/wp-content\/uploads\/2023\/08\/1-69.jpg",1500,1500,false],"thumbnail":["https:\/\/suncasesupply.com\/wp-content\/uploads\/2023\/08\/1-69-150x150.jpg",150,150,true],"medium":["https:\/\/suncasesupply.com\/wp-content\/uploads\/2023\/08\/1-69-300x300.jpg",300,300,true],"medium_large":["https:\/\/suncasesupply.com\/wp-content\/uploads\/2023\/08\/1-69-768x768.jpg",768,768,true],"large":["https:\/\/suncasesupply.com\/wp-content\/uploads\/2023\/08\/1-69-1024x1024.jpg",1024,1024,true],"1536x1536":["https:\/\/suncasesupply.com\/wp-content\/uploads\/2023\/08\/1-69.jpg",1500,1500,false],"2048x2048":["https:\/\/suncasesupply.com\/wp-content\/uploads\/2023\/08\/1-69.jpg",1500,1500,false],"trp-custom-language-flag":["https:\/\/suncasesupply.com\/wp-content\/uploads\/2023\/08\/1-69.jpg",12,12,false],"woocommerce_thumbnail":["https:\/\/suncasesupply.com\/wp-content\/uploads\/2023\/08\/1-69-300x300.jpg",300,300,true],"woocommerce_single":["https:\/\/suncasesupply.com\/wp-content\/uploads\/2023\/08\/1-69-600x600.jpg",600,600,true],"woocommerce_gallery_thumbnail":["https:\/\/suncasesupply.com\/wp-content\/uploads\/2023\/08\/1-69-100x100.jpg",100,100,true]},"post_excerpt_stackable":"<p>Model : Z58<\/p>\n<p>Size: 57*47*40 cm<\/p>\n<p>MOQ: 100pcs<\/p>\n<p>Delivery Time : 15-25 Days<\/p>\n<p>Sample : Available<\/p>\n","category_list":"","author_info":{"name":"","url":""},"comments_num":"0 comments","_links":{"self":[{"href":"https:\/\/suncasesupply.com\/pt\/wp-json\/wp\/v2\/product\/21820"}],"collection":[{"href":"https:\/\/suncasesupply.com\/pt\/wp-json\/wp\/v2\/product"}],"about":[{"href":"https:\/\/suncasesupply.com\/pt\/wp-json\/wp\/v2\/types\/product"}],"wp:featuredmedia":[{"embeddable":true,"href":"https:\/\/suncasesupply.com\/pt\/wp-json\/wp\/v2\/media\/21822"}],"wp:attachment":[{"href":"https:\/\/suncasesupply.com\/pt\/wp-json\/wp\/v2\/media?parent=21820"}],"wp:term":[{"taxonomy":"product_cat","embeddable":true,"href":"https:\/\/suncasesupply.com\/pt\/wp-json\/wp\/v2\/product_cat?post=21820"},{"taxonomy":"product_tag","embeddable":true,"href":"https:\/\/suncasesupply.com\/pt\/wp-json\/wp\/v2\/product_tag?post=21820"}],"curies":[{"name":"wp","href":"https:\/\/api.w.org\/{rel}","templated":true}]}}